{"id":4652,"date":"2025-07-20T20:55:28","date_gmt":"2025-07-20T18:55:28","guid":{"rendered":"https:\/\/kadence.nanoclean.dev\/produkt\/expert-pro-nanoclean-air-ac6911-set-fuer-werkstaetten-150-l-fluessigkeit-fuer-300-autos-3-x-komplette-ausruestung-pistole-lanzen-vernebelungskopf-schnellkupplung-sondera\/"},"modified":"2025-10-21T23:06:51","modified_gmt":"2025-10-21T21:06:51","slug":"expert-pro-nanoclean-air-ac6911-set-fuer-werkstaetten-150-l-fluessigkeit-fuer-300-autos-3-x-komplette-ausruestung-pistole-lanzen-vernebelungskopf-schnellkupplung-sondera","status":"publish","type":"product","link":"https:\/\/nanoclean24.com\/de\/produkte\/expert-pro-nanoclean-air-ac6911-set-fuer-werkstaetten-150-l-fluessigkeit-fuer-300-autos-3-x-komplette-ausruestung-pistole-lanzen-vernebelungskopf-schnellkupplung-sondera\/","title":{"rendered":"EXPERT-PRO NANOCLEAN AIR [AC6911] SET f\u00fcr Werkst\u00e4tten \u2013 150 L Fl\u00fcssigkeit f\u00fcr 300 Autos + 3 x komplette Ausr\u00fcstung: Pistole + Lanzen + Vernebelungskopf + Schnellkupplung \u2013 SONDERANGEBOT!"},"content":{"rendered":"<p><strong>SET F\u00dcR 300 AUTOS \u2013<\/strong> enth\u00e4lt 30 Kanister \u00e0 5 L (0,5 L = 1 Auto) und komplette Ausr\u00fcstung f\u00fcr 3 Arbeitspl\u00e4tze, unerl\u00e4sslich in jeder professionellen Mehrplatzwerkstatt.<\/p>\n<p>Unser Set bietet eine umfassende Reinigung, Auffrischung, Entpilzung und Desinfektion von Klimaanlagenverdampfern in einem einzigen Prozess sowie die Geruchsentfernung und Desinfektion des gesamten Fahrzeuginnenraums durch Vernebelung.<br \/>\nDie Wirksamkeitsgarantie von NANOCLEAN AIR sorgt f\u00fcr Kundenzufriedenheit und zus\u00e4tzliche Gewinne f\u00fcr Ihre Werkstatt.<\/p>\n","protected":false},"excerpt":{"rendered":"<p>Set mit NANOCLEAN\u00ae AIR Pr\u00e4parat, gebrauchsfertig \u2013 zur Reinigung, Auffrischung, Entpilzung und Desinfektion von Klimaanlagen in 1 Prozess.<\/p>\n<h3><strong>EXPERT-SET ENTH\u00c4LT<br \/>\n<\/strong><\/h3>\n<p><strong>\u2705 <\/strong>NANOCLEAN\u00aeAIR Gebrauchsfertig (30 Kanister \u00e0 5 L)<\/p>\n<p><strong>\u2705 <\/strong>AC-69INOX LANZE NANOCLEAN\u00ae INOX AC45 (3 St\u00fcck)<\/p>\n<p><strong>\u2705 <\/strong>AC-69NYLON LANZE NANOCLEAN\u00ae NYLON AC160 (3 St\u00fcck)<\/p>\n<p><strong>\u2705 <\/strong>AC-69GUN NANOCLEAN\u00ae GUN DRUCKPUMPE (3 St\u00fcck)<\/p>\n<p><strong>\u2705 <\/strong>AC-69FUMI NANOCLEAN\u00ae FUMI-1 VERNEBELUNGSKOPF (3 St\u00fcck)<\/p>\n<p><strong>\u2705 <\/strong>AC-69AJ-GELENK SCHNELLKUPPLUNG (3 St\u00fcck) GRATIS<\/p>\n","protected":false},"featured_media":0,"template":"","meta":{"_kad_blocks_custom_css":"","_kad_blocks_head_custom_js":"","_kad_blocks_body_custom_js":"","_kad_blocks_footer_custom_js":"","_kad_post_transparent":"","_kad_post_title":"","_kad_post_layout":"","_kad_post_sidebar_id":"","_kad_post_content_style":"","_kad_post_vertical_padding":"","_kad_post_feature":"","_kad_post_feature_position":"","_kad_post_header":false,"_kad_post_footer":false,"_kad_post_classname":""},"product_brand":[],"product_cat":[97],"product_tag":[],"class_list":{"0":"post-4652","1":"product","2":"type-product","3":"status-publish","5":"product_cat-home-de","7":"first","8":"instock","9":"taxable","10":"shipping-taxable","11":"purchasable","12":"product-type-simple","13":"entry","14":"content-bg","15":"loop-entry"},"yoast_head":"<!-- This site is optimized with the Yoast SEO plugin v27.4 - https:\/\/yoast.com\/product\/yoast-seo-wordpress\/ -->\n<title>EXPERT-PRO NANOCLEAN AIR [AC6911] SET f\u00fcr Werkst\u00e4tten \u2013 150 L Fl\u00fcssigkeit f\u00fcr 300 Autos + 3 x komplette Ausr\u00fcstung: Pistole + Lanzen + Vernebelungskopf + Schnellkupplung \u2013 SONDERANGEBOT! - NANOCLEAN<\/title>\n<meta name=\"robots\" content=\"index, follow, max-snippet:-1, max-image-preview:large, max-video-preview:-1\" \/>\n<link rel=\"canonical\" href=\"https:\/\/nanoclean24.com\/de\/produkte\/expert-pro-nanoclean-air-ac6911-set-fuer-werkstaetten-150-l-fluessigkeit-fuer-300-autos-3-x-komplette-ausruestung-pistole-lanzen-vernebelungskopf-schnellkupplung-sondera\/\" \/>\n<meta property=\"og:locale\" content=\"de_DE\" \/>\n<meta property=\"og:type\" content=\"article\" \/>\n<meta property=\"og:title\" content=\"EXPERT-PRO NANOCLEAN AIR [AC6911] SET f\u00fcr Werkst\u00e4tten \u2013 150 L Fl\u00fcssigkeit f\u00fcr 300 Autos + 3 x komplette Ausr\u00fcstung: Pistole + Lanzen + Vernebelungskopf + Schnellkupplung \u2013 SONDERANGEBOT! - NANOCLEAN\" \/>\n<meta property=\"og:description\" content=\"Set mit NANOCLEAN\u00ae AIR Pr\u00e4parat, gebrauchsfertig \u2013 zur Reinigung, Auffrischung, Entpilzung und Desinfektion von Klimaanlagen in 1 Prozess. EXPERT-SET ENTH\u00c4LT  \u2705 NANOCLEAN\u00aeAIR Gebrauchsfertig (30 Kanister \u00e0 5 L)  \u2705 AC-69INOX LANZE NANOCLEAN\u00ae INOX AC45 (3 St\u00fcck)  \u2705 AC-69NYLON LANZE NANOCLEAN\u00ae NYLON AC160 (3 St\u00fcck)  \u2705 AC-69GUN NANOCLEAN\u00ae GUN DRUCKPUMPE (3 St\u00fcck)  \u2705 AC-69FUMI NANOCLEAN\u00ae FUMI-1 VERNEBELUNGSKOPF (3 St\u00fcck)  \u2705 AC-69AJ-GELENK SCHNELLKUPPLUNG (3 St\u00fcck) GRATIS\" \/>\n<meta property=\"og:url\" content=\"https:\/\/nanoclean24.com\/de\/produkte\/expert-pro-nanoclean-air-ac6911-set-fuer-werkstaetten-150-l-fluessigkeit-fuer-300-autos-3-x-komplette-ausruestung-pistole-lanzen-vernebelungskopf-schnellkupplung-sondera\/\" \/>\n<meta property=\"og:site_name\" content=\"NANOCLEAN\" \/>\n<meta property=\"article:modified_time\" content=\"2025-10-21T21:06:51+00:00\" \/>\n<meta property=\"og:image\" content=\"https:\/\/nanoclean24.com\/wp-content\/uploads\/2025\/07\/ZESTAW-EXPERT-PRO-NANOCLEAN-AIR-AC6911-dla-warsztatow.webp\" \/>\n\t<meta property=\"og:image:width\" content=\"900\" \/>\n\t<meta property=\"og:image:height\" content=\"900\" \/>\n\t<meta property=\"og:image:type\" content=\"image\/webp\" \/>\n<meta name=\"twitter:card\" content=\"summary_large_image\" \/>\n<script type=\"application\/ld+json\" class=\"yoast-schema-graph\">{\"@context\":\"https:\\\/\\\/schema.org\",\"@graph\":[{\"@type\":\"WebPage\",\"@id\":\"https:\\\/\\\/nanoclean24.com\\\/de\\\/produkte\\\/expert-pro-nanoclean-air-ac6911-set-fuer-werkstaetten-150-l-fluessigkeit-fuer-300-autos-3-x-komplette-ausruestung-pistole-lanzen-vernebelungskopf-schnellkupplung-sondera\\\/\",\"url\":\"https:\\\/\\\/nanoclean24.com\\\/de\\\/produkte\\\/expert-pro-nanoclean-air-ac6911-set-fuer-werkstaetten-150-l-fluessigkeit-fuer-300-autos-3-x-komplette-ausruestung-pistole-lanzen-vernebelungskopf-schnellkupplung-sondera\\\/\",\"name\":\"EXPERT-PRO NANOCLEAN AIR [AC6911] SET f\u00fcr Werkst\u00e4tten \u2013 150 L Fl\u00fcssigkeit f\u00fcr 300 Autos + 3 x komplette Ausr\u00fcstung: Pistole + Lanzen + Vernebelungskopf + Schnellkupplung \u2013 SONDERANGEBOT! - NANOCLEAN\",\"isPartOf\":{\"@id\":\"https:\\\/\\\/nanoclean24.com\\\/de\\\/#website\"},\"datePublished\":\"2025-07-20T18:55:28+00:00\",\"dateModified\":\"2025-10-21T21:06:51+00:00\",\"breadcrumb\":{\"@id\":\"https:\\\/\\\/nanoclean24.com\\\/de\\\/produkte\\\/expert-pro-nanoclean-air-ac6911-set-fuer-werkstaetten-150-l-fluessigkeit-fuer-300-autos-3-x-komplette-ausruestung-pistole-lanzen-vernebelungskopf-schnellkupplung-sondera\\\/#breadcrumb\"},\"inLanguage\":\"de\",\"potentialAction\":[{\"@type\":\"ReadAction\",\"target\":[\"https:\\\/\\\/nanoclean24.com\\\/de\\\/produkte\\\/expert-pro-nanoclean-air-ac6911-set-fuer-werkstaetten-150-l-fluessigkeit-fuer-300-autos-3-x-komplette-ausruestung-pistole-lanzen-vernebelungskopf-schnellkupplung-sondera\\\/\"]}]},{\"@type\":\"BreadcrumbList\",\"@id\":\"https:\\\/\\\/nanoclean24.com\\\/de\\\/produkte\\\/expert-pro-nanoclean-air-ac6911-set-fuer-werkstaetten-150-l-fluessigkeit-fuer-300-autos-3-x-komplette-ausruestung-pistole-lanzen-vernebelungskopf-schnellkupplung-sondera\\\/#breadcrumb\",\"itemListElement\":[{\"@type\":\"ListItem\",\"position\":1,\"name\":\"Strona g\u0142\u00f3wna\",\"item\":\"https:\\\/\\\/nanoclean24.com\\\/de\\\/\"},{\"@type\":\"ListItem\",\"position\":2,\"name\":\"Shop\",\"item\":\"https:\\\/\\\/nanoclean24.com\\\/de\\\/shop\\\/\"},{\"@type\":\"ListItem\",\"position\":3,\"name\":\"EXPERT-PRO NANOCLEAN AIR [AC6911] SET f\u00fcr Werkst\u00e4tten \u2013 150 L Fl\u00fcssigkeit f\u00fcr 300 Autos + 3 x komplette Ausr\u00fcstung: Pistole + Lanzen + Vernebelungskopf + Schnellkupplung \u2013 SONDERANGEBOT!\"}]},{\"@type\":\"WebSite\",\"@id\":\"https:\\\/\\\/nanoclean24.com\\\/de\\\/#website\",\"url\":\"https:\\\/\\\/nanoclean24.com\\\/de\\\/\",\"name\":\"NanoClean\",\"description\":\"\",\"publisher\":{\"@id\":\"https:\\\/\\\/nanoclean24.com\\\/de\\\/#organization\"},\"potentialAction\":[{\"@type\":\"SearchAction\",\"target\":{\"@type\":\"EntryPoint\",\"urlTemplate\":\"https:\\\/\\\/nanoclean24.com\\\/de\\\/?s={search_term_string}\"},\"query-input\":{\"@type\":\"PropertyValueSpecification\",\"valueRequired\":true,\"valueName\":\"search_term_string\"}}],\"inLanguage\":\"de\"},{\"@type\":\"Organization\",\"@id\":\"https:\\\/\\\/nanoclean24.com\\\/de\\\/#organization\",\"name\":\"NanoClean\",\"url\":\"https:\\\/\\\/nanoclean24.com\\\/de\\\/\",\"logo\":{\"@type\":\"ImageObject\",\"inLanguage\":\"de\",\"@id\":\"https:\\\/\\\/nanoclean24.com\\\/de\\\/#\\\/schema\\\/logo\\\/image\\\/\",\"url\":\"https:\\\/\\\/nanoclean24.com\\\/wp-content\\\/uploads\\\/2025\\\/07\\\/logo-2.jpg\",\"contentUrl\":\"https:\\\/\\\/nanoclean24.com\\\/wp-content\\\/uploads\\\/2025\\\/07\\\/logo-2.jpg\",\"width\":1068,\"height\":224,\"caption\":\"NanoClean\"},\"image\":{\"@id\":\"https:\\\/\\\/nanoclean24.com\\\/de\\\/#\\\/schema\\\/logo\\\/image\\\/\"}}]}<\/script>\n<!-- \/ Yoast SEO plugin. -->","yoast_head_json":{"title":"EXPERT-PRO NANOCLEAN AIR [AC6911] SET f\u00fcr Werkst\u00e4tten \u2013 150 L Fl\u00fcssigkeit f\u00fcr 300 Autos + 3 x komplette Ausr\u00fcstung: Pistole + Lanzen + Vernebelungskopf + Schnellkupplung \u2013 SONDERANGEBOT! - NANOCLEAN","robots":{"index":"index","follow":"follow","max-snippet":"max-snippet:-1","max-image-preview":"max-image-preview:large","max-video-preview":"max-video-preview:-1"},"canonical":"https:\/\/nanoclean24.com\/de\/produkte\/expert-pro-nanoclean-air-ac6911-set-fuer-werkstaetten-150-l-fluessigkeit-fuer-300-autos-3-x-komplette-ausruestung-pistole-lanzen-vernebelungskopf-schnellkupplung-sondera\/","og_locale":"de_DE","og_type":"article","og_title":"EXPERT-PRO NANOCLEAN AIR [AC6911] SET f\u00fcr Werkst\u00e4tten \u2013 150 L Fl\u00fcssigkeit f\u00fcr 300 Autos + 3 x komplette Ausr\u00fcstung: Pistole + Lanzen + Vernebelungskopf + Schnellkupplung \u2013 SONDERANGEBOT! - NANOCLEAN","og_description":"Set mit NANOCLEAN\u00ae AIR Pr\u00e4parat, gebrauchsfertig \u2013 zur Reinigung, Auffrischung, Entpilzung und Desinfektion von Klimaanlagen in 1 Prozess. EXPERT-SET ENTH\u00c4LT  \u2705 NANOCLEAN\u00aeAIR Gebrauchsfertig (30 Kanister \u00e0 5 L)  \u2705 AC-69INOX LANZE NANOCLEAN\u00ae INOX AC45 (3 St\u00fcck)  \u2705 AC-69NYLON LANZE NANOCLEAN\u00ae NYLON AC160 (3 St\u00fcck)  \u2705 AC-69GUN NANOCLEAN\u00ae GUN DRUCKPUMPE (3 St\u00fcck)  \u2705 AC-69FUMI NANOCLEAN\u00ae FUMI-1 VERNEBELUNGSKOPF (3 St\u00fcck)  \u2705 AC-69AJ-GELENK SCHNELLKUPPLUNG (3 St\u00fcck) GRATIS","og_url":"https:\/\/nanoclean24.com\/de\/produkte\/expert-pro-nanoclean-air-ac6911-set-fuer-werkstaetten-150-l-fluessigkeit-fuer-300-autos-3-x-komplette-ausruestung-pistole-lanzen-vernebelungskopf-schnellkupplung-sondera\/","og_site_name":"NANOCLEAN","article_modified_time":"2025-10-21T21:06:51+00:00","og_image":[{"width":900,"height":900,"url":"https:\/\/nanoclean24.com\/wp-content\/uploads\/2025\/07\/ZESTAW-EXPERT-PRO-NANOCLEAN-AIR-AC6911-dla-warsztatow.webp","type":"image\/webp"}],"twitter_card":"summary_large_image","schema":{"@context":"https:\/\/schema.org","@graph":[{"@type":"WebPage","@id":"https:\/\/nanoclean24.com\/de\/produkte\/expert-pro-nanoclean-air-ac6911-set-fuer-werkstaetten-150-l-fluessigkeit-fuer-300-autos-3-x-komplette-ausruestung-pistole-lanzen-vernebelungskopf-schnellkupplung-sondera\/","url":"https:\/\/nanoclean24.com\/de\/produkte\/expert-pro-nanoclean-air-ac6911-set-fuer-werkstaetten-150-l-fluessigkeit-fuer-300-autos-3-x-komplette-ausruestung-pistole-lanzen-vernebelungskopf-schnellkupplung-sondera\/","name":"EXPERT-PRO NANOCLEAN AIR [AC6911] SET f\u00fcr Werkst\u00e4tten \u2013 150 L Fl\u00fcssigkeit f\u00fcr 300 Autos + 3 x komplette Ausr\u00fcstung: Pistole + Lanzen + Vernebelungskopf + Schnellkupplung \u2013 SONDERANGEBOT! - NANOCLEAN","isPartOf":{"@id":"https:\/\/nanoclean24.com\/de\/#website"},"datePublished":"2025-07-20T18:55:28+00:00","dateModified":"2025-10-21T21:06:51+00:00","breadcrumb":{"@id":"https:\/\/nanoclean24.com\/de\/produkte\/expert-pro-nanoclean-air-ac6911-set-fuer-werkstaetten-150-l-fluessigkeit-fuer-300-autos-3-x-komplette-ausruestung-pistole-lanzen-vernebelungskopf-schnellkupplung-sondera\/#breadcrumb"},"inLanguage":"de","potentialAction":[{"@type":"ReadAction","target":["https:\/\/nanoclean24.com\/de\/produkte\/expert-pro-nanoclean-air-ac6911-set-fuer-werkstaetten-150-l-fluessigkeit-fuer-300-autos-3-x-komplette-ausruestung-pistole-lanzen-vernebelungskopf-schnellkupplung-sondera\/"]}]},{"@type":"BreadcrumbList","@id":"https:\/\/nanoclean24.com\/de\/produkte\/expert-pro-nanoclean-air-ac6911-set-fuer-werkstaetten-150-l-fluessigkeit-fuer-300-autos-3-x-komplette-ausruestung-pistole-lanzen-vernebelungskopf-schnellkupplung-sondera\/#breadcrumb","itemListElement":[{"@type":"ListItem","position":1,"name":"Strona g\u0142\u00f3wna","item":"https:\/\/nanoclean24.com\/de\/"},{"@type":"ListItem","position":2,"name":"Shop","item":"https:\/\/nanoclean24.com\/de\/shop\/"},{"@type":"ListItem","position":3,"name":"EXPERT-PRO NANOCLEAN AIR [AC6911] SET f\u00fcr Werkst\u00e4tten \u2013 150 L Fl\u00fcssigkeit f\u00fcr 300 Autos + 3 x komplette Ausr\u00fcstung: Pistole + Lanzen + Vernebelungskopf + Schnellkupplung \u2013 SONDERANGEBOT!"}]},{"@type":"WebSite","@id":"https:\/\/nanoclean24.com\/de\/#website","url":"https:\/\/nanoclean24.com\/de\/","name":"NanoClean","description":"","publisher":{"@id":"https:\/\/nanoclean24.com\/de\/#organization"},"potentialAction":[{"@type":"SearchAction","target":{"@type":"EntryPoint","urlTemplate":"https:\/\/nanoclean24.com\/de\/?s={search_term_string}"},"query-input":{"@type":"PropertyValueSpecification","valueRequired":true,"valueName":"search_term_string"}}],"inLanguage":"de"},{"@type":"Organization","@id":"https:\/\/nanoclean24.com\/de\/#organization","name":"NanoClean","url":"https:\/\/nanoclean24.com\/de\/","logo":{"@type":"ImageObject","inLanguage":"de","@id":"https:\/\/nanoclean24.com\/de\/#\/schema\/logo\/image\/","url":"https:\/\/nanoclean24.com\/wp-content\/uploads\/2025\/07\/logo-2.jpg","contentUrl":"https:\/\/nanoclean24.com\/wp-content\/uploads\/2025\/07\/logo-2.jpg","width":1068,"height":224,"caption":"NanoClean"},"image":{"@id":"https:\/\/nanoclean24.com\/de\/#\/schema\/logo\/image\/"}}]}},"taxonomy_info":{"product_cat":[{"value":97,"label":"AC8 HOME"}]},"featured_image_src_large":false,"author_info":[],"comment_info":"","_links":{"self":[{"href":"https:\/\/nanoclean24.com\/de\/wp-json\/wp\/v2\/product\/4652","targetHints":{"allow":["GET"]}}],"collection":[{"href":"https:\/\/nanoclean24.com\/de\/wp-json\/wp\/v2\/product"}],"about":[{"href":"https:\/\/nanoclean24.com\/de\/wp-json\/wp\/v2\/types\/product"}],"wp:attachment":[{"href":"https:\/\/nanoclean24.com\/de\/wp-json\/wp\/v2\/media?parent=4652"}],"wp:term":[{"taxonomy":"product_brand","embeddable":true,"href":"https:\/\/nanoclean24.com\/de\/wp-json\/wp\/v2\/product_brand?post=4652"},{"taxonomy":"product_cat","embeddable":true,"href":"https:\/\/nanoclean24.com\/de\/wp-json\/wp\/v2\/product_cat?post=4652"},{"taxonomy":"product_tag","embeddable":true,"href":"https:\/\/nanoclean24.com\/de\/wp-json\/wp\/v2\/product_tag?post=4652"}],"curies":[{"name":"wp","href":"https:\/\/api.w.org\/{rel}","templated":true}]}}