{"id":4606,"date":"2025-07-20T20:51:02","date_gmt":"2025-07-20T18:51:02","guid":{"rendered":"https:\/\/kadence.nanoclean.dev\/produkt\/trockennebel-set-fuer-autowerkstaetten-ac-6903-fluessigkeit-1l-fuer-10-autos-pistole-vernebelungskopf-schnellkupplung\/"},"modified":"2025-11-08T13:32:26","modified_gmt":"2025-11-08T12:32:26","slug":"trockennebel-set-fuer-autowerkstaetten-ac-6903-fluessigkeit-1l-fuer-10-autos-pistole-vernebelungskopf-schnellkupplung","status":"publish","type":"product","link":"https:\/\/nanoclean24.com\/de\/produkte\/trockennebel-set-fuer-autowerkstaetten-ac-6903-fluessigkeit-1l-fuer-10-autos-pistole-vernebelungskopf-schnellkupplung\/","title":{"rendered":"TROCKENNEBEL-SET f\u00fcr Autowerkst\u00e4tten (AC-6903) Fl\u00fcssigkeit 1L f\u00fcr 10 Autos + Pistole + Vernebelungskopf + Schnellkupplung"},"content":{"rendered":"<p>Das Set beinhaltet:<\/p>\n<p><strong>1. AC-69G5C NANOCLEAN\u00ae AIR Gebrauchsfertig mit Zitrus- oder Lavendelduft (1 Flasche \u00e0 1 L).<\/strong><\/p>\n<ul>\n<li>Innovative, gebrauchsfertige Fl\u00fcssigkeit zur effektiven <strong>Reinigung, Erfrischung, Entpilzung und Desinfektion<\/strong> von Klima- und L\u00fcftungsanlagen in Fahrzeugen.<\/li>\n<li>Beseitigt Bakterien <em>Legionella pneumophila<\/em> in 1 Minute.<\/li>\n<li>VOLLES BIOZIDES SPEKTRUM: <strong>Viren, Pilze, Schimmel, Bakterien, Mykobakterien, Sporen in <\/strong><strong>15 Minuten.<\/strong><\/li>\n<li>Wirksamkeit best\u00e4tigt durch Tests nach europ\u00e4ischen Normen:<br \/>\nEN13697, EN13623, EN1040, EN1276, EN13727, EN1275, EN1650, EN13704, EN14476, EN14348<\/li>\n<li><strong>Entfernt dauerhaft unangenehme Ger\u00fcche.<\/strong><\/li>\n<li>Ergiebigkeit: 1L Fl\u00fcssigkeit reicht f\u00fcr die Vernebelung von ca. 10 Autos.<\/li>\n<li>Zulassung f\u00fcr das Inverkehrbringen von Biozidprodukten Nr. 7406\/18.<\/li>\n<li><strong>Die Fl\u00fcssigkeit kann auch in Ultraschallger\u00e4ten verwendet werden.<\/strong><\/li>\n<\/ul>\n<p><strong>2. AC-69GUN NANOCLEAN\u00ae GUN<\/strong><\/p>\n<p>Druckdosierpistole mit 1L Beh\u00e4lter f\u00fcr Druckluft bis 10 bar, bestimmt<br \/>\nzum Dosieren von NANOCLEAN\u00ae AIR Fl\u00fcssigkeit mit der Lanze AC-69INOX, der Lanze AC-69NYLON<br \/>\noder \u00fcber den Kopf AC-69FUMI.<\/p>\n<p><strong>3. AC-69FUMI<\/strong> <strong>NANOCLEAN\u00ae FUMI-1<\/strong><\/p>\n<p>Spezialkopf zur Trockennebelvernebelung in R\u00e4umen und Fahrzeugen.<br \/>\n(Einfache Montage mit der Druckpistole mittels Schnellkupplung)<\/p>\n","protected":false},"excerpt":{"rendered":"<h3>AC-6903 TROCKENNEBEL-SET \u2013 gebrauchsfertiges Set zur Desinfektion von Fahrzeuginnenr\u00e4umen mittels Vernebelung.<\/h3>\n<p>&nbsp;<\/p>\n<p><strong><img decoding=\"async\" class=\"emoji\" role=\"img\" src=\"https:\/\/s.w.org\/images\/core\/emoji\/16.0.1\/svg\/2705.svg\" alt=\"\u2705\" \/> FRISCHE.<\/strong> Beseitigt unangenehme Ger\u00fcche und hinterl\u00e4sst einen angenehmen Duft f\u00fcr l\u00e4ngere Zeit.<\/p>\n<p><strong><img decoding=\"async\" class=\"emoji\" role=\"img\" src=\"https:\/\/s.w.org\/images\/core\/emoji\/16.0.1\/svg\/2705.svg\" alt=\"\u2705\" \/> SICHERHEIT. VOLLES BIOZIDES SPEKTRUM:<\/strong><br \/>\nViren, Pilze, Bakterien, Sporen, Mykobakterien.<br \/>\n<em>Legionella pneumophila<\/em> in 1 Minute.<\/p>\n<p><strong><img decoding=\"async\" class=\"emoji\" role=\"img\" src=\"https:\/\/s.w.org\/images\/core\/emoji\/16.0.1\/svg\/2705.svg\" alt=\"\u2705\" \/> WIRKSAMKEIT.<\/strong> Best\u00e4tigt durch Tests nach europ\u00e4ischen Normen:<br \/>\nEN1040, EN13727, EN1276, EN13697, EN13623, EN1275, EN1650, EN14476, EN13704, EN14348<\/p>\n<p><strong><img decoding=\"async\" class=\"emoji\" role=\"img\" src=\"https:\/\/s.w.org\/images\/core\/emoji\/16.0.1\/svg\/2705.svg\" alt=\"\u2705\" \/> ZUFRIEDENE KUNDEN.<\/strong> Dank effektiver Desinfektion.<\/p>\n","protected":false},"featured_media":4044,"template":"","meta":{"_kad_blocks_custom_css":"","_kad_blocks_head_custom_js":"","_kad_blocks_body_custom_js":"","_kad_blocks_footer_custom_js":"","_kad_post_transparent":"","_kad_post_title":"","_kad_post_layout":"","_kad_post_sidebar_id":"","_kad_post_content_style":"","_kad_post_vertical_padding":"","_kad_post_feature":"","_kad_post_feature_position":"","_kad_post_header":false,"_kad_post_footer":false,"_kad_post_classname":""},"product_brand":[],"product_cat":[176],"product_tag":[],"class_list":{"0":"post-4606","1":"product","2":"type-product","3":"status-publish","4":"has-post-thumbnail","6":"product_cat-car-ac-pro","8":"first","9":"instock","10":"taxable","11":"shipping-taxable","12":"purchasable","13":"product-type-simple","14":"entry","15":"content-bg","16":"loop-entry"},"yoast_head":"<!-- This site is optimized with the Yoast SEO plugin v27.4 - https:\/\/yoast.com\/product\/yoast-seo-wordpress\/ -->\n<title>TROCKENNEBEL-SET f\u00fcr Autowerkst\u00e4tten (AC-6903) Fl\u00fcssigkeit 1L f\u00fcr 10 Autos + Pistole + Vernebelungskopf + Schnellkupplung - NANOCLEAN<\/title>\n<meta name=\"robots\" content=\"index, follow, max-snippet:-1, max-image-preview:large, max-video-preview:-1\" \/>\n<link rel=\"canonical\" href=\"https:\/\/nanoclean24.com\/de\/produkte\/trockennebel-set-fuer-autowerkstaetten-ac-6903-fluessigkeit-1l-fuer-10-autos-pistole-vernebelungskopf-schnellkupplung\/\" \/>\n<meta property=\"og:locale\" content=\"de_DE\" \/>\n<meta property=\"og:type\" content=\"article\" \/>\n<meta property=\"og:title\" content=\"TROCKENNEBEL-SET f\u00fcr Autowerkst\u00e4tten (AC-6903) Fl\u00fcssigkeit 1L f\u00fcr 10 Autos + Pistole + Vernebelungskopf + Schnellkupplung - NANOCLEAN\" \/>\n<meta property=\"og:description\" content=\"AC-6903 TROCKENNEBEL-SET \u2013 gebrauchsfertiges Set zur Desinfektion von Fahrzeuginnenr\u00e4umen mittels Vernebelung. &nbsp;   FRISCHE. Beseitigt unangenehme Ger\u00fcche und hinterl\u00e4sst einen angenehmen Duft f\u00fcr l\u00e4ngere Zeit.   SICHERHEIT. VOLLES BIOZIDES SPEKTRUM: Viren, Pilze, Bakterien, Sporen, Mykobakterien. Legionella pneumophila in 1 Minute.   WIRKSAMKEIT. Best\u00e4tigt durch Tests nach europ\u00e4ischen Normen: EN1040, EN13727, EN1276, EN13697, EN13623, EN1275, EN1650, EN14476, EN13704, EN14348   ZUFRIEDENE KUNDEN. Dank effektiver Desinfektion.\" \/>\n<meta property=\"og:url\" content=\"https:\/\/nanoclean24.com\/de\/produkte\/trockennebel-set-fuer-autowerkstaetten-ac-6903-fluessigkeit-1l-fuer-10-autos-pistole-vernebelungskopf-schnellkupplung\/\" \/>\n<meta property=\"og:site_name\" content=\"NANOCLEAN\" \/>\n<meta property=\"article:modified_time\" content=\"2025-11-08T12:32:26+00:00\" \/>\n<meta property=\"og:image\" content=\"https:\/\/nanoclean24.com\/wp-content\/uploads\/2025\/07\/ZESTAW-SUCHA-MGLA-dla-auto-warsztatow-AC-6903-plyn-1L-na-10-aut-Pistolet-Glowica-zamglawiajaca-Szybkozlacze.webp\" \/>\n\t<meta property=\"og:image:width\" content=\"900\" \/>\n\t<meta property=\"og:image:height\" content=\"900\" \/>\n\t<meta property=\"og:image:type\" content=\"image\/webp\" \/>\n<meta name=\"twitter:card\" content=\"summary_large_image\" \/>\n<meta name=\"twitter:label1\" content=\"Gesch\u00e4tzte Lesezeit\" \/>\n\t<meta name=\"twitter:data1\" content=\"1\u00a0Minute\" \/>\n<script type=\"application\/ld+json\" class=\"yoast-schema-graph\">{\"@context\":\"https:\\\/\\\/schema.org\",\"@graph\":[{\"@type\":\"WebPage\",\"@id\":\"https:\\\/\\\/nanoclean24.com\\\/de\\\/produkte\\\/trockennebel-set-fuer-autowerkstaetten-ac-6903-fluessigkeit-1l-fuer-10-autos-pistole-vernebelungskopf-schnellkupplung\\\/\",\"url\":\"https:\\\/\\\/nanoclean24.com\\\/de\\\/produkte\\\/trockennebel-set-fuer-autowerkstaetten-ac-6903-fluessigkeit-1l-fuer-10-autos-pistole-vernebelungskopf-schnellkupplung\\\/\",\"name\":\"TROCKENNEBEL-SET f\u00fcr Autowerkst\u00e4tten (AC-6903) Fl\u00fcssigkeit 1L f\u00fcr 10 Autos + Pistole + Vernebelungskopf + Schnellkupplung - NANOCLEAN\",\"isPartOf\":{\"@id\":\"https:\\\/\\\/nanoclean24.com\\\/de\\\/#website\"},\"primaryImageOfPage\":{\"@id\":\"https:\\\/\\\/nanoclean24.com\\\/de\\\/produkte\\\/trockennebel-set-fuer-autowerkstaetten-ac-6903-fluessigkeit-1l-fuer-10-autos-pistole-vernebelungskopf-schnellkupplung\\\/#primaryimage\"},\"image\":{\"@id\":\"https:\\\/\\\/nanoclean24.com\\\/de\\\/produkte\\\/trockennebel-set-fuer-autowerkstaetten-ac-6903-fluessigkeit-1l-fuer-10-autos-pistole-vernebelungskopf-schnellkupplung\\\/#primaryimage\"},\"thumbnailUrl\":\"https:\\\/\\\/nanoclean24.com\\\/wp-content\\\/uploads\\\/2025\\\/07\\\/ZESTAW-SUCHA-MGLA-dla-auto-warsztatow-AC-6903-plyn-1L-na-10-aut-Pistolet-Glowica-zamglawiajaca-Szybkozlacze.webp\",\"datePublished\":\"2025-07-20T18:51:02+00:00\",\"dateModified\":\"2025-11-08T12:32:26+00:00\",\"breadcrumb\":{\"@id\":\"https:\\\/\\\/nanoclean24.com\\\/de\\\/produkte\\\/trockennebel-set-fuer-autowerkstaetten-ac-6903-fluessigkeit-1l-fuer-10-autos-pistole-vernebelungskopf-schnellkupplung\\\/#breadcrumb\"},\"inLanguage\":\"de\",\"potentialAction\":[{\"@type\":\"ReadAction\",\"target\":[\"https:\\\/\\\/nanoclean24.com\\\/de\\\/produkte\\\/trockennebel-set-fuer-autowerkstaetten-ac-6903-fluessigkeit-1l-fuer-10-autos-pistole-vernebelungskopf-schnellkupplung\\\/\"]}]},{\"@type\":\"ImageObject\",\"inLanguage\":\"de\",\"@id\":\"https:\\\/\\\/nanoclean24.com\\\/de\\\/produkte\\\/trockennebel-set-fuer-autowerkstaetten-ac-6903-fluessigkeit-1l-fuer-10-autos-pistole-vernebelungskopf-schnellkupplung\\\/#primaryimage\",\"url\":\"https:\\\/\\\/nanoclean24.com\\\/wp-content\\\/uploads\\\/2025\\\/07\\\/ZESTAW-SUCHA-MGLA-dla-auto-warsztatow-AC-6903-plyn-1L-na-10-aut-Pistolet-Glowica-zamglawiajaca-Szybkozlacze.webp\",\"contentUrl\":\"https:\\\/\\\/nanoclean24.com\\\/wp-content\\\/uploads\\\/2025\\\/07\\\/ZESTAW-SUCHA-MGLA-dla-auto-warsztatow-AC-6903-plyn-1L-na-10-aut-Pistolet-Glowica-zamglawiajaca-Szybkozlacze.webp\",\"width\":900,\"height\":900},{\"@type\":\"BreadcrumbList\",\"@id\":\"https:\\\/\\\/nanoclean24.com\\\/de\\\/produkte\\\/trockennebel-set-fuer-autowerkstaetten-ac-6903-fluessigkeit-1l-fuer-10-autos-pistole-vernebelungskopf-schnellkupplung\\\/#breadcrumb\",\"itemListElement\":[{\"@type\":\"ListItem\",\"position\":1,\"name\":\"Strona g\u0142\u00f3wna\",\"item\":\"https:\\\/\\\/nanoclean24.com\\\/de\\\/\"},{\"@type\":\"ListItem\",\"position\":2,\"name\":\"Shop\",\"item\":\"https:\\\/\\\/nanoclean24.com\\\/de\\\/shop\\\/\"},{\"@type\":\"ListItem\",\"position\":3,\"name\":\"TROCKENNEBEL-SET f\u00fcr Autowerkst\u00e4tten (AC-6903) Fl\u00fcssigkeit 1L f\u00fcr 10 Autos + Pistole + Vernebelungskopf + Schnellkupplung\"}]},{\"@type\":\"WebSite\",\"@id\":\"https:\\\/\\\/nanoclean24.com\\\/de\\\/#website\",\"url\":\"https:\\\/\\\/nanoclean24.com\\\/de\\\/\",\"name\":\"NanoClean\",\"description\":\"\",\"publisher\":{\"@id\":\"https:\\\/\\\/nanoclean24.com\\\/de\\\/#organization\"},\"potentialAction\":[{\"@type\":\"SearchAction\",\"target\":{\"@type\":\"EntryPoint\",\"urlTemplate\":\"https:\\\/\\\/nanoclean24.com\\\/de\\\/?s={search_term_string}\"},\"query-input\":{\"@type\":\"PropertyValueSpecification\",\"valueRequired\":true,\"valueName\":\"search_term_string\"}}],\"inLanguage\":\"de\"},{\"@type\":\"Organization\",\"@id\":\"https:\\\/\\\/nanoclean24.com\\\/de\\\/#organization\",\"name\":\"NanoClean\",\"url\":\"https:\\\/\\\/nanoclean24.com\\\/de\\\/\",\"logo\":{\"@type\":\"ImageObject\",\"inLanguage\":\"de\",\"@id\":\"https:\\\/\\\/nanoclean24.com\\\/de\\\/#\\\/schema\\\/logo\\\/image\\\/\",\"url\":\"https:\\\/\\\/nanoclean24.com\\\/wp-content\\\/uploads\\\/2025\\\/07\\\/logo-2.jpg\",\"contentUrl\":\"https:\\\/\\\/nanoclean24.com\\\/wp-content\\\/uploads\\\/2025\\\/07\\\/logo-2.jpg\",\"width\":1068,\"height\":224,\"caption\":\"NanoClean\"},\"image\":{\"@id\":\"https:\\\/\\\/nanoclean24.com\\\/de\\\/#\\\/schema\\\/logo\\\/image\\\/\"}}]}<\/script>\n<!-- \/ Yoast SEO plugin. -->","yoast_head_json":{"title":"TROCKENNEBEL-SET f\u00fcr Autowerkst\u00e4tten (AC-6903) Fl\u00fcssigkeit 1L f\u00fcr 10 Autos + Pistole + Vernebelungskopf + Schnellkupplung - NANOCLEAN","robots":{"index":"index","follow":"follow","max-snippet":"max-snippet:-1","max-image-preview":"max-image-preview:large","max-video-preview":"max-video-preview:-1"},"canonical":"https:\/\/nanoclean24.com\/de\/produkte\/trockennebel-set-fuer-autowerkstaetten-ac-6903-fluessigkeit-1l-fuer-10-autos-pistole-vernebelungskopf-schnellkupplung\/","og_locale":"de_DE","og_type":"article","og_title":"TROCKENNEBEL-SET f\u00fcr Autowerkst\u00e4tten (AC-6903) Fl\u00fcssigkeit 1L f\u00fcr 10 Autos + Pistole + Vernebelungskopf + Schnellkupplung - NANOCLEAN","og_description":"AC-6903 TROCKENNEBEL-SET \u2013 gebrauchsfertiges Set zur Desinfektion von Fahrzeuginnenr\u00e4umen mittels Vernebelung. &nbsp;   FRISCHE. Beseitigt unangenehme Ger\u00fcche und hinterl\u00e4sst einen angenehmen Duft f\u00fcr l\u00e4ngere Zeit.   SICHERHEIT. VOLLES BIOZIDES SPEKTRUM: Viren, Pilze, Bakterien, Sporen, Mykobakterien. Legionella pneumophila in 1 Minute.   WIRKSAMKEIT. Best\u00e4tigt durch Tests nach europ\u00e4ischen Normen: EN1040, EN13727, EN1276, EN13697, EN13623, EN1275, EN1650, EN14476, EN13704, EN14348   ZUFRIEDENE KUNDEN. Dank effektiver Desinfektion.","og_url":"https:\/\/nanoclean24.com\/de\/produkte\/trockennebel-set-fuer-autowerkstaetten-ac-6903-fluessigkeit-1l-fuer-10-autos-pistole-vernebelungskopf-schnellkupplung\/","og_site_name":"NANOCLEAN","article_modified_time":"2025-11-08T12:32:26+00:00","og_image":[{"width":900,"height":900,"url":"https:\/\/nanoclean24.com\/wp-content\/uploads\/2025\/07\/ZESTAW-SUCHA-MGLA-dla-auto-warsztatow-AC-6903-plyn-1L-na-10-aut-Pistolet-Glowica-zamglawiajaca-Szybkozlacze.webp","type":"image\/webp"}],"twitter_card":"summary_large_image","twitter_misc":{"Gesch\u00e4tzte Lesezeit":"1\u00a0Minute"},"schema":{"@context":"https:\/\/schema.org","@graph":[{"@type":"WebPage","@id":"https:\/\/nanoclean24.com\/de\/produkte\/trockennebel-set-fuer-autowerkstaetten-ac-6903-fluessigkeit-1l-fuer-10-autos-pistole-vernebelungskopf-schnellkupplung\/","url":"https:\/\/nanoclean24.com\/de\/produkte\/trockennebel-set-fuer-autowerkstaetten-ac-6903-fluessigkeit-1l-fuer-10-autos-pistole-vernebelungskopf-schnellkupplung\/","name":"TROCKENNEBEL-SET f\u00fcr Autowerkst\u00e4tten (AC-6903) Fl\u00fcssigkeit 1L f\u00fcr 10 Autos + Pistole + Vernebelungskopf + Schnellkupplung - NANOCLEAN","isPartOf":{"@id":"https:\/\/nanoclean24.com\/de\/#website"},"primaryImageOfPage":{"@id":"https:\/\/nanoclean24.com\/de\/produkte\/trockennebel-set-fuer-autowerkstaetten-ac-6903-fluessigkeit-1l-fuer-10-autos-pistole-vernebelungskopf-schnellkupplung\/#primaryimage"},"image":{"@id":"https:\/\/nanoclean24.com\/de\/produkte\/trockennebel-set-fuer-autowerkstaetten-ac-6903-fluessigkeit-1l-fuer-10-autos-pistole-vernebelungskopf-schnellkupplung\/#primaryimage"},"thumbnailUrl":"https:\/\/nanoclean24.com\/wp-content\/uploads\/2025\/07\/ZESTAW-SUCHA-MGLA-dla-auto-warsztatow-AC-6903-plyn-1L-na-10-aut-Pistolet-Glowica-zamglawiajaca-Szybkozlacze.webp","datePublished":"2025-07-20T18:51:02+00:00","dateModified":"2025-11-08T12:32:26+00:00","breadcrumb":{"@id":"https:\/\/nanoclean24.com\/de\/produkte\/trockennebel-set-fuer-autowerkstaetten-ac-6903-fluessigkeit-1l-fuer-10-autos-pistole-vernebelungskopf-schnellkupplung\/#breadcrumb"},"inLanguage":"de","potentialAction":[{"@type":"ReadAction","target":["https:\/\/nanoclean24.com\/de\/produkte\/trockennebel-set-fuer-autowerkstaetten-ac-6903-fluessigkeit-1l-fuer-10-autos-pistole-vernebelungskopf-schnellkupplung\/"]}]},{"@type":"ImageObject","inLanguage":"de","@id":"https:\/\/nanoclean24.com\/de\/produkte\/trockennebel-set-fuer-autowerkstaetten-ac-6903-fluessigkeit-1l-fuer-10-autos-pistole-vernebelungskopf-schnellkupplung\/#primaryimage","url":"https:\/\/nanoclean24.com\/wp-content\/uploads\/2025\/07\/ZESTAW-SUCHA-MGLA-dla-auto-warsztatow-AC-6903-plyn-1L-na-10-aut-Pistolet-Glowica-zamglawiajaca-Szybkozlacze.webp","contentUrl":"https:\/\/nanoclean24.com\/wp-content\/uploads\/2025\/07\/ZESTAW-SUCHA-MGLA-dla-auto-warsztatow-AC-6903-plyn-1L-na-10-aut-Pistolet-Glowica-zamglawiajaca-Szybkozlacze.webp","width":900,"height":900},{"@type":"BreadcrumbList","@id":"https:\/\/nanoclean24.com\/de\/produkte\/trockennebel-set-fuer-autowerkstaetten-ac-6903-fluessigkeit-1l-fuer-10-autos-pistole-vernebelungskopf-schnellkupplung\/#breadcrumb","itemListElement":[{"@type":"ListItem","position":1,"name":"Strona g\u0142\u00f3wna","item":"https:\/\/nanoclean24.com\/de\/"},{"@type":"ListItem","position":2,"name":"Shop","item":"https:\/\/nanoclean24.com\/de\/shop\/"},{"@type":"ListItem","position":3,"name":"TROCKENNEBEL-SET f\u00fcr Autowerkst\u00e4tten (AC-6903) Fl\u00fcssigkeit 1L f\u00fcr 10 Autos + Pistole + Vernebelungskopf + Schnellkupplung"}]},{"@type":"WebSite","@id":"https:\/\/nanoclean24.com\/de\/#website","url":"https:\/\/nanoclean24.com\/de\/","name":"NanoClean","description":"","publisher":{"@id":"https:\/\/nanoclean24.com\/de\/#organization"},"potentialAction":[{"@type":"SearchAction","target":{"@type":"EntryPoint","urlTemplate":"https:\/\/nanoclean24.com\/de\/?s={search_term_string}"},"query-input":{"@type":"PropertyValueSpecification","valueRequired":true,"valueName":"search_term_string"}}],"inLanguage":"de"},{"@type":"Organization","@id":"https:\/\/nanoclean24.com\/de\/#organization","name":"NanoClean","url":"https:\/\/nanoclean24.com\/de\/","logo":{"@type":"ImageObject","inLanguage":"de","@id":"https:\/\/nanoclean24.com\/de\/#\/schema\/logo\/image\/","url":"https:\/\/nanoclean24.com\/wp-content\/uploads\/2025\/07\/logo-2.jpg","contentUrl":"https:\/\/nanoclean24.com\/wp-content\/uploads\/2025\/07\/logo-2.jpg","width":1068,"height":224,"caption":"NanoClean"},"image":{"@id":"https:\/\/nanoclean24.com\/de\/#\/schema\/logo\/image\/"}}]}},"taxonomy_info":{"product_cat":[{"value":176,"label":"CAR AC PRO"}]},"featured_image_src_large":["https:\/\/nanoclean24.com\/wp-content\/uploads\/2025\/07\/ZESTAW-SUCHA-MGLA-dla-auto-warsztatow-AC-6903-plyn-1L-na-10-aut-Pistolet-Glowica-zamglawiajaca-Szybkozlacze.webp",900,900,false],"author_info":[],"comment_info":"","_links":{"self":[{"href":"https:\/\/nanoclean24.com\/de\/wp-json\/wp\/v2\/product\/4606","targetHints":{"allow":["GET"]}}],"collection":[{"href":"https:\/\/nanoclean24.com\/de\/wp-json\/wp\/v2\/product"}],"about":[{"href":"https:\/\/nanoclean24.com\/de\/wp-json\/wp\/v2\/types\/product"}],"wp:featuredmedia":[{"embeddable":true,"href":"https:\/\/nanoclean24.com\/de\/wp-json\/wp\/v2\/media\/4044"}],"wp:attachment":[{"href":"https:\/\/nanoclean24.com\/de\/wp-json\/wp\/v2\/media?parent=4606"}],"wp:term":[{"taxonomy":"product_brand","embeddable":true,"href":"https:\/\/nanoclean24.com\/de\/wp-json\/wp\/v2\/product_brand?post=4606"},{"taxonomy":"product_cat","embeddable":true,"href":"https:\/\/nanoclean24.com\/de\/wp-json\/wp\/v2\/product_cat?post=4606"},{"taxonomy":"product_tag","embeddable":true,"href":"https:\/\/nanoclean24.com\/de\/wp-json\/wp\/v2\/product_tag?post=4606"}],"curies":[{"name":"wp","href":"https:\/\/api.w.org\/{rel}","templated":true}]}}