{"id":4594,"date":"2025-07-20T20:05:19","date_gmt":"2025-07-20T18:05:19","guid":{"rendered":"https:\/\/kadence.nanoclean.dev\/produkt\/2x-nanoclean-air-klimaanlagen-desinfektionsspray-500-ml-lavendel-und-blumenduft\/"},"modified":"2025-10-24T17:00:44","modified_gmt":"2025-10-24T15:00:44","slug":"2x-nanoclean-air-klimaanlagen-desinfektionsspray-500-ml-lavendel-und-blumenduft","status":"publish","type":"product","link":"https:\/\/nanoclean24.com\/de\/produkte\/2x-nanoclean-air-klimaanlagen-desinfektionsspray-500-ml-lavendel-und-blumenduft\/","title":{"rendered":"2x Klimaanlage Schimmelentferner Aerosol NANOCLEAN\u00ae AIR Lavendel 500ML + Blumen 500ML"},"content":{"rendered":"<p><b>Reinigt Klimaanlagen zu Hause effektiv.<\/b><\/p>\n<p>Entfernt organische Verunreinigungen: Schimmel, Pilze, Staub, Fett, \u00d6l, Fettflecken von Polstern und Teppichen, organische R\u00fcckst\u00e4nde, usw. Nicht nur zur Auffrischung oder Schimmelentfernung der Klimaanlage, sondern auch zur Desinfektion mit vollem Wirkungsspektrum. Entfernt unangenehme Ger\u00fcche \u2013 entfernt dauerhaft den unangenehmen Geruch von Pilzen und organischen R\u00fcckst\u00e4nden.  <\/p>\n<p>Praktisch und einfach anzuwenden \u2013 gebrauchsfertiges Spray f\u00fcr Haushaltsklimaanlagen und alle Oberfl\u00e4chen.<\/p>\n","protected":false},"excerpt":{"rendered":"<p>Reinigt Klimaanlagen zu Hause effektiv. Entfernt organische Verunreinigungen: Schimmel, Pilze, Staub, Fett, \u00d6l, Fettflecken von Polstern und Teppichen, organische R\u00fcckst\u00e4nde, usw. Nicht nur zur Auffrischung oder Schimmelentfernung der Klimaanlage, sondern auch zur Desinfektion mit vollem Wirkungsspektrum. Entfernt unangenehme Ger\u00fcche \u2013 entfernt dauerhaft den unangenehmen Geruch von Pilzen und organischen R\u00fcckst\u00e4nden. Praktisch und einfach anzuwenden \u2013&#8230;<\/p>\n","protected":false},"featured_media":0,"template":"","meta":{"_kad_blocks_custom_css":"","_kad_blocks_head_custom_js":"","_kad_blocks_body_custom_js":"","_kad_blocks_footer_custom_js":"","_kad_post_transparent":"","_kad_post_title":"","_kad_post_layout":"","_kad_post_sidebar_id":"","_kad_post_content_style":"","_kad_post_vertical_padding":"","_kad_post_feature":"","_kad_post_feature_position":"","_kad_post_header":false,"_kad_post_footer":false,"_kad_post_classname":""},"product_brand":[],"product_cat":[97],"product_tag":[],"class_list":{"0":"post-4594","1":"product","2":"type-product","3":"status-publish","5":"product_cat-home-de","7":"first","8":"instock","9":"taxable","10":"shipping-taxable","11":"purchasable","12":"product-type-simple","13":"entry","14":"content-bg","15":"loop-entry"},"yoast_head":"<!-- This site is optimized with the Yoast SEO plugin v27.4 - https:\/\/yoast.com\/product\/yoast-seo-wordpress\/ -->\n<title>2x Klimaanlage Schimmelentferner Aerosol NANOCLEAN\u00ae AIR Lavendel 500ML + Blumen 500ML - NANOCLEAN<\/title>\n<meta name=\"robots\" content=\"index, follow, max-snippet:-1, max-image-preview:large, max-video-preview:-1\" \/>\n<link rel=\"canonical\" href=\"https:\/\/nanoclean24.com\/de\/produkte\/2x-nanoclean-air-klimaanlagen-desinfektionsspray-500-ml-lavendel-und-blumenduft\/\" \/>\n<meta property=\"og:locale\" content=\"de_DE\" \/>\n<meta property=\"og:type\" content=\"article\" \/>\n<meta property=\"og:title\" content=\"2x Klimaanlage Schimmelentferner Aerosol NANOCLEAN\u00ae AIR Lavendel 500ML + Blumen 500ML - NANOCLEAN\" \/>\n<meta property=\"og:description\" content=\"Reinigt Klimaanlagen zu Hause effektiv. Entfernt organische Verunreinigungen: Schimmel, Pilze, Staub, Fett, \u00d6l, Fettflecken von Polstern und Teppichen, organische R\u00fcckst\u00e4nde, usw. Nicht nur zur Auffrischung oder Schimmelentfernung der Klimaanlage, sondern auch zur Desinfektion mit vollem Wirkungsspektrum. Entfernt unangenehme Ger\u00fcche \u2013 entfernt dauerhaft den unangenehmen Geruch von Pilzen und organischen R\u00fcckst\u00e4nden. Praktisch und einfach anzuwenden \u2013...\" \/>\n<meta property=\"og:url\" content=\"https:\/\/nanoclean24.com\/de\/produkte\/2x-nanoclean-air-klimaanlagen-desinfektionsspray-500-ml-lavendel-und-blumenduft\/\" \/>\n<meta property=\"og:site_name\" content=\"NANOCLEAN\" \/>\n<meta property=\"article:modified_time\" content=\"2025-10-24T15:00:44+00:00\" \/>\n<meta property=\"og:image\" content=\"https:\/\/nanoclean24.com\/wp-content\/uploads\/2025\/07\/2x-Aerozol-do-odgrzybiania-klimatyzacji-NANOCLEAN-AIR-500ml-lawendowykwiatowy.webp\" \/>\n\t<meta property=\"og:image:width\" content=\"1200\" \/>\n\t<meta property=\"og:image:height\" content=\"1200\" \/>\n\t<meta property=\"og:image:type\" content=\"image\/webp\" \/>\n<meta name=\"twitter:card\" content=\"summary_large_image\" \/>\n<script type=\"application\/ld+json\" class=\"yoast-schema-graph\">{\"@context\":\"https:\\\/\\\/schema.org\",\"@graph\":[{\"@type\":\"WebPage\",\"@id\":\"https:\\\/\\\/nanoclean24.com\\\/de\\\/produkte\\\/2x-nanoclean-air-klimaanlagen-desinfektionsspray-500-ml-lavendel-und-blumenduft\\\/\",\"url\":\"https:\\\/\\\/nanoclean24.com\\\/de\\\/produkte\\\/2x-nanoclean-air-klimaanlagen-desinfektionsspray-500-ml-lavendel-und-blumenduft\\\/\",\"name\":\"2x Klimaanlage Schimmelentferner Aerosol NANOCLEAN\u00ae AIR Lavendel 500ML + Blumen 500ML - NANOCLEAN\",\"isPartOf\":{\"@id\":\"https:\\\/\\\/nanoclean24.com\\\/de\\\/#website\"},\"datePublished\":\"2025-07-20T18:05:19+00:00\",\"dateModified\":\"2025-10-24T15:00:44+00:00\",\"breadcrumb\":{\"@id\":\"https:\\\/\\\/nanoclean24.com\\\/de\\\/produkte\\\/2x-nanoclean-air-klimaanlagen-desinfektionsspray-500-ml-lavendel-und-blumenduft\\\/#breadcrumb\"},\"inLanguage\":\"de\",\"potentialAction\":[{\"@type\":\"ReadAction\",\"target\":[\"https:\\\/\\\/nanoclean24.com\\\/de\\\/produkte\\\/2x-nanoclean-air-klimaanlagen-desinfektionsspray-500-ml-lavendel-und-blumenduft\\\/\"]}]},{\"@type\":\"BreadcrumbList\",\"@id\":\"https:\\\/\\\/nanoclean24.com\\\/de\\\/produkte\\\/2x-nanoclean-air-klimaanlagen-desinfektionsspray-500-ml-lavendel-und-blumenduft\\\/#breadcrumb\",\"itemListElement\":[{\"@type\":\"ListItem\",\"position\":1,\"name\":\"Strona g\u0142\u00f3wna\",\"item\":\"https:\\\/\\\/nanoclean24.com\\\/de\\\/\"},{\"@type\":\"ListItem\",\"position\":2,\"name\":\"Shop\",\"item\":\"https:\\\/\\\/nanoclean24.com\\\/de\\\/shop\\\/\"},{\"@type\":\"ListItem\",\"position\":3,\"name\":\"2x Klimaanlage Schimmelentferner Aerosol NANOCLEAN\u00ae AIR Lavendel 500ML + Blumen 500ML\"}]},{\"@type\":\"WebSite\",\"@id\":\"https:\\\/\\\/nanoclean24.com\\\/de\\\/#website\",\"url\":\"https:\\\/\\\/nanoclean24.com\\\/de\\\/\",\"name\":\"NanoClean\",\"description\":\"\",\"publisher\":{\"@id\":\"https:\\\/\\\/nanoclean24.com\\\/de\\\/#organization\"},\"potentialAction\":[{\"@type\":\"SearchAction\",\"target\":{\"@type\":\"EntryPoint\",\"urlTemplate\":\"https:\\\/\\\/nanoclean24.com\\\/de\\\/?s={search_term_string}\"},\"query-input\":{\"@type\":\"PropertyValueSpecification\",\"valueRequired\":true,\"valueName\":\"search_term_string\"}}],\"inLanguage\":\"de\"},{\"@type\":\"Organization\",\"@id\":\"https:\\\/\\\/nanoclean24.com\\\/de\\\/#organization\",\"name\":\"NanoClean\",\"url\":\"https:\\\/\\\/nanoclean24.com\\\/de\\\/\",\"logo\":{\"@type\":\"ImageObject\",\"inLanguage\":\"de\",\"@id\":\"https:\\\/\\\/nanoclean24.com\\\/de\\\/#\\\/schema\\\/logo\\\/image\\\/\",\"url\":\"https:\\\/\\\/nanoclean24.com\\\/wp-content\\\/uploads\\\/2025\\\/07\\\/logo-2.jpg\",\"contentUrl\":\"https:\\\/\\\/nanoclean24.com\\\/wp-content\\\/uploads\\\/2025\\\/07\\\/logo-2.jpg\",\"width\":1068,\"height\":224,\"caption\":\"NanoClean\"},\"image\":{\"@id\":\"https:\\\/\\\/nanoclean24.com\\\/de\\\/#\\\/schema\\\/logo\\\/image\\\/\"}}]}<\/script>\n<!-- \/ Yoast SEO plugin. -->","yoast_head_json":{"title":"2x Klimaanlage Schimmelentferner Aerosol NANOCLEAN\u00ae AIR Lavendel 500ML + Blumen 500ML - NANOCLEAN","robots":{"index":"index","follow":"follow","max-snippet":"max-snippet:-1","max-image-preview":"max-image-preview:large","max-video-preview":"max-video-preview:-1"},"canonical":"https:\/\/nanoclean24.com\/de\/produkte\/2x-nanoclean-air-klimaanlagen-desinfektionsspray-500-ml-lavendel-und-blumenduft\/","og_locale":"de_DE","og_type":"article","og_title":"2x Klimaanlage Schimmelentferner Aerosol NANOCLEAN\u00ae AIR Lavendel 500ML + Blumen 500ML - NANOCLEAN","og_description":"Reinigt Klimaanlagen zu Hause effektiv. Entfernt organische Verunreinigungen: Schimmel, Pilze, Staub, Fett, \u00d6l, Fettflecken von Polstern und Teppichen, organische R\u00fcckst\u00e4nde, usw. Nicht nur zur Auffrischung oder Schimmelentfernung der Klimaanlage, sondern auch zur Desinfektion mit vollem Wirkungsspektrum. Entfernt unangenehme Ger\u00fcche \u2013 entfernt dauerhaft den unangenehmen Geruch von Pilzen und organischen R\u00fcckst\u00e4nden. Praktisch und einfach anzuwenden \u2013...","og_url":"https:\/\/nanoclean24.com\/de\/produkte\/2x-nanoclean-air-klimaanlagen-desinfektionsspray-500-ml-lavendel-und-blumenduft\/","og_site_name":"NANOCLEAN","article_modified_time":"2025-10-24T15:00:44+00:00","og_image":[{"width":1200,"height":1200,"url":"https:\/\/nanoclean24.com\/wp-content\/uploads\/2025\/07\/2x-Aerozol-do-odgrzybiania-klimatyzacji-NANOCLEAN-AIR-500ml-lawendowykwiatowy.webp","type":"image\/webp"}],"twitter_card":"summary_large_image","schema":{"@context":"https:\/\/schema.org","@graph":[{"@type":"WebPage","@id":"https:\/\/nanoclean24.com\/de\/produkte\/2x-nanoclean-air-klimaanlagen-desinfektionsspray-500-ml-lavendel-und-blumenduft\/","url":"https:\/\/nanoclean24.com\/de\/produkte\/2x-nanoclean-air-klimaanlagen-desinfektionsspray-500-ml-lavendel-und-blumenduft\/","name":"2x Klimaanlage Schimmelentferner Aerosol NANOCLEAN\u00ae AIR Lavendel 500ML + Blumen 500ML - NANOCLEAN","isPartOf":{"@id":"https:\/\/nanoclean24.com\/de\/#website"},"datePublished":"2025-07-20T18:05:19+00:00","dateModified":"2025-10-24T15:00:44+00:00","breadcrumb":{"@id":"https:\/\/nanoclean24.com\/de\/produkte\/2x-nanoclean-air-klimaanlagen-desinfektionsspray-500-ml-lavendel-und-blumenduft\/#breadcrumb"},"inLanguage":"de","potentialAction":[{"@type":"ReadAction","target":["https:\/\/nanoclean24.com\/de\/produkte\/2x-nanoclean-air-klimaanlagen-desinfektionsspray-500-ml-lavendel-und-blumenduft\/"]}]},{"@type":"BreadcrumbList","@id":"https:\/\/nanoclean24.com\/de\/produkte\/2x-nanoclean-air-klimaanlagen-desinfektionsspray-500-ml-lavendel-und-blumenduft\/#breadcrumb","itemListElement":[{"@type":"ListItem","position":1,"name":"Strona g\u0142\u00f3wna","item":"https:\/\/nanoclean24.com\/de\/"},{"@type":"ListItem","position":2,"name":"Shop","item":"https:\/\/nanoclean24.com\/de\/shop\/"},{"@type":"ListItem","position":3,"name":"2x Klimaanlage Schimmelentferner Aerosol NANOCLEAN\u00ae AIR Lavendel 500ML + Blumen 500ML"}]},{"@type":"WebSite","@id":"https:\/\/nanoclean24.com\/de\/#website","url":"https:\/\/nanoclean24.com\/de\/","name":"NanoClean","description":"","publisher":{"@id":"https:\/\/nanoclean24.com\/de\/#organization"},"potentialAction":[{"@type":"SearchAction","target":{"@type":"EntryPoint","urlTemplate":"https:\/\/nanoclean24.com\/de\/?s={search_term_string}"},"query-input":{"@type":"PropertyValueSpecification","valueRequired":true,"valueName":"search_term_string"}}],"inLanguage":"de"},{"@type":"Organization","@id":"https:\/\/nanoclean24.com\/de\/#organization","name":"NanoClean","url":"https:\/\/nanoclean24.com\/de\/","logo":{"@type":"ImageObject","inLanguage":"de","@id":"https:\/\/nanoclean24.com\/de\/#\/schema\/logo\/image\/","url":"https:\/\/nanoclean24.com\/wp-content\/uploads\/2025\/07\/logo-2.jpg","contentUrl":"https:\/\/nanoclean24.com\/wp-content\/uploads\/2025\/07\/logo-2.jpg","width":1068,"height":224,"caption":"NanoClean"},"image":{"@id":"https:\/\/nanoclean24.com\/de\/#\/schema\/logo\/image\/"}}]}},"taxonomy_info":{"product_cat":[{"value":97,"label":"AC8 HOME"}]},"featured_image_src_large":false,"author_info":[],"comment_info":"","_links":{"self":[{"href":"https:\/\/nanoclean24.com\/de\/wp-json\/wp\/v2\/product\/4594","targetHints":{"allow":["GET"]}}],"collection":[{"href":"https:\/\/nanoclean24.com\/de\/wp-json\/wp\/v2\/product"}],"about":[{"href":"https:\/\/nanoclean24.com\/de\/wp-json\/wp\/v2\/types\/product"}],"wp:attachment":[{"href":"https:\/\/nanoclean24.com\/de\/wp-json\/wp\/v2\/media?parent=4594"}],"wp:term":[{"taxonomy":"product_brand","embeddable":true,"href":"https:\/\/nanoclean24.com\/de\/wp-json\/wp\/v2\/product_brand?post=4594"},{"taxonomy":"product_cat","embeddable":true,"href":"https:\/\/nanoclean24.com\/de\/wp-json\/wp\/v2\/product_cat?post=4594"},{"taxonomy":"product_tag","embeddable":true,"href":"https:\/\/nanoclean24.com\/de\/wp-json\/wp\/v2\/product_tag?post=4594"}],"curies":[{"name":"wp","href":"https:\/\/api.w.org\/{rel}","templated":true}]}}