{"id":4559,"date":"2025-07-20T16:34:38","date_gmt":"2025-07-20T14:34:38","guid":{"rendered":"https:\/\/kadence.nanoclean.dev\/produkt\/reinigungs-und-desinfektionsmittel-nanoclean-ac8-home-teppichboden-mit-lavendelduft-5l-kanister\/"},"modified":"2025-10-24T15:58:05","modified_gmt":"2025-10-24T13:58:05","slug":"reinigungs-und-desinfektionsmittel-nanoclean-ac8-home-teppichboden-mit-lavendelduft-5l-kanister","status":"publish","type":"product","link":"https:\/\/nanoclean24.com\/de\/produkte\/reinigungs-und-desinfektionsmittel-nanoclean-ac8-home-teppichboden-mit-lavendelduft-5l-kanister\/","title":{"rendered":"NANOCLEAN\u00ae AC8 HOME TEPPICHBODEN Reinigungs- und Desinfektionsfl\u00fcssigkeit im Kanister mit Lavendelduft 5L"},"content":{"rendered":"<p>NANOCLEAN AC8 f\u00fcr Teppiche ist ein fortschrittliches Reinigungs-, Desodorierungs- und Desinfektionsmittel f\u00fcr Teppiche und Teppichb\u00f6den. Seine einzigartige Formel wurde entwickelt, um hartn\u00e4ckige Flecken, Schimmel, Bakterien, Hausstaubmilben und Ger\u00fcche aus organischem Material wirksam zu entfernen und so f\u00fcr lang anhaltende Frische und Hygiene der Teppichoberfl\u00e4chen zu sorgen. Nanoclean AC8 zeichnet sich durch seine alkoholfreie und chlorfreie Formel aus, die es sowohl f\u00fcr Teppiche als auch f\u00fcr Teppichb\u00f6den sicher macht.  <\/p>\n<section id=\"section_230762255\" class=\"section\">\n<div class=\"section-content relative\">\n<div id=\"row-1000751815\" class=\"row\">\n<div id=\"col-73756842\" class=\"col small-12 large-12\">\n<div class=\"col-inner\">\n<h3><strong>Anweisungen f\u00fcr den Gebrauch<\/strong><\/h3>\n<p>Die Flasche vor Gebrauch gut sch\u00fctteln.<br \/>\n2. direkt auf die verschmutzte Teppichoberfl\u00e4che auftragen<br \/>\n3. 5-15 Minuten einwirken lassen, um die Teppichoberfl\u00e4che gr\u00fcndlich zu dekontaminieren.<br \/>\n4. Die Oberfl\u00e4che mit einer B\u00fcrste oder einem Schwamm schrubben, dann mit einem feuchten Tuch abwischen oder einen Staubsauger benutzen.<br \/>\n5 Lassen Sie den Teppich trocknen, bevor Sie ihn wieder benutzen.<\/p>\n<p>&nbsp;<\/p>\n<div id=\"image_1652783194\" class=\"img has-hover x md-x lg-x y md-y lg-y\">\n<div class=\"img-inner dark\"><img fetchpriority=\"high\" decoding=\"async\" class=\"attachment-large size-large lazy-load-active\" src=\"https:\/\/ac8.pl\/wp-content\/uploads\/2024\/06\/wykladzina-1024x512.png\" alt=\"\" width=\"1020\" height=\"510\" data-src=\"https:\/\/ac8.pl\/wp-content\/uploads\/2024\/06\/wykladzina-1024x512.png\" data-srcset=\"https:\/\/ac8.pl\/wp-content\/uploads\/2024\/06\/wykladzina-1024x512.png 1024w, https:\/\/ac8.pl\/wp-content\/uploads\/2024\/06\/wykladzina-300x150.png 300w, https:\/\/ac8.pl\/wp-content\/uploads\/2024\/06\/wykladzina-768x384.png 768w, https:\/\/ac8.pl\/wp-content\/uploads\/2024\/06\/wykladzina-1320x660.png 1320w, https:\/\/ac8.pl\/wp-content\/uploads\/2024\/06\/wykladzina-510x255.png 510w, https:\/\/ac8.pl\/wp-content\/uploads\/2024\/06\/wykladzina.png 1382w\"><\/div>\n<\/div>\n<\/div>\n<\/div>\n<\/div>\n<\/div>\n<\/section>\n<section id=\"section_476242648\" class=\"section\">\n<div class=\"section-bg fill\"><\/div>\n<div class=\"section-content relative\">\n<div id=\"row-749253948\" class=\"row\">\n<div id=\"col-567574112\" class=\"col small-12 large-12\">\n<div class=\"col-inner\">\n<p>Nanoclean AC8 ist eine unsch\u00e4tzbare Hilfe bei der Aufrechterhaltung der Sauberkeit und Hygiene in Ihrer Wohnung, Ihrem B\u00fcro oder anderen Bereichen mit Teppichen. Die regelm\u00e4\u00dfige Anwendung dieses Produkts sorgt f\u00fcr eine lang anhaltende Frische und ein \u00e4sthetisches Aussehen Ihrer Teppiche. <\/p>\n<p>Biozidprodukte sollten mit Vorsicht verwendet werden. Lesen Sie vor jeder Anwendung das Etikett und die Produktinformationen. <\/p>\n<\/div>\n<\/div>\n<\/div>\n<\/div>\n<\/section>\n","protected":false},"excerpt":{"rendered":"<h3>Nanoclean AC8 f\u00fcr Teppichb\u00f6den<\/h3>\n<p><strong>Teppichreinigung:<\/strong> Nanoclean AC8 entfernt wirksam hartn\u00e4ckige Flecken, z. B. durch Kaffee, Wein, Saft oder Lebensmittel. Dank seiner fortschrittlichen Technologie dringt das Produkt tief in die Struktur des Teppichs ein und entfernt den Schmutz aus den Fasern. <\/p>\n<p><strong>Entfettung:<\/strong> Das Produkt ist wirksam gegen Schimmel und Mehltau, die sich auf Teppichen in feuchten oder schlecht bel\u00fcfteten R\u00e4umen bilden k\u00f6nnen. Die regelm\u00e4\u00dfige Anwendung von Nanoclean AC8 hilft, das erneute Auftreten von Schimmel zu verhindern. <\/p>\n<p><strong>Desinfektion:<\/strong> Nanoclean AC8 hat antibakterielle Eigenschaften und beseitigt Bakterien und Mikroorganismen, die unangenehme Ger\u00fcche verursachen und die Gesundheit der Nutzer beeintr\u00e4chtigen k\u00f6nnen. Dies ist besonders wichtig in Haushalten mit kleinen Kindern, \u00e4lteren Menschen oder Allergikern. <\/p>\n<p><strong>\u2705 Beseitigung unangenehmer Ger\u00fcche:<\/strong> Das Produkt neutralisiert unangenehme Ger\u00fcche wie den Geruch von Tabakrauch, Schwei\u00df oder Haustieren und l\u00e4sst den Teppich lange frisch riechen.<\/p>\n<p><strong>\u2705 Sichere Formel:<\/strong> Dank seiner alkoholfreien Formel ist Nanoclean AC8 sicher in der Anwendung. Es greift die Teppichfasern nicht an und verursacht keine Verf\u00e4rbungen, so dass es f\u00fcr eine Vielzahl von Teppichen verwendet werden kann, auch f\u00fcr solche aus empfindlichen Materialien. <\/p>\n","protected":false},"featured_media":10383,"template":"","meta":{"_kad_blocks_custom_css":"","_kad_blocks_head_custom_js":"","_kad_blocks_body_custom_js":"","_kad_blocks_footer_custom_js":"","_kad_post_transparent":"","_kad_post_title":"","_kad_post_layout":"","_kad_post_sidebar_id":"","_kad_post_content_style":"","_kad_post_vertical_padding":"","_kad_post_feature":"","_kad_post_feature_position":"","_kad_post_header":false,"_kad_post_footer":false,"_kad_post_classname":""},"product_brand":[],"product_cat":[97],"product_tag":[],"class_list":{"0":"post-4559","1":"product","2":"type-product","3":"status-publish","4":"has-post-thumbnail","6":"product_cat-home-de","8":"first","9":"instock","10":"taxable","11":"shipping-taxable","12":"purchasable","13":"product-type-simple","14":"entry","15":"content-bg","16":"loop-entry"},"yoast_head":"<!-- This site is optimized with the Yoast SEO plugin v27.4 - https:\/\/yoast.com\/product\/yoast-seo-wordpress\/ -->\n<title>NANOCLEAN\u00ae AC8 HOME TEPPICHBODEN Reinigungs- und Desinfektionsfl\u00fcssigkeit im Kanister mit Lavendelduft 5L - NANOCLEAN<\/title>\n<meta name=\"robots\" content=\"index, follow, max-snippet:-1, max-image-preview:large, max-video-preview:-1\" \/>\n<link rel=\"canonical\" href=\"https:\/\/nanoclean24.com\/de\/produkte\/reinigungs-und-desinfektionsmittel-nanoclean-ac8-home-teppichboden-mit-lavendelduft-5l-kanister\/\" \/>\n<meta property=\"og:locale\" content=\"de_DE\" \/>\n<meta property=\"og:type\" content=\"article\" \/>\n<meta property=\"og:title\" content=\"NANOCLEAN\u00ae AC8 HOME TEPPICHBODEN Reinigungs- und Desinfektionsfl\u00fcssigkeit im Kanister mit Lavendelduft 5L - NANOCLEAN\" \/>\n<meta property=\"og:description\" content=\"Nanoclean AC8 f\u00fcr Teppichb\u00f6den Teppichreinigung: Nanoclean AC8 entfernt wirksam hartn\u00e4ckige Flecken, z. B. durch Kaffee, Wein, Saft oder Lebensmittel. Dank seiner fortschrittlichen Technologie dringt das Produkt tief in die Struktur des Teppichs ein und entfernt den Schmutz aus den Fasern.  Entfettung: Das Produkt ist wirksam gegen Schimmel und Mehltau, die sich auf Teppichen in feuchten oder schlecht bel\u00fcfteten R\u00e4umen bilden k\u00f6nnen. Die regelm\u00e4\u00dfige Anwendung von Nanoclean AC8 hilft, das erneute Auftreten von Schimmel zu verhindern.  Desinfektion: Nanoclean AC8 hat antibakterielle Eigenschaften und beseitigt Bakterien und Mikroorganismen, die unangenehme Ger\u00fcche verursachen und die Gesundheit der Nutzer beeintr\u00e4chtigen k\u00f6nnen. Dies ist besonders wichtig in Haushalten mit kleinen Kindern, \u00e4lteren Menschen oder Allergikern.  \u2705 Beseitigung unangenehmer Ger\u00fcche: Das Produkt neutralisiert unangenehme Ger\u00fcche wie den Geruch von Tabakrauch, Schwei\u00df oder Haustieren und l\u00e4sst den Teppich lange frisch riechen. \u2705 Sichere Formel: Dank seiner alkoholfreien Formel ist Nanoclean AC8 sicher in der Anwendung. Es greift die Teppichfasern nicht an und verursacht keine Verf\u00e4rbungen, so dass es f\u00fcr eine Vielzahl von Teppichen verwendet werden kann, auch f\u00fcr solche aus empfindlichen Materialien.\" \/>\n<meta property=\"og:url\" content=\"https:\/\/nanoclean24.com\/de\/produkte\/reinigungs-und-desinfektionsmittel-nanoclean-ac8-home-teppichboden-mit-lavendelduft-5l-kanister\/\" \/>\n<meta property=\"og:site_name\" content=\"NANOCLEAN\" \/>\n<meta property=\"article:modified_time\" content=\"2025-10-24T13:58:05+00:00\" \/>\n<meta property=\"og:image\" content=\"https:\/\/nanoclean24.com\/wp-content\/uploads\/2025\/07\/ac8-WYKLADZINA-5L.jpg\" \/>\n\t<meta property=\"og:image:width\" content=\"1280\" \/>\n\t<meta property=\"og:image:height\" content=\"1280\" \/>\n\t<meta property=\"og:image:type\" content=\"image\/jpeg\" \/>\n<meta name=\"twitter:card\" content=\"summary_large_image\" \/>\n<meta name=\"twitter:label1\" content=\"Gesch\u00e4tzte Lesezeit\" \/>\n\t<meta name=\"twitter:data1\" content=\"1\u00a0Minute\" \/>\n<script type=\"application\/ld+json\" class=\"yoast-schema-graph\">{\"@context\":\"https:\\\/\\\/schema.org\",\"@graph\":[{\"@type\":\"WebPage\",\"@id\":\"https:\\\/\\\/nanoclean24.com\\\/de\\\/produkte\\\/reinigungs-und-desinfektionsmittel-nanoclean-ac8-home-teppichboden-mit-lavendelduft-5l-kanister\\\/\",\"url\":\"https:\\\/\\\/nanoclean24.com\\\/de\\\/produkte\\\/reinigungs-und-desinfektionsmittel-nanoclean-ac8-home-teppichboden-mit-lavendelduft-5l-kanister\\\/\",\"name\":\"NANOCLEAN\u00ae AC8 HOME TEPPICHBODEN Reinigungs- und Desinfektionsfl\u00fcssigkeit im Kanister mit Lavendelduft 5L - NANOCLEAN\",\"isPartOf\":{\"@id\":\"https:\\\/\\\/nanoclean24.com\\\/de\\\/#website\"},\"primaryImageOfPage\":{\"@id\":\"https:\\\/\\\/nanoclean24.com\\\/de\\\/produkte\\\/reinigungs-und-desinfektionsmittel-nanoclean-ac8-home-teppichboden-mit-lavendelduft-5l-kanister\\\/#primaryimage\"},\"image\":{\"@id\":\"https:\\\/\\\/nanoclean24.com\\\/de\\\/produkte\\\/reinigungs-und-desinfektionsmittel-nanoclean-ac8-home-teppichboden-mit-lavendelduft-5l-kanister\\\/#primaryimage\"},\"thumbnailUrl\":\"https:\\\/\\\/nanoclean24.com\\\/wp-content\\\/uploads\\\/2025\\\/07\\\/ac8-WYKLADZINA-5L.jpg\",\"datePublished\":\"2025-07-20T14:34:38+00:00\",\"dateModified\":\"2025-10-24T13:58:05+00:00\",\"breadcrumb\":{\"@id\":\"https:\\\/\\\/nanoclean24.com\\\/de\\\/produkte\\\/reinigungs-und-desinfektionsmittel-nanoclean-ac8-home-teppichboden-mit-lavendelduft-5l-kanister\\\/#breadcrumb\"},\"inLanguage\":\"de\",\"potentialAction\":[{\"@type\":\"ReadAction\",\"target\":[\"https:\\\/\\\/nanoclean24.com\\\/de\\\/produkte\\\/reinigungs-und-desinfektionsmittel-nanoclean-ac8-home-teppichboden-mit-lavendelduft-5l-kanister\\\/\"]}]},{\"@type\":\"ImageObject\",\"inLanguage\":\"de\",\"@id\":\"https:\\\/\\\/nanoclean24.com\\\/de\\\/produkte\\\/reinigungs-und-desinfektionsmittel-nanoclean-ac8-home-teppichboden-mit-lavendelduft-5l-kanister\\\/#primaryimage\",\"url\":\"https:\\\/\\\/nanoclean24.com\\\/wp-content\\\/uploads\\\/2025\\\/07\\\/ac8-WYKLADZINA-5L.jpg\",\"contentUrl\":\"https:\\\/\\\/nanoclean24.com\\\/wp-content\\\/uploads\\\/2025\\\/07\\\/ac8-WYKLADZINA-5L.jpg\",\"width\":1280,\"height\":1280},{\"@type\":\"BreadcrumbList\",\"@id\":\"https:\\\/\\\/nanoclean24.com\\\/de\\\/produkte\\\/reinigungs-und-desinfektionsmittel-nanoclean-ac8-home-teppichboden-mit-lavendelduft-5l-kanister\\\/#breadcrumb\",\"itemListElement\":[{\"@type\":\"ListItem\",\"position\":1,\"name\":\"Strona g\u0142\u00f3wna\",\"item\":\"https:\\\/\\\/nanoclean24.com\\\/de\\\/\"},{\"@type\":\"ListItem\",\"position\":2,\"name\":\"Shop\",\"item\":\"https:\\\/\\\/nanoclean24.com\\\/de\\\/shop\\\/\"},{\"@type\":\"ListItem\",\"position\":3,\"name\":\"NANOCLEAN\u00ae AC8 HOME TEPPICHBODEN Reinigungs- und Desinfektionsfl\u00fcssigkeit im Kanister mit Lavendelduft 5L\"}]},{\"@type\":\"WebSite\",\"@id\":\"https:\\\/\\\/nanoclean24.com\\\/de\\\/#website\",\"url\":\"https:\\\/\\\/nanoclean24.com\\\/de\\\/\",\"name\":\"NanoClean\",\"description\":\"\",\"publisher\":{\"@id\":\"https:\\\/\\\/nanoclean24.com\\\/de\\\/#organization\"},\"potentialAction\":[{\"@type\":\"SearchAction\",\"target\":{\"@type\":\"EntryPoint\",\"urlTemplate\":\"https:\\\/\\\/nanoclean24.com\\\/de\\\/?s={search_term_string}\"},\"query-input\":{\"@type\":\"PropertyValueSpecification\",\"valueRequired\":true,\"valueName\":\"search_term_string\"}}],\"inLanguage\":\"de\"},{\"@type\":\"Organization\",\"@id\":\"https:\\\/\\\/nanoclean24.com\\\/de\\\/#organization\",\"name\":\"NanoClean\",\"url\":\"https:\\\/\\\/nanoclean24.com\\\/de\\\/\",\"logo\":{\"@type\":\"ImageObject\",\"inLanguage\":\"de\",\"@id\":\"https:\\\/\\\/nanoclean24.com\\\/de\\\/#\\\/schema\\\/logo\\\/image\\\/\",\"url\":\"https:\\\/\\\/nanoclean24.com\\\/wp-content\\\/uploads\\\/2025\\\/07\\\/logo-2.jpg\",\"contentUrl\":\"https:\\\/\\\/nanoclean24.com\\\/wp-content\\\/uploads\\\/2025\\\/07\\\/logo-2.jpg\",\"width\":1068,\"height\":224,\"caption\":\"NanoClean\"},\"image\":{\"@id\":\"https:\\\/\\\/nanoclean24.com\\\/de\\\/#\\\/schema\\\/logo\\\/image\\\/\"}}]}<\/script>\n<!-- \/ Yoast SEO plugin. -->","yoast_head_json":{"title":"NANOCLEAN\u00ae AC8 HOME TEPPICHBODEN Reinigungs- und Desinfektionsfl\u00fcssigkeit im Kanister mit Lavendelduft 5L - NANOCLEAN","robots":{"index":"index","follow":"follow","max-snippet":"max-snippet:-1","max-image-preview":"max-image-preview:large","max-video-preview":"max-video-preview:-1"},"canonical":"https:\/\/nanoclean24.com\/de\/produkte\/reinigungs-und-desinfektionsmittel-nanoclean-ac8-home-teppichboden-mit-lavendelduft-5l-kanister\/","og_locale":"de_DE","og_type":"article","og_title":"NANOCLEAN\u00ae AC8 HOME TEPPICHBODEN Reinigungs- und Desinfektionsfl\u00fcssigkeit im Kanister mit Lavendelduft 5L - NANOCLEAN","og_description":"Nanoclean AC8 f\u00fcr Teppichb\u00f6den Teppichreinigung: Nanoclean AC8 entfernt wirksam hartn\u00e4ckige Flecken, z. B. durch Kaffee, Wein, Saft oder Lebensmittel. Dank seiner fortschrittlichen Technologie dringt das Produkt tief in die Struktur des Teppichs ein und entfernt den Schmutz aus den Fasern.  Entfettung: Das Produkt ist wirksam gegen Schimmel und Mehltau, die sich auf Teppichen in feuchten oder schlecht bel\u00fcfteten R\u00e4umen bilden k\u00f6nnen. Die regelm\u00e4\u00dfige Anwendung von Nanoclean AC8 hilft, das erneute Auftreten von Schimmel zu verhindern.  Desinfektion: Nanoclean AC8 hat antibakterielle Eigenschaften und beseitigt Bakterien und Mikroorganismen, die unangenehme Ger\u00fcche verursachen und die Gesundheit der Nutzer beeintr\u00e4chtigen k\u00f6nnen. Dies ist besonders wichtig in Haushalten mit kleinen Kindern, \u00e4lteren Menschen oder Allergikern.  \u2705 Beseitigung unangenehmer Ger\u00fcche: Das Produkt neutralisiert unangenehme Ger\u00fcche wie den Geruch von Tabakrauch, Schwei\u00df oder Haustieren und l\u00e4sst den Teppich lange frisch riechen. \u2705 Sichere Formel: Dank seiner alkoholfreien Formel ist Nanoclean AC8 sicher in der Anwendung. Es greift die Teppichfasern nicht an und verursacht keine Verf\u00e4rbungen, so dass es f\u00fcr eine Vielzahl von Teppichen verwendet werden kann, auch f\u00fcr solche aus empfindlichen Materialien.","og_url":"https:\/\/nanoclean24.com\/de\/produkte\/reinigungs-und-desinfektionsmittel-nanoclean-ac8-home-teppichboden-mit-lavendelduft-5l-kanister\/","og_site_name":"NANOCLEAN","article_modified_time":"2025-10-24T13:58:05+00:00","og_image":[{"width":1280,"height":1280,"url":"https:\/\/nanoclean24.com\/wp-content\/uploads\/2025\/07\/ac8-WYKLADZINA-5L.jpg","type":"image\/jpeg"}],"twitter_card":"summary_large_image","twitter_misc":{"Gesch\u00e4tzte Lesezeit":"1\u00a0Minute"},"schema":{"@context":"https:\/\/schema.org","@graph":[{"@type":"WebPage","@id":"https:\/\/nanoclean24.com\/de\/produkte\/reinigungs-und-desinfektionsmittel-nanoclean-ac8-home-teppichboden-mit-lavendelduft-5l-kanister\/","url":"https:\/\/nanoclean24.com\/de\/produkte\/reinigungs-und-desinfektionsmittel-nanoclean-ac8-home-teppichboden-mit-lavendelduft-5l-kanister\/","name":"NANOCLEAN\u00ae AC8 HOME TEPPICHBODEN Reinigungs- und Desinfektionsfl\u00fcssigkeit im Kanister mit Lavendelduft 5L - NANOCLEAN","isPartOf":{"@id":"https:\/\/nanoclean24.com\/de\/#website"},"primaryImageOfPage":{"@id":"https:\/\/nanoclean24.com\/de\/produkte\/reinigungs-und-desinfektionsmittel-nanoclean-ac8-home-teppichboden-mit-lavendelduft-5l-kanister\/#primaryimage"},"image":{"@id":"https:\/\/nanoclean24.com\/de\/produkte\/reinigungs-und-desinfektionsmittel-nanoclean-ac8-home-teppichboden-mit-lavendelduft-5l-kanister\/#primaryimage"},"thumbnailUrl":"https:\/\/nanoclean24.com\/wp-content\/uploads\/2025\/07\/ac8-WYKLADZINA-5L.jpg","datePublished":"2025-07-20T14:34:38+00:00","dateModified":"2025-10-24T13:58:05+00:00","breadcrumb":{"@id":"https:\/\/nanoclean24.com\/de\/produkte\/reinigungs-und-desinfektionsmittel-nanoclean-ac8-home-teppichboden-mit-lavendelduft-5l-kanister\/#breadcrumb"},"inLanguage":"de","potentialAction":[{"@type":"ReadAction","target":["https:\/\/nanoclean24.com\/de\/produkte\/reinigungs-und-desinfektionsmittel-nanoclean-ac8-home-teppichboden-mit-lavendelduft-5l-kanister\/"]}]},{"@type":"ImageObject","inLanguage":"de","@id":"https:\/\/nanoclean24.com\/de\/produkte\/reinigungs-und-desinfektionsmittel-nanoclean-ac8-home-teppichboden-mit-lavendelduft-5l-kanister\/#primaryimage","url":"https:\/\/nanoclean24.com\/wp-content\/uploads\/2025\/07\/ac8-WYKLADZINA-5L.jpg","contentUrl":"https:\/\/nanoclean24.com\/wp-content\/uploads\/2025\/07\/ac8-WYKLADZINA-5L.jpg","width":1280,"height":1280},{"@type":"BreadcrumbList","@id":"https:\/\/nanoclean24.com\/de\/produkte\/reinigungs-und-desinfektionsmittel-nanoclean-ac8-home-teppichboden-mit-lavendelduft-5l-kanister\/#breadcrumb","itemListElement":[{"@type":"ListItem","position":1,"name":"Strona g\u0142\u00f3wna","item":"https:\/\/nanoclean24.com\/de\/"},{"@type":"ListItem","position":2,"name":"Shop","item":"https:\/\/nanoclean24.com\/de\/shop\/"},{"@type":"ListItem","position":3,"name":"NANOCLEAN\u00ae AC8 HOME TEPPICHBODEN Reinigungs- und Desinfektionsfl\u00fcssigkeit im Kanister mit Lavendelduft 5L"}]},{"@type":"WebSite","@id":"https:\/\/nanoclean24.com\/de\/#website","url":"https:\/\/nanoclean24.com\/de\/","name":"NanoClean","description":"","publisher":{"@id":"https:\/\/nanoclean24.com\/de\/#organization"},"potentialAction":[{"@type":"SearchAction","target":{"@type":"EntryPoint","urlTemplate":"https:\/\/nanoclean24.com\/de\/?s={search_term_string}"},"query-input":{"@type":"PropertyValueSpecification","valueRequired":true,"valueName":"search_term_string"}}],"inLanguage":"de"},{"@type":"Organization","@id":"https:\/\/nanoclean24.com\/de\/#organization","name":"NanoClean","url":"https:\/\/nanoclean24.com\/de\/","logo":{"@type":"ImageObject","inLanguage":"de","@id":"https:\/\/nanoclean24.com\/de\/#\/schema\/logo\/image\/","url":"https:\/\/nanoclean24.com\/wp-content\/uploads\/2025\/07\/logo-2.jpg","contentUrl":"https:\/\/nanoclean24.com\/wp-content\/uploads\/2025\/07\/logo-2.jpg","width":1068,"height":224,"caption":"NanoClean"},"image":{"@id":"https:\/\/nanoclean24.com\/de\/#\/schema\/logo\/image\/"}}]}},"taxonomy_info":{"product_cat":[{"value":97,"label":"AC8 HOME"}]},"featured_image_src_large":["https:\/\/nanoclean24.com\/wp-content\/uploads\/2025\/07\/ac8-WYKLADZINA-5L-1024x1024.jpg",1024,1024,true],"author_info":[],"comment_info":"","_links":{"self":[{"href":"https:\/\/nanoclean24.com\/de\/wp-json\/wp\/v2\/product\/4559","targetHints":{"allow":["GET"]}}],"collection":[{"href":"https:\/\/nanoclean24.com\/de\/wp-json\/wp\/v2\/product"}],"about":[{"href":"https:\/\/nanoclean24.com\/de\/wp-json\/wp\/v2\/types\/product"}],"wp:featuredmedia":[{"embeddable":true,"href":"https:\/\/nanoclean24.com\/de\/wp-json\/wp\/v2\/media\/10383"}],"wp:attachment":[{"href":"https:\/\/nanoclean24.com\/de\/wp-json\/wp\/v2\/media?parent=4559"}],"wp:term":[{"taxonomy":"product_brand","embeddable":true,"href":"https:\/\/nanoclean24.com\/de\/wp-json\/wp\/v2\/product_brand?post=4559"},{"taxonomy":"product_cat","embeddable":true,"href":"https:\/\/nanoclean24.com\/de\/wp-json\/wp\/v2\/product_cat?post=4559"},{"taxonomy":"product_tag","embeddable":true,"href":"https:\/\/nanoclean24.com\/de\/wp-json\/wp\/v2\/product_tag?post=4559"}],"curies":[{"name":"wp","href":"https:\/\/api.w.org\/{rel}","templated":true}]}}