{"id":4545,"date":"2025-07-20T17:23:08","date_gmt":"2025-07-20T15:23:08","guid":{"rendered":"https:\/\/kadence.nanoclean.dev\/produkt\/nanoclean-ac8-set-zur-reinigung-von-haushaltsklimaanlagen-autoklimaanlagen-fuer-kleintiere\/"},"modified":"2025-10-23T09:43:04","modified_gmt":"2025-10-23T07:43:04","slug":"nanoclean-ac8-set-zur-reinigung-von-haushaltsklimaanlagen-autoklimaanlagen-fuer-kleintiere","status":"publish","type":"product","link":"https:\/\/nanoclean24.com\/de\/produkte\/nanoclean-ac8-set-zur-reinigung-von-haushaltsklimaanlagen-autoklimaanlagen-fuer-kleintiere\/","title":{"rendered":"Nanoclean AC8 Set zur Reinigung von Haushaltsklimaanlagen + Autoklimaanlagen + f\u00fcr Kleintiere"},"content":{"rendered":"","protected":false},"excerpt":{"rendered":"<p><strong>Fertiges Desinfektionsset:<\/strong><\/p>\n<ul>\n<li>Haushaltsklimaanlagen<\/li>\n<li>Autoklimaanlagen<\/li>\n<li>Kleintierumgebung \u2013 Hamster, Meerschweinchen \u2013 (Futter- und Wassern\u00e4pfe, Spielzeug, K\u00e4fig und Zubeh\u00f6r, Laufrad, H\u00e4user und Tunnel, Badebereiche, B\u00fcrsten und K\u00e4mme)<\/li>\n<\/ul>\n","protected":false},"featured_media":3749,"template":"","meta":{"_kad_blocks_custom_css":"","_kad_blocks_head_custom_js":"","_kad_blocks_body_custom_js":"","_kad_blocks_footer_custom_js":"","_kad_post_transparent":"","_kad_post_title":"","_kad_post_layout":"","_kad_post_sidebar_id":"","_kad_post_content_style":"","_kad_post_vertical_padding":"","_kad_post_feature":"","_kad_post_feature_position":"","_kad_post_header":false,"_kad_post_footer":false,"_kad_post_classname":""},"product_brand":[],"product_cat":[97],"product_tag":[],"class_list":{"0":"post-4545","1":"product","2":"type-product","3":"status-publish","4":"has-post-thumbnail","6":"product_cat-home-de","8":"first","9":"instock","10":"taxable","11":"shipping-taxable","12":"purchasable","13":"product-type-simple","14":"entry","15":"content-bg","16":"loop-entry"},"yoast_head":"<!-- This site is optimized with the Yoast SEO plugin v27.4 - https:\/\/yoast.com\/product\/yoast-seo-wordpress\/ -->\n<title>Nanoclean AC8 Set zur Reinigung von Haushaltsklimaanlagen + Autoklimaanlagen + f\u00fcr Kleintiere - NANOCLEAN<\/title>\n<meta name=\"robots\" content=\"index, follow, max-snippet:-1, max-image-preview:large, max-video-preview:-1\" \/>\n<link rel=\"canonical\" href=\"https:\/\/nanoclean24.com\/de\/produkte\/nanoclean-ac8-set-zur-reinigung-von-haushaltsklimaanlagen-autoklimaanlagen-fuer-kleintiere\/\" \/>\n<meta property=\"og:locale\" content=\"de_DE\" \/>\n<meta property=\"og:type\" content=\"article\" \/>\n<meta property=\"og:title\" content=\"Nanoclean AC8 Set zur Reinigung von Haushaltsklimaanlagen + Autoklimaanlagen + f\u00fcr Kleintiere - NANOCLEAN\" \/>\n<meta property=\"og:description\" content=\"Fertiges Desinfektionsset:   Haushaltsklimaanlagen  Autoklimaanlagen  Kleintierumgebung \u2013 Hamster, Meerschweinchen \u2013 (Futter- und Wassern\u00e4pfe, Spielzeug, K\u00e4fig und Zubeh\u00f6r, Laufrad, H\u00e4user und Tunnel, Badebereiche, B\u00fcrsten und K\u00e4mme)\" \/>\n<meta property=\"og:url\" content=\"https:\/\/nanoclean24.com\/de\/produkte\/nanoclean-ac8-set-zur-reinigung-von-haushaltsklimaanlagen-autoklimaanlagen-fuer-kleintiere\/\" \/>\n<meta property=\"og:site_name\" content=\"NANOCLEAN\" \/>\n<meta property=\"article:modified_time\" content=\"2025-10-23T07:43:04+00:00\" \/>\n<meta property=\"og:image\" content=\"https:\/\/nanoclean24.com\/wp-content\/uploads\/2025\/07\/Zestaw-Nanoclean-AC8-do-czyszczenia-klimatyzacji-domowej-klimatyzacji-samochodowej-dla-malych-zwierzat.webp\" \/>\n\t<meta property=\"og:image:width\" content=\"900\" \/>\n\t<meta property=\"og:image:height\" content=\"900\" \/>\n\t<meta property=\"og:image:type\" content=\"image\/webp\" \/>\n<meta name=\"twitter:card\" content=\"summary_large_image\" \/>\n<script type=\"application\/ld+json\" class=\"yoast-schema-graph\">{\"@context\":\"https:\\\/\\\/schema.org\",\"@graph\":[{\"@type\":\"WebPage\",\"@id\":\"https:\\\/\\\/nanoclean24.com\\\/de\\\/produkte\\\/nanoclean-ac8-set-zur-reinigung-von-haushaltsklimaanlagen-autoklimaanlagen-fuer-kleintiere\\\/\",\"url\":\"https:\\\/\\\/nanoclean24.com\\\/de\\\/produkte\\\/nanoclean-ac8-set-zur-reinigung-von-haushaltsklimaanlagen-autoklimaanlagen-fuer-kleintiere\\\/\",\"name\":\"Nanoclean AC8 Set zur Reinigung von Haushaltsklimaanlagen + Autoklimaanlagen + f\u00fcr Kleintiere - NANOCLEAN\",\"isPartOf\":{\"@id\":\"https:\\\/\\\/nanoclean24.com\\\/de\\\/#website\"},\"primaryImageOfPage\":{\"@id\":\"https:\\\/\\\/nanoclean24.com\\\/de\\\/produkte\\\/nanoclean-ac8-set-zur-reinigung-von-haushaltsklimaanlagen-autoklimaanlagen-fuer-kleintiere\\\/#primaryimage\"},\"image\":{\"@id\":\"https:\\\/\\\/nanoclean24.com\\\/de\\\/produkte\\\/nanoclean-ac8-set-zur-reinigung-von-haushaltsklimaanlagen-autoklimaanlagen-fuer-kleintiere\\\/#primaryimage\"},\"thumbnailUrl\":\"https:\\\/\\\/nanoclean24.com\\\/wp-content\\\/uploads\\\/2025\\\/07\\\/Zestaw-Nanoclean-AC8-do-czyszczenia-klimatyzacji-domowej-klimatyzacji-samochodowej-dla-malych-zwierzat.webp\",\"datePublished\":\"2025-07-20T15:23:08+00:00\",\"dateModified\":\"2025-10-23T07:43:04+00:00\",\"breadcrumb\":{\"@id\":\"https:\\\/\\\/nanoclean24.com\\\/de\\\/produkte\\\/nanoclean-ac8-set-zur-reinigung-von-haushaltsklimaanlagen-autoklimaanlagen-fuer-kleintiere\\\/#breadcrumb\"},\"inLanguage\":\"de\",\"potentialAction\":[{\"@type\":\"ReadAction\",\"target\":[\"https:\\\/\\\/nanoclean24.com\\\/de\\\/produkte\\\/nanoclean-ac8-set-zur-reinigung-von-haushaltsklimaanlagen-autoklimaanlagen-fuer-kleintiere\\\/\"]}]},{\"@type\":\"ImageObject\",\"inLanguage\":\"de\",\"@id\":\"https:\\\/\\\/nanoclean24.com\\\/de\\\/produkte\\\/nanoclean-ac8-set-zur-reinigung-von-haushaltsklimaanlagen-autoklimaanlagen-fuer-kleintiere\\\/#primaryimage\",\"url\":\"https:\\\/\\\/nanoclean24.com\\\/wp-content\\\/uploads\\\/2025\\\/07\\\/Zestaw-Nanoclean-AC8-do-czyszczenia-klimatyzacji-domowej-klimatyzacji-samochodowej-dla-malych-zwierzat.webp\",\"contentUrl\":\"https:\\\/\\\/nanoclean24.com\\\/wp-content\\\/uploads\\\/2025\\\/07\\\/Zestaw-Nanoclean-AC8-do-czyszczenia-klimatyzacji-domowej-klimatyzacji-samochodowej-dla-malych-zwierzat.webp\",\"width\":900,\"height\":900},{\"@type\":\"BreadcrumbList\",\"@id\":\"https:\\\/\\\/nanoclean24.com\\\/de\\\/produkte\\\/nanoclean-ac8-set-zur-reinigung-von-haushaltsklimaanlagen-autoklimaanlagen-fuer-kleintiere\\\/#breadcrumb\",\"itemListElement\":[{\"@type\":\"ListItem\",\"position\":1,\"name\":\"Strona g\u0142\u00f3wna\",\"item\":\"https:\\\/\\\/nanoclean24.com\\\/de\\\/\"},{\"@type\":\"ListItem\",\"position\":2,\"name\":\"Shop\",\"item\":\"https:\\\/\\\/nanoclean24.com\\\/de\\\/shop\\\/\"},{\"@type\":\"ListItem\",\"position\":3,\"name\":\"Nanoclean AC8 Set zur Reinigung von Haushaltsklimaanlagen + Autoklimaanlagen + f\u00fcr Kleintiere\"}]},{\"@type\":\"WebSite\",\"@id\":\"https:\\\/\\\/nanoclean24.com\\\/de\\\/#website\",\"url\":\"https:\\\/\\\/nanoclean24.com\\\/de\\\/\",\"name\":\"NanoClean\",\"description\":\"\",\"publisher\":{\"@id\":\"https:\\\/\\\/nanoclean24.com\\\/de\\\/#organization\"},\"potentialAction\":[{\"@type\":\"SearchAction\",\"target\":{\"@type\":\"EntryPoint\",\"urlTemplate\":\"https:\\\/\\\/nanoclean24.com\\\/de\\\/?s={search_term_string}\"},\"query-input\":{\"@type\":\"PropertyValueSpecification\",\"valueRequired\":true,\"valueName\":\"search_term_string\"}}],\"inLanguage\":\"de\"},{\"@type\":\"Organization\",\"@id\":\"https:\\\/\\\/nanoclean24.com\\\/de\\\/#organization\",\"name\":\"NanoClean\",\"url\":\"https:\\\/\\\/nanoclean24.com\\\/de\\\/\",\"logo\":{\"@type\":\"ImageObject\",\"inLanguage\":\"de\",\"@id\":\"https:\\\/\\\/nanoclean24.com\\\/de\\\/#\\\/schema\\\/logo\\\/image\\\/\",\"url\":\"https:\\\/\\\/nanoclean24.com\\\/wp-content\\\/uploads\\\/2025\\\/07\\\/logo-2.jpg\",\"contentUrl\":\"https:\\\/\\\/nanoclean24.com\\\/wp-content\\\/uploads\\\/2025\\\/07\\\/logo-2.jpg\",\"width\":1068,\"height\":224,\"caption\":\"NanoClean\"},\"image\":{\"@id\":\"https:\\\/\\\/nanoclean24.com\\\/de\\\/#\\\/schema\\\/logo\\\/image\\\/\"}}]}<\/script>\n<!-- \/ Yoast SEO plugin. -->","yoast_head_json":{"title":"Nanoclean AC8 Set zur Reinigung von Haushaltsklimaanlagen + Autoklimaanlagen + f\u00fcr Kleintiere - NANOCLEAN","robots":{"index":"index","follow":"follow","max-snippet":"max-snippet:-1","max-image-preview":"max-image-preview:large","max-video-preview":"max-video-preview:-1"},"canonical":"https:\/\/nanoclean24.com\/de\/produkte\/nanoclean-ac8-set-zur-reinigung-von-haushaltsklimaanlagen-autoklimaanlagen-fuer-kleintiere\/","og_locale":"de_DE","og_type":"article","og_title":"Nanoclean AC8 Set zur Reinigung von Haushaltsklimaanlagen + Autoklimaanlagen + f\u00fcr Kleintiere - NANOCLEAN","og_description":"Fertiges Desinfektionsset:   Haushaltsklimaanlagen  Autoklimaanlagen  Kleintierumgebung \u2013 Hamster, Meerschweinchen \u2013 (Futter- und Wassern\u00e4pfe, Spielzeug, K\u00e4fig und Zubeh\u00f6r, Laufrad, H\u00e4user und Tunnel, Badebereiche, B\u00fcrsten und K\u00e4mme)","og_url":"https:\/\/nanoclean24.com\/de\/produkte\/nanoclean-ac8-set-zur-reinigung-von-haushaltsklimaanlagen-autoklimaanlagen-fuer-kleintiere\/","og_site_name":"NANOCLEAN","article_modified_time":"2025-10-23T07:43:04+00:00","og_image":[{"width":900,"height":900,"url":"https:\/\/nanoclean24.com\/wp-content\/uploads\/2025\/07\/Zestaw-Nanoclean-AC8-do-czyszczenia-klimatyzacji-domowej-klimatyzacji-samochodowej-dla-malych-zwierzat.webp","type":"image\/webp"}],"twitter_card":"summary_large_image","schema":{"@context":"https:\/\/schema.org","@graph":[{"@type":"WebPage","@id":"https:\/\/nanoclean24.com\/de\/produkte\/nanoclean-ac8-set-zur-reinigung-von-haushaltsklimaanlagen-autoklimaanlagen-fuer-kleintiere\/","url":"https:\/\/nanoclean24.com\/de\/produkte\/nanoclean-ac8-set-zur-reinigung-von-haushaltsklimaanlagen-autoklimaanlagen-fuer-kleintiere\/","name":"Nanoclean AC8 Set zur Reinigung von Haushaltsklimaanlagen + Autoklimaanlagen + f\u00fcr Kleintiere - NANOCLEAN","isPartOf":{"@id":"https:\/\/nanoclean24.com\/de\/#website"},"primaryImageOfPage":{"@id":"https:\/\/nanoclean24.com\/de\/produkte\/nanoclean-ac8-set-zur-reinigung-von-haushaltsklimaanlagen-autoklimaanlagen-fuer-kleintiere\/#primaryimage"},"image":{"@id":"https:\/\/nanoclean24.com\/de\/produkte\/nanoclean-ac8-set-zur-reinigung-von-haushaltsklimaanlagen-autoklimaanlagen-fuer-kleintiere\/#primaryimage"},"thumbnailUrl":"https:\/\/nanoclean24.com\/wp-content\/uploads\/2025\/07\/Zestaw-Nanoclean-AC8-do-czyszczenia-klimatyzacji-domowej-klimatyzacji-samochodowej-dla-malych-zwierzat.webp","datePublished":"2025-07-20T15:23:08+00:00","dateModified":"2025-10-23T07:43:04+00:00","breadcrumb":{"@id":"https:\/\/nanoclean24.com\/de\/produkte\/nanoclean-ac8-set-zur-reinigung-von-haushaltsklimaanlagen-autoklimaanlagen-fuer-kleintiere\/#breadcrumb"},"inLanguage":"de","potentialAction":[{"@type":"ReadAction","target":["https:\/\/nanoclean24.com\/de\/produkte\/nanoclean-ac8-set-zur-reinigung-von-haushaltsklimaanlagen-autoklimaanlagen-fuer-kleintiere\/"]}]},{"@type":"ImageObject","inLanguage":"de","@id":"https:\/\/nanoclean24.com\/de\/produkte\/nanoclean-ac8-set-zur-reinigung-von-haushaltsklimaanlagen-autoklimaanlagen-fuer-kleintiere\/#primaryimage","url":"https:\/\/nanoclean24.com\/wp-content\/uploads\/2025\/07\/Zestaw-Nanoclean-AC8-do-czyszczenia-klimatyzacji-domowej-klimatyzacji-samochodowej-dla-malych-zwierzat.webp","contentUrl":"https:\/\/nanoclean24.com\/wp-content\/uploads\/2025\/07\/Zestaw-Nanoclean-AC8-do-czyszczenia-klimatyzacji-domowej-klimatyzacji-samochodowej-dla-malych-zwierzat.webp","width":900,"height":900},{"@type":"BreadcrumbList","@id":"https:\/\/nanoclean24.com\/de\/produkte\/nanoclean-ac8-set-zur-reinigung-von-haushaltsklimaanlagen-autoklimaanlagen-fuer-kleintiere\/#breadcrumb","itemListElement":[{"@type":"ListItem","position":1,"name":"Strona g\u0142\u00f3wna","item":"https:\/\/nanoclean24.com\/de\/"},{"@type":"ListItem","position":2,"name":"Shop","item":"https:\/\/nanoclean24.com\/de\/shop\/"},{"@type":"ListItem","position":3,"name":"Nanoclean AC8 Set zur Reinigung von Haushaltsklimaanlagen + Autoklimaanlagen + f\u00fcr Kleintiere"}]},{"@type":"WebSite","@id":"https:\/\/nanoclean24.com\/de\/#website","url":"https:\/\/nanoclean24.com\/de\/","name":"NanoClean","description":"","publisher":{"@id":"https:\/\/nanoclean24.com\/de\/#organization"},"potentialAction":[{"@type":"SearchAction","target":{"@type":"EntryPoint","urlTemplate":"https:\/\/nanoclean24.com\/de\/?s={search_term_string}"},"query-input":{"@type":"PropertyValueSpecification","valueRequired":true,"valueName":"search_term_string"}}],"inLanguage":"de"},{"@type":"Organization","@id":"https:\/\/nanoclean24.com\/de\/#organization","name":"NanoClean","url":"https:\/\/nanoclean24.com\/de\/","logo":{"@type":"ImageObject","inLanguage":"de","@id":"https:\/\/nanoclean24.com\/de\/#\/schema\/logo\/image\/","url":"https:\/\/nanoclean24.com\/wp-content\/uploads\/2025\/07\/logo-2.jpg","contentUrl":"https:\/\/nanoclean24.com\/wp-content\/uploads\/2025\/07\/logo-2.jpg","width":1068,"height":224,"caption":"NanoClean"},"image":{"@id":"https:\/\/nanoclean24.com\/de\/#\/schema\/logo\/image\/"}}]}},"taxonomy_info":{"product_cat":[{"value":97,"label":"AC8 HOME"}]},"featured_image_src_large":["https:\/\/nanoclean24.com\/wp-content\/uploads\/2025\/07\/Zestaw-Nanoclean-AC8-do-czyszczenia-klimatyzacji-domowej-klimatyzacji-samochodowej-dla-malych-zwierzat.webp",900,900,false],"author_info":[],"comment_info":"","_links":{"self":[{"href":"https:\/\/nanoclean24.com\/de\/wp-json\/wp\/v2\/product\/4545","targetHints":{"allow":["GET"]}}],"collection":[{"href":"https:\/\/nanoclean24.com\/de\/wp-json\/wp\/v2\/product"}],"about":[{"href":"https:\/\/nanoclean24.com\/de\/wp-json\/wp\/v2\/types\/product"}],"wp:featuredmedia":[{"embeddable":true,"href":"https:\/\/nanoclean24.com\/de\/wp-json\/wp\/v2\/media\/3749"}],"wp:attachment":[{"href":"https:\/\/nanoclean24.com\/de\/wp-json\/wp\/v2\/media?parent=4545"}],"wp:term":[{"taxonomy":"product_brand","embeddable":true,"href":"https:\/\/nanoclean24.com\/de\/wp-json\/wp\/v2\/product_brand?post=4545"},{"taxonomy":"product_cat","embeddable":true,"href":"https:\/\/nanoclean24.com\/de\/wp-json\/wp\/v2\/product_cat?post=4545"},{"taxonomy":"product_tag","embeddable":true,"href":"https:\/\/nanoclean24.com\/de\/wp-json\/wp\/v2\/product_tag?post=4545"}],"curies":[{"name":"wp","href":"https:\/\/api.w.org\/{rel}","templated":true}]}}