{"id":4540,"date":"2025-07-20T17:31:59","date_gmt":"2025-07-20T15:31:59","guid":{"rendered":"https:\/\/kadence.nanoclean.dev\/produkt\/reinigungs-und-desinfektionsmittel-fuer-das-badezimmer-nanocleanac8-home\/"},"modified":"2025-10-24T11:41:21","modified_gmt":"2025-10-24T09:41:21","slug":"reinigungs-und-desinfektionsmittel-fuer-das-badezimmer-nanocleanac8-home","status":"publish","type":"product","link":"https:\/\/nanoclean24.com\/de\/produkte\/reinigungs-und-desinfektionsmittel-fuer-das-badezimmer-nanocleanac8-home\/","title":{"rendered":"NANOCLEAN\u00ae AC8 HOME BADEZIMMER Reinigungs- und Desinfektionsfl\u00fcssigkeit in Spr\u00fchflasche 490ML"},"content":{"rendered":"<p>Entdecken Sie NANOCLEAN AC8 F\u00dcR DIE REINIGUNG UND DESINFEKTION DES BADEZIMMERS, ein innovatives 5-in-1-Produkt, das umfassende Pflege f\u00fcr Ihr Badezimmer bietet. Dieses einzigartige Produkt reinigt, erfrischt, entfernt Schimmel, desinfiziert und sch\u00fctzt vor Schimmelbildung und unangenehmen Ger\u00fcchen, wodurch makellose Sauberkeit und Hygiene gew\u00e4hrleistet sind.<\/p>\n<h3><strong> ANWENDUNGSVORTEILE<\/strong><\/h3>\n<ul>\n<li>Sofortige Geruchsneutralisierung: Entfernt alle unangenehmen Ger\u00fcche und hinterl\u00e4sst das Badezimmer frisch und gebrauchsfertig.<\/li>\n<li>Effektive Reinigung: Entfernt effektiv Fett, Seifenablagerungen und andere Verschmutzungen und sorgt f\u00fcr die Sauberkeit aller Badezimmerelemente.<\/li>\n<li>Entschimmelung und Desinfektion: Die umfassende Formel gew\u00e4hrleistet eine vollst\u00e4ndige Entschimmelung und Desinfektion in einem Arbeitsgang und eliminiert biologische Gefahren.<\/li>\n<li>Schutz vor Schimmel: Bildet eine Schutzbarriere, die die Entwicklung von Schimmel und Mikroorganismen verhindert und so eine langanhaltende Hygiene gew\u00e4hrleistet.<\/li>\n<\/ul>\n<h3><strong> ANWENDUNG<\/strong><\/h3>\n<ol>\n<li>Hinweis: Beachten Sie immer die Anweisungen des Herstellers der Badezimmerausstattung.<\/li>\n<li>Leeren Sie die Oberfl\u00e4chen von Gegenst\u00e4nden, die die Reinigung behindern k\u00f6nnten.<\/li>\n<li>Spr\u00fchen Sie NANOCLEAN AC8 F\u00dcR DIE BADREINIGUNG UND -DESINFEKTION auf alle Badezimmeroberfl\u00e4chen, einschlie\u00dflich Waschbecken, Badewannen, Duschen, Toilettensch\u00fcsseln, Fliesen und Fugen, und lassen Sie es 5-15 Minuten einwirken, um alle Oberfl\u00e4chen zu entpilzen.<\/li>\n<li>Falls erforderlich, wischen Sie die Oberfl\u00e4chen mit einem sauberen, feuchten Tuch ab, um Produktreste zu entfernen.<\/li>\n<li>Lassen Sie die Oberfl\u00e4chen vor der Wiederverwendung gr\u00fcndlich trocknen.<\/li>\n<\/ol>\n<p>Hinweis: NANOCLEAN AC8 bew\u00e4hrt sich auch in Notf\u00e4llen. Entfernt sofort alle unangenehmen Ger\u00fcche, reinigt und desinfiziert, wenn das Badezimmer mit Schimmel oder anderen organischen Verschmutzungen kontaminiert wurde.<\/p>\n<p>Biozidprodukte sollten mit Vorsicht verwendet werden. Lesen Sie vor jeder Anwendung das Etikett und die Produktinformationen. <\/p>\n<h3><strong>Zulassungen<\/strong><\/h3>\n<ul>\n<li>Genehmigung f\u00fcr das Inverkehrbringen von Biozid-Produkten: Nr. 7406\/18.<\/li>\n<li>PZH-Zulassung: Nr. B.BK.60112.0333.2023.<\/li>\n<li>NICHT entflammbar: alkoholfreie Formel auf Wasserbasis, nicht entflammbar, frei von S\u00e4uren, Phenolen, frei von organischen L\u00f6sungsmitteln.<\/li>\n<\/ul>\n<h3><strong>Tipps f\u00fcr die Badezimmerpflege<\/strong><\/h3>\n<ul>\n<li>Regelm\u00e4\u00dfige Reinigung: Regelm\u00e4\u00dfige Reinigung von Waschbecken, Badewannen, Duschen, Toilettensch\u00fcsseln und anderen Badezimmeroberfl\u00e4chen, um die Ansammlung von Schmutz und Ablagerungen zu verhindern, was eine bessere Leistung und l\u00e4ngere Lebensdauer Ihres Badezimmers gew\u00e4hrleistet.<\/li>\n<li>Richtige Lagerung: Stellen Sie sicher, dass Hygieneprodukte ordnungsgem\u00e4\u00df gelagert werden, um das Risiko von Leckagen und unangenehmen Ger\u00fcchen zu minimieren.<\/li>\n<li>Vermeiden Sie \u00dcberladung: Eine \u00dcberladung des Badezimmers kann zu unzureichender Reinigung und Ansammlung von Verunreinigungen f\u00fchren, was unangenehme Ger\u00fcche verursachen kann.<\/li>\n<li>\u00dcberpr\u00fcfung der Dichtungen: \u00dcberpr\u00fcfen und reinigen Sie die Dichtungen und Fugen regelm\u00e4\u00dfig, um die Ansammlung von Schmutz und Schimmel zu verhindern.<\/li>\n<\/ul>\n<p>W\u00e4hlen Sie NANOCLEAN AC8 F\u00dcR DIE BADREINIGUNG UND -DESINFEKTION und bieten Sie Ihrem Badezimmer umfassende Pflege und h\u00f6chste Hygiene. Pflegen Sie Ihr Badezimmer mit NANOCLEAN AC8 und genie\u00dfen Sie Sauberkeit und Frische jeden Tag. <\/p>\n<p>Kaufen Sie jetzt und erleben Sie den Unterschied.<\/p>\n<p>&nbsp;<\/p>\n","protected":false},"excerpt":{"rendered":"<h3>5in1: Reinigung, Erfrischung, Entr\u00e4ucherung, Desinfektion, Schutz<\/h3>\n<p>\u2705 Innovative chlor- und alkoholfreie Formel: Arbeiten ohne sch\u00e4dliche D\u00e4mpfe, sicher f\u00fcr die Gesundheit.<\/p>\n<p>\u2705 Zarter Blumenduft: W\u00e4hlen Sie die Version mit subtilem Blumenaroma f\u00fcr zus\u00e4tzliche Frische.<\/p>\n<p>\u2705 Beseitigung von Schimmel und Bakterien: Full Biocidal Spectrum ist die einzige L\u00f6sung auf dem Markt, die Bakterien, Viren, Pilze, Schimmel, Sporen und Mykobakterien wirksam beseitigt und so ein H\u00f6chstma\u00df an Hygiene gew\u00e4hrleistet.<\/p>\n<p>\u2705 Sicher f\u00fcr Badezimmeroberfl\u00e4chen: Formel entwickelt f\u00fcr empfindliche Badezimmerelemente, ohne Besch\u00e4digungsrisiko.<\/p>\n","protected":false},"featured_media":10306,"template":"","meta":{"_kad_blocks_custom_css":"","_kad_blocks_head_custom_js":"","_kad_blocks_body_custom_js":"","_kad_blocks_footer_custom_js":"","_kad_post_transparent":"","_kad_post_title":"","_kad_post_layout":"","_kad_post_sidebar_id":"","_kad_post_content_style":"","_kad_post_vertical_padding":"","_kad_post_feature":"","_kad_post_feature_position":"","_kad_post_header":false,"_kad_post_footer":false,"_kad_post_classname":""},"product_brand":[],"product_cat":[97],"product_tag":[],"class_list":{"0":"post-4540","1":"product","2":"type-product","3":"status-publish","4":"has-post-thumbnail","6":"product_cat-home-de","8":"first","9":"instock","10":"taxable","11":"shipping-taxable","12":"purchasable","13":"product-type-simple","14":"entry","15":"content-bg","16":"loop-entry"},"yoast_head":"<!-- This site is optimized with the Yoast SEO plugin v27.4 - https:\/\/yoast.com\/product\/yoast-seo-wordpress\/ -->\n<title>NANOCLEAN\u00ae AC8 HOME BADEZIMMER Reinigungs- und Desinfektionsfl\u00fcssigkeit in Spr\u00fchflasche 490ML - NANOCLEAN<\/title>\n<meta name=\"robots\" content=\"index, follow, max-snippet:-1, max-image-preview:large, max-video-preview:-1\" \/>\n<link rel=\"canonical\" href=\"https:\/\/nanoclean24.com\/de\/produkte\/reinigungs-und-desinfektionsmittel-fuer-das-badezimmer-nanocleanac8-home\/\" \/>\n<meta property=\"og:locale\" content=\"de_DE\" \/>\n<meta property=\"og:type\" content=\"article\" \/>\n<meta property=\"og:title\" content=\"NANOCLEAN\u00ae AC8 HOME BADEZIMMER Reinigungs- und Desinfektionsfl\u00fcssigkeit in Spr\u00fchflasche 490ML - NANOCLEAN\" \/>\n<meta property=\"og:description\" content=\"5in1: Reinigung, Erfrischung, Entr\u00e4ucherung, Desinfektion, Schutz \u2705 Innovative chlor- und alkoholfreie Formel: Arbeiten ohne sch\u00e4dliche D\u00e4mpfe, sicher f\u00fcr die Gesundheit. \u2705 Zarter Blumenduft: W\u00e4hlen Sie die Version mit subtilem Blumenaroma f\u00fcr zus\u00e4tzliche Frische. \u2705 Beseitigung von Schimmel und Bakterien: Full Biocidal Spectrum ist die einzige L\u00f6sung auf dem Markt, die Bakterien, Viren, Pilze, Schimmel, Sporen und Mykobakterien wirksam beseitigt und so ein H\u00f6chstma\u00df an Hygiene gew\u00e4hrleistet. \u2705 Sicher f\u00fcr Badezimmeroberfl\u00e4chen: Formel entwickelt f\u00fcr empfindliche Badezimmerelemente, ohne Besch\u00e4digungsrisiko.\" \/>\n<meta property=\"og:url\" content=\"https:\/\/nanoclean24.com\/de\/produkte\/reinigungs-und-desinfektionsmittel-fuer-das-badezimmer-nanocleanac8-home\/\" \/>\n<meta property=\"og:site_name\" content=\"NANOCLEAN\" \/>\n<meta property=\"article:modified_time\" content=\"2025-10-24T09:41:21+00:00\" \/>\n<meta property=\"og:image\" content=\"https:\/\/nanoclean24.com\/wp-content\/uploads\/2025\/07\/ac8-lazienka.jpg\" \/>\n\t<meta property=\"og:image:width\" content=\"1280\" \/>\n\t<meta property=\"og:image:height\" content=\"1280\" \/>\n\t<meta property=\"og:image:type\" content=\"image\/jpeg\" \/>\n<meta name=\"twitter:card\" content=\"summary_large_image\" \/>\n<meta name=\"twitter:label1\" content=\"Gesch\u00e4tzte Lesezeit\" \/>\n\t<meta name=\"twitter:data1\" content=\"2\u00a0Minuten\" \/>\n<script type=\"application\/ld+json\" class=\"yoast-schema-graph\">{\"@context\":\"https:\\\/\\\/schema.org\",\"@graph\":[{\"@type\":\"WebPage\",\"@id\":\"https:\\\/\\\/nanoclean24.com\\\/de\\\/produkte\\\/reinigungs-und-desinfektionsmittel-fuer-das-badezimmer-nanocleanac8-home\\\/\",\"url\":\"https:\\\/\\\/nanoclean24.com\\\/de\\\/produkte\\\/reinigungs-und-desinfektionsmittel-fuer-das-badezimmer-nanocleanac8-home\\\/\",\"name\":\"NANOCLEAN\u00ae AC8 HOME BADEZIMMER Reinigungs- und Desinfektionsfl\u00fcssigkeit in Spr\u00fchflasche 490ML - NANOCLEAN\",\"isPartOf\":{\"@id\":\"https:\\\/\\\/nanoclean24.com\\\/de\\\/#website\"},\"primaryImageOfPage\":{\"@id\":\"https:\\\/\\\/nanoclean24.com\\\/de\\\/produkte\\\/reinigungs-und-desinfektionsmittel-fuer-das-badezimmer-nanocleanac8-home\\\/#primaryimage\"},\"image\":{\"@id\":\"https:\\\/\\\/nanoclean24.com\\\/de\\\/produkte\\\/reinigungs-und-desinfektionsmittel-fuer-das-badezimmer-nanocleanac8-home\\\/#primaryimage\"},\"thumbnailUrl\":\"https:\\\/\\\/nanoclean24.com\\\/wp-content\\\/uploads\\\/2025\\\/07\\\/ac8-lazienka.jpg\",\"datePublished\":\"2025-07-20T15:31:59+00:00\",\"dateModified\":\"2025-10-24T09:41:21+00:00\",\"breadcrumb\":{\"@id\":\"https:\\\/\\\/nanoclean24.com\\\/de\\\/produkte\\\/reinigungs-und-desinfektionsmittel-fuer-das-badezimmer-nanocleanac8-home\\\/#breadcrumb\"},\"inLanguage\":\"de\",\"potentialAction\":[{\"@type\":\"ReadAction\",\"target\":[\"https:\\\/\\\/nanoclean24.com\\\/de\\\/produkte\\\/reinigungs-und-desinfektionsmittel-fuer-das-badezimmer-nanocleanac8-home\\\/\"]}]},{\"@type\":\"ImageObject\",\"inLanguage\":\"de\",\"@id\":\"https:\\\/\\\/nanoclean24.com\\\/de\\\/produkte\\\/reinigungs-und-desinfektionsmittel-fuer-das-badezimmer-nanocleanac8-home\\\/#primaryimage\",\"url\":\"https:\\\/\\\/nanoclean24.com\\\/wp-content\\\/uploads\\\/2025\\\/07\\\/ac8-lazienka.jpg\",\"contentUrl\":\"https:\\\/\\\/nanoclean24.com\\\/wp-content\\\/uploads\\\/2025\\\/07\\\/ac8-lazienka.jpg\",\"width\":1280,\"height\":1280},{\"@type\":\"BreadcrumbList\",\"@id\":\"https:\\\/\\\/nanoclean24.com\\\/de\\\/produkte\\\/reinigungs-und-desinfektionsmittel-fuer-das-badezimmer-nanocleanac8-home\\\/#breadcrumb\",\"itemListElement\":[{\"@type\":\"ListItem\",\"position\":1,\"name\":\"Strona g\u0142\u00f3wna\",\"item\":\"https:\\\/\\\/nanoclean24.com\\\/de\\\/\"},{\"@type\":\"ListItem\",\"position\":2,\"name\":\"Shop\",\"item\":\"https:\\\/\\\/nanoclean24.com\\\/de\\\/shop\\\/\"},{\"@type\":\"ListItem\",\"position\":3,\"name\":\"NANOCLEAN\u00ae AC8 HOME BADEZIMMER Reinigungs- und Desinfektionsfl\u00fcssigkeit in Spr\u00fchflasche 490ML\"}]},{\"@type\":\"WebSite\",\"@id\":\"https:\\\/\\\/nanoclean24.com\\\/de\\\/#website\",\"url\":\"https:\\\/\\\/nanoclean24.com\\\/de\\\/\",\"name\":\"NanoClean\",\"description\":\"\",\"publisher\":{\"@id\":\"https:\\\/\\\/nanoclean24.com\\\/de\\\/#organization\"},\"potentialAction\":[{\"@type\":\"SearchAction\",\"target\":{\"@type\":\"EntryPoint\",\"urlTemplate\":\"https:\\\/\\\/nanoclean24.com\\\/de\\\/?s={search_term_string}\"},\"query-input\":{\"@type\":\"PropertyValueSpecification\",\"valueRequired\":true,\"valueName\":\"search_term_string\"}}],\"inLanguage\":\"de\"},{\"@type\":\"Organization\",\"@id\":\"https:\\\/\\\/nanoclean24.com\\\/de\\\/#organization\",\"name\":\"NanoClean\",\"url\":\"https:\\\/\\\/nanoclean24.com\\\/de\\\/\",\"logo\":{\"@type\":\"ImageObject\",\"inLanguage\":\"de\",\"@id\":\"https:\\\/\\\/nanoclean24.com\\\/de\\\/#\\\/schema\\\/logo\\\/image\\\/\",\"url\":\"https:\\\/\\\/nanoclean24.com\\\/wp-content\\\/uploads\\\/2025\\\/07\\\/logo-2.jpg\",\"contentUrl\":\"https:\\\/\\\/nanoclean24.com\\\/wp-content\\\/uploads\\\/2025\\\/07\\\/logo-2.jpg\",\"width\":1068,\"height\":224,\"caption\":\"NanoClean\"},\"image\":{\"@id\":\"https:\\\/\\\/nanoclean24.com\\\/de\\\/#\\\/schema\\\/logo\\\/image\\\/\"}}]}<\/script>\n<!-- \/ Yoast SEO plugin. -->","yoast_head_json":{"title":"NANOCLEAN\u00ae AC8 HOME BADEZIMMER Reinigungs- und Desinfektionsfl\u00fcssigkeit in Spr\u00fchflasche 490ML - NANOCLEAN","robots":{"index":"index","follow":"follow","max-snippet":"max-snippet:-1","max-image-preview":"max-image-preview:large","max-video-preview":"max-video-preview:-1"},"canonical":"https:\/\/nanoclean24.com\/de\/produkte\/reinigungs-und-desinfektionsmittel-fuer-das-badezimmer-nanocleanac8-home\/","og_locale":"de_DE","og_type":"article","og_title":"NANOCLEAN\u00ae AC8 HOME BADEZIMMER Reinigungs- und Desinfektionsfl\u00fcssigkeit in Spr\u00fchflasche 490ML - NANOCLEAN","og_description":"5in1: Reinigung, Erfrischung, Entr\u00e4ucherung, Desinfektion, Schutz \u2705 Innovative chlor- und alkoholfreie Formel: Arbeiten ohne sch\u00e4dliche D\u00e4mpfe, sicher f\u00fcr die Gesundheit. \u2705 Zarter Blumenduft: W\u00e4hlen Sie die Version mit subtilem Blumenaroma f\u00fcr zus\u00e4tzliche Frische. \u2705 Beseitigung von Schimmel und Bakterien: Full Biocidal Spectrum ist die einzige L\u00f6sung auf dem Markt, die Bakterien, Viren, Pilze, Schimmel, Sporen und Mykobakterien wirksam beseitigt und so ein H\u00f6chstma\u00df an Hygiene gew\u00e4hrleistet. \u2705 Sicher f\u00fcr Badezimmeroberfl\u00e4chen: Formel entwickelt f\u00fcr empfindliche Badezimmerelemente, ohne Besch\u00e4digungsrisiko.","og_url":"https:\/\/nanoclean24.com\/de\/produkte\/reinigungs-und-desinfektionsmittel-fuer-das-badezimmer-nanocleanac8-home\/","og_site_name":"NANOCLEAN","article_modified_time":"2025-10-24T09:41:21+00:00","og_image":[{"width":1280,"height":1280,"url":"https:\/\/nanoclean24.com\/wp-content\/uploads\/2025\/07\/ac8-lazienka.jpg","type":"image\/jpeg"}],"twitter_card":"summary_large_image","twitter_misc":{"Gesch\u00e4tzte Lesezeit":"2\u00a0Minuten"},"schema":{"@context":"https:\/\/schema.org","@graph":[{"@type":"WebPage","@id":"https:\/\/nanoclean24.com\/de\/produkte\/reinigungs-und-desinfektionsmittel-fuer-das-badezimmer-nanocleanac8-home\/","url":"https:\/\/nanoclean24.com\/de\/produkte\/reinigungs-und-desinfektionsmittel-fuer-das-badezimmer-nanocleanac8-home\/","name":"NANOCLEAN\u00ae AC8 HOME BADEZIMMER Reinigungs- und Desinfektionsfl\u00fcssigkeit in Spr\u00fchflasche 490ML - NANOCLEAN","isPartOf":{"@id":"https:\/\/nanoclean24.com\/de\/#website"},"primaryImageOfPage":{"@id":"https:\/\/nanoclean24.com\/de\/produkte\/reinigungs-und-desinfektionsmittel-fuer-das-badezimmer-nanocleanac8-home\/#primaryimage"},"image":{"@id":"https:\/\/nanoclean24.com\/de\/produkte\/reinigungs-und-desinfektionsmittel-fuer-das-badezimmer-nanocleanac8-home\/#primaryimage"},"thumbnailUrl":"https:\/\/nanoclean24.com\/wp-content\/uploads\/2025\/07\/ac8-lazienka.jpg","datePublished":"2025-07-20T15:31:59+00:00","dateModified":"2025-10-24T09:41:21+00:00","breadcrumb":{"@id":"https:\/\/nanoclean24.com\/de\/produkte\/reinigungs-und-desinfektionsmittel-fuer-das-badezimmer-nanocleanac8-home\/#breadcrumb"},"inLanguage":"de","potentialAction":[{"@type":"ReadAction","target":["https:\/\/nanoclean24.com\/de\/produkte\/reinigungs-und-desinfektionsmittel-fuer-das-badezimmer-nanocleanac8-home\/"]}]},{"@type":"ImageObject","inLanguage":"de","@id":"https:\/\/nanoclean24.com\/de\/produkte\/reinigungs-und-desinfektionsmittel-fuer-das-badezimmer-nanocleanac8-home\/#primaryimage","url":"https:\/\/nanoclean24.com\/wp-content\/uploads\/2025\/07\/ac8-lazienka.jpg","contentUrl":"https:\/\/nanoclean24.com\/wp-content\/uploads\/2025\/07\/ac8-lazienka.jpg","width":1280,"height":1280},{"@type":"BreadcrumbList","@id":"https:\/\/nanoclean24.com\/de\/produkte\/reinigungs-und-desinfektionsmittel-fuer-das-badezimmer-nanocleanac8-home\/#breadcrumb","itemListElement":[{"@type":"ListItem","position":1,"name":"Strona g\u0142\u00f3wna","item":"https:\/\/nanoclean24.com\/de\/"},{"@type":"ListItem","position":2,"name":"Shop","item":"https:\/\/nanoclean24.com\/de\/shop\/"},{"@type":"ListItem","position":3,"name":"NANOCLEAN\u00ae AC8 HOME BADEZIMMER Reinigungs- und Desinfektionsfl\u00fcssigkeit in Spr\u00fchflasche 490ML"}]},{"@type":"WebSite","@id":"https:\/\/nanoclean24.com\/de\/#website","url":"https:\/\/nanoclean24.com\/de\/","name":"NanoClean","description":"","publisher":{"@id":"https:\/\/nanoclean24.com\/de\/#organization"},"potentialAction":[{"@type":"SearchAction","target":{"@type":"EntryPoint","urlTemplate":"https:\/\/nanoclean24.com\/de\/?s={search_term_string}"},"query-input":{"@type":"PropertyValueSpecification","valueRequired":true,"valueName":"search_term_string"}}],"inLanguage":"de"},{"@type":"Organization","@id":"https:\/\/nanoclean24.com\/de\/#organization","name":"NanoClean","url":"https:\/\/nanoclean24.com\/de\/","logo":{"@type":"ImageObject","inLanguage":"de","@id":"https:\/\/nanoclean24.com\/de\/#\/schema\/logo\/image\/","url":"https:\/\/nanoclean24.com\/wp-content\/uploads\/2025\/07\/logo-2.jpg","contentUrl":"https:\/\/nanoclean24.com\/wp-content\/uploads\/2025\/07\/logo-2.jpg","width":1068,"height":224,"caption":"NanoClean"},"image":{"@id":"https:\/\/nanoclean24.com\/de\/#\/schema\/logo\/image\/"}}]}},"taxonomy_info":{"product_cat":[{"value":97,"label":"AC8 HOME"}]},"featured_image_src_large":["https:\/\/nanoclean24.com\/wp-content\/uploads\/2025\/07\/ac8-lazienka-1024x1024.jpg",1024,1024,true],"author_info":[],"comment_info":"","_links":{"self":[{"href":"https:\/\/nanoclean24.com\/de\/wp-json\/wp\/v2\/product\/4540","targetHints":{"allow":["GET"]}}],"collection":[{"href":"https:\/\/nanoclean24.com\/de\/wp-json\/wp\/v2\/product"}],"about":[{"href":"https:\/\/nanoclean24.com\/de\/wp-json\/wp\/v2\/types\/product"}],"wp:featuredmedia":[{"embeddable":true,"href":"https:\/\/nanoclean24.com\/de\/wp-json\/wp\/v2\/media\/10306"}],"wp:attachment":[{"href":"https:\/\/nanoclean24.com\/de\/wp-json\/wp\/v2\/media?parent=4540"}],"wp:term":[{"taxonomy":"product_brand","embeddable":true,"href":"https:\/\/nanoclean24.com\/de\/wp-json\/wp\/v2\/product_brand?post=4540"},{"taxonomy":"product_cat","embeddable":true,"href":"https:\/\/nanoclean24.com\/de\/wp-json\/wp\/v2\/product_cat?post=4540"},{"taxonomy":"product_tag","embeddable":true,"href":"https:\/\/nanoclean24.com\/de\/wp-json\/wp\/v2\/product_tag?post=4540"}],"curies":[{"name":"wp","href":"https:\/\/api.w.org\/{rel}","templated":true}]}}