{"id":4519,"date":"2025-07-20T17:54:52","date_gmt":"2025-07-20T15:54:52","guid":{"rendered":"https:\/\/kadence.nanoclean.dev\/produkt\/nanocleanac8\/"},"modified":"2025-10-24T12:19:49","modified_gmt":"2025-10-24T10:19:49","slug":"nanocleanac8","status":"publish","type":"product","link":"https:\/\/nanoclean24.com\/de\/produkte\/nanocleanac8\/","title":{"rendered":"NANOCLEAN\u00ae AC8 Schaum zur Desinfektion der Autoklimaanlage 400ML"},"content":{"rendered":"<p>Entfernt organische Verunreinigungen: Schimmel, Pilze, Staub, Fett, \u00d6l, Fettflecken von Polstern und Teppichen, Erbrochenes, Exkremente, Blut, Wein, verrottende Lebensmittel, organische Abf\u00e4lle usw.<\/p>\n<p>Nicht nur Klimaanlagen-Entpilzung, sondern auch Klimaanlagen-Desinfektion mit vollem Wirkungsspektrum<br \/>\nEntfernt unangenehme Ger\u00fcche<br \/>\nEntfernt dauerhaft den unangenehmen Geruch von Pilzen und organischen Abf\u00e4llen.<\/p>\n<h3><strong>Benutzeranleitung<\/strong><\/h3>\n<p><strong>Fl\u00e4chendesinfektion<\/strong><br \/>\nTragen Sie das Produkt mit einer Schaumspitze auf die Oberfl\u00e4che auf oder wischen Sie es mit einem sauberen Tuch ab, das keine Fasern hinterl\u00e4sst, und halten Sie eine Kontaktzeit von bis zu 15 Minuten ein, um eine bakterizide, fungizide, hefeartige, viruzide, sporizide und mykobakterizide Wirkung zu gew\u00e4hrleisten. Nach Gebrauch des Pr\u00e4parats sind Oberfl\u00e4chen, die mit Lebensmitteln in Ber\u00fchrung kommen, mit Trinkwasser abzusp\u00fclen.<\/p>\n<p><strong>Desinfektion von Split-Klimaanlagen in Innenr\u00e4umen<\/strong><\/p>\n<ol>\n<li>Klimaanlage ausschalten und Innenger\u00e4t \u00f6ffnen.<\/li>\n<li>Filter demontieren, absaugen, unter flie\u00dfendem Wasser absp\u00fclen (Badewanne, Dusche).<\/li>\n<li>Den gewaschenen Filter mit NANOCLEAN\u00ae AC8 Aerosol bespr\u00fchen und 15 Minuten einwirken lassen, mit Wasser absp\u00fclen und trocknen.<\/li>\n<li>Spr\u00fchen Sie den Verdampfer im Inneren der Klimaanlage gr\u00fcndlich mit NANOCLEAN\u00ae AC8 Spray ein. 15 Minuten warten. Das Pr\u00e4parat flie\u00dft \u00fcber die Lamellen in die Kondensatwanne, von wo es zum Abfluss geleitet wird.<\/li>\n<li>Filter in die Klimaanlage einbauen, Innenger\u00e4t schlie\u00dfen und Klimaanlage einschalten, um den Vorgang abzuschlie\u00dfen.<\/li>\n<\/ol>\n<p><strong>Desinfektion von Klimaanlagen in Fahrzeugen<\/strong><\/p>\n<ol>\n<li>Klimaanlage ausschalten.<\/li>\n<li>Pollenfilter an der Windschutzscheibe oder im Innenraum unter dem Armaturenbrett ausbauen.<\/li>\n<li>Wir empfehlen, alle L\u00fcftungsgitter und -kan\u00e4le im Cockpit mit Druckluft zu reinigen, z. B. mit AIR PB SPRAY.<\/li>\n<li>Sicherstellen, dass direkter Zugang zum Verdampfer im Auto besteht. Manchmal ist der Ausbau des L\u00fcfters erforderlich. <\/li>\n<li>Die D\u00fcse mit Schlauch von der NANOCLEAN\u00ae AC8 Aerosolkappe abnehmen und in die Dose einsetzen. Dose kr\u00e4ftig sch\u00fctteln.<\/li>\n<li>Schlauch mit D\u00fcse in den Verdampferkanal einf\u00fchren. Dose senkrecht stellen. <\/li>\n<li>Das Pr\u00e4parat ca. 30 Sekunden lang dosieren, bis das 400ml Aerosol leer ist. <\/li>\n<li>Dosierschlauch entfernen und 15 Minuten warten, bis das Biozid wirkt und durch den Klimaanlagen-Ablaufkanal unter dem Auto abflie\u00dft.<\/li>\n<li>Neuen Pollenfilter einbauen.<\/li>\n<li>L\u00fcftung auf \u201eoffenen Kreislauf\u201c und L\u00fcfterdrehzahl auf maximale Leistung stellen. <\/li>\n<\/ol>\n<p>\u201eBiozide sicher verwenden. Vor Gebrauch stets Etikett und Produktinformationen lesen.\u201c <\/p>\n","protected":false},"excerpt":{"rendered":"<h3>Reinigt wirkungsvoll die Klimaanlage zu Hause und im Auto<\/h3>\n<p><strong>\u2705 <\/strong>Reinigung, Entpilzung und umfassende Desinfektion von Klimaanlagen und L\u00fcftungen in Haus und Auto.<\/p>\n<p><strong>\u2705 <\/strong>T\u00f6tet alle Viren, Bakterien, Pilze, Hefen, Sporen, Mykobakterien in kurzer Zeit ab.<\/p>\n<p><strong>\u2705 <\/strong>T\u00f6tet <em>Legionella Pneumophila<\/em> Bakterien in 1 Minute ab.<\/p>\n<p><strong>\u2705 <\/strong>Reinigungsmittel und Desinfektionsmittel f\u00fcr Autoklimaanlagen sowie zur Entpilzung von Klimaanlagen im Haus in Form eines hochdruckf\u00e4higen halbtrockenen Schaums in Aerosol.<\/p>\n<p><strong>\u2705 <\/strong>Zulassung f\u00fcr Biozidprodukte Nr. 6885\/17. PZH-Zulassung Nr. BK\/K\/0863\/01\/2018. Aerosol 520\/400 ml<\/p>\n","protected":false},"featured_media":13513,"template":"","meta":{"_kad_blocks_custom_css":"","_kad_blocks_head_custom_js":"","_kad_blocks_body_custom_js":"","_kad_blocks_footer_custom_js":"","_kad_post_transparent":"","_kad_post_title":"","_kad_post_layout":"","_kad_post_sidebar_id":"","_kad_post_content_style":"","_kad_post_vertical_padding":"","_kad_post_feature":"","_kad_post_feature_position":"","_kad_post_header":false,"_kad_post_footer":false,"_kad_post_classname":""},"product_brand":[],"product_cat":[97],"product_tag":[],"class_list":{"0":"post-4519","1":"product","2":"type-product","3":"status-publish","4":"has-post-thumbnail","6":"product_cat-home-de","8":"first","9":"instock","10":"taxable","11":"shipping-taxable","12":"purchasable","13":"product-type-simple","14":"entry","15":"content-bg","16":"loop-entry"},"yoast_head":"<!-- This site is optimized with the Yoast SEO plugin v27.4 - https:\/\/yoast.com\/product\/yoast-seo-wordpress\/ -->\n<title>NANOCLEAN\u00ae AC8 Schaum zur Desinfektion der Autoklimaanlage 400ML - NANOCLEAN<\/title>\n<meta name=\"robots\" content=\"index, follow, max-snippet:-1, max-image-preview:large, max-video-preview:-1\" \/>\n<link rel=\"canonical\" href=\"https:\/\/nanoclean24.com\/de\/produkte\/nanocleanac8\/\" \/>\n<meta property=\"og:locale\" content=\"de_DE\" \/>\n<meta property=\"og:type\" content=\"article\" \/>\n<meta property=\"og:title\" content=\"NANOCLEAN\u00ae AC8 Schaum zur Desinfektion der Autoklimaanlage 400ML - NANOCLEAN\" \/>\n<meta property=\"og:description\" content=\"Reinigt wirkungsvoll die Klimaanlage zu Hause und im Auto \u2705 Reinigung, Entpilzung und umfassende Desinfektion von Klimaanlagen und L\u00fcftungen in Haus und Auto. \u2705 T\u00f6tet alle Viren, Bakterien, Pilze, Hefen, Sporen, Mykobakterien in kurzer Zeit ab. \u2705 T\u00f6tet Legionella Pneumophila Bakterien in 1 Minute ab. \u2705 Reinigungsmittel und Desinfektionsmittel f\u00fcr Autoklimaanlagen sowie zur Entpilzung von Klimaanlagen im Haus in Form eines hochdruckf\u00e4higen halbtrockenen Schaums in Aerosol. \u2705 Zulassung f\u00fcr Biozidprodukte Nr. 6885\/17. PZH-Zulassung Nr. BK\/K\/0863\/01\/2018. Aerosol 520\/400 ml\" \/>\n<meta property=\"og:url\" content=\"https:\/\/nanoclean24.com\/de\/produkte\/nanocleanac8\/\" \/>\n<meta property=\"og:site_name\" content=\"NANOCLEAN\" \/>\n<meta property=\"article:modified_time\" content=\"2025-10-24T10:19:49+00:00\" \/>\n<meta property=\"og:image\" content=\"https:\/\/nanoclean24.com\/wp-content\/uploads\/2026\/02\/bcb66e3cdcdaf6052dcf1ef4d87a4ca1.png\" \/>\n\t<meta property=\"og:image:width\" content=\"1022\" \/>\n\t<meta property=\"og:image:height\" content=\"982\" \/>\n\t<meta property=\"og:image:type\" content=\"image\/png\" \/>\n<meta name=\"twitter:card\" content=\"summary_large_image\" \/>\n<meta name=\"twitter:label1\" content=\"Gesch\u00e4tzte Lesezeit\" \/>\n\t<meta name=\"twitter:data1\" content=\"2\u00a0Minuten\" \/>\n<script type=\"application\/ld+json\" class=\"yoast-schema-graph\">{\"@context\":\"https:\\\/\\\/schema.org\",\"@graph\":[{\"@type\":\"WebPage\",\"@id\":\"https:\\\/\\\/nanoclean24.com\\\/de\\\/produkte\\\/nanocleanac8\\\/\",\"url\":\"https:\\\/\\\/nanoclean24.com\\\/de\\\/produkte\\\/nanocleanac8\\\/\",\"name\":\"NANOCLEAN\u00ae AC8 Schaum zur Desinfektion der Autoklimaanlage 400ML - NANOCLEAN\",\"isPartOf\":{\"@id\":\"https:\\\/\\\/nanoclean24.com\\\/de\\\/#website\"},\"primaryImageOfPage\":{\"@id\":\"https:\\\/\\\/nanoclean24.com\\\/de\\\/produkte\\\/nanocleanac8\\\/#primaryimage\"},\"image\":{\"@id\":\"https:\\\/\\\/nanoclean24.com\\\/de\\\/produkte\\\/nanocleanac8\\\/#primaryimage\"},\"thumbnailUrl\":\"https:\\\/\\\/nanoclean24.com\\\/wp-content\\\/uploads\\\/2026\\\/02\\\/bcb66e3cdcdaf6052dcf1ef4d87a4ca1.png\",\"datePublished\":\"2025-07-20T15:54:52+00:00\",\"dateModified\":\"2025-10-24T10:19:49+00:00\",\"breadcrumb\":{\"@id\":\"https:\\\/\\\/nanoclean24.com\\\/de\\\/produkte\\\/nanocleanac8\\\/#breadcrumb\"},\"inLanguage\":\"de\",\"potentialAction\":[{\"@type\":\"ReadAction\",\"target\":[\"https:\\\/\\\/nanoclean24.com\\\/de\\\/produkte\\\/nanocleanac8\\\/\"]}]},{\"@type\":\"ImageObject\",\"inLanguage\":\"de\",\"@id\":\"https:\\\/\\\/nanoclean24.com\\\/de\\\/produkte\\\/nanocleanac8\\\/#primaryimage\",\"url\":\"https:\\\/\\\/nanoclean24.com\\\/wp-content\\\/uploads\\\/2026\\\/02\\\/bcb66e3cdcdaf6052dcf1ef4d87a4ca1.png\",\"contentUrl\":\"https:\\\/\\\/nanoclean24.com\\\/wp-content\\\/uploads\\\/2026\\\/02\\\/bcb66e3cdcdaf6052dcf1ef4d87a4ca1.png\",\"width\":1022,\"height\":982},{\"@type\":\"BreadcrumbList\",\"@id\":\"https:\\\/\\\/nanoclean24.com\\\/de\\\/produkte\\\/nanocleanac8\\\/#breadcrumb\",\"itemListElement\":[{\"@type\":\"ListItem\",\"position\":1,\"name\":\"Strona g\u0142\u00f3wna\",\"item\":\"https:\\\/\\\/nanoclean24.com\\\/de\\\/\"},{\"@type\":\"ListItem\",\"position\":2,\"name\":\"Shop\",\"item\":\"https:\\\/\\\/nanoclean24.com\\\/de\\\/shop\\\/\"},{\"@type\":\"ListItem\",\"position\":3,\"name\":\"NANOCLEAN\u00ae AC8 Schaum zur Desinfektion der Autoklimaanlage 400ML\"}]},{\"@type\":\"WebSite\",\"@id\":\"https:\\\/\\\/nanoclean24.com\\\/de\\\/#website\",\"url\":\"https:\\\/\\\/nanoclean24.com\\\/de\\\/\",\"name\":\"NanoClean\",\"description\":\"\",\"publisher\":{\"@id\":\"https:\\\/\\\/nanoclean24.com\\\/de\\\/#organization\"},\"potentialAction\":[{\"@type\":\"SearchAction\",\"target\":{\"@type\":\"EntryPoint\",\"urlTemplate\":\"https:\\\/\\\/nanoclean24.com\\\/de\\\/?s={search_term_string}\"},\"query-input\":{\"@type\":\"PropertyValueSpecification\",\"valueRequired\":true,\"valueName\":\"search_term_string\"}}],\"inLanguage\":\"de\"},{\"@type\":\"Organization\",\"@id\":\"https:\\\/\\\/nanoclean24.com\\\/de\\\/#organization\",\"name\":\"NanoClean\",\"url\":\"https:\\\/\\\/nanoclean24.com\\\/de\\\/\",\"logo\":{\"@type\":\"ImageObject\",\"inLanguage\":\"de\",\"@id\":\"https:\\\/\\\/nanoclean24.com\\\/de\\\/#\\\/schema\\\/logo\\\/image\\\/\",\"url\":\"https:\\\/\\\/nanoclean24.com\\\/wp-content\\\/uploads\\\/2025\\\/07\\\/logo-2.jpg\",\"contentUrl\":\"https:\\\/\\\/nanoclean24.com\\\/wp-content\\\/uploads\\\/2025\\\/07\\\/logo-2.jpg\",\"width\":1068,\"height\":224,\"caption\":\"NanoClean\"},\"image\":{\"@id\":\"https:\\\/\\\/nanoclean24.com\\\/de\\\/#\\\/schema\\\/logo\\\/image\\\/\"}}]}<\/script>\n<!-- \/ Yoast SEO plugin. -->","yoast_head_json":{"title":"NANOCLEAN\u00ae AC8 Schaum zur Desinfektion der Autoklimaanlage 400ML - NANOCLEAN","robots":{"index":"index","follow":"follow","max-snippet":"max-snippet:-1","max-image-preview":"max-image-preview:large","max-video-preview":"max-video-preview:-1"},"canonical":"https:\/\/nanoclean24.com\/de\/produkte\/nanocleanac8\/","og_locale":"de_DE","og_type":"article","og_title":"NANOCLEAN\u00ae AC8 Schaum zur Desinfektion der Autoklimaanlage 400ML - NANOCLEAN","og_description":"Reinigt wirkungsvoll die Klimaanlage zu Hause und im Auto \u2705 Reinigung, Entpilzung und umfassende Desinfektion von Klimaanlagen und L\u00fcftungen in Haus und Auto. \u2705 T\u00f6tet alle Viren, Bakterien, Pilze, Hefen, Sporen, Mykobakterien in kurzer Zeit ab. \u2705 T\u00f6tet Legionella Pneumophila Bakterien in 1 Minute ab. \u2705 Reinigungsmittel und Desinfektionsmittel f\u00fcr Autoklimaanlagen sowie zur Entpilzung von Klimaanlagen im Haus in Form eines hochdruckf\u00e4higen halbtrockenen Schaums in Aerosol. \u2705 Zulassung f\u00fcr Biozidprodukte Nr. 6885\/17. PZH-Zulassung Nr. BK\/K\/0863\/01\/2018. Aerosol 520\/400 ml","og_url":"https:\/\/nanoclean24.com\/de\/produkte\/nanocleanac8\/","og_site_name":"NANOCLEAN","article_modified_time":"2025-10-24T10:19:49+00:00","og_image":[{"width":1022,"height":982,"url":"https:\/\/nanoclean24.com\/wp-content\/uploads\/2026\/02\/bcb66e3cdcdaf6052dcf1ef4d87a4ca1.png","type":"image\/png"}],"twitter_card":"summary_large_image","twitter_misc":{"Gesch\u00e4tzte Lesezeit":"2\u00a0Minuten"},"schema":{"@context":"https:\/\/schema.org","@graph":[{"@type":"WebPage","@id":"https:\/\/nanoclean24.com\/de\/produkte\/nanocleanac8\/","url":"https:\/\/nanoclean24.com\/de\/produkte\/nanocleanac8\/","name":"NANOCLEAN\u00ae AC8 Schaum zur Desinfektion der Autoklimaanlage 400ML - NANOCLEAN","isPartOf":{"@id":"https:\/\/nanoclean24.com\/de\/#website"},"primaryImageOfPage":{"@id":"https:\/\/nanoclean24.com\/de\/produkte\/nanocleanac8\/#primaryimage"},"image":{"@id":"https:\/\/nanoclean24.com\/de\/produkte\/nanocleanac8\/#primaryimage"},"thumbnailUrl":"https:\/\/nanoclean24.com\/wp-content\/uploads\/2026\/02\/bcb66e3cdcdaf6052dcf1ef4d87a4ca1.png","datePublished":"2025-07-20T15:54:52+00:00","dateModified":"2025-10-24T10:19:49+00:00","breadcrumb":{"@id":"https:\/\/nanoclean24.com\/de\/produkte\/nanocleanac8\/#breadcrumb"},"inLanguage":"de","potentialAction":[{"@type":"ReadAction","target":["https:\/\/nanoclean24.com\/de\/produkte\/nanocleanac8\/"]}]},{"@type":"ImageObject","inLanguage":"de","@id":"https:\/\/nanoclean24.com\/de\/produkte\/nanocleanac8\/#primaryimage","url":"https:\/\/nanoclean24.com\/wp-content\/uploads\/2026\/02\/bcb66e3cdcdaf6052dcf1ef4d87a4ca1.png","contentUrl":"https:\/\/nanoclean24.com\/wp-content\/uploads\/2026\/02\/bcb66e3cdcdaf6052dcf1ef4d87a4ca1.png","width":1022,"height":982},{"@type":"BreadcrumbList","@id":"https:\/\/nanoclean24.com\/de\/produkte\/nanocleanac8\/#breadcrumb","itemListElement":[{"@type":"ListItem","position":1,"name":"Strona g\u0142\u00f3wna","item":"https:\/\/nanoclean24.com\/de\/"},{"@type":"ListItem","position":2,"name":"Shop","item":"https:\/\/nanoclean24.com\/de\/shop\/"},{"@type":"ListItem","position":3,"name":"NANOCLEAN\u00ae AC8 Schaum zur Desinfektion der Autoklimaanlage 400ML"}]},{"@type":"WebSite","@id":"https:\/\/nanoclean24.com\/de\/#website","url":"https:\/\/nanoclean24.com\/de\/","name":"NanoClean","description":"","publisher":{"@id":"https:\/\/nanoclean24.com\/de\/#organization"},"potentialAction":[{"@type":"SearchAction","target":{"@type":"EntryPoint","urlTemplate":"https:\/\/nanoclean24.com\/de\/?s={search_term_string}"},"query-input":{"@type":"PropertyValueSpecification","valueRequired":true,"valueName":"search_term_string"}}],"inLanguage":"de"},{"@type":"Organization","@id":"https:\/\/nanoclean24.com\/de\/#organization","name":"NanoClean","url":"https:\/\/nanoclean24.com\/de\/","logo":{"@type":"ImageObject","inLanguage":"de","@id":"https:\/\/nanoclean24.com\/de\/#\/schema\/logo\/image\/","url":"https:\/\/nanoclean24.com\/wp-content\/uploads\/2025\/07\/logo-2.jpg","contentUrl":"https:\/\/nanoclean24.com\/wp-content\/uploads\/2025\/07\/logo-2.jpg","width":1068,"height":224,"caption":"NanoClean"},"image":{"@id":"https:\/\/nanoclean24.com\/de\/#\/schema\/logo\/image\/"}}]}},"taxonomy_info":{"product_cat":[{"value":97,"label":"AC8 HOME"}]},"featured_image_src_large":["https:\/\/nanoclean24.com\/wp-content\/uploads\/2026\/02\/bcb66e3cdcdaf6052dcf1ef4d87a4ca1.png",1022,982,false],"author_info":[],"comment_info":"","_links":{"self":[{"href":"https:\/\/nanoclean24.com\/de\/wp-json\/wp\/v2\/product\/4519","targetHints":{"allow":["GET"]}}],"collection":[{"href":"https:\/\/nanoclean24.com\/de\/wp-json\/wp\/v2\/product"}],"about":[{"href":"https:\/\/nanoclean24.com\/de\/wp-json\/wp\/v2\/types\/product"}],"wp:featuredmedia":[{"embeddable":true,"href":"https:\/\/nanoclean24.com\/de\/wp-json\/wp\/v2\/media\/13513"}],"wp:attachment":[{"href":"https:\/\/nanoclean24.com\/de\/wp-json\/wp\/v2\/media?parent=4519"}],"wp:term":[{"taxonomy":"product_brand","embeddable":true,"href":"https:\/\/nanoclean24.com\/de\/wp-json\/wp\/v2\/product_brand?post=4519"},{"taxonomy":"product_cat","embeddable":true,"href":"https:\/\/nanoclean24.com\/de\/wp-json\/wp\/v2\/product_cat?post=4519"},{"taxonomy":"product_tag","embeddable":true,"href":"https:\/\/nanoclean24.com\/de\/wp-json\/wp\/v2\/product_tag?post=4519"}],"curies":[{"name":"wp","href":"https:\/\/api.w.org\/{rel}","templated":true}]}}