{"id":4516,"date":"2025-07-20T18:08:09","date_gmt":"2025-07-20T16:08:09","guid":{"rendered":"https:\/\/kadence.nanoclean.dev\/produkt\/tfe-200-mc-9333-500ml\/"},"modified":"2025-10-23T11:56:22","modified_gmt":"2025-10-23T09:56:22","slug":"tfe-200-mc-9333-500ml","status":"publish","type":"product","link":"https:\/\/nanoclean24.com\/de\/produkte\/tfe-200-mc-9333-500ml\/","title":{"rendered":"TFE-200 (MC-9333) 500ml"},"content":{"rendered":"<p>Hochtemperatur-PTFE-Schmierstoff f\u00fcr Ketten, F\u00fchrungen und Pr\u00e4zisionsmechanismen LONG-LIFE 20x<\/p>\n<h3><b>Anwendung<\/b><\/h3>\n<ul>\n<li>PTFE-Schmierstoff schmiert Ketten, Seile, Mechanismen, Lager, Rollen, Aufh\u00e4ngungen, Bolzen, Scharniere, Schwingen, Kunststoff-Metall-, Gummi-Metall-, Gummi-Kunststoff-Mechanismen, bewegliche Teile<br \/>\nim Auto, Silentbl\u00f6cke, Ketten von Maschinen, Fahrr\u00e4dern, Motorr\u00e4dern, Go-Karts, Mechanismen von Landmaschinen\u2026 dauerhaft oder lebenslang.<\/li>\n<li>Hochtemperatur-PTFE-Schmierstoff ideal f\u00fcr F\u00f6rderanlagen, Pressen, Lackieranlagen, Tunneltrockner, \u00d6fen, die st\u00e4ndig bei Temperaturen von 100\u00f7220\u00b0C arbeiten.<\/li>\n<li>PTFE-Schmierstoff zum Schmieren von schwer zug\u00e4nglichen Stellen, Ketten, Pr\u00e4zisionsmechanismen, F\u00fchrungen, Gleitfl\u00e4chen, Seilen, Kugelgewindetrieben, Gelenken, kleinen, leicht und mittel belasteten W\u00e4lz- und Gleitlagern, Kolben, Lagerschalen, Buchsen, Dichtungen, Fensterhebermechanismen, Teleskopen, Schl\u00f6ssern, Scharnieren, Waffen, Maschinen, Robotern, Metall-Metall-, Metall-Kunststoff-, Metall-Gummi-Gleitfl\u00e4chen usw.<\/li>\n<li>PTFE-Schmierstoff ideal f\u00fcr Schneid- und Schleifwerkzeuge, Gleitfl\u00e4chen, Zahnr\u00e4der und Getriebe, Schl\u00f6sser, Ketten, Lager.<\/li>\n<li>SMARMAX TFE-200 PTFE-Schmierstoff ist unerl\u00e4sslich in jeder Industrie, Werkstatt, bei Servicearbeiten, in der Produktion<br \/>\nund Montage von Pr\u00e4zisionsmechanismen, Seilen, Ketten, F\u00fchrungen, Linearlagern als Lebensdauerschmierung.<\/li>\n<li>PTFE-Schmierstoff erleichtert die Montage und Demontage von Passungsteilen.<\/li>\n<li>F\u00fcr den professionellen Gebrauch.<\/li>\n<\/ul>\n<p>&nbsp;<\/p>\n<h3><b>Anwendung:<\/b><\/h3>\n<ol>\n<li>HINWEIS: Aerosol vor Gebrauch 5 Sekunden lang gut sch\u00fctteln.<\/li>\n<li>Das Pr\u00e4parat dringt stark ein, verdunstet dann und bildet einen dauerhaften Schmierfilm.<\/li>\n<li>Das Produkt kann direkt auf verschmutzte Teile aufgetragen werden, da es reinigende Eigenschaften besitzt. F\u00fcr beste Ergebnisse empfehlen wir die Anwendung auf gereinigten Mechanismen mit einem l\u00f6sungsmittelhaltigen Reiniger, z.B. CITRUS CLEANER. <\/li>\n<li>Nach der Anwendung \u00fcbersch\u00fcssigen Schmierstoff mit einem Tuch abwischen.<\/li>\n<li>Schmierung von Motorrad- und Fahrradketten: Schmierstoff auftragen, einwirken lassen und mit einem Tuch abwischen. Direkt auf das zu schmierende Bauteil auftragen. <\/li>\n<\/ol>\n","protected":false},"excerpt":{"rendered":"<p><strong><img decoding=\"async\" class=\"emoji\" role=\"img\" src=\"https:\/\/s.w.org\/images\/core\/emoji\/16.0.1\/svg\/2705.svg\" alt=\"\u2705\" \/> <\/strong>Fl\u00fcssiger PTFE-Schmierstoff f\u00fcr Ketten, Mechanismen, Seile, Bolzen, F\u00fchrungen, W\u00e4lzlager, Gleitlager, Stabilisatoren, die meisten Reibungspunkte<\/p>\n<p><strong><img decoding=\"async\" class=\"emoji\" role=\"img\" src=\"https:\/\/s.w.org\/images\/core\/emoji\/16.0.1\/svg\/2705.svg\" alt=\"\u2705\" \/> <\/strong>Penetrierender PTFE-Schmierstoff mit Langzeitwirkung LONG LIFE<\/p>\n<p><strong><img decoding=\"async\" class=\"emoji\" role=\"img\" src=\"https:\/\/s.w.org\/images\/core\/emoji\/16.0.1\/svg\/2705.svg\" alt=\"\u2705\" \/> <\/strong>Synthetisches Ester\u00f6l schmiert 20x l\u00e4nger bei 200\u00b0C im Vergleich zu Mineral\u00f6len<\/p>\n<p><strong><img decoding=\"async\" class=\"emoji\" role=\"img\" src=\"https:\/\/s.w.org\/images\/core\/emoji\/16.0.1\/svg\/2705.svg\" alt=\"\u2705\" \/> <\/strong>PTFE-Schmierstoff verl\u00e4ngert die Lebensdauer von Ketten und F\u00fchrungen um das bis zu 5-fache.<\/p>\n<p><strong><img decoding=\"async\" class=\"emoji\" role=\"img\" src=\"https:\/\/s.w.org\/images\/core\/emoji\/16.0.1\/svg\/2705.svg\" alt=\"\u2705\" \/> <\/strong>Hochtemperatur-Schmierstoff mit PTFE, verkohlt nicht bis 260\u00b0C, bildet keine Ablagerungen<\/p>\n<p><strong><img decoding=\"async\" class=\"emoji\" role=\"img\" src=\"https:\/\/s.w.org\/images\/core\/emoji\/16.0.1\/svg\/2705.svg\" alt=\"\u2705\" \/> <\/strong>Synthetischer Fl\u00fcssigschmierstoff mit PTFE sch\u00fctzt vor Korrosion,<\/p>\n<p><strong><img decoding=\"async\" class=\"emoji\" role=\"img\" src=\"https:\/\/s.w.org\/images\/core\/emoji\/16.0.1\/svg\/2705.svg\" alt=\"\u2705\" \/> <\/strong>PTFE-Schmierstoff verhindert Fressen, Festbacken, Verklemmen<\/p>\n<p><strong><img decoding=\"async\" class=\"emoji\" role=\"img\" src=\"https:\/\/s.w.org\/images\/core\/emoji\/16.0.1\/svg\/2705.svg\" alt=\"\u2705\" \/> <\/strong>PTFE-Schmierstoff schmiert effektiv selbst in Anwesenheit von Staub, Schmutz und aggressiven Chemikalien.<\/p>\n<p><strong><img decoding=\"async\" class=\"emoji\" role=\"img\" src=\"https:\/\/s.w.org\/images\/core\/emoji\/16.0.1\/svg\/2705.svg\" alt=\"\u2705\" \/> <\/strong>PTFE-Schmierstoff dringt stark ein, erreicht unzug\u00e4ngliche Stellen<\/p>\n<p><strong><img decoding=\"async\" class=\"emoji\" role=\"img\" src=\"https:\/\/s.w.org\/images\/core\/emoji\/16.0.1\/svg\/2705.svg\" alt=\"\u2705\" \/> <\/strong>PTFE-Schmierstoff ist nach dem Verdunsten des Tr\u00e4gers sehr gut haftend auf Metall<\/p>\n<p><strong><img decoding=\"async\" class=\"emoji\" role=\"img\" src=\"https:\/\/s.w.org\/images\/core\/emoji\/16.0.1\/svg\/2705.svg\" alt=\"\u2705\" \/> <\/strong>Hochtemperatur-Schmierstoff ist best\u00e4ndig gegen Zentrifugalkr\u00e4fte, spritzt nicht und l\u00e4uft nicht aus<\/p>\n<p><strong><img decoding=\"async\" class=\"emoji\" role=\"img\" src=\"https:\/\/s.w.org\/images\/core\/emoji\/16.0.1\/svg\/2705.svg\" alt=\"\u2705\" \/> <\/strong>Hochtemperatur-PTFE-Schmierstoff ist best\u00e4ndig gegen Auswaschen mit Wasser, Salzl\u00f6sungen und aggressiven Medien<\/p>\n<p><strong><img decoding=\"async\" class=\"emoji\" role=\"img\" src=\"https:\/\/s.w.org\/images\/core\/emoji\/16.0.1\/svg\/2705.svg\" alt=\"\u2705\" \/> <\/strong>Hochtemperatur-Schmierstoff TFE-200 ist best\u00e4ndig gegen extreme EP-Dr\u00fccke<\/p>\n<p><strong><img decoding=\"async\" class=\"emoji\" role=\"img\" src=\"https:\/\/s.w.org\/images\/core\/emoji\/16.0.1\/svg\/2705.svg\" alt=\"\u2705\" \/> <\/strong>Betriebstemperatur: (-50 bis 260\u00b0C)<\/p>\n","protected":false},"featured_media":3810,"template":"","meta":{"_kad_blocks_custom_css":"","_kad_blocks_head_custom_js":"","_kad_blocks_body_custom_js":"","_kad_blocks_footer_custom_js":"","_kad_post_transparent":"","_kad_post_title":"","_kad_post_layout":"","_kad_post_sidebar_id":"","_kad_post_content_style":"","_kad_post_vertical_padding":"","_kad_post_feature":"","_kad_post_feature_position":"","_kad_post_header":false,"_kad_post_footer":false,"_kad_post_classname":""},"product_brand":[],"product_cat":[103],"product_tag":[],"class_list":{"0":"post-4516","1":"product","2":"type-product","3":"status-publish","4":"has-post-thumbnail","6":"product_cat-smarmax-de","8":"first","9":"instock","10":"taxable","11":"shipping-taxable","12":"purchasable","13":"product-type-simple","14":"entry","15":"content-bg","16":"loop-entry"},"yoast_head":"<!-- This site is optimized with the Yoast SEO plugin v27.4 - https:\/\/yoast.com\/product\/yoast-seo-wordpress\/ -->\n<title>TFE-200 (MC-9333) 500ml - NANOCLEAN<\/title>\n<meta name=\"robots\" content=\"index, follow, max-snippet:-1, max-image-preview:large, max-video-preview:-1\" \/>\n<link rel=\"canonical\" href=\"https:\/\/nanoclean24.com\/de\/produkte\/tfe-200-mc-9333-500ml\/\" \/>\n<meta property=\"og:locale\" content=\"de_DE\" \/>\n<meta property=\"og:type\" content=\"article\" \/>\n<meta property=\"og:title\" content=\"TFE-200 (MC-9333) 500ml - NANOCLEAN\" \/>\n<meta property=\"og:description\" content=\"Fl\u00fcssiger PTFE-Schmierstoff f\u00fcr Ketten, Mechanismen, Seile, Bolzen, F\u00fchrungen, W\u00e4lzlager, Gleitlager, Stabilisatoren, die meisten Reibungspunkte   Penetrierender PTFE-Schmierstoff mit Langzeitwirkung LONG LIFE   Synthetisches Ester\u00f6l schmiert 20x l\u00e4nger bei 200\u00b0C im Vergleich zu Mineral\u00f6len   PTFE-Schmierstoff verl\u00e4ngert die Lebensdauer von Ketten und F\u00fchrungen um das bis zu 5-fache.   Hochtemperatur-Schmierstoff mit PTFE, verkohlt nicht bis 260\u00b0C, bildet keine Ablagerungen   Synthetischer Fl\u00fcssigschmierstoff mit PTFE sch\u00fctzt vor Korrosion,   PTFE-Schmierstoff verhindert Fressen, Festbacken, Verklemmen   PTFE-Schmierstoff schmiert effektiv selbst in Anwesenheit von Staub, Schmutz und aggressiven Chemikalien.   PTFE-Schmierstoff dringt stark ein, erreicht unzug\u00e4ngliche Stellen   PTFE-Schmierstoff ist nach dem Verdunsten des Tr\u00e4gers sehr gut haftend auf Metall   Hochtemperatur-Schmierstoff ist best\u00e4ndig gegen Zentrifugalkr\u00e4fte, spritzt nicht und l\u00e4uft nicht aus   Hochtemperatur-PTFE-Schmierstoff ist best\u00e4ndig gegen Auswaschen mit Wasser, Salzl\u00f6sungen und aggressiven Medien   Hochtemperatur-Schmierstoff TFE-200 ist best\u00e4ndig gegen extreme EP-Dr\u00fccke   Betriebstemperatur: (-50 bis 260\u00b0C)\" \/>\n<meta property=\"og:url\" content=\"https:\/\/nanoclean24.com\/de\/produkte\/tfe-200-mc-9333-500ml\/\" \/>\n<meta property=\"og:site_name\" content=\"NANOCLEAN\" \/>\n<meta property=\"article:modified_time\" content=\"2025-10-23T09:56:22+00:00\" \/>\n<meta property=\"og:image\" content=\"https:\/\/nanoclean24.com\/wp-content\/uploads\/2025\/07\/TFE-200-MC-9333-500ml.webp\" \/>\n\t<meta property=\"og:image:width\" content=\"900\" \/>\n\t<meta property=\"og:image:height\" content=\"900\" \/>\n\t<meta property=\"og:image:type\" content=\"image\/webp\" \/>\n<meta name=\"twitter:card\" content=\"summary_large_image\" \/>\n<meta name=\"twitter:label1\" content=\"Gesch\u00e4tzte Lesezeit\" \/>\n\t<meta name=\"twitter:data1\" content=\"1\u00a0Minute\" \/>\n<script type=\"application\/ld+json\" class=\"yoast-schema-graph\">{\"@context\":\"https:\\\/\\\/schema.org\",\"@graph\":[{\"@type\":\"WebPage\",\"@id\":\"https:\\\/\\\/nanoclean24.com\\\/de\\\/produkte\\\/tfe-200-mc-9333-500ml\\\/\",\"url\":\"https:\\\/\\\/nanoclean24.com\\\/de\\\/produkte\\\/tfe-200-mc-9333-500ml\\\/\",\"name\":\"TFE-200 (MC-9333) 500ml - NANOCLEAN\",\"isPartOf\":{\"@id\":\"https:\\\/\\\/nanoclean24.com\\\/de\\\/#website\"},\"primaryImageOfPage\":{\"@id\":\"https:\\\/\\\/nanoclean24.com\\\/de\\\/produkte\\\/tfe-200-mc-9333-500ml\\\/#primaryimage\"},\"image\":{\"@id\":\"https:\\\/\\\/nanoclean24.com\\\/de\\\/produkte\\\/tfe-200-mc-9333-500ml\\\/#primaryimage\"},\"thumbnailUrl\":\"https:\\\/\\\/nanoclean24.com\\\/wp-content\\\/uploads\\\/2025\\\/07\\\/TFE-200-MC-9333-500ml.webp\",\"datePublished\":\"2025-07-20T16:08:09+00:00\",\"dateModified\":\"2025-10-23T09:56:22+00:00\",\"breadcrumb\":{\"@id\":\"https:\\\/\\\/nanoclean24.com\\\/de\\\/produkte\\\/tfe-200-mc-9333-500ml\\\/#breadcrumb\"},\"inLanguage\":\"de\",\"potentialAction\":[{\"@type\":\"ReadAction\",\"target\":[\"https:\\\/\\\/nanoclean24.com\\\/de\\\/produkte\\\/tfe-200-mc-9333-500ml\\\/\"]}]},{\"@type\":\"ImageObject\",\"inLanguage\":\"de\",\"@id\":\"https:\\\/\\\/nanoclean24.com\\\/de\\\/produkte\\\/tfe-200-mc-9333-500ml\\\/#primaryimage\",\"url\":\"https:\\\/\\\/nanoclean24.com\\\/wp-content\\\/uploads\\\/2025\\\/07\\\/TFE-200-MC-9333-500ml.webp\",\"contentUrl\":\"https:\\\/\\\/nanoclean24.com\\\/wp-content\\\/uploads\\\/2025\\\/07\\\/TFE-200-MC-9333-500ml.webp\",\"width\":900,\"height\":900},{\"@type\":\"BreadcrumbList\",\"@id\":\"https:\\\/\\\/nanoclean24.com\\\/de\\\/produkte\\\/tfe-200-mc-9333-500ml\\\/#breadcrumb\",\"itemListElement\":[{\"@type\":\"ListItem\",\"position\":1,\"name\":\"Strona g\u0142\u00f3wna\",\"item\":\"https:\\\/\\\/nanoclean24.com\\\/de\\\/\"},{\"@type\":\"ListItem\",\"position\":2,\"name\":\"Shop\",\"item\":\"https:\\\/\\\/nanoclean24.com\\\/de\\\/shop\\\/\"},{\"@type\":\"ListItem\",\"position\":3,\"name\":\"TFE-200 (MC-9333) 500ml\"}]},{\"@type\":\"WebSite\",\"@id\":\"https:\\\/\\\/nanoclean24.com\\\/de\\\/#website\",\"url\":\"https:\\\/\\\/nanoclean24.com\\\/de\\\/\",\"name\":\"NanoClean\",\"description\":\"\",\"publisher\":{\"@id\":\"https:\\\/\\\/nanoclean24.com\\\/de\\\/#organization\"},\"potentialAction\":[{\"@type\":\"SearchAction\",\"target\":{\"@type\":\"EntryPoint\",\"urlTemplate\":\"https:\\\/\\\/nanoclean24.com\\\/de\\\/?s={search_term_string}\"},\"query-input\":{\"@type\":\"PropertyValueSpecification\",\"valueRequired\":true,\"valueName\":\"search_term_string\"}}],\"inLanguage\":\"de\"},{\"@type\":\"Organization\",\"@id\":\"https:\\\/\\\/nanoclean24.com\\\/de\\\/#organization\",\"name\":\"NanoClean\",\"url\":\"https:\\\/\\\/nanoclean24.com\\\/de\\\/\",\"logo\":{\"@type\":\"ImageObject\",\"inLanguage\":\"de\",\"@id\":\"https:\\\/\\\/nanoclean24.com\\\/de\\\/#\\\/schema\\\/logo\\\/image\\\/\",\"url\":\"https:\\\/\\\/nanoclean24.com\\\/wp-content\\\/uploads\\\/2025\\\/07\\\/logo-2.jpg\",\"contentUrl\":\"https:\\\/\\\/nanoclean24.com\\\/wp-content\\\/uploads\\\/2025\\\/07\\\/logo-2.jpg\",\"width\":1068,\"height\":224,\"caption\":\"NanoClean\"},\"image\":{\"@id\":\"https:\\\/\\\/nanoclean24.com\\\/de\\\/#\\\/schema\\\/logo\\\/image\\\/\"}}]}<\/script>\n<!-- \/ Yoast SEO plugin. -->","yoast_head_json":{"title":"TFE-200 (MC-9333) 500ml - NANOCLEAN","robots":{"index":"index","follow":"follow","max-snippet":"max-snippet:-1","max-image-preview":"max-image-preview:large","max-video-preview":"max-video-preview:-1"},"canonical":"https:\/\/nanoclean24.com\/de\/produkte\/tfe-200-mc-9333-500ml\/","og_locale":"de_DE","og_type":"article","og_title":"TFE-200 (MC-9333) 500ml - NANOCLEAN","og_description":"Fl\u00fcssiger PTFE-Schmierstoff f\u00fcr Ketten, Mechanismen, Seile, Bolzen, F\u00fchrungen, W\u00e4lzlager, Gleitlager, Stabilisatoren, die meisten Reibungspunkte   Penetrierender PTFE-Schmierstoff mit Langzeitwirkung LONG LIFE   Synthetisches Ester\u00f6l schmiert 20x l\u00e4nger bei 200\u00b0C im Vergleich zu Mineral\u00f6len   PTFE-Schmierstoff verl\u00e4ngert die Lebensdauer von Ketten und F\u00fchrungen um das bis zu 5-fache.   Hochtemperatur-Schmierstoff mit PTFE, verkohlt nicht bis 260\u00b0C, bildet keine Ablagerungen   Synthetischer Fl\u00fcssigschmierstoff mit PTFE sch\u00fctzt vor Korrosion,   PTFE-Schmierstoff verhindert Fressen, Festbacken, Verklemmen   PTFE-Schmierstoff schmiert effektiv selbst in Anwesenheit von Staub, Schmutz und aggressiven Chemikalien.   PTFE-Schmierstoff dringt stark ein, erreicht unzug\u00e4ngliche Stellen   PTFE-Schmierstoff ist nach dem Verdunsten des Tr\u00e4gers sehr gut haftend auf Metall   Hochtemperatur-Schmierstoff ist best\u00e4ndig gegen Zentrifugalkr\u00e4fte, spritzt nicht und l\u00e4uft nicht aus   Hochtemperatur-PTFE-Schmierstoff ist best\u00e4ndig gegen Auswaschen mit Wasser, Salzl\u00f6sungen und aggressiven Medien   Hochtemperatur-Schmierstoff TFE-200 ist best\u00e4ndig gegen extreme EP-Dr\u00fccke   Betriebstemperatur: (-50 bis 260\u00b0C)","og_url":"https:\/\/nanoclean24.com\/de\/produkte\/tfe-200-mc-9333-500ml\/","og_site_name":"NANOCLEAN","article_modified_time":"2025-10-23T09:56:22+00:00","og_image":[{"width":900,"height":900,"url":"https:\/\/nanoclean24.com\/wp-content\/uploads\/2025\/07\/TFE-200-MC-9333-500ml.webp","type":"image\/webp"}],"twitter_card":"summary_large_image","twitter_misc":{"Gesch\u00e4tzte Lesezeit":"1\u00a0Minute"},"schema":{"@context":"https:\/\/schema.org","@graph":[{"@type":"WebPage","@id":"https:\/\/nanoclean24.com\/de\/produkte\/tfe-200-mc-9333-500ml\/","url":"https:\/\/nanoclean24.com\/de\/produkte\/tfe-200-mc-9333-500ml\/","name":"TFE-200 (MC-9333) 500ml - NANOCLEAN","isPartOf":{"@id":"https:\/\/nanoclean24.com\/de\/#website"},"primaryImageOfPage":{"@id":"https:\/\/nanoclean24.com\/de\/produkte\/tfe-200-mc-9333-500ml\/#primaryimage"},"image":{"@id":"https:\/\/nanoclean24.com\/de\/produkte\/tfe-200-mc-9333-500ml\/#primaryimage"},"thumbnailUrl":"https:\/\/nanoclean24.com\/wp-content\/uploads\/2025\/07\/TFE-200-MC-9333-500ml.webp","datePublished":"2025-07-20T16:08:09+00:00","dateModified":"2025-10-23T09:56:22+00:00","breadcrumb":{"@id":"https:\/\/nanoclean24.com\/de\/produkte\/tfe-200-mc-9333-500ml\/#breadcrumb"},"inLanguage":"de","potentialAction":[{"@type":"ReadAction","target":["https:\/\/nanoclean24.com\/de\/produkte\/tfe-200-mc-9333-500ml\/"]}]},{"@type":"ImageObject","inLanguage":"de","@id":"https:\/\/nanoclean24.com\/de\/produkte\/tfe-200-mc-9333-500ml\/#primaryimage","url":"https:\/\/nanoclean24.com\/wp-content\/uploads\/2025\/07\/TFE-200-MC-9333-500ml.webp","contentUrl":"https:\/\/nanoclean24.com\/wp-content\/uploads\/2025\/07\/TFE-200-MC-9333-500ml.webp","width":900,"height":900},{"@type":"BreadcrumbList","@id":"https:\/\/nanoclean24.com\/de\/produkte\/tfe-200-mc-9333-500ml\/#breadcrumb","itemListElement":[{"@type":"ListItem","position":1,"name":"Strona g\u0142\u00f3wna","item":"https:\/\/nanoclean24.com\/de\/"},{"@type":"ListItem","position":2,"name":"Shop","item":"https:\/\/nanoclean24.com\/de\/shop\/"},{"@type":"ListItem","position":3,"name":"TFE-200 (MC-9333) 500ml"}]},{"@type":"WebSite","@id":"https:\/\/nanoclean24.com\/de\/#website","url":"https:\/\/nanoclean24.com\/de\/","name":"NanoClean","description":"","publisher":{"@id":"https:\/\/nanoclean24.com\/de\/#organization"},"potentialAction":[{"@type":"SearchAction","target":{"@type":"EntryPoint","urlTemplate":"https:\/\/nanoclean24.com\/de\/?s={search_term_string}"},"query-input":{"@type":"PropertyValueSpecification","valueRequired":true,"valueName":"search_term_string"}}],"inLanguage":"de"},{"@type":"Organization","@id":"https:\/\/nanoclean24.com\/de\/#organization","name":"NanoClean","url":"https:\/\/nanoclean24.com\/de\/","logo":{"@type":"ImageObject","inLanguage":"de","@id":"https:\/\/nanoclean24.com\/de\/#\/schema\/logo\/image\/","url":"https:\/\/nanoclean24.com\/wp-content\/uploads\/2025\/07\/logo-2.jpg","contentUrl":"https:\/\/nanoclean24.com\/wp-content\/uploads\/2025\/07\/logo-2.jpg","width":1068,"height":224,"caption":"NanoClean"},"image":{"@id":"https:\/\/nanoclean24.com\/de\/#\/schema\/logo\/image\/"}}]}},"taxonomy_info":{"product_cat":[{"value":103,"label":"SMARMAX"}]},"featured_image_src_large":["https:\/\/nanoclean24.com\/wp-content\/uploads\/2025\/07\/TFE-200-MC-9333-500ml.webp",900,900,false],"author_info":[],"comment_info":"","_links":{"self":[{"href":"https:\/\/nanoclean24.com\/de\/wp-json\/wp\/v2\/product\/4516","targetHints":{"allow":["GET"]}}],"collection":[{"href":"https:\/\/nanoclean24.com\/de\/wp-json\/wp\/v2\/product"}],"about":[{"href":"https:\/\/nanoclean24.com\/de\/wp-json\/wp\/v2\/types\/product"}],"wp:featuredmedia":[{"embeddable":true,"href":"https:\/\/nanoclean24.com\/de\/wp-json\/wp\/v2\/media\/3810"}],"wp:attachment":[{"href":"https:\/\/nanoclean24.com\/de\/wp-json\/wp\/v2\/media?parent=4516"}],"wp:term":[{"taxonomy":"product_brand","embeddable":true,"href":"https:\/\/nanoclean24.com\/de\/wp-json\/wp\/v2\/product_brand?post=4516"},{"taxonomy":"product_cat","embeddable":true,"href":"https:\/\/nanoclean24.com\/de\/wp-json\/wp\/v2\/product_cat?post=4516"},{"taxonomy":"product_tag","embeddable":true,"href":"https:\/\/nanoclean24.com\/de\/wp-json\/wp\/v2\/product_tag?post=4516"}],"curies":[{"name":"wp","href":"https:\/\/api.w.org\/{rel}","templated":true}]}}