{"id":4507,"date":"2025-07-20T18:12:59","date_gmt":"2025-07-20T16:12:59","guid":{"rendered":"https:\/\/kadence.nanoclean.dev\/produkt\/superfoam-400-ml-mc-1272\/"},"modified":"2025-10-23T11:55:36","modified_gmt":"2025-10-23T09:55:36","slug":"superfoam-400-ml-mc-1272","status":"publish","type":"product","link":"https:\/\/nanoclean24.com\/de\/produkte\/superfoam-400-ml-mc-1272\/","title":{"rendered":"SUPERFOAM 400 ml (MC-1272)"},"content":{"rendered":"<p>Universeller, hochwirksamer Reinigungs-, Entfettungs- und Auffrischungsschaum.<\/p>\n<p>Oberfl\u00e4chenreinigung ohne Wassereinsatz.<\/p>\n<h3><b>Anwendung<\/b><\/h3>\n<ul>\n<li>Reinigung von B\u00fcroschr\u00e4nken, M\u00f6beln, T\u00fcren usw.<\/li>\n<li>Reinigung und Entfettung von Werkb\u00e4nken, Schr\u00e4nken, W\u00e4nden, Werkzeugen, Werkstattmaschinen und -ger\u00e4ten.<\/li>\n<li>Entfernung von Fetten, \u00d6len, Werkstattverschmutzungen, Nikotinablagerungen, Fettflecken, industriellen Verschmutzungen.<\/li>\n<li>Reinigung von CNC-Maschinen, Bildschirmen von Industriemaschinen, Gabelstaplern, lackierten Oberfl\u00e4chen, Kunststoffen usw.<\/li>\n<li>Reinigung und Auffrischung von L\u00fcftungssystemen, L\u00fcftungsgittern usw.<\/li>\n<li>Empfohlen in der Lebensmittelindustrie, insbesondere auf schwierigen Oberfl\u00e4chen: Formica oder Kunststoff.<\/li>\n<li>Reinigung und Entfettung von Scheiben, Spiegeln, Glasoberfl\u00e4chen, Glasm\u00f6beln usw.<\/li>\n<li>Fleckenentfernung von Polstern, Teppichen und Bez\u00fcgen.<\/li>\n<li>Fahrzeugreinigung: Scheiben, Kunststoffe, Polster, Leder usw.<\/li>\n<li>Einsatz in Gesch\u00e4ften, B\u00fcros, Sanit\u00e4rr\u00e4umen, Hotels, Tierarztpraxen, \u00f6ffentlichen Geb\u00e4uden usw.<\/li>\n<\/ul>\n","protected":false},"excerpt":{"rendered":"<p><strong><img decoding=\"async\" class=\"emoji\" role=\"img\" src=\"https:\/\/s.w.org\/images\/core\/emoji\/16.0.1\/svg\/2705.svg\" alt=\"\u2705\" \/> <\/strong>Ein starkes Reinigungsmittel, das dank aktiver Schauminhaltsstoffe den Oberfl\u00e4chenreinigungsprozess unterst\u00fctzt.<\/p>\n<p><strong><img decoding=\"async\" class=\"emoji\" role=\"img\" src=\"https:\/\/s.w.org\/images\/core\/emoji\/16.0.1\/svg\/2705.svg\" alt=\"\u2705\" \/> <\/strong>Ist als Schaum formuliert, wodurch er nicht abl\u00e4uft und auf Oberfl\u00e4chen haftet.<\/p>\n<p><strong><img decoding=\"async\" class=\"emoji\" role=\"img\" src=\"https:\/\/s.w.org\/images\/core\/emoji\/16.0.1\/svg\/2705.svg\" alt=\"\u2705\" \/> <\/strong>Entfernt effektiv \u00d6le und die meisten Verschmutzungen im B\u00fcro, in Werkst\u00e4tten und Industriehallen.<\/p>\n<p><strong><img decoding=\"async\" class=\"emoji\" role=\"img\" src=\"https:\/\/s.w.org\/images\/core\/emoji\/16.0.1\/svg\/2705.svg\" alt=\"\u2705\" \/> <\/strong>Besitzt antistatische Eigenschaften.<\/p>\n<p><strong><img decoding=\"async\" class=\"emoji\" role=\"img\" src=\"https:\/\/s.w.org\/images\/core\/emoji\/16.0.1\/svg\/2705.svg\" alt=\"\u2705\" \/> <\/strong>Hinterl\u00e4sst eine saubere Oberfl\u00e4che und einen frischen Duft.<\/p>\n<p><strong><img decoding=\"async\" class=\"emoji\" role=\"img\" src=\"https:\/\/s.w.org\/images\/core\/emoji\/16.0.1\/svg\/2705.svg\" alt=\"\u2705\" \/> <\/strong>Entfernt effektiv Fette, \u00d6le, Schmierstoffe, Haushaltsverschmutzungen, Ru\u00df, Flecken auf Polstern und Teppichen.<\/p>\n<p><strong><img decoding=\"async\" class=\"emoji\" role=\"img\" src=\"https:\/\/s.w.org\/images\/core\/emoji\/16.0.1\/svg\/2705.svg\" alt=\"\u2705\" \/> <\/strong>Reinigt und entfettet r\u00fcckstandsfrei \u2013 entfernt Schlieren auf Scheiben, lackierten Oberfl\u00e4chen und INOX-Blech.<\/p>\n<p><strong><img decoding=\"async\" class=\"emoji\" role=\"img\" src=\"https:\/\/s.w.org\/images\/core\/emoji\/16.0.1\/svg\/2705.svg\" alt=\"\u2705\" \/> <\/strong>Hinterl\u00e4sst eine saubere Oberfl\u00e4che und einen frischen Duft.<\/p>\n<p><strong><img decoding=\"async\" class=\"emoji\" role=\"img\" src=\"https:\/\/s.w.org\/images\/core\/emoji\/16.0.1\/svg\/2705.svg\" alt=\"\u2705\" \/> <\/strong>Sicher f\u00fcr Metalle: Stahl, Aluminium, Titan, Magnesium, Zink.<\/p>\n<p><strong><img decoding=\"async\" class=\"emoji\" role=\"img\" src=\"https:\/\/s.w.org\/images\/core\/emoji\/16.0.1\/svg\/2705.svg\" alt=\"\u2705\" \/> <\/strong>Besch\u00e4digt Vinyl-, lackierte, Holz- und laminierte Oberfl\u00e4chen nicht.<\/p>\n<p><strong><img decoding=\"async\" class=\"emoji\" role=\"img\" src=\"https:\/\/s.w.org\/images\/core\/emoji\/16.0.1\/svg\/2705.svg\" alt=\"\u2705\" \/> <\/strong>Die Aerosolverpackung wirkt sich nicht negativ auf die Ozonschicht aus (CFC-frei).<\/p>\n","protected":false},"featured_media":3820,"template":"","meta":{"_kad_blocks_custom_css":"","_kad_blocks_head_custom_js":"","_kad_blocks_body_custom_js":"","_kad_blocks_footer_custom_js":"","_kad_post_transparent":"","_kad_post_title":"","_kad_post_layout":"","_kad_post_sidebar_id":"","_kad_post_content_style":"","_kad_post_vertical_padding":"","_kad_post_feature":"","_kad_post_feature_position":"","_kad_post_header":false,"_kad_post_footer":false,"_kad_post_classname":""},"product_brand":[],"product_cat":[103],"product_tag":[],"class_list":{"0":"post-4507","1":"product","2":"type-product","3":"status-publish","4":"has-post-thumbnail","6":"product_cat-smarmax-de","8":"first","9":"instock","10":"taxable","11":"shipping-taxable","12":"purchasable","13":"product-type-simple","14":"entry","15":"content-bg","16":"loop-entry"},"yoast_head":"<!-- This site is optimized with the Yoast SEO plugin v27.4 - https:\/\/yoast.com\/product\/yoast-seo-wordpress\/ -->\n<title>SUPERFOAM 400 ml (MC-1272) - NANOCLEAN<\/title>\n<meta name=\"robots\" content=\"index, follow, max-snippet:-1, max-image-preview:large, max-video-preview:-1\" \/>\n<link rel=\"canonical\" href=\"https:\/\/nanoclean24.com\/de\/produkte\/superfoam-400-ml-mc-1272\/\" \/>\n<meta property=\"og:locale\" content=\"de_DE\" \/>\n<meta property=\"og:type\" content=\"article\" \/>\n<meta property=\"og:title\" content=\"SUPERFOAM 400 ml (MC-1272) - NANOCLEAN\" \/>\n<meta property=\"og:description\" content=\"Ein starkes Reinigungsmittel, das dank aktiver Schauminhaltsstoffe den Oberfl\u00e4chenreinigungsprozess unterst\u00fctzt.   Ist als Schaum formuliert, wodurch er nicht abl\u00e4uft und auf Oberfl\u00e4chen haftet.   Entfernt effektiv \u00d6le und die meisten Verschmutzungen im B\u00fcro, in Werkst\u00e4tten und Industriehallen.   Besitzt antistatische Eigenschaften.   Hinterl\u00e4sst eine saubere Oberfl\u00e4che und einen frischen Duft.   Entfernt effektiv Fette, \u00d6le, Schmierstoffe, Haushaltsverschmutzungen, Ru\u00df, Flecken auf Polstern und Teppichen.   Reinigt und entfettet r\u00fcckstandsfrei \u2013 entfernt Schlieren auf Scheiben, lackierten Oberfl\u00e4chen und INOX-Blech.   Hinterl\u00e4sst eine saubere Oberfl\u00e4che und einen frischen Duft.   Sicher f\u00fcr Metalle: Stahl, Aluminium, Titan, Magnesium, Zink.   Besch\u00e4digt Vinyl-, lackierte, Holz- und laminierte Oberfl\u00e4chen nicht.   Die Aerosolverpackung wirkt sich nicht negativ auf die Ozonschicht aus (CFC-frei).\" \/>\n<meta property=\"og:url\" content=\"https:\/\/nanoclean24.com\/de\/produkte\/superfoam-400-ml-mc-1272\/\" \/>\n<meta property=\"og:site_name\" content=\"NANOCLEAN\" \/>\n<meta property=\"article:modified_time\" content=\"2025-10-23T09:55:36+00:00\" \/>\n<meta property=\"og:image\" content=\"https:\/\/nanoclean24.com\/wp-content\/uploads\/2025\/07\/SUPERFOAM-400-ml-MC-1272.webp\" \/>\n\t<meta property=\"og:image:width\" content=\"900\" \/>\n\t<meta property=\"og:image:height\" content=\"900\" \/>\n\t<meta property=\"og:image:type\" content=\"image\/webp\" \/>\n<meta name=\"twitter:card\" content=\"summary_large_image\" \/>\n<meta name=\"twitter:label1\" content=\"Gesch\u00e4tzte Lesezeit\" \/>\n\t<meta name=\"twitter:data1\" content=\"1\u00a0Minute\" \/>\n<script type=\"application\/ld+json\" class=\"yoast-schema-graph\">{\"@context\":\"https:\\\/\\\/schema.org\",\"@graph\":[{\"@type\":\"WebPage\",\"@id\":\"https:\\\/\\\/nanoclean24.com\\\/de\\\/produkte\\\/superfoam-400-ml-mc-1272\\\/\",\"url\":\"https:\\\/\\\/nanoclean24.com\\\/de\\\/produkte\\\/superfoam-400-ml-mc-1272\\\/\",\"name\":\"SUPERFOAM 400 ml (MC-1272) - NANOCLEAN\",\"isPartOf\":{\"@id\":\"https:\\\/\\\/nanoclean24.com\\\/de\\\/#website\"},\"primaryImageOfPage\":{\"@id\":\"https:\\\/\\\/nanoclean24.com\\\/de\\\/produkte\\\/superfoam-400-ml-mc-1272\\\/#primaryimage\"},\"image\":{\"@id\":\"https:\\\/\\\/nanoclean24.com\\\/de\\\/produkte\\\/superfoam-400-ml-mc-1272\\\/#primaryimage\"},\"thumbnailUrl\":\"https:\\\/\\\/nanoclean24.com\\\/wp-content\\\/uploads\\\/2025\\\/07\\\/SUPERFOAM-400-ml-MC-1272.webp\",\"datePublished\":\"2025-07-20T16:12:59+00:00\",\"dateModified\":\"2025-10-23T09:55:36+00:00\",\"breadcrumb\":{\"@id\":\"https:\\\/\\\/nanoclean24.com\\\/de\\\/produkte\\\/superfoam-400-ml-mc-1272\\\/#breadcrumb\"},\"inLanguage\":\"de\",\"potentialAction\":[{\"@type\":\"ReadAction\",\"target\":[\"https:\\\/\\\/nanoclean24.com\\\/de\\\/produkte\\\/superfoam-400-ml-mc-1272\\\/\"]}]},{\"@type\":\"ImageObject\",\"inLanguage\":\"de\",\"@id\":\"https:\\\/\\\/nanoclean24.com\\\/de\\\/produkte\\\/superfoam-400-ml-mc-1272\\\/#primaryimage\",\"url\":\"https:\\\/\\\/nanoclean24.com\\\/wp-content\\\/uploads\\\/2025\\\/07\\\/SUPERFOAM-400-ml-MC-1272.webp\",\"contentUrl\":\"https:\\\/\\\/nanoclean24.com\\\/wp-content\\\/uploads\\\/2025\\\/07\\\/SUPERFOAM-400-ml-MC-1272.webp\",\"width\":900,\"height\":900},{\"@type\":\"BreadcrumbList\",\"@id\":\"https:\\\/\\\/nanoclean24.com\\\/de\\\/produkte\\\/superfoam-400-ml-mc-1272\\\/#breadcrumb\",\"itemListElement\":[{\"@type\":\"ListItem\",\"position\":1,\"name\":\"Strona g\u0142\u00f3wna\",\"item\":\"https:\\\/\\\/nanoclean24.com\\\/de\\\/\"},{\"@type\":\"ListItem\",\"position\":2,\"name\":\"Shop\",\"item\":\"https:\\\/\\\/nanoclean24.com\\\/de\\\/shop\\\/\"},{\"@type\":\"ListItem\",\"position\":3,\"name\":\"SUPERFOAM 400 ml (MC-1272)\"}]},{\"@type\":\"WebSite\",\"@id\":\"https:\\\/\\\/nanoclean24.com\\\/de\\\/#website\",\"url\":\"https:\\\/\\\/nanoclean24.com\\\/de\\\/\",\"name\":\"NanoClean\",\"description\":\"\",\"publisher\":{\"@id\":\"https:\\\/\\\/nanoclean24.com\\\/de\\\/#organization\"},\"potentialAction\":[{\"@type\":\"SearchAction\",\"target\":{\"@type\":\"EntryPoint\",\"urlTemplate\":\"https:\\\/\\\/nanoclean24.com\\\/de\\\/?s={search_term_string}\"},\"query-input\":{\"@type\":\"PropertyValueSpecification\",\"valueRequired\":true,\"valueName\":\"search_term_string\"}}],\"inLanguage\":\"de\"},{\"@type\":\"Organization\",\"@id\":\"https:\\\/\\\/nanoclean24.com\\\/de\\\/#organization\",\"name\":\"NanoClean\",\"url\":\"https:\\\/\\\/nanoclean24.com\\\/de\\\/\",\"logo\":{\"@type\":\"ImageObject\",\"inLanguage\":\"de\",\"@id\":\"https:\\\/\\\/nanoclean24.com\\\/de\\\/#\\\/schema\\\/logo\\\/image\\\/\",\"url\":\"https:\\\/\\\/nanoclean24.com\\\/wp-content\\\/uploads\\\/2025\\\/07\\\/logo-2.jpg\",\"contentUrl\":\"https:\\\/\\\/nanoclean24.com\\\/wp-content\\\/uploads\\\/2025\\\/07\\\/logo-2.jpg\",\"width\":1068,\"height\":224,\"caption\":\"NanoClean\"},\"image\":{\"@id\":\"https:\\\/\\\/nanoclean24.com\\\/de\\\/#\\\/schema\\\/logo\\\/image\\\/\"}}]}<\/script>\n<!-- \/ Yoast SEO plugin. -->","yoast_head_json":{"title":"SUPERFOAM 400 ml (MC-1272) - NANOCLEAN","robots":{"index":"index","follow":"follow","max-snippet":"max-snippet:-1","max-image-preview":"max-image-preview:large","max-video-preview":"max-video-preview:-1"},"canonical":"https:\/\/nanoclean24.com\/de\/produkte\/superfoam-400-ml-mc-1272\/","og_locale":"de_DE","og_type":"article","og_title":"SUPERFOAM 400 ml (MC-1272) - NANOCLEAN","og_description":"Ein starkes Reinigungsmittel, das dank aktiver Schauminhaltsstoffe den Oberfl\u00e4chenreinigungsprozess unterst\u00fctzt.   Ist als Schaum formuliert, wodurch er nicht abl\u00e4uft und auf Oberfl\u00e4chen haftet.   Entfernt effektiv \u00d6le und die meisten Verschmutzungen im B\u00fcro, in Werkst\u00e4tten und Industriehallen.   Besitzt antistatische Eigenschaften.   Hinterl\u00e4sst eine saubere Oberfl\u00e4che und einen frischen Duft.   Entfernt effektiv Fette, \u00d6le, Schmierstoffe, Haushaltsverschmutzungen, Ru\u00df, Flecken auf Polstern und Teppichen.   Reinigt und entfettet r\u00fcckstandsfrei \u2013 entfernt Schlieren auf Scheiben, lackierten Oberfl\u00e4chen und INOX-Blech.   Hinterl\u00e4sst eine saubere Oberfl\u00e4che und einen frischen Duft.   Sicher f\u00fcr Metalle: Stahl, Aluminium, Titan, Magnesium, Zink.   Besch\u00e4digt Vinyl-, lackierte, Holz- und laminierte Oberfl\u00e4chen nicht.   Die Aerosolverpackung wirkt sich nicht negativ auf die Ozonschicht aus (CFC-frei).","og_url":"https:\/\/nanoclean24.com\/de\/produkte\/superfoam-400-ml-mc-1272\/","og_site_name":"NANOCLEAN","article_modified_time":"2025-10-23T09:55:36+00:00","og_image":[{"width":900,"height":900,"url":"https:\/\/nanoclean24.com\/wp-content\/uploads\/2025\/07\/SUPERFOAM-400-ml-MC-1272.webp","type":"image\/webp"}],"twitter_card":"summary_large_image","twitter_misc":{"Gesch\u00e4tzte Lesezeit":"1\u00a0Minute"},"schema":{"@context":"https:\/\/schema.org","@graph":[{"@type":"WebPage","@id":"https:\/\/nanoclean24.com\/de\/produkte\/superfoam-400-ml-mc-1272\/","url":"https:\/\/nanoclean24.com\/de\/produkte\/superfoam-400-ml-mc-1272\/","name":"SUPERFOAM 400 ml (MC-1272) - NANOCLEAN","isPartOf":{"@id":"https:\/\/nanoclean24.com\/de\/#website"},"primaryImageOfPage":{"@id":"https:\/\/nanoclean24.com\/de\/produkte\/superfoam-400-ml-mc-1272\/#primaryimage"},"image":{"@id":"https:\/\/nanoclean24.com\/de\/produkte\/superfoam-400-ml-mc-1272\/#primaryimage"},"thumbnailUrl":"https:\/\/nanoclean24.com\/wp-content\/uploads\/2025\/07\/SUPERFOAM-400-ml-MC-1272.webp","datePublished":"2025-07-20T16:12:59+00:00","dateModified":"2025-10-23T09:55:36+00:00","breadcrumb":{"@id":"https:\/\/nanoclean24.com\/de\/produkte\/superfoam-400-ml-mc-1272\/#breadcrumb"},"inLanguage":"de","potentialAction":[{"@type":"ReadAction","target":["https:\/\/nanoclean24.com\/de\/produkte\/superfoam-400-ml-mc-1272\/"]}]},{"@type":"ImageObject","inLanguage":"de","@id":"https:\/\/nanoclean24.com\/de\/produkte\/superfoam-400-ml-mc-1272\/#primaryimage","url":"https:\/\/nanoclean24.com\/wp-content\/uploads\/2025\/07\/SUPERFOAM-400-ml-MC-1272.webp","contentUrl":"https:\/\/nanoclean24.com\/wp-content\/uploads\/2025\/07\/SUPERFOAM-400-ml-MC-1272.webp","width":900,"height":900},{"@type":"BreadcrumbList","@id":"https:\/\/nanoclean24.com\/de\/produkte\/superfoam-400-ml-mc-1272\/#breadcrumb","itemListElement":[{"@type":"ListItem","position":1,"name":"Strona g\u0142\u00f3wna","item":"https:\/\/nanoclean24.com\/de\/"},{"@type":"ListItem","position":2,"name":"Shop","item":"https:\/\/nanoclean24.com\/de\/shop\/"},{"@type":"ListItem","position":3,"name":"SUPERFOAM 400 ml (MC-1272)"}]},{"@type":"WebSite","@id":"https:\/\/nanoclean24.com\/de\/#website","url":"https:\/\/nanoclean24.com\/de\/","name":"NanoClean","description":"","publisher":{"@id":"https:\/\/nanoclean24.com\/de\/#organization"},"potentialAction":[{"@type":"SearchAction","target":{"@type":"EntryPoint","urlTemplate":"https:\/\/nanoclean24.com\/de\/?s={search_term_string}"},"query-input":{"@type":"PropertyValueSpecification","valueRequired":true,"valueName":"search_term_string"}}],"inLanguage":"de"},{"@type":"Organization","@id":"https:\/\/nanoclean24.com\/de\/#organization","name":"NanoClean","url":"https:\/\/nanoclean24.com\/de\/","logo":{"@type":"ImageObject","inLanguage":"de","@id":"https:\/\/nanoclean24.com\/de\/#\/schema\/logo\/image\/","url":"https:\/\/nanoclean24.com\/wp-content\/uploads\/2025\/07\/logo-2.jpg","contentUrl":"https:\/\/nanoclean24.com\/wp-content\/uploads\/2025\/07\/logo-2.jpg","width":1068,"height":224,"caption":"NanoClean"},"image":{"@id":"https:\/\/nanoclean24.com\/de\/#\/schema\/logo\/image\/"}}]}},"taxonomy_info":{"product_cat":[{"value":103,"label":"SMARMAX"}]},"featured_image_src_large":["https:\/\/nanoclean24.com\/wp-content\/uploads\/2025\/07\/SUPERFOAM-400-ml-MC-1272.webp",900,900,false],"author_info":[],"comment_info":"","_links":{"self":[{"href":"https:\/\/nanoclean24.com\/de\/wp-json\/wp\/v2\/product\/4507","targetHints":{"allow":["GET"]}}],"collection":[{"href":"https:\/\/nanoclean24.com\/de\/wp-json\/wp\/v2\/product"}],"about":[{"href":"https:\/\/nanoclean24.com\/de\/wp-json\/wp\/v2\/types\/product"}],"wp:featuredmedia":[{"embeddable":true,"href":"https:\/\/nanoclean24.com\/de\/wp-json\/wp\/v2\/media\/3820"}],"wp:attachment":[{"href":"https:\/\/nanoclean24.com\/de\/wp-json\/wp\/v2\/media?parent=4507"}],"wp:term":[{"taxonomy":"product_brand","embeddable":true,"href":"https:\/\/nanoclean24.com\/de\/wp-json\/wp\/v2\/product_brand?post=4507"},{"taxonomy":"product_cat","embeddable":true,"href":"https:\/\/nanoclean24.com\/de\/wp-json\/wp\/v2\/product_cat?post=4507"},{"taxonomy":"product_tag","embeddable":true,"href":"https:\/\/nanoclean24.com\/de\/wp-json\/wp\/v2\/product_tag?post=4507"}],"curies":[{"name":"wp","href":"https:\/\/api.w.org\/{rel}","templated":true}]}}