{"id":4506,"date":"2025-07-20T18:16:28","date_gmt":"2025-07-20T16:16:28","guid":{"rendered":"https:\/\/kadence.nanoclean.dev\/produkt\/smarmax-tf-lac-mc-9411-500ml\/"},"modified":"2025-10-23T11:55:55","modified_gmt":"2025-10-23T09:55:55","slug":"smarmax-tf-lac-mc-9411-500ml","status":"publish","type":"product","link":"https:\/\/nanoclean24.com\/de\/produkte\/smarmax-tf-lac-mc-9411-500ml\/","title":{"rendered":"SMARMAX\u00ae TF-LAC (MC-9411) 500ml"},"content":{"rendered":"<p>SMARMAX\u00ae TF-LAC trockener, sauberer Teflon-Schmierstoff, abriebfest und zum Beseitigen von Quietschen<\/p>\n<h3><b>Anwendung<\/b><\/h3>\n<ul>\n<li>Schmierung von Gleitfl\u00e4chen, F\u00fchrungen, Schienen, Scharnieren, Schl\u00f6ssern, Seilen, Ketten, Messern, Rasenm\u00e4hern, Guillotinen, Schrauben, S\u00e4gen, S\u00e4gebl\u00e4ttern, kleinen, gering belasteten Mechanismen, Rollen, R\u00e4dern, Dichtungen, O-Ringen, Pneumatikkomponenten, Gewinden, Buchsen, Federn, H\u00e4hnen, Ventilen und \u00fcberall dort, wo eine unsichtbare, saubere und trockene Schmierung erforderlich ist.<\/li>\n<li>Teflon-Schmierstoff \u00ae* f\u00fcr por\u00f6se und unebene Oberfl\u00e4chen, die zum Verklemmen, Ger\u00e4uschen oder Quietschen neigen.<\/li>\n<li>PTFE-Schmierstoff f\u00fcr Fahrzeuginnenraumkomponenten aus Metall-Kunststoff-Gummi, die zu Ger\u00e4uschen, Quietschen usw. neigen.<\/li>\n<li>Schmierung von Metall-Metall-, Metall-Kunststoff-, Metall-Gummi-, Gummi-, Kunststoff-, Leder-, Glas-, Papier-, Karton-, Holz- und Textiloberfl\u00e4chen sowie vielen anderen Materialien usw.<\/li>\n<li>Verbessert die Isolierung von Elektrokabeln.<\/li>\n<li>Teflon-Schmierstoff\u00ae* f\u00fcr stark vibrierende Teile \u2013 Schutz vor Reibkorrosion (Reibschwingungen).<\/li>\n<li>Korrosionsschutz und Chemikalienbest\u00e4ndigkeit von Metallen.<\/li>\n<li>Ger\u00e4uschreduzierung und D\u00e4mpfung von Klopfger\u00e4uschen, Reibung, Verklemmen\u2026<\/li>\n<li>Schmierstoff f\u00fcr Schubladen, Scharniere, Schl\u00f6sser.<\/li>\n<li>Schmierung von Fenster- und T\u00fcrteilen sowie Geb\u00e4udeausstattung.<\/li>\n<li>Trennmittel f\u00fcr Formen (Gummi- und Kunststoffprodukte).<\/li>\n<li>In Werkst\u00e4tten, in jeder Industrie, in der Produktion, in der Instandhaltung, im Transportwesen, in Geb\u00e4uden, in der Lebensmittel-, Pharma- und Automobilindustrie.<\/li>\n<\/ul>\n<h3><b>Anwendungshinweise<\/b><\/h3>\n<ol>\n<li>Vor Gebrauch sch\u00fctteln. F\u00fcr beste Haftung auf der Oberfl\u00e4che empfehlen wir die Anwendung auf entfetteten Oberfl\u00e4chen, z.B. mit SMARMAX\u00ae-SUPERSOL. <\/li>\n<li>5 Minuten warten, bis der Schmierfilm getrocknet und ausgeh\u00e4rtet ist.<\/li>\n<\/ol>\n<p><strong>Schmierung von Motorradketten:<\/strong><\/p>\n<p>1. Kette reinigen und entfetten, z.B. mit SMARMAX\u00ae-SUPERSOL.<\/p>\n<p>2. Den trockenen, penetrierenden Teflon-Schmierstoff SMARMAX\u00ae-TF-LAC auftragen und 5 Minuten warten.<\/p>\n<p>3. F\u00fcr beste Ergebnisse zus\u00e4tzlich den penetrierenden Fl\u00fcssigschmierstoff SMARMAX\u00ae-TF-SUPER verwenden, der die Lebensdauer der Kette sch\u00fctzt und verl\u00e4ngert, oder SMARMAX\u00ae-TF-EXTRA f\u00fcr Ketten, die in Wasser und Schlamm arbeiten, danach die Kette mit einem Tuch abwischen.<\/p>\n","protected":false},"excerpt":{"rendered":"<p><strong><img decoding=\"async\" class=\"emoji\" role=\"img\" src=\"https:\/\/s.w.org\/images\/core\/emoji\/16.0.1\/svg\/2705.svg\" alt=\"\u2705\" \/> <\/strong>SMARMAX\u00ae-TF-LAC ist ein Teflon-Schmierstoff \u00ae*, der nicht fleckt, nicht staubt, nicht verschmutzt und keinen Staub anzieht. Er trocknet sofort, reibt sich nicht ab, ist transparent, fast unsichtbar und trocken im Griff. Er nimmt keine \u00d6le, Wasser oder Schmutz auf.<\/p>\n<p><strong><img decoding=\"async\" class=\"emoji\" role=\"img\" src=\"https:\/\/s.w.org\/images\/core\/emoji\/16.0.1\/svg\/2705.svg\" alt=\"\u2705\" \/> <\/strong>Die spezielle Schmierstoffformel mit Mikro-PTFE oder auch Teflon\u00ae* penetriert hervorragend, f\u00fcllt feinste Poren. Erneuert und gl\u00e4ttet Gleitfl\u00e4chen.<\/p>\n<p><strong><img decoding=\"async\" class=\"emoji\" role=\"img\" src=\"https:\/\/s.w.org\/images\/core\/emoji\/16.0.1\/svg\/2705.svg\" alt=\"\u2705\" \/> <\/strong>Trockener, sauberer Teflon-Schmierstoff \u00ae*, abriebfest, mit dem niedrigsten Reibungskoeffizienten.<\/p>\n<p><strong><img decoding=\"async\" class=\"emoji\" role=\"img\" src=\"https:\/\/s.w.org\/images\/core\/emoji\/16.0.1\/svg\/2705.svg\" alt=\"\u2705\" \/> <\/strong>SMARMAX\u00ae-TF-LAC ist trocken im Griff, ein unsichtbarer Schmier- und Trennlack \u2013 ein Separator auf PTFE-Basis<\/p>\n<p><strong><img decoding=\"async\" class=\"emoji\" role=\"img\" src=\"https:\/\/s.w.org\/images\/core\/emoji\/16.0.1\/svg\/2705.svg\" alt=\"\u2705\" \/> <\/strong>Teflon-Schmierstoff \u00ae*, der sich hervorragend eignet f\u00fcr Gleitfl\u00e4chen, F\u00fchrungen, Scharniere, Schl\u00f6sser, Seile, Ketten, kleine Mechanismen, Rollen, R\u00e4der und \u00fcberall dort, wo eine unsichtbare, saubere und trockene Schmierung erforderlich ist.<\/p>\n<p><strong><img decoding=\"async\" class=\"emoji\" role=\"img\" src=\"https:\/\/s.w.org\/images\/core\/emoji\/16.0.1\/svg\/2705.svg\" alt=\"\u2705\" \/> <\/strong>SMARMAX\u00ae-TF-LAC ist ein Schmierstoff mit Teflonzusatz \u00ae*, der Quietschen und Ger\u00e4usche hervorragend d\u00e4mpft, Reibung und Vibrationen eliminiert sowie Ger\u00e4usche, die durch Oberfl\u00e4chenunebenheiten und Verklemmen entstehen.<\/p>\n<p><strong><img decoding=\"async\" class=\"emoji\" role=\"img\" src=\"https:\/\/s.w.org\/images\/core\/emoji\/16.0.1\/svg\/2705.svg\" alt=\"\u2705\" \/> <\/strong>Garantiert eine verl\u00e4ngerte Schmierwirkung auf Kontaktfl\u00e4chen wie Metall-Metall, Metall-Kunststoff, Metall-Gummi, Gummi-Kunststoff, Kunststoff-Kunststoff usw.<\/p>\n<p><strong><img decoding=\"async\" class=\"emoji\" role=\"img\" src=\"https:\/\/s.w.org\/images\/core\/emoji\/16.0.1\/svg\/2705.svg\" alt=\"\u2705\" \/> <\/strong>SMARMAX\u00ae-TF-LAC verk\u00fcrzt die Wartungszeit, da die geschmierte Oberfl\u00e4che keine Reinigung erfordert. Reinigt und schmiert verschmutzte und verklebte Mechanismen in einem Arbeitsgang. Trocknet sofort.<\/p>\n<p><strong><img decoding=\"async\" class=\"emoji\" role=\"img\" src=\"https:\/\/s.w.org\/images\/core\/emoji\/16.0.1\/svg\/2705.svg\" alt=\"\u2705\" \/> <\/strong>SMARMAX\u00ae-TF-LAC ist ein Teflon-Schmierstoff\u00ae*, der korrosionshemmend wirkt, Feuchtigkeit entfernt, Wasser verdr\u00e4ngt und Oberfl\u00e4chen vor Korrosion und dem Angriff aggressiver Chemikalien sch\u00fctzt.<\/p>\n<p><strong><img decoding=\"async\" class=\"emoji\" role=\"img\" src=\"https:\/\/s.w.org\/images\/core\/emoji\/16.0.1\/svg\/2705.svg\" alt=\"\u2705\" \/> <\/strong>Teflon-Schmierstoff\u00ae* bildet eine Beschichtung mit au\u00dfergew\u00f6hnlicher Haftung dank Harz- und PTFE-Zus\u00e4tzen.<\/p>\n<p><strong><img decoding=\"async\" class=\"emoji\" role=\"img\" src=\"https:\/\/s.w.org\/images\/core\/emoji\/16.0.1\/svg\/2705.svg\" alt=\"\u2705\" \/> <\/strong>Best\u00e4ndig gegen UV-Strahlung, oxidierende Verbindungen, Benzin, \u00d6le, S\u00e4uren, Laugen.<\/p>\n<p><strong><img decoding=\"async\" class=\"emoji\" role=\"img\" src=\"https:\/\/s.w.org\/images\/core\/emoji\/16.0.1\/svg\/2705.svg\" alt=\"\u2705\" \/> <\/strong>SMARMAX\u00ae-TF-LAC ersetzt die meisten Trockenschmierstoffe, die<br \/>\nunter schwierigsten Bedingungen arbeiten.<\/p>\n<p><strong><img decoding=\"async\" class=\"emoji\" role=\"img\" src=\"https:\/\/s.w.org\/images\/core\/emoji\/16.0.1\/svg\/2705.svg\" alt=\"\u2705\" \/> <\/strong>Ersetzt hervorragend Molybd\u00e4n-, Graphit- und Keramikschmierstoffe und garantiert gleichzeitig eine l\u00e4ngere Wirkung, Sauberkeit ohne Staubanziehung und Ger\u00e4uschreduzierung im Betrieb.<\/p>\n","protected":false},"featured_media":3825,"template":"","meta":{"_kad_blocks_custom_css":"","_kad_blocks_head_custom_js":"","_kad_blocks_body_custom_js":"","_kad_blocks_footer_custom_js":"","_kad_post_transparent":"","_kad_post_title":"","_kad_post_layout":"","_kad_post_sidebar_id":"","_kad_post_content_style":"","_kad_post_vertical_padding":"","_kad_post_feature":"","_kad_post_feature_position":"","_kad_post_header":false,"_kad_post_footer":false,"_kad_post_classname":""},"product_brand":[],"product_cat":[103],"product_tag":[],"class_list":{"0":"post-4506","1":"product","2":"type-product","3":"status-publish","4":"has-post-thumbnail","6":"product_cat-smarmax-de","8":"first","9":"instock","10":"taxable","11":"shipping-taxable","12":"purchasable","13":"product-type-simple","14":"entry","15":"content-bg","16":"loop-entry"},"yoast_head":"<!-- This site is optimized with the Yoast SEO plugin v27.2 - https:\/\/yoast.com\/product\/yoast-seo-wordpress\/ -->\n<title>SMARMAX\u00ae TF-LAC (MC-9411) 500ml - NANOCLEAN<\/title>\n<meta name=\"robots\" content=\"index, follow, max-snippet:-1, max-image-preview:large, max-video-preview:-1\" \/>\n<link rel=\"canonical\" href=\"https:\/\/nanoclean24.com\/de\/produkte\/smarmax-tf-lac-mc-9411-500ml\/\" \/>\n<meta property=\"og:locale\" content=\"de_DE\" \/>\n<meta property=\"og:type\" content=\"article\" \/>\n<meta property=\"og:title\" content=\"SMARMAX\u00ae TF-LAC (MC-9411) 500ml - NANOCLEAN\" \/>\n<meta property=\"og:description\" content=\"SMARMAX\u00ae-TF-LAC ist ein Teflon-Schmierstoff \u00ae*, der nicht fleckt, nicht staubt, nicht verschmutzt und keinen Staub anzieht. Er trocknet sofort, reibt sich nicht ab, ist transparent, fast unsichtbar und trocken im Griff. Er nimmt keine \u00d6le, Wasser oder Schmutz auf.   Die spezielle Schmierstoffformel mit Mikro-PTFE oder auch Teflon\u00ae* penetriert hervorragend, f\u00fcllt feinste Poren. Erneuert und gl\u00e4ttet Gleitfl\u00e4chen.   Trockener, sauberer Teflon-Schmierstoff \u00ae*, abriebfest, mit dem niedrigsten Reibungskoeffizienten.   SMARMAX\u00ae-TF-LAC ist trocken im Griff, ein unsichtbarer Schmier- und Trennlack \u2013 ein Separator auf PTFE-Basis   Teflon-Schmierstoff \u00ae*, der sich hervorragend eignet f\u00fcr Gleitfl\u00e4chen, F\u00fchrungen, Scharniere, Schl\u00f6sser, Seile, Ketten, kleine Mechanismen, Rollen, R\u00e4der und \u00fcberall dort, wo eine unsichtbare, saubere und trockene Schmierung erforderlich ist.   SMARMAX\u00ae-TF-LAC ist ein Schmierstoff mit Teflonzusatz \u00ae*, der Quietschen und Ger\u00e4usche hervorragend d\u00e4mpft, Reibung und Vibrationen eliminiert sowie Ger\u00e4usche, die durch Oberfl\u00e4chenunebenheiten und Verklemmen entstehen.   Garantiert eine verl\u00e4ngerte Schmierwirkung auf Kontaktfl\u00e4chen wie Metall-Metall, Metall-Kunststoff, Metall-Gummi, Gummi-Kunststoff, Kunststoff-Kunststoff usw.   SMARMAX\u00ae-TF-LAC verk\u00fcrzt die Wartungszeit, da die geschmierte Oberfl\u00e4che keine Reinigung erfordert. Reinigt und schmiert verschmutzte und verklebte Mechanismen in einem Arbeitsgang. Trocknet sofort.   SMARMAX\u00ae-TF-LAC ist ein Teflon-Schmierstoff\u00ae*, der korrosionshemmend wirkt, Feuchtigkeit entfernt, Wasser verdr\u00e4ngt und Oberfl\u00e4chen vor Korrosion und dem Angriff aggressiver Chemikalien sch\u00fctzt.   Teflon-Schmierstoff\u00ae* bildet eine Beschichtung mit au\u00dfergew\u00f6hnlicher Haftung dank Harz- und PTFE-Zus\u00e4tzen.   Best\u00e4ndig gegen UV-Strahlung, oxidierende Verbindungen, Benzin, \u00d6le, S\u00e4uren, Laugen.   SMARMAX\u00ae-TF-LAC ersetzt die meisten Trockenschmierstoffe, die unter schwierigsten Bedingungen arbeiten.   Ersetzt hervorragend Molybd\u00e4n-, Graphit- und Keramikschmierstoffe und garantiert gleichzeitig eine l\u00e4ngere Wirkung, Sauberkeit ohne Staubanziehung und Ger\u00e4uschreduzierung im Betrieb.\" \/>\n<meta property=\"og:url\" content=\"https:\/\/nanoclean24.com\/de\/produkte\/smarmax-tf-lac-mc-9411-500ml\/\" \/>\n<meta property=\"og:site_name\" content=\"NANOCLEAN\" \/>\n<meta property=\"article:modified_time\" content=\"2025-10-23T09:55:55+00:00\" \/>\n<meta property=\"og:image\" content=\"https:\/\/nanoclean24.com\/wp-content\/uploads\/2025\/07\/SMARMAX\u00ae-TF-LAC-MC-9411-500ml.webp\" \/>\n\t<meta property=\"og:image:width\" content=\"900\" \/>\n\t<meta property=\"og:image:height\" content=\"900\" \/>\n\t<meta property=\"og:image:type\" content=\"image\/webp\" \/>\n<meta name=\"twitter:card\" content=\"summary_large_image\" \/>\n<meta name=\"twitter:label1\" content=\"Gesch\u00e4tzte Lesezeit\" \/>\n\t<meta name=\"twitter:data1\" content=\"1\u00a0Minute\" \/>\n<script type=\"application\/ld+json\" class=\"yoast-schema-graph\">{\"@context\":\"https:\/\/schema.org\",\"@graph\":[{\"@type\":\"WebPage\",\"@id\":\"https:\/\/nanoclean24.com\/de\/produkte\/smarmax-tf-lac-mc-9411-500ml\/\",\"url\":\"https:\/\/nanoclean24.com\/de\/produkte\/smarmax-tf-lac-mc-9411-500ml\/\",\"name\":\"SMARMAX\u00ae TF-LAC (MC-9411) 500ml - NANOCLEAN\",\"isPartOf\":{\"@id\":\"https:\/\/nanoclean24.com\/de\/#website\"},\"primaryImageOfPage\":{\"@id\":\"https:\/\/nanoclean24.com\/de\/produkte\/smarmax-tf-lac-mc-9411-500ml\/#primaryimage\"},\"image\":{\"@id\":\"https:\/\/nanoclean24.com\/de\/produkte\/smarmax-tf-lac-mc-9411-500ml\/#primaryimage\"},\"thumbnailUrl\":\"https:\/\/nanoclean24.com\/wp-content\/uploads\/2025\/07\/SMARMAX\u00ae-TF-LAC-MC-9411-500ml.webp\",\"datePublished\":\"2025-07-20T16:16:28+00:00\",\"dateModified\":\"2025-10-23T09:55:55+00:00\",\"breadcrumb\":{\"@id\":\"https:\/\/nanoclean24.com\/de\/produkte\/smarmax-tf-lac-mc-9411-500ml\/#breadcrumb\"},\"inLanguage\":\"de\",\"potentialAction\":[{\"@type\":\"ReadAction\",\"target\":[\"https:\/\/nanoclean24.com\/de\/produkte\/smarmax-tf-lac-mc-9411-500ml\/\"]}]},{\"@type\":\"ImageObject\",\"inLanguage\":\"de\",\"@id\":\"https:\/\/nanoclean24.com\/de\/produkte\/smarmax-tf-lac-mc-9411-500ml\/#primaryimage\",\"url\":\"https:\/\/nanoclean24.com\/wp-content\/uploads\/2025\/07\/SMARMAX\u00ae-TF-LAC-MC-9411-500ml.webp\",\"contentUrl\":\"https:\/\/nanoclean24.com\/wp-content\/uploads\/2025\/07\/SMARMAX\u00ae-TF-LAC-MC-9411-500ml.webp\",\"width\":900,\"height\":900},{\"@type\":\"BreadcrumbList\",\"@id\":\"https:\/\/nanoclean24.com\/de\/produkte\/smarmax-tf-lac-mc-9411-500ml\/#breadcrumb\",\"itemListElement\":[{\"@type\":\"ListItem\",\"position\":1,\"name\":\"Strona g\u0142\u00f3wna\",\"item\":\"https:\/\/nanoclean24.com\/de\/\"},{\"@type\":\"ListItem\",\"position\":2,\"name\":\"Shop\",\"item\":\"https:\/\/nanoclean24.com\/de\/shop\/\"},{\"@type\":\"ListItem\",\"position\":3,\"name\":\"SMARMAX\u00ae TF-LAC (MC-9411) 500ml\"}]},{\"@type\":\"WebSite\",\"@id\":\"https:\/\/nanoclean24.com\/de\/#website\",\"url\":\"https:\/\/nanoclean24.com\/de\/\",\"name\":\"NanoClean\",\"description\":\"\",\"publisher\":{\"@id\":\"https:\/\/nanoclean24.com\/de\/#organization\"},\"potentialAction\":[{\"@type\":\"SearchAction\",\"target\":{\"@type\":\"EntryPoint\",\"urlTemplate\":\"https:\/\/nanoclean24.com\/de\/?s={search_term_string}\"},\"query-input\":{\"@type\":\"PropertyValueSpecification\",\"valueRequired\":true,\"valueName\":\"search_term_string\"}}],\"inLanguage\":\"de\"},{\"@type\":\"Organization\",\"@id\":\"https:\/\/nanoclean24.com\/de\/#organization\",\"name\":\"NanoClean\",\"url\":\"https:\/\/nanoclean24.com\/de\/\",\"logo\":{\"@type\":\"ImageObject\",\"inLanguage\":\"de\",\"@id\":\"https:\/\/nanoclean24.com\/de\/#\/schema\/logo\/image\/\",\"url\":\"https:\/\/nanoclean24.com\/wp-content\/uploads\/2025\/07\/logo-2.jpg\",\"contentUrl\":\"https:\/\/nanoclean24.com\/wp-content\/uploads\/2025\/07\/logo-2.jpg\",\"width\":1068,\"height\":224,\"caption\":\"NanoClean\"},\"image\":{\"@id\":\"https:\/\/nanoclean24.com\/de\/#\/schema\/logo\/image\/\"}}]}<\/script>\n<!-- \/ Yoast SEO plugin. -->","yoast_head_json":{"title":"SMARMAX\u00ae TF-LAC (MC-9411) 500ml - NANOCLEAN","robots":{"index":"index","follow":"follow","max-snippet":"max-snippet:-1","max-image-preview":"max-image-preview:large","max-video-preview":"max-video-preview:-1"},"canonical":"https:\/\/nanoclean24.com\/de\/produkte\/smarmax-tf-lac-mc-9411-500ml\/","og_locale":"de_DE","og_type":"article","og_title":"SMARMAX\u00ae TF-LAC (MC-9411) 500ml - NANOCLEAN","og_description":"SMARMAX\u00ae-TF-LAC ist ein Teflon-Schmierstoff \u00ae*, der nicht fleckt, nicht staubt, nicht verschmutzt und keinen Staub anzieht. Er trocknet sofort, reibt sich nicht ab, ist transparent, fast unsichtbar und trocken im Griff. Er nimmt keine \u00d6le, Wasser oder Schmutz auf.   Die spezielle Schmierstoffformel mit Mikro-PTFE oder auch Teflon\u00ae* penetriert hervorragend, f\u00fcllt feinste Poren. Erneuert und gl\u00e4ttet Gleitfl\u00e4chen.   Trockener, sauberer Teflon-Schmierstoff \u00ae*, abriebfest, mit dem niedrigsten Reibungskoeffizienten.   SMARMAX\u00ae-TF-LAC ist trocken im Griff, ein unsichtbarer Schmier- und Trennlack \u2013 ein Separator auf PTFE-Basis   Teflon-Schmierstoff \u00ae*, der sich hervorragend eignet f\u00fcr Gleitfl\u00e4chen, F\u00fchrungen, Scharniere, Schl\u00f6sser, Seile, Ketten, kleine Mechanismen, Rollen, R\u00e4der und \u00fcberall dort, wo eine unsichtbare, saubere und trockene Schmierung erforderlich ist.   SMARMAX\u00ae-TF-LAC ist ein Schmierstoff mit Teflonzusatz \u00ae*, der Quietschen und Ger\u00e4usche hervorragend d\u00e4mpft, Reibung und Vibrationen eliminiert sowie Ger\u00e4usche, die durch Oberfl\u00e4chenunebenheiten und Verklemmen entstehen.   Garantiert eine verl\u00e4ngerte Schmierwirkung auf Kontaktfl\u00e4chen wie Metall-Metall, Metall-Kunststoff, Metall-Gummi, Gummi-Kunststoff, Kunststoff-Kunststoff usw.   SMARMAX\u00ae-TF-LAC verk\u00fcrzt die Wartungszeit, da die geschmierte Oberfl\u00e4che keine Reinigung erfordert. Reinigt und schmiert verschmutzte und verklebte Mechanismen in einem Arbeitsgang. Trocknet sofort.   SMARMAX\u00ae-TF-LAC ist ein Teflon-Schmierstoff\u00ae*, der korrosionshemmend wirkt, Feuchtigkeit entfernt, Wasser verdr\u00e4ngt und Oberfl\u00e4chen vor Korrosion und dem Angriff aggressiver Chemikalien sch\u00fctzt.   Teflon-Schmierstoff\u00ae* bildet eine Beschichtung mit au\u00dfergew\u00f6hnlicher Haftung dank Harz- und PTFE-Zus\u00e4tzen.   Best\u00e4ndig gegen UV-Strahlung, oxidierende Verbindungen, Benzin, \u00d6le, S\u00e4uren, Laugen.   SMARMAX\u00ae-TF-LAC ersetzt die meisten Trockenschmierstoffe, die unter schwierigsten Bedingungen arbeiten.   Ersetzt hervorragend Molybd\u00e4n-, Graphit- und Keramikschmierstoffe und garantiert gleichzeitig eine l\u00e4ngere Wirkung, Sauberkeit ohne Staubanziehung und Ger\u00e4uschreduzierung im Betrieb.","og_url":"https:\/\/nanoclean24.com\/de\/produkte\/smarmax-tf-lac-mc-9411-500ml\/","og_site_name":"NANOCLEAN","article_modified_time":"2025-10-23T09:55:55+00:00","og_image":[{"width":900,"height":900,"url":"https:\/\/nanoclean24.com\/wp-content\/uploads\/2025\/07\/SMARMAX\u00ae-TF-LAC-MC-9411-500ml.webp","type":"image\/webp"}],"twitter_card":"summary_large_image","twitter_misc":{"Gesch\u00e4tzte Lesezeit":"1\u00a0Minute"},"schema":{"@context":"https:\/\/schema.org","@graph":[{"@type":"WebPage","@id":"https:\/\/nanoclean24.com\/de\/produkte\/smarmax-tf-lac-mc-9411-500ml\/","url":"https:\/\/nanoclean24.com\/de\/produkte\/smarmax-tf-lac-mc-9411-500ml\/","name":"SMARMAX\u00ae TF-LAC (MC-9411) 500ml - NANOCLEAN","isPartOf":{"@id":"https:\/\/nanoclean24.com\/de\/#website"},"primaryImageOfPage":{"@id":"https:\/\/nanoclean24.com\/de\/produkte\/smarmax-tf-lac-mc-9411-500ml\/#primaryimage"},"image":{"@id":"https:\/\/nanoclean24.com\/de\/produkte\/smarmax-tf-lac-mc-9411-500ml\/#primaryimage"},"thumbnailUrl":"https:\/\/nanoclean24.com\/wp-content\/uploads\/2025\/07\/SMARMAX\u00ae-TF-LAC-MC-9411-500ml.webp","datePublished":"2025-07-20T16:16:28+00:00","dateModified":"2025-10-23T09:55:55+00:00","breadcrumb":{"@id":"https:\/\/nanoclean24.com\/de\/produkte\/smarmax-tf-lac-mc-9411-500ml\/#breadcrumb"},"inLanguage":"de","potentialAction":[{"@type":"ReadAction","target":["https:\/\/nanoclean24.com\/de\/produkte\/smarmax-tf-lac-mc-9411-500ml\/"]}]},{"@type":"ImageObject","inLanguage":"de","@id":"https:\/\/nanoclean24.com\/de\/produkte\/smarmax-tf-lac-mc-9411-500ml\/#primaryimage","url":"https:\/\/nanoclean24.com\/wp-content\/uploads\/2025\/07\/SMARMAX\u00ae-TF-LAC-MC-9411-500ml.webp","contentUrl":"https:\/\/nanoclean24.com\/wp-content\/uploads\/2025\/07\/SMARMAX\u00ae-TF-LAC-MC-9411-500ml.webp","width":900,"height":900},{"@type":"BreadcrumbList","@id":"https:\/\/nanoclean24.com\/de\/produkte\/smarmax-tf-lac-mc-9411-500ml\/#breadcrumb","itemListElement":[{"@type":"ListItem","position":1,"name":"Strona g\u0142\u00f3wna","item":"https:\/\/nanoclean24.com\/de\/"},{"@type":"ListItem","position":2,"name":"Shop","item":"https:\/\/nanoclean24.com\/de\/shop\/"},{"@type":"ListItem","position":3,"name":"SMARMAX\u00ae TF-LAC (MC-9411) 500ml"}]},{"@type":"WebSite","@id":"https:\/\/nanoclean24.com\/de\/#website","url":"https:\/\/nanoclean24.com\/de\/","name":"NanoClean","description":"","publisher":{"@id":"https:\/\/nanoclean24.com\/de\/#organization"},"potentialAction":[{"@type":"SearchAction","target":{"@type":"EntryPoint","urlTemplate":"https:\/\/nanoclean24.com\/de\/?s={search_term_string}"},"query-input":{"@type":"PropertyValueSpecification","valueRequired":true,"valueName":"search_term_string"}}],"inLanguage":"de"},{"@type":"Organization","@id":"https:\/\/nanoclean24.com\/de\/#organization","name":"NanoClean","url":"https:\/\/nanoclean24.com\/de\/","logo":{"@type":"ImageObject","inLanguage":"de","@id":"https:\/\/nanoclean24.com\/de\/#\/schema\/logo\/image\/","url":"https:\/\/nanoclean24.com\/wp-content\/uploads\/2025\/07\/logo-2.jpg","contentUrl":"https:\/\/nanoclean24.com\/wp-content\/uploads\/2025\/07\/logo-2.jpg","width":1068,"height":224,"caption":"NanoClean"},"image":{"@id":"https:\/\/nanoclean24.com\/de\/#\/schema\/logo\/image\/"}}]}},"taxonomy_info":{"product_cat":[{"value":103,"label":"SMARMAX"}]},"featured_image_src_large":["https:\/\/nanoclean24.com\/wp-content\/uploads\/2025\/07\/SMARMAX\u00ae-TF-LAC-MC-9411-500ml.webp",900,900,false],"author_info":[],"comment_info":"","_links":{"self":[{"href":"https:\/\/nanoclean24.com\/de\/wp-json\/wp\/v2\/product\/4506","targetHints":{"allow":["GET"]}}],"collection":[{"href":"https:\/\/nanoclean24.com\/de\/wp-json\/wp\/v2\/product"}],"about":[{"href":"https:\/\/nanoclean24.com\/de\/wp-json\/wp\/v2\/types\/product"}],"wp:featuredmedia":[{"embeddable":true,"href":"https:\/\/nanoclean24.com\/de\/wp-json\/wp\/v2\/media\/3825"}],"wp:attachment":[{"href":"https:\/\/nanoclean24.com\/de\/wp-json\/wp\/v2\/media?parent=4506"}],"wp:term":[{"taxonomy":"product_brand","embeddable":true,"href":"https:\/\/nanoclean24.com\/de\/wp-json\/wp\/v2\/product_brand?post=4506"},{"taxonomy":"product_cat","embeddable":true,"href":"https:\/\/nanoclean24.com\/de\/wp-json\/wp\/v2\/product_cat?post=4506"},{"taxonomy":"product_tag","embeddable":true,"href":"https:\/\/nanoclean24.com\/de\/wp-json\/wp\/v2\/product_tag?post=4506"}],"curies":[{"name":"wp","href":"https:\/\/api.w.org\/{rel}","templated":true}]}}