{"id":4460,"date":"2025-07-20T23:01:58","date_gmt":"2025-07-20T21:01:58","guid":{"rendered":"https:\/\/kadence.nanoclean.dev\/produkt\/ac-foamclean-500ml\/"},"modified":"2026-03-13T18:55:57","modified_gmt":"2026-03-13T17:55:57","slug":"ac-foamclean-500ml","status":"publish","type":"product","link":"https:\/\/nanoclean24.com\/de\/produkte\/ac-foamclean-500ml\/","title":{"rendered":"AC-FOAMCLEAN 500ml"},"content":{"rendered":"<h3><strong>Anwendung:<\/strong><\/h3>\n<ul>\n<li>AC-FOAMCLEAN entfernt als eines der wenigen Produkte eingebrannte Fettverschmutzungen, \u00d6le, Schmierstoffe, Fett, eingebranntes Fett, angetrockneten Schmutz von harten Oberfl\u00e4chen und alte Lebensmittelflecken m\u00fchelos.<\/li>\n<li>Entfernt organische Verschmutzungen: Moosablagerungen, Rost, \u00d6le, Schlamm, Bl\u00e4tter, Harze, jegliche Verschmutzungen auf Dach und Fassade.<\/li>\n<li>Reinigt externe Klimaanlagen, hellt Kondensatorlamellen, elektronische Luftfilter, L\u00fcftungsgitter, ver\u00f6lte Ger\u00e4te und mechanische Teile auf.<\/li>\n<li>Hervorragend geeignet zur Reinigung von L\u00fcftungskan\u00e4len in Frittierk\u00fcchen, Restaurantk\u00fcchen, Kebab-Verkaufsstellen, Gastronomiebetrieben usw.<\/li>\n<li>Auch empfohlen f\u00fcr die Reinigung von Stra\u00dfen- und Schienenfahrzeugen: Autos, Lastwagen, Lokomotiven, Waggons usw.<\/li>\n<li>Reinigt Motoren, Aluminiumfelgen, Getriebe, Fahrwerke, Karosserien und lackierte Oberfl\u00e4chen perfekt.<\/li>\n<li>Wird in jeder Branche eingesetzt, u.a. zum Entfernen von \u00d6len, Fetten, Stra\u00dfen- und Bitumenverschmutzungen, Schmutz, in Servicestationen, Werkst\u00e4tten, im Ingenieurwesen.<\/li>\n<li>Reinigt Industrieb\u00f6den, ver\u00f6lte Asphaltfl\u00e4chen, Industrieanlagen, W\u00e4nde, lackierte Oberfl\u00e4chen, Beleuchtung, Glas, Holz, Kunststoffe, Fliesen, Laminate, Terrakotta.<\/li>\n<\/ul>\n<h3><strong>Anwendung:<\/strong><\/h3>\n<p>Hervorragend f\u00fcr die manuelle Reinigung, zusammen mit einer speziellen Schaumd\u00fcse, die die Anwendung des Mittels erleichtert und das Pr\u00e4parat l\u00e4nger auf der zu reinigenden Oberfl\u00e4che h\u00e4lt.<\/p>\n<ol>\n<li>Das Pr\u00e4parat auf die zu reinigende Oberfl\u00e4che auftragen, manuell reinigen oder 3-5 Minuten warten, bis der Schmutz abl\u00e4uft, und mit Hochdruckwasser absp\u00fclen.<\/li>\n<li>Bei Bedarf den Vorgang wiederholen.<\/li>\n<\/ol>\n<p><strong>Achtung:<\/strong> Lassen Sie das Pr\u00e4parat nicht auf der Oberfl\u00e4che trocknen. Es wird empfohlen, abschlie\u00dfend mit Wasser zu sp\u00fclen.<\/p>\n<p><strong>Sicherheit:<\/strong><br \/>\nJe nach Art der ausgef\u00fchrten Arbeit Schutzkleidung tragen. Vor Gebrauch das Sicherheitsdatenblatt (SDB) lesen.<\/p>\n","protected":false},"excerpt":{"rendered":"<h3>Aktiver, starker alkalischer Reinigungsschaum<\/h3>\n<p>&nbsp;<\/p>\n<p><strong>\u2705 <\/strong>Reinigt und entfettet die meisten W\u00e4rmetauscherfl\u00e4chen in Klimaanlagen stark. Dringt in Verschmutzungen ein und l\u00f6st sie von der gereinigten Oberfl\u00e4che, um sie anschlie\u00dfend aufzul\u00f6sen.<\/p>\n<p><strong>\u2705 <\/strong>L\u00f6st Fette, \u00d6le, Wachse, Schmutz, Stra\u00dfen- und Schienenverschmutzungen, Harze, Tinte, angetrocknete Verschmutzungen auf<br \/>\nOberfl\u00e4chen, Bitumenverschmutzungen, Tabak-, Blut-, Dachverschmutzungen, Wasserablagerungen, organische Verschmutzungen: Bl\u00e4tter, Gras, Rinde usw.<\/p>\n<p><strong>\u2705 <\/strong>Sehr sparsam im Verbrauch.<\/p>\n<p><strong>\u2705 <\/strong>Der Aktivschaum ist sehr haftend, l\u00e4uft 5 Minuten lang nicht von vertikalen Fl\u00e4chen ab und erm\u00f6glicht eine effektivere ber\u00fchrungslose Reinigung. Verf\u00fcgt \u00fcber eine spezielle Schaumd\u00fcse.<\/p>\n<p><strong>\u2705 <\/strong>Universeller, vielseitiger alkalischer Reiniger.<\/p>\n<p><strong>\u2705 <\/strong>Biologisch abbaubar gem\u00e4\u00df OECD.<\/p>\n<p><strong>\u2705 <\/strong>Kompatibel mit Lackierungen, Kunststoffen, Elastomeren, Textilien, Holz, Keramik und Metallen: (auch Aluminium- und Kupferlegierungen, sofern nach der Reinigung mit Wasser gesp\u00fclt wird).<\/p>\n","protected":false},"featured_media":9331,"template":"","meta":{"_kad_blocks_custom_css":"","_kad_blocks_head_custom_js":"","_kad_blocks_body_custom_js":"","_kad_blocks_footer_custom_js":"","_kad_post_transparent":"","_kad_post_title":"","_kad_post_layout":"","_kad_post_sidebar_id":"","_kad_post_content_style":"","_kad_post_vertical_padding":"","_kad_post_feature":"","_kad_post_feature_position":"","_kad_post_header":false,"_kad_post_footer":false,"_kad_post_classname":""},"product_brand":[],"product_cat":[],"product_tag":[],"class_list":{"0":"post-4460","1":"product","2":"type-product","3":"status-publish","4":"has-post-thumbnail","7":"first","8":"instock","9":"taxable","10":"shipping-taxable","11":"product-type-simple","12":"entry","13":"content-bg","14":"loop-entry"},"yoast_head":"<!-- This site is optimized with the Yoast SEO plugin v27.4 - https:\/\/yoast.com\/product\/yoast-seo-wordpress\/ -->\n<title>AC-FOAMCLEAN 500ml - NANOCLEAN<\/title>\n<meta name=\"robots\" content=\"index, follow, max-snippet:-1, max-image-preview:large, max-video-preview:-1\" \/>\n<link rel=\"canonical\" href=\"https:\/\/nanoclean24.com\/de\/produkte\/ac-foamclean-500ml\/\" \/>\n<meta property=\"og:locale\" content=\"de_DE\" \/>\n<meta property=\"og:type\" content=\"article\" \/>\n<meta property=\"og:title\" content=\"AC-FOAMCLEAN 500ml - NANOCLEAN\" \/>\n<meta property=\"og:description\" content=\"Aktiver, starker alkalischer Reinigungsschaum &nbsp; \u2705 Reinigt und entfettet die meisten W\u00e4rmetauscherfl\u00e4chen in Klimaanlagen stark. Dringt in Verschmutzungen ein und l\u00f6st sie von der gereinigten Oberfl\u00e4che, um sie anschlie\u00dfend aufzul\u00f6sen. \u2705 L\u00f6st Fette, \u00d6le, Wachse, Schmutz, Stra\u00dfen- und Schienenverschmutzungen, Harze, Tinte, angetrocknete Verschmutzungen auf Oberfl\u00e4chen, Bitumenverschmutzungen, Tabak-, Blut-, Dachverschmutzungen, Wasserablagerungen, organische Verschmutzungen: Bl\u00e4tter, Gras, Rinde usw. \u2705 Sehr sparsam im Verbrauch. \u2705 Der Aktivschaum ist sehr haftend, l\u00e4uft 5 Minuten lang nicht von vertikalen Fl\u00e4chen ab und erm\u00f6glicht eine effektivere ber\u00fchrungslose Reinigung. Verf\u00fcgt \u00fcber eine spezielle Schaumd\u00fcse. \u2705 Universeller, vielseitiger alkalischer Reiniger. \u2705 Biologisch abbaubar gem\u00e4\u00df OECD. \u2705 Kompatibel mit Lackierungen, Kunststoffen, Elastomeren, Textilien, Holz, Keramik und Metallen: (auch Aluminium- und Kupferlegierungen, sofern nach der Reinigung mit Wasser gesp\u00fclt wird).\" \/>\n<meta property=\"og:url\" content=\"https:\/\/nanoclean24.com\/de\/produkte\/ac-foamclean-500ml\/\" \/>\n<meta property=\"og:site_name\" content=\"NANOCLEAN\" \/>\n<meta property=\"article:modified_time\" content=\"2026-03-13T17:55:57+00:00\" \/>\n<meta property=\"og:image\" content=\"https:\/\/nanoclean24.com\/wp-content\/uploads\/2025\/07\/u801.png\" \/>\n\t<meta property=\"og:image:width\" content=\"1010\" \/>\n\t<meta property=\"og:image:height\" content=\"1010\" \/>\n\t<meta property=\"og:image:type\" content=\"image\/png\" \/>\n<meta name=\"twitter:card\" content=\"summary_large_image\" \/>\n<meta name=\"twitter:label1\" content=\"Gesch\u00e4tzte Lesezeit\" \/>\n\t<meta name=\"twitter:data1\" content=\"1\u00a0Minute\" \/>\n<script type=\"application\/ld+json\" class=\"yoast-schema-graph\">{\"@context\":\"https:\\\/\\\/schema.org\",\"@graph\":[{\"@type\":\"WebPage\",\"@id\":\"https:\\\/\\\/nanoclean24.com\\\/de\\\/produkte\\\/ac-foamclean-500ml\\\/\",\"url\":\"https:\\\/\\\/nanoclean24.com\\\/de\\\/produkte\\\/ac-foamclean-500ml\\\/\",\"name\":\"AC-FOAMCLEAN 500ml - NANOCLEAN\",\"isPartOf\":{\"@id\":\"https:\\\/\\\/nanoclean24.com\\\/de\\\/#website\"},\"primaryImageOfPage\":{\"@id\":\"https:\\\/\\\/nanoclean24.com\\\/de\\\/produkte\\\/ac-foamclean-500ml\\\/#primaryimage\"},\"image\":{\"@id\":\"https:\\\/\\\/nanoclean24.com\\\/de\\\/produkte\\\/ac-foamclean-500ml\\\/#primaryimage\"},\"thumbnailUrl\":\"https:\\\/\\\/nanoclean24.com\\\/wp-content\\\/uploads\\\/2025\\\/07\\\/u801.png\",\"datePublished\":\"2025-07-20T21:01:58+00:00\",\"dateModified\":\"2026-03-13T17:55:57+00:00\",\"breadcrumb\":{\"@id\":\"https:\\\/\\\/nanoclean24.com\\\/de\\\/produkte\\\/ac-foamclean-500ml\\\/#breadcrumb\"},\"inLanguage\":\"de\",\"potentialAction\":[{\"@type\":\"ReadAction\",\"target\":[\"https:\\\/\\\/nanoclean24.com\\\/de\\\/produkte\\\/ac-foamclean-500ml\\\/\"]}]},{\"@type\":\"ImageObject\",\"inLanguage\":\"de\",\"@id\":\"https:\\\/\\\/nanoclean24.com\\\/de\\\/produkte\\\/ac-foamclean-500ml\\\/#primaryimage\",\"url\":\"https:\\\/\\\/nanoclean24.com\\\/wp-content\\\/uploads\\\/2025\\\/07\\\/u801.png\",\"contentUrl\":\"https:\\\/\\\/nanoclean24.com\\\/wp-content\\\/uploads\\\/2025\\\/07\\\/u801.png\",\"width\":1010,\"height\":1010},{\"@type\":\"BreadcrumbList\",\"@id\":\"https:\\\/\\\/nanoclean24.com\\\/de\\\/produkte\\\/ac-foamclean-500ml\\\/#breadcrumb\",\"itemListElement\":[{\"@type\":\"ListItem\",\"position\":1,\"name\":\"Strona g\u0142\u00f3wna\",\"item\":\"https:\\\/\\\/nanoclean24.com\\\/de\\\/\"},{\"@type\":\"ListItem\",\"position\":2,\"name\":\"Shop\",\"item\":\"https:\\\/\\\/nanoclean24.com\\\/de\\\/shop\\\/\"},{\"@type\":\"ListItem\",\"position\":3,\"name\":\"AC-FOAMCLEAN 500ml\"}]},{\"@type\":\"WebSite\",\"@id\":\"https:\\\/\\\/nanoclean24.com\\\/de\\\/#website\",\"url\":\"https:\\\/\\\/nanoclean24.com\\\/de\\\/\",\"name\":\"NanoClean\",\"description\":\"\",\"publisher\":{\"@id\":\"https:\\\/\\\/nanoclean24.com\\\/de\\\/#organization\"},\"potentialAction\":[{\"@type\":\"SearchAction\",\"target\":{\"@type\":\"EntryPoint\",\"urlTemplate\":\"https:\\\/\\\/nanoclean24.com\\\/de\\\/?s={search_term_string}\"},\"query-input\":{\"@type\":\"PropertyValueSpecification\",\"valueRequired\":true,\"valueName\":\"search_term_string\"}}],\"inLanguage\":\"de\"},{\"@type\":\"Organization\",\"@id\":\"https:\\\/\\\/nanoclean24.com\\\/de\\\/#organization\",\"name\":\"NanoClean\",\"url\":\"https:\\\/\\\/nanoclean24.com\\\/de\\\/\",\"logo\":{\"@type\":\"ImageObject\",\"inLanguage\":\"de\",\"@id\":\"https:\\\/\\\/nanoclean24.com\\\/de\\\/#\\\/schema\\\/logo\\\/image\\\/\",\"url\":\"https:\\\/\\\/nanoclean24.com\\\/wp-content\\\/uploads\\\/2025\\\/07\\\/logo-2.jpg\",\"contentUrl\":\"https:\\\/\\\/nanoclean24.com\\\/wp-content\\\/uploads\\\/2025\\\/07\\\/logo-2.jpg\",\"width\":1068,\"height\":224,\"caption\":\"NanoClean\"},\"image\":{\"@id\":\"https:\\\/\\\/nanoclean24.com\\\/de\\\/#\\\/schema\\\/logo\\\/image\\\/\"}}]}<\/script>\n<!-- \/ Yoast SEO plugin. -->","yoast_head_json":{"title":"AC-FOAMCLEAN 500ml - NANOCLEAN","robots":{"index":"index","follow":"follow","max-snippet":"max-snippet:-1","max-image-preview":"max-image-preview:large","max-video-preview":"max-video-preview:-1"},"canonical":"https:\/\/nanoclean24.com\/de\/produkte\/ac-foamclean-500ml\/","og_locale":"de_DE","og_type":"article","og_title":"AC-FOAMCLEAN 500ml - NANOCLEAN","og_description":"Aktiver, starker alkalischer Reinigungsschaum &nbsp; \u2705 Reinigt und entfettet die meisten W\u00e4rmetauscherfl\u00e4chen in Klimaanlagen stark. Dringt in Verschmutzungen ein und l\u00f6st sie von der gereinigten Oberfl\u00e4che, um sie anschlie\u00dfend aufzul\u00f6sen. \u2705 L\u00f6st Fette, \u00d6le, Wachse, Schmutz, Stra\u00dfen- und Schienenverschmutzungen, Harze, Tinte, angetrocknete Verschmutzungen auf Oberfl\u00e4chen, Bitumenverschmutzungen, Tabak-, Blut-, Dachverschmutzungen, Wasserablagerungen, organische Verschmutzungen: Bl\u00e4tter, Gras, Rinde usw. \u2705 Sehr sparsam im Verbrauch. \u2705 Der Aktivschaum ist sehr haftend, l\u00e4uft 5 Minuten lang nicht von vertikalen Fl\u00e4chen ab und erm\u00f6glicht eine effektivere ber\u00fchrungslose Reinigung. Verf\u00fcgt \u00fcber eine spezielle Schaumd\u00fcse. \u2705 Universeller, vielseitiger alkalischer Reiniger. \u2705 Biologisch abbaubar gem\u00e4\u00df OECD. \u2705 Kompatibel mit Lackierungen, Kunststoffen, Elastomeren, Textilien, Holz, Keramik und Metallen: (auch Aluminium- und Kupferlegierungen, sofern nach der Reinigung mit Wasser gesp\u00fclt wird).","og_url":"https:\/\/nanoclean24.com\/de\/produkte\/ac-foamclean-500ml\/","og_site_name":"NANOCLEAN","article_modified_time":"2026-03-13T17:55:57+00:00","og_image":[{"width":1010,"height":1010,"url":"https:\/\/nanoclean24.com\/wp-content\/uploads\/2025\/07\/u801.png","type":"image\/png"}],"twitter_card":"summary_large_image","twitter_misc":{"Gesch\u00e4tzte Lesezeit":"1\u00a0Minute"},"schema":{"@context":"https:\/\/schema.org","@graph":[{"@type":"WebPage","@id":"https:\/\/nanoclean24.com\/de\/produkte\/ac-foamclean-500ml\/","url":"https:\/\/nanoclean24.com\/de\/produkte\/ac-foamclean-500ml\/","name":"AC-FOAMCLEAN 500ml - NANOCLEAN","isPartOf":{"@id":"https:\/\/nanoclean24.com\/de\/#website"},"primaryImageOfPage":{"@id":"https:\/\/nanoclean24.com\/de\/produkte\/ac-foamclean-500ml\/#primaryimage"},"image":{"@id":"https:\/\/nanoclean24.com\/de\/produkte\/ac-foamclean-500ml\/#primaryimage"},"thumbnailUrl":"https:\/\/nanoclean24.com\/wp-content\/uploads\/2025\/07\/u801.png","datePublished":"2025-07-20T21:01:58+00:00","dateModified":"2026-03-13T17:55:57+00:00","breadcrumb":{"@id":"https:\/\/nanoclean24.com\/de\/produkte\/ac-foamclean-500ml\/#breadcrumb"},"inLanguage":"de","potentialAction":[{"@type":"ReadAction","target":["https:\/\/nanoclean24.com\/de\/produkte\/ac-foamclean-500ml\/"]}]},{"@type":"ImageObject","inLanguage":"de","@id":"https:\/\/nanoclean24.com\/de\/produkte\/ac-foamclean-500ml\/#primaryimage","url":"https:\/\/nanoclean24.com\/wp-content\/uploads\/2025\/07\/u801.png","contentUrl":"https:\/\/nanoclean24.com\/wp-content\/uploads\/2025\/07\/u801.png","width":1010,"height":1010},{"@type":"BreadcrumbList","@id":"https:\/\/nanoclean24.com\/de\/produkte\/ac-foamclean-500ml\/#breadcrumb","itemListElement":[{"@type":"ListItem","position":1,"name":"Strona g\u0142\u00f3wna","item":"https:\/\/nanoclean24.com\/de\/"},{"@type":"ListItem","position":2,"name":"Shop","item":"https:\/\/nanoclean24.com\/de\/shop\/"},{"@type":"ListItem","position":3,"name":"AC-FOAMCLEAN 500ml"}]},{"@type":"WebSite","@id":"https:\/\/nanoclean24.com\/de\/#website","url":"https:\/\/nanoclean24.com\/de\/","name":"NanoClean","description":"","publisher":{"@id":"https:\/\/nanoclean24.com\/de\/#organization"},"potentialAction":[{"@type":"SearchAction","target":{"@type":"EntryPoint","urlTemplate":"https:\/\/nanoclean24.com\/de\/?s={search_term_string}"},"query-input":{"@type":"PropertyValueSpecification","valueRequired":true,"valueName":"search_term_string"}}],"inLanguage":"de"},{"@type":"Organization","@id":"https:\/\/nanoclean24.com\/de\/#organization","name":"NanoClean","url":"https:\/\/nanoclean24.com\/de\/","logo":{"@type":"ImageObject","inLanguage":"de","@id":"https:\/\/nanoclean24.com\/de\/#\/schema\/logo\/image\/","url":"https:\/\/nanoclean24.com\/wp-content\/uploads\/2025\/07\/logo-2.jpg","contentUrl":"https:\/\/nanoclean24.com\/wp-content\/uploads\/2025\/07\/logo-2.jpg","width":1068,"height":224,"caption":"NanoClean"},"image":{"@id":"https:\/\/nanoclean24.com\/de\/#\/schema\/logo\/image\/"}}]}},"taxonomy_info":[],"featured_image_src_large":["https:\/\/nanoclean24.com\/wp-content\/uploads\/2025\/07\/u801.png",1010,1010,false],"author_info":[],"comment_info":"","_links":{"self":[{"href":"https:\/\/nanoclean24.com\/de\/wp-json\/wp\/v2\/product\/4460","targetHints":{"allow":["GET"]}}],"collection":[{"href":"https:\/\/nanoclean24.com\/de\/wp-json\/wp\/v2\/product"}],"about":[{"href":"https:\/\/nanoclean24.com\/de\/wp-json\/wp\/v2\/types\/product"}],"wp:featuredmedia":[{"embeddable":true,"href":"https:\/\/nanoclean24.com\/de\/wp-json\/wp\/v2\/media\/9331"}],"wp:attachment":[{"href":"https:\/\/nanoclean24.com\/de\/wp-json\/wp\/v2\/media?parent=4460"}],"wp:term":[{"taxonomy":"product_brand","embeddable":true,"href":"https:\/\/nanoclean24.com\/de\/wp-json\/wp\/v2\/product_brand?post=4460"},{"taxonomy":"product_cat","embeddable":true,"href":"https:\/\/nanoclean24.com\/de\/wp-json\/wp\/v2\/product_cat?post=4460"},{"taxonomy":"product_tag","embeddable":true,"href":"https:\/\/nanoclean24.com\/de\/wp-json\/wp\/v2\/product_tag?post=4460"}],"curies":[{"name":"wp","href":"https:\/\/api.w.org\/{rel}","templated":true}]}}