{"id":4459,"date":"2025-07-20T23:12:06","date_gmt":"2025-07-20T21:12:06","guid":{"rendered":"https:\/\/kadence.nanoclean.dev\/produkt\/ac-foamclean-konzentrat-5kg\/"},"modified":"2026-02-27T13:09:53","modified_gmt":"2026-02-27T12:09:53","slug":"ac-foamclean-konzentrat-5kg","status":"publish","type":"product","link":"https:\/\/nanoclean24.com\/de\/produkte\/ac-foamclean-konzentrat-5kg\/","title":{"rendered":"AC-FOAMCLEAN Konzentrat 5kg"},"content":{"rendered":"<h3><strong>Anwendung<\/strong><\/h3>\n<ul>\n<li>Die gebrauchsfertige L\u00f6sung aus dem AC-FOAMCLEAN Konzentrat entfernt als eine der wenigen m\u00fchelos eingebrannte Fettverschmutzungen, \u00d6le, Schmierstoffe, Fett, eingebranntes Fett, angetrockneten Schmutz von harten Oberfl\u00e4chen, alte Lebensmittelflecken.<\/li>\n<li>Entfernt organische Verschmutzungen: Moosbel\u00e4ge, Rost, \u00d6le, Schlamm, Bl\u00e4tter, Harze, jegliche Verschmutzungen auf Dach und Fassade.<\/li>\n<li>Reinigt externe Klimaanlagen, hellt Kondensatorlamellen, elektronische Luftfilter, L\u00fcftungsgitter, ver\u00f6lte Ger\u00e4te und mechanische Teile auf.<\/li>\n<li>Ideal zur Reinigung von L\u00fcftungskan\u00e4len in Frittierk\u00fcchen, Restaurantk\u00fcchen, Kebab-Verkaufsstellen, Gastronomiebetrieben usw.<\/li>\n<li>Auch empfohlen f\u00fcr die Reinigung von Stra\u00dfen- und Schienenfahrzeugen: Autos, Lastwagen, Lokomotiven, Waggons usw.<\/li>\n<li>Reinigt Motoren, Aluminiumfelgen, Getriebe, Fahrwerke, Karosserien und lackierte Oberfl\u00e4chen perfekt.<\/li>\n<li>Wird in jeder Branche eingesetzt, u.a. zur Entfernung von \u00d6len, Fetten, Stra\u00dfen- und Bitumenverschmutzungen, Schmutz, in Servicestationen, Werkst\u00e4tten, im Maschinenbau.<\/li>\n<li>Reinigt Industrieb\u00f6den, ver\u00f6lte Asphaltfl\u00e4chen, Industrieanlagen, W\u00e4nde, lackierte Oberfl\u00e4chen, Beleuchtung, Glas, Holz, Kunststoffe, Fliesen, Laminate, Terrakotta.<\/li>\n<\/ul>\n<h3><strong>Anwendung<\/strong><\/h3>\n<ol>\n<li>Hervorragend geeignet f\u00fcr die manuelle Reinigung, Tauchreinigung, Hochdruckreinigung und in Schaumreinigern.<\/li>\n<li>Vor Gebrauch je nach Verwendungszweck und Verschmutzungsgrad mit Wasser verd\u00fcnnen \u2013 folgende Konzentrationen:<\/li>\n<\/ol>\n<ul>\n<li>Am h\u00e4ufigsten in einer Konzentration von 5 % (1:20) verwendet.<\/li>\n<li>Starke Reinigung (Entfernung von Fetten und \u00d6len): 1:10 bis 1:4 (10-25 %) mit kaltem oder warmem Wasser.<\/li>\n<li>Allgemeine Reinigung: 1:50 bis 1:10 (2-10 %) mit warmem oder kaltem Wasser.<\/li>\n<li>Hochdruckreinigung: 1:200 bis 1:20 (0,5-5 %) mit kaltem oder warmem Wasser.<\/li>\n<li>Reinigung von Lackoberfl\u00e4chen: 1:100 bis 1:20 (1-5 %) mit Wasser.<\/li>\n<\/ul>\n<p>&nbsp;<\/p>\n<p>Das Pr\u00e4parat auf die zu reinigende Oberfl\u00e4che auftragen, manuell reinigen oder 3-5 Minuten warten, bis der Schmutz abl\u00e4uft, und mit Wasser unter Druck absp\u00fclen. Bei Bedarf den Vorgang wiederholen.<\/p>\n<p><strong>Hinweis:<\/strong> Das Pr\u00e4parat nicht auf der Oberfl\u00e4che trocknen lassen. Es wird empfohlen, abschlie\u00dfend mit Wasser zu sp\u00fclen.<\/p>\n<p><strong>Sicherheit:<\/strong><br \/>\nBenutzer sollten direkten Hautkontakt vermeiden und Schutzhandschuhe sowie Augenschutz tragen. Vor Gebrauch das Sicherheitsdatenblatt (SDS) lesen.<\/p>\n","protected":false},"excerpt":{"rendered":"<h3>Aktiver, starker alkalischer Schaum zur Reinigung von Klimaanlagen<\/h3>\n<p>&nbsp;<\/p>\n<p><strong>\u2705 Reinigt und entfettet die meisten Oberfl\u00e4chen<\/strong> von W\u00e4rmetauschern in Klimaanlagen stark. Dringt ein und l\u00f6st Verschmutzungen von der zu reinigenden Oberfl\u00e4che, um sie anschlie\u00dfend aufzul\u00f6sen.<\/p>\n<p><strong>\u2705 L\u00f6st<\/strong> Fette, \u00d6le, Wachse, Schmutz, Stra\u00dfen- und Schienenverschmutzungen, Harze, Tinte, angetrocknete Verschmutzungen auf<br \/>\nOberfl\u00e4chen, bitumin\u00f6se Verschmutzungen, Tabak-, Blut-, Dachverschmutzungen, Wasserablagerungen, organische Verschmutzungen: Bl\u00e4tter, Gras, Rinde usw.<\/p>\n<p><strong>\u2705 Sehr sparsam im Verbrauch<\/strong>, am h\u00e4ufigsten mit Wasser in einer Konzentration von 5 % (1:20) verwendet.<\/p>\n<p><strong>\u2705 Der aktive Schaum ist sehr haftend<\/strong>, l\u00e4uft 5 Minuten lang nicht von vertikalen Oberfl\u00e4chen ab und erm\u00f6glicht eine effektivere ber\u00fchrungslose Reinigung.<\/p>\n<p><strong>\u2705 Universeller, vielseitiger alkalischer Reiniger.<\/strong><\/p>\n<p><strong>\u2705 Biologisch abbaubar gem\u00e4\u00df OECD.<\/strong><\/p>\n<p><strong>\u2705 Kompatibel mit<\/strong> Lackierungen, Kunststoffen, Elastomeren, Textilien, Holz, Keramik und Metallen: (auch Aluminiumlegierungen, Kupfer unter der Bedingung, dass nach der Reinigung mit Wasser gesp\u00fclt wird).<\/p>\n","protected":false},"featured_media":14591,"template":"","meta":{"_kad_blocks_custom_css":"","_kad_blocks_head_custom_js":"","_kad_blocks_body_custom_js":"","_kad_blocks_footer_custom_js":"","_kad_post_transparent":"","_kad_post_title":"","_kad_post_layout":"","_kad_post_sidebar_id":"","_kad_post_content_style":"","_kad_post_vertical_padding":"","_kad_post_feature":"","_kad_post_feature_position":"","_kad_post_header":false,"_kad_post_footer":false,"_kad_post_classname":""},"product_brand":[],"product_cat":[122],"product_tag":[],"class_list":{"0":"post-4459","1":"product","2":"type-product","3":"status-publish","4":"has-post-thumbnail","6":"product_cat-hvac-de","8":"first","9":"outofstock","10":"taxable","11":"shipping-taxable","12":"purchasable","13":"product-type-simple","14":"entry","15":"content-bg","16":"loop-entry"},"yoast_head":"<!-- This site is optimized with the Yoast SEO plugin v27.4 - https:\/\/yoast.com\/product\/yoast-seo-wordpress\/ -->\n<title>AC-FOAMCLEAN Konzentrat 5kg - NANOCLEAN<\/title>\n<meta name=\"robots\" content=\"index, follow, max-snippet:-1, max-image-preview:large, max-video-preview:-1\" \/>\n<link rel=\"canonical\" href=\"https:\/\/nanoclean24.com\/de\/produkte\/ac-foamclean-konzentrat-5kg\/\" \/>\n<meta property=\"og:locale\" content=\"de_DE\" \/>\n<meta property=\"og:type\" content=\"article\" \/>\n<meta property=\"og:title\" content=\"AC-FOAMCLEAN Konzentrat 5kg - NANOCLEAN\" \/>\n<meta property=\"og:description\" content=\"Aktiver, starker alkalischer Schaum zur Reinigung von Klimaanlagen &nbsp;  \u2705 Reinigt und entfettet die meisten Oberfl\u00e4chen von W\u00e4rmetauschern in Klimaanlagen stark. Dringt ein und l\u00f6st Verschmutzungen von der zu reinigenden Oberfl\u00e4che, um sie anschlie\u00dfend aufzul\u00f6sen.  \u2705 L\u00f6st Fette, \u00d6le, Wachse, Schmutz, Stra\u00dfen- und Schienenverschmutzungen, Harze, Tinte, angetrocknete Verschmutzungen auf Oberfl\u00e4chen, bitumin\u00f6se Verschmutzungen, Tabak-, Blut-, Dachverschmutzungen, Wasserablagerungen, organische Verschmutzungen: Bl\u00e4tter, Gras, Rinde usw.  \u2705 Sehr sparsam im Verbrauch, am h\u00e4ufigsten mit Wasser in einer Konzentration von 5 % (1:20) verwendet.  \u2705 Der aktive Schaum ist sehr haftend, l\u00e4uft 5 Minuten lang nicht von vertikalen Oberfl\u00e4chen ab und erm\u00f6glicht eine effektivere ber\u00fchrungslose Reinigung.  \u2705 Universeller, vielseitiger alkalischer Reiniger.  \u2705 Biologisch abbaubar gem\u00e4\u00df OECD.  \u2705 Kompatibel mit Lackierungen, Kunststoffen, Elastomeren, Textilien, Holz, Keramik und Metallen: (auch Aluminiumlegierungen, Kupfer unter der Bedingung, dass nach der Reinigung mit Wasser gesp\u00fclt wird).\" \/>\n<meta property=\"og:url\" content=\"https:\/\/nanoclean24.com\/de\/produkte\/ac-foamclean-konzentrat-5kg\/\" \/>\n<meta property=\"og:site_name\" content=\"NANOCLEAN\" \/>\n<meta property=\"article:modified_time\" content=\"2026-02-27T12:09:53+00:00\" \/>\n<meta property=\"og:image\" content=\"https:\/\/nanoclean24.com\/wp-content\/uploads\/2025\/07\/AC-FOAMCLEAN-Koncentrat-5kg.webp\" \/>\n\t<meta property=\"og:image:width\" content=\"900\" \/>\n\t<meta property=\"og:image:height\" content=\"900\" \/>\n\t<meta property=\"og:image:type\" content=\"image\/webp\" \/>\n<meta name=\"twitter:card\" content=\"summary_large_image\" \/>\n<meta name=\"twitter:label1\" content=\"Gesch\u00e4tzte Lesezeit\" \/>\n\t<meta name=\"twitter:data1\" content=\"2\u00a0Minuten\" \/>\n<script type=\"application\/ld+json\" class=\"yoast-schema-graph\">{\"@context\":\"https:\\\/\\\/schema.org\",\"@graph\":[{\"@type\":\"WebPage\",\"@id\":\"https:\\\/\\\/nanoclean24.com\\\/de\\\/produkte\\\/ac-foamclean-konzentrat-5kg\\\/\",\"url\":\"https:\\\/\\\/nanoclean24.com\\\/de\\\/produkte\\\/ac-foamclean-konzentrat-5kg\\\/\",\"name\":\"AC-FOAMCLEAN Konzentrat 5kg - NANOCLEAN\",\"isPartOf\":{\"@id\":\"https:\\\/\\\/nanoclean24.com\\\/de\\\/#website\"},\"primaryImageOfPage\":{\"@id\":\"https:\\\/\\\/nanoclean24.com\\\/de\\\/produkte\\\/ac-foamclean-konzentrat-5kg\\\/#primaryimage\"},\"image\":{\"@id\":\"https:\\\/\\\/nanoclean24.com\\\/de\\\/produkte\\\/ac-foamclean-konzentrat-5kg\\\/#primaryimage\"},\"thumbnailUrl\":\"https:\\\/\\\/nanoclean24.com\\\/wp-content\\\/uploads\\\/2025\\\/07\\\/MC-6125_AC-Foamclean-1.png\",\"datePublished\":\"2025-07-20T21:12:06+00:00\",\"dateModified\":\"2026-02-27T12:09:53+00:00\",\"breadcrumb\":{\"@id\":\"https:\\\/\\\/nanoclean24.com\\\/de\\\/produkte\\\/ac-foamclean-konzentrat-5kg\\\/#breadcrumb\"},\"inLanguage\":\"de\",\"potentialAction\":[{\"@type\":\"ReadAction\",\"target\":[\"https:\\\/\\\/nanoclean24.com\\\/de\\\/produkte\\\/ac-foamclean-konzentrat-5kg\\\/\"]}]},{\"@type\":\"ImageObject\",\"inLanguage\":\"de\",\"@id\":\"https:\\\/\\\/nanoclean24.com\\\/de\\\/produkte\\\/ac-foamclean-konzentrat-5kg\\\/#primaryimage\",\"url\":\"https:\\\/\\\/nanoclean24.com\\\/wp-content\\\/uploads\\\/2025\\\/07\\\/MC-6125_AC-Foamclean-1.png\",\"contentUrl\":\"https:\\\/\\\/nanoclean24.com\\\/wp-content\\\/uploads\\\/2025\\\/07\\\/MC-6125_AC-Foamclean-1.png\",\"width\":1510,\"height\":1510},{\"@type\":\"BreadcrumbList\",\"@id\":\"https:\\\/\\\/nanoclean24.com\\\/de\\\/produkte\\\/ac-foamclean-konzentrat-5kg\\\/#breadcrumb\",\"itemListElement\":[{\"@type\":\"ListItem\",\"position\":1,\"name\":\"Strona g\u0142\u00f3wna\",\"item\":\"https:\\\/\\\/nanoclean24.com\\\/de\\\/\"},{\"@type\":\"ListItem\",\"position\":2,\"name\":\"Shop\",\"item\":\"https:\\\/\\\/nanoclean24.com\\\/de\\\/shop\\\/\"},{\"@type\":\"ListItem\",\"position\":3,\"name\":\"AC-FOAMCLEAN Konzentrat 5kg\"}]},{\"@type\":\"WebSite\",\"@id\":\"https:\\\/\\\/nanoclean24.com\\\/de\\\/#website\",\"url\":\"https:\\\/\\\/nanoclean24.com\\\/de\\\/\",\"name\":\"NanoClean\",\"description\":\"\",\"publisher\":{\"@id\":\"https:\\\/\\\/nanoclean24.com\\\/de\\\/#organization\"},\"potentialAction\":[{\"@type\":\"SearchAction\",\"target\":{\"@type\":\"EntryPoint\",\"urlTemplate\":\"https:\\\/\\\/nanoclean24.com\\\/de\\\/?s={search_term_string}\"},\"query-input\":{\"@type\":\"PropertyValueSpecification\",\"valueRequired\":true,\"valueName\":\"search_term_string\"}}],\"inLanguage\":\"de\"},{\"@type\":\"Organization\",\"@id\":\"https:\\\/\\\/nanoclean24.com\\\/de\\\/#organization\",\"name\":\"NanoClean\",\"url\":\"https:\\\/\\\/nanoclean24.com\\\/de\\\/\",\"logo\":{\"@type\":\"ImageObject\",\"inLanguage\":\"de\",\"@id\":\"https:\\\/\\\/nanoclean24.com\\\/de\\\/#\\\/schema\\\/logo\\\/image\\\/\",\"url\":\"https:\\\/\\\/nanoclean24.com\\\/wp-content\\\/uploads\\\/2025\\\/07\\\/logo-2.jpg\",\"contentUrl\":\"https:\\\/\\\/nanoclean24.com\\\/wp-content\\\/uploads\\\/2025\\\/07\\\/logo-2.jpg\",\"width\":1068,\"height\":224,\"caption\":\"NanoClean\"},\"image\":{\"@id\":\"https:\\\/\\\/nanoclean24.com\\\/de\\\/#\\\/schema\\\/logo\\\/image\\\/\"}}]}<\/script>\n<!-- \/ Yoast SEO plugin. -->","yoast_head_json":{"title":"AC-FOAMCLEAN Konzentrat 5kg - NANOCLEAN","robots":{"index":"index","follow":"follow","max-snippet":"max-snippet:-1","max-image-preview":"max-image-preview:large","max-video-preview":"max-video-preview:-1"},"canonical":"https:\/\/nanoclean24.com\/de\/produkte\/ac-foamclean-konzentrat-5kg\/","og_locale":"de_DE","og_type":"article","og_title":"AC-FOAMCLEAN Konzentrat 5kg - NANOCLEAN","og_description":"Aktiver, starker alkalischer Schaum zur Reinigung von Klimaanlagen &nbsp;  \u2705 Reinigt und entfettet die meisten Oberfl\u00e4chen von W\u00e4rmetauschern in Klimaanlagen stark. Dringt ein und l\u00f6st Verschmutzungen von der zu reinigenden Oberfl\u00e4che, um sie anschlie\u00dfend aufzul\u00f6sen.  \u2705 L\u00f6st Fette, \u00d6le, Wachse, Schmutz, Stra\u00dfen- und Schienenverschmutzungen, Harze, Tinte, angetrocknete Verschmutzungen auf Oberfl\u00e4chen, bitumin\u00f6se Verschmutzungen, Tabak-, Blut-, Dachverschmutzungen, Wasserablagerungen, organische Verschmutzungen: Bl\u00e4tter, Gras, Rinde usw.  \u2705 Sehr sparsam im Verbrauch, am h\u00e4ufigsten mit Wasser in einer Konzentration von 5 % (1:20) verwendet.  \u2705 Der aktive Schaum ist sehr haftend, l\u00e4uft 5 Minuten lang nicht von vertikalen Oberfl\u00e4chen ab und erm\u00f6glicht eine effektivere ber\u00fchrungslose Reinigung.  \u2705 Universeller, vielseitiger alkalischer Reiniger.  \u2705 Biologisch abbaubar gem\u00e4\u00df OECD.  \u2705 Kompatibel mit Lackierungen, Kunststoffen, Elastomeren, Textilien, Holz, Keramik und Metallen: (auch Aluminiumlegierungen, Kupfer unter der Bedingung, dass nach der Reinigung mit Wasser gesp\u00fclt wird).","og_url":"https:\/\/nanoclean24.com\/de\/produkte\/ac-foamclean-konzentrat-5kg\/","og_site_name":"NANOCLEAN","article_modified_time":"2026-02-27T12:09:53+00:00","og_image":[{"width":900,"height":900,"url":"https:\/\/nanoclean24.com\/wp-content\/uploads\/2025\/07\/AC-FOAMCLEAN-Koncentrat-5kg.webp","type":"image\/webp"}],"twitter_card":"summary_large_image","twitter_misc":{"Gesch\u00e4tzte Lesezeit":"2\u00a0Minuten"},"schema":{"@context":"https:\/\/schema.org","@graph":[{"@type":"WebPage","@id":"https:\/\/nanoclean24.com\/de\/produkte\/ac-foamclean-konzentrat-5kg\/","url":"https:\/\/nanoclean24.com\/de\/produkte\/ac-foamclean-konzentrat-5kg\/","name":"AC-FOAMCLEAN Konzentrat 5kg - NANOCLEAN","isPartOf":{"@id":"https:\/\/nanoclean24.com\/de\/#website"},"primaryImageOfPage":{"@id":"https:\/\/nanoclean24.com\/de\/produkte\/ac-foamclean-konzentrat-5kg\/#primaryimage"},"image":{"@id":"https:\/\/nanoclean24.com\/de\/produkte\/ac-foamclean-konzentrat-5kg\/#primaryimage"},"thumbnailUrl":"https:\/\/nanoclean24.com\/wp-content\/uploads\/2025\/07\/MC-6125_AC-Foamclean-1.png","datePublished":"2025-07-20T21:12:06+00:00","dateModified":"2026-02-27T12:09:53+00:00","breadcrumb":{"@id":"https:\/\/nanoclean24.com\/de\/produkte\/ac-foamclean-konzentrat-5kg\/#breadcrumb"},"inLanguage":"de","potentialAction":[{"@type":"ReadAction","target":["https:\/\/nanoclean24.com\/de\/produkte\/ac-foamclean-konzentrat-5kg\/"]}]},{"@type":"ImageObject","inLanguage":"de","@id":"https:\/\/nanoclean24.com\/de\/produkte\/ac-foamclean-konzentrat-5kg\/#primaryimage","url":"https:\/\/nanoclean24.com\/wp-content\/uploads\/2025\/07\/MC-6125_AC-Foamclean-1.png","contentUrl":"https:\/\/nanoclean24.com\/wp-content\/uploads\/2025\/07\/MC-6125_AC-Foamclean-1.png","width":1510,"height":1510},{"@type":"BreadcrumbList","@id":"https:\/\/nanoclean24.com\/de\/produkte\/ac-foamclean-konzentrat-5kg\/#breadcrumb","itemListElement":[{"@type":"ListItem","position":1,"name":"Strona g\u0142\u00f3wna","item":"https:\/\/nanoclean24.com\/de\/"},{"@type":"ListItem","position":2,"name":"Shop","item":"https:\/\/nanoclean24.com\/de\/shop\/"},{"@type":"ListItem","position":3,"name":"AC-FOAMCLEAN Konzentrat 5kg"}]},{"@type":"WebSite","@id":"https:\/\/nanoclean24.com\/de\/#website","url":"https:\/\/nanoclean24.com\/de\/","name":"NanoClean","description":"","publisher":{"@id":"https:\/\/nanoclean24.com\/de\/#organization"},"potentialAction":[{"@type":"SearchAction","target":{"@type":"EntryPoint","urlTemplate":"https:\/\/nanoclean24.com\/de\/?s={search_term_string}"},"query-input":{"@type":"PropertyValueSpecification","valueRequired":true,"valueName":"search_term_string"}}],"inLanguage":"de"},{"@type":"Organization","@id":"https:\/\/nanoclean24.com\/de\/#organization","name":"NanoClean","url":"https:\/\/nanoclean24.com\/de\/","logo":{"@type":"ImageObject","inLanguage":"de","@id":"https:\/\/nanoclean24.com\/de\/#\/schema\/logo\/image\/","url":"https:\/\/nanoclean24.com\/wp-content\/uploads\/2025\/07\/logo-2.jpg","contentUrl":"https:\/\/nanoclean24.com\/wp-content\/uploads\/2025\/07\/logo-2.jpg","width":1068,"height":224,"caption":"NanoClean"},"image":{"@id":"https:\/\/nanoclean24.com\/de\/#\/schema\/logo\/image\/"}}]}},"taxonomy_info":{"product_cat":[{"value":122,"label":"HVAC PRO"}]},"featured_image_src_large":["https:\/\/nanoclean24.com\/wp-content\/uploads\/2025\/07\/MC-6125_AC-Foamclean-1-1024x1024.png",1024,1024,true],"author_info":[],"comment_info":"","_links":{"self":[{"href":"https:\/\/nanoclean24.com\/de\/wp-json\/wp\/v2\/product\/4459","targetHints":{"allow":["GET"]}}],"collection":[{"href":"https:\/\/nanoclean24.com\/de\/wp-json\/wp\/v2\/product"}],"about":[{"href":"https:\/\/nanoclean24.com\/de\/wp-json\/wp\/v2\/types\/product"}],"wp:featuredmedia":[{"embeddable":true,"href":"https:\/\/nanoclean24.com\/de\/wp-json\/wp\/v2\/media\/14591"}],"wp:attachment":[{"href":"https:\/\/nanoclean24.com\/de\/wp-json\/wp\/v2\/media?parent=4459"}],"wp:term":[{"taxonomy":"product_brand","embeddable":true,"href":"https:\/\/nanoclean24.com\/de\/wp-json\/wp\/v2\/product_brand?post=4459"},{"taxonomy":"product_cat","embeddable":true,"href":"https:\/\/nanoclean24.com\/de\/wp-json\/wp\/v2\/product_cat?post=4459"},{"taxonomy":"product_tag","embeddable":true,"href":"https:\/\/nanoclean24.com\/de\/wp-json\/wp\/v2\/product_tag?post=4459"}],"curies":[{"name":"wp","href":"https:\/\/api.w.org\/{rel}","templated":true}]}}