{"id":4453,"date":"2025-07-20T18:35:25","date_gmt":"2025-07-20T16:35:25","guid":{"rendered":"https:\/\/kadence.nanoclean.dev\/produkt\/penoil-hd-mc-1270-500ml\/"},"modified":"2025-10-23T11:54:58","modified_gmt":"2025-10-23T09:54:58","slug":"penoil-hd-mc-1270-500ml","status":"publish","type":"product","link":"https:\/\/nanoclean24.com\/de\/produkte\/penoil-hd-mc-1270-500ml\/","title":{"rendered":"PENOIL-HD (MC-1270) 500ml"},"content":{"rendered":"<p>Sehr schneller Rostl\u00f6ser f\u00fcr Schrauben, Passverbindungen und Mechanismen, der deren Wiederverwendung ohne Besch\u00e4digung erm\u00f6glicht<\/p>\n<h3><b>Anwendung<\/b><\/h3>\n<ul>\n<li>Sehr schnell eindringendes Reinigungs-, L\u00f6se- und Schmiermittel zur Demontage von Gewinden und mechanischen Teilen (Muttern, Schrauben, Bolzen, festgefressene Batterieklemmen, verrostete Felgen, Z\u00e4hler, Seile, Aluminium- und Stahlbl\u00f6cke, Bolzen, Stifte, Keile, Vielkeile, Einspritzd\u00fcsen, Vergaser, Katalysatoren, DPF-Filter)<\/li>\n<li>Der Rostl\u00f6ser PENOIL-HD bew\u00e4hrt sich ideal in jeder Werkstatt und jedem Servicebetrieb: (Autos, Traktoren, Busse, Baumaschinen, Kr\u00e4ne, Hebezeuge, Transporter, F\u00f6rderb\u00e4nder, Robotik, Gabelstapler, Aktuatoren\u2026)<\/li>\n<li>Reinigung und sanfte Schmierung von schwer zug\u00e4nglichen Stellen, Mechanismen, Pr\u00e4zisionsmechanismen, F\u00fchrungen, Gleitfl\u00e4chen, Schl\u00f6ssern usw.<\/li>\n<li>Wird in jeder Branche in Werkst\u00e4tten, Servicebetrieben, bei der Montage und Demontage von Pr\u00e4zisionsmechanismen, Seilen, Ketten, F\u00fchrungen, Linearlagern usw. verwendet.<\/li>\n<li>Multifunktionale Reinigung und Wartung im Milit\u00e4rbereich, Artillerie, Schusswaffen, Radfahrzeuge.<\/li>\n<li>Wartung und Demontage von Autoteilen, Schl\u00f6ssern, Scharnieren, Dichtungen, Aufh\u00e4ngungsmechanismen, Bremsen, Sitzen, T\u00fcren, Klappen, Scheibenwischermechanismen usw.<\/li>\n<li>Hervorragend geeignet zum Verdr\u00e4ngen von Feuchtigkeit und zur Wartung von elektrischen Ger\u00e4ten, Kontakten, Kabeln, Z\u00fcndanlagen von Motoren, elektronischen Ger\u00e4ten\u2026<\/li>\n<li>Reinigung von Karosserien von Stra\u00dfenverschmutzungen, Teer, Asphalt, Kratzern\u2026<\/li>\n<\/ul>\n<p>&nbsp;<\/p>\n<h3><b>Anwendung<\/b><\/h3>\n<ol>\n<li>Vor Gebrauch sch\u00fctteln.<\/li>\n<li>Das Produkt kann direkt auf verschmutzte Teile aufgetragen werden, da es reinigende Eigenschaften besitzt.<\/li>\n<\/ol>\n","protected":false},"excerpt":{"rendered":"<p><strong><img decoding=\"async\" class=\"emoji\" role=\"img\" src=\"https:\/\/s.w.org\/images\/core\/emoji\/16.0.1\/svg\/2705.svg\" alt=\"\u2705\" \/> <\/strong>Rostl\u00f6ser, der reinigt, die Demontage erleichtert, lockert, entrostet, schmiert, sch\u00fctzt.<\/p>\n<p><strong><img decoding=\"async\" class=\"emoji\" role=\"img\" src=\"https:\/\/s.w.org\/images\/core\/emoji\/16.0.1\/svg\/2705.svg\" alt=\"\u2705\" \/> <\/strong>Der Rostl\u00f6ser dringt sehr schnell ein \u2013 wirkt sogar in &lt;5 Sekunden.<\/p>\n<p><strong><img decoding=\"async\" class=\"emoji\" role=\"img\" src=\"https:\/\/s.w.org\/images\/core\/emoji\/16.0.1\/svg\/2705.svg\" alt=\"\u2705\" \/> <\/strong>PENOIL-HD ist der effizienteste Rostl\u00f6ser in Aerosolform und in der Praxis ersetzt 1 Aerosol 5-10 andere Pr\u00e4parate und garantiert gleichzeitig einen gr\u00f6\u00dferen Effekt und Zufriedenheit f\u00fcr den Benutzer.<\/p>\n<p><strong><img decoding=\"async\" class=\"emoji\" role=\"img\" src=\"https:\/\/s.w.org\/images\/core\/emoji\/16.0.1\/svg\/2705.svg\" alt=\"\u2705\" \/> <\/strong>PENOIL-HD ist ein Rostl\u00f6ser, der hervorragend reinigt und u.a. Fette, \u00d6le, Teer, Asphalt, Heiz\u00f6l entfernt.<\/p>\n<p><strong><img decoding=\"async\" class=\"emoji\" role=\"img\" src=\"https:\/\/s.w.org\/images\/core\/emoji\/16.0.1\/svg\/2705.svg\" alt=\"\u2705\" \/> <\/strong>PENOIL-HD entfernt bitumin\u00f6se Flecken auf der Karosserie. Reinigt und poliert verchromte, Aluminium- und Edelstahloberfl\u00e4chen.<\/p>\n<p><strong><img decoding=\"async\" class=\"emoji\" role=\"img\" src=\"https:\/\/s.w.org\/images\/core\/emoji\/16.0.1\/svg\/2705.svg\" alt=\"\u2705\" \/> <\/strong>Der Rostl\u00f6ser dringt sehr stark und tief in den Rost ein, l\u00f6st Korrosion, Oxidation,<br \/>\ndringt in jede Richtung ein.<\/p>\n<p><strong><img decoding=\"async\" class=\"emoji\" role=\"img\" src=\"https:\/\/s.w.org\/images\/core\/emoji\/16.0.1\/svg\/2705.svg\" alt=\"\u2705\" \/> <\/strong>Der Rostl\u00f6ser lockert sofort alle festgefressenen Schrauben, Muttern, Bolzen, Stifte, Verbinder, Keile, Befestigungen, Mechanismen, ohne die Teile zu besch\u00e4digen.<\/p>\n<p><strong><img decoding=\"async\" class=\"emoji\" role=\"img\" src=\"https:\/\/s.w.org\/images\/core\/emoji\/16.0.1\/svg\/2705.svg\" alt=\"\u2705\" \/> <\/strong>Stellt die normale Funktion der Mechanismen wieder her.<\/p>\n<p><strong><img decoding=\"async\" class=\"emoji\" role=\"img\" src=\"https:\/\/s.w.org\/images\/core\/emoji\/16.0.1\/svg\/2705.svg\" alt=\"\u2705\" \/> <\/strong>Wirkt sogar mehrmals schneller als die meisten Penetranten.<\/p>\n<p><strong><img decoding=\"async\" class=\"emoji\" role=\"img\" src=\"https:\/\/s.w.org\/images\/core\/emoji\/16.0.1\/svg\/2705.svg\" alt=\"\u2705\" \/> <\/strong>Der Rostl\u00f6ser lockert und entrostet effektiv Schrauben, Muttern, Bolzen, Buchsen und Mechanismen.<\/p>\n<p><strong><img decoding=\"async\" class=\"emoji\" role=\"img\" src=\"https:\/\/s.w.org\/images\/core\/emoji\/16.0.1\/svg\/2705.svg\" alt=\"\u2705\" \/> <\/strong>Der Rostl\u00f6ser PENOIL-HD erleichtert schwierige Demontagen ohne Zerst\u00f6rung und erspart schwere Arbeit.<\/p>\n<p><strong><img decoding=\"async\" class=\"emoji\" role=\"img\" src=\"https:\/\/s.w.org\/images\/core\/emoji\/16.0.1\/svg\/2705.svg\" alt=\"\u2705\" \/> <\/strong>Der Rostl\u00f6ser PENOIL-HD verhindert die Besch\u00e4digung von Gewinden und erm\u00f6glicht deren Wiederverwendung.<\/p>\n<p><strong><img decoding=\"async\" class=\"emoji\" role=\"img\" src=\"https:\/\/s.w.org\/images\/core\/emoji\/16.0.1\/svg\/2705.svg\" alt=\"\u2705\" \/> <\/strong>Der Rostl\u00f6ser PENOIL-HD schmiert und konserviert sanft \u2013 beseitigt Quietschen und Blockieren kleiner Mechanismen.<\/p>\n<p><strong><img decoding=\"async\" class=\"emoji\" role=\"img\" src=\"https:\/\/s.w.org\/images\/core\/emoji\/16.0.1\/svg\/2705.svg\" alt=\"\u2705\" \/> <\/strong>Der Rostl\u00f6ser reinigt und poliert \u2013 entfernt \u00d6le, Fette, Teer, Asphalt, Rost, Oxidationsablagerungen, Stra\u00dfenverschmutzungen, Ablagerungen und Schlieren.<\/p>\n<p><strong><img decoding=\"async\" class=\"emoji\" role=\"img\" src=\"https:\/\/s.w.org\/images\/core\/emoji\/16.0.1\/svg\/2705.svg\" alt=\"\u2705\" \/> <\/strong>Der Rostl\u00f6ser verdr\u00e4ngt Feuchtigkeit und sch\u00fctzt bis zu mehreren Tagen vor Korrosion.<\/p>\n<p><strong><img decoding=\"async\" class=\"emoji\" role=\"img\" src=\"https:\/\/s.w.org\/images\/core\/emoji\/16.0.1\/svg\/2705.svg\" alt=\"\u2705\" \/> <\/strong>Der Rostl\u00f6ser PENOIL-HD ist kompatibel mit Kunststoffen, Gummis, Dichtungen und Metallen.<\/p>\n<p><strong><img decoding=\"async\" class=\"emoji\" role=\"img\" src=\"https:\/\/s.w.org\/images\/core\/emoji\/16.0.1\/svg\/2705.svg\" alt=\"\u2705\" \/> <\/strong>Der Rostl\u00f6ser PENOIL HD ist sicher f\u00fcr die Lackierung: Er enth\u00e4lt keine Silikone und keine Verbindungen, die den Lackierprozess st\u00f6ren.<\/p>\n<p><strong><img decoding=\"async\" class=\"emoji\" role=\"img\" src=\"https:\/\/s.w.org\/images\/core\/emoji\/16.0.1\/svg\/2705.svg\" alt=\"\u2705\" \/> <\/strong>Der Rostl\u00f6ser PENOIL-HD ist sicher und umweltfreundlich: Er enth\u00e4lt keine toxischen, \u00e4tzenden Verbindungen, S\u00e4uren, Harze.<\/p>\n","protected":false},"featured_media":3850,"template":"","meta":{"_kad_blocks_custom_css":"","_kad_blocks_head_custom_js":"","_kad_blocks_body_custom_js":"","_kad_blocks_footer_custom_js":"","_kad_post_transparent":"","_kad_post_title":"","_kad_post_layout":"","_kad_post_sidebar_id":"","_kad_post_content_style":"","_kad_post_vertical_padding":"","_kad_post_feature":"","_kad_post_feature_position":"","_kad_post_header":false,"_kad_post_footer":false,"_kad_post_classname":""},"product_brand":[],"product_cat":[103],"product_tag":[],"class_list":{"0":"post-4453","1":"product","2":"type-product","3":"status-publish","4":"has-post-thumbnail","6":"product_cat-smarmax-de","8":"first","9":"instock","10":"taxable","11":"shipping-taxable","12":"purchasable","13":"product-type-simple","14":"entry","15":"content-bg","16":"loop-entry"},"yoast_head":"<!-- This site is optimized with the Yoast SEO plugin v27.4 - https:\/\/yoast.com\/product\/yoast-seo-wordpress\/ -->\n<title>PENOIL-HD (MC-1270) 500ml - NANOCLEAN<\/title>\n<meta name=\"robots\" content=\"index, follow, max-snippet:-1, max-image-preview:large, max-video-preview:-1\" \/>\n<link rel=\"canonical\" href=\"https:\/\/nanoclean24.com\/de\/produkte\/penoil-hd-mc-1270-500ml\/\" \/>\n<meta property=\"og:locale\" content=\"de_DE\" \/>\n<meta property=\"og:type\" content=\"article\" \/>\n<meta property=\"og:title\" content=\"PENOIL-HD (MC-1270) 500ml - NANOCLEAN\" \/>\n<meta property=\"og:description\" content=\"Rostl\u00f6ser, der reinigt, die Demontage erleichtert, lockert, entrostet, schmiert, sch\u00fctzt.   Der Rostl\u00f6ser dringt sehr schnell ein \u2013 wirkt sogar in &lt;5 Sekunden.   PENOIL-HD ist der effizienteste Rostl\u00f6ser in Aerosolform und in der Praxis ersetzt 1 Aerosol 5-10 andere Pr\u00e4parate und garantiert gleichzeitig einen gr\u00f6\u00dferen Effekt und Zufriedenheit f\u00fcr den Benutzer.   PENOIL-HD ist ein Rostl\u00f6ser, der hervorragend reinigt und u.a. Fette, \u00d6le, Teer, Asphalt, Heiz\u00f6l entfernt.   PENOIL-HD entfernt bitumin\u00f6se Flecken auf der Karosserie. Reinigt und poliert verchromte, Aluminium- und Edelstahloberfl\u00e4chen.   Der Rostl\u00f6ser dringt sehr stark und tief in den Rost ein, l\u00f6st Korrosion, Oxidation, dringt in jede Richtung ein.   Der Rostl\u00f6ser lockert sofort alle festgefressenen Schrauben, Muttern, Bolzen, Stifte, Verbinder, Keile, Befestigungen, Mechanismen, ohne die Teile zu besch\u00e4digen.   Stellt die normale Funktion der Mechanismen wieder her.   Wirkt sogar mehrmals schneller als die meisten Penetranten.   Der Rostl\u00f6ser lockert und entrostet effektiv Schrauben, Muttern, Bolzen, Buchsen und Mechanismen.   Der Rostl\u00f6ser PENOIL-HD erleichtert schwierige Demontagen ohne Zerst\u00f6rung und erspart schwere Arbeit.   Der Rostl\u00f6ser PENOIL-HD verhindert die Besch\u00e4digung von Gewinden und erm\u00f6glicht deren Wiederverwendung.   Der Rostl\u00f6ser PENOIL-HD schmiert und konserviert sanft \u2013 beseitigt Quietschen und Blockieren kleiner Mechanismen.   Der Rostl\u00f6ser reinigt und poliert \u2013 entfernt \u00d6le, Fette, Teer, Asphalt, Rost, Oxidationsablagerungen, Stra\u00dfenverschmutzungen, Ablagerungen und Schlieren.   Der Rostl\u00f6ser verdr\u00e4ngt Feuchtigkeit und sch\u00fctzt bis zu mehreren Tagen vor Korrosion.   Der Rostl\u00f6ser PENOIL-HD ist kompatibel mit Kunststoffen, Gummis, Dichtungen und Metallen.   Der Rostl\u00f6ser PENOIL HD ist sicher f\u00fcr die Lackierung: Er enth\u00e4lt keine Silikone und keine Verbindungen, die den Lackierprozess st\u00f6ren.   Der Rostl\u00f6ser PENOIL-HD ist sicher und umweltfreundlich: Er enth\u00e4lt keine toxischen, \u00e4tzenden Verbindungen, S\u00e4uren, Harze.\" \/>\n<meta property=\"og:url\" content=\"https:\/\/nanoclean24.com\/de\/produkte\/penoil-hd-mc-1270-500ml\/\" \/>\n<meta property=\"og:site_name\" content=\"NANOCLEAN\" \/>\n<meta property=\"article:modified_time\" content=\"2025-10-23T09:54:58+00:00\" \/>\n<meta property=\"og:image\" content=\"https:\/\/nanoclean24.com\/wp-content\/uploads\/2025\/07\/PENOIL-HD-MC-1270-500ml.webp\" \/>\n\t<meta property=\"og:image:width\" content=\"900\" \/>\n\t<meta property=\"og:image:height\" content=\"900\" \/>\n\t<meta property=\"og:image:type\" content=\"image\/webp\" \/>\n<meta name=\"twitter:card\" content=\"summary_large_image\" \/>\n<meta name=\"twitter:label1\" content=\"Gesch\u00e4tzte Lesezeit\" \/>\n\t<meta name=\"twitter:data1\" content=\"1\u00a0Minute\" \/>\n<script type=\"application\/ld+json\" class=\"yoast-schema-graph\">{\"@context\":\"https:\\\/\\\/schema.org\",\"@graph\":[{\"@type\":\"WebPage\",\"@id\":\"https:\\\/\\\/nanoclean24.com\\\/de\\\/produkte\\\/penoil-hd-mc-1270-500ml\\\/\",\"url\":\"https:\\\/\\\/nanoclean24.com\\\/de\\\/produkte\\\/penoil-hd-mc-1270-500ml\\\/\",\"name\":\"PENOIL-HD (MC-1270) 500ml - NANOCLEAN\",\"isPartOf\":{\"@id\":\"https:\\\/\\\/nanoclean24.com\\\/de\\\/#website\"},\"primaryImageOfPage\":{\"@id\":\"https:\\\/\\\/nanoclean24.com\\\/de\\\/produkte\\\/penoil-hd-mc-1270-500ml\\\/#primaryimage\"},\"image\":{\"@id\":\"https:\\\/\\\/nanoclean24.com\\\/de\\\/produkte\\\/penoil-hd-mc-1270-500ml\\\/#primaryimage\"},\"thumbnailUrl\":\"https:\\\/\\\/nanoclean24.com\\\/wp-content\\\/uploads\\\/2025\\\/07\\\/PENOIL-HD-MC-1270-500ml.webp\",\"datePublished\":\"2025-07-20T16:35:25+00:00\",\"dateModified\":\"2025-10-23T09:54:58+00:00\",\"breadcrumb\":{\"@id\":\"https:\\\/\\\/nanoclean24.com\\\/de\\\/produkte\\\/penoil-hd-mc-1270-500ml\\\/#breadcrumb\"},\"inLanguage\":\"de\",\"potentialAction\":[{\"@type\":\"ReadAction\",\"target\":[\"https:\\\/\\\/nanoclean24.com\\\/de\\\/produkte\\\/penoil-hd-mc-1270-500ml\\\/\"]}]},{\"@type\":\"ImageObject\",\"inLanguage\":\"de\",\"@id\":\"https:\\\/\\\/nanoclean24.com\\\/de\\\/produkte\\\/penoil-hd-mc-1270-500ml\\\/#primaryimage\",\"url\":\"https:\\\/\\\/nanoclean24.com\\\/wp-content\\\/uploads\\\/2025\\\/07\\\/PENOIL-HD-MC-1270-500ml.webp\",\"contentUrl\":\"https:\\\/\\\/nanoclean24.com\\\/wp-content\\\/uploads\\\/2025\\\/07\\\/PENOIL-HD-MC-1270-500ml.webp\",\"width\":900,\"height\":900},{\"@type\":\"BreadcrumbList\",\"@id\":\"https:\\\/\\\/nanoclean24.com\\\/de\\\/produkte\\\/penoil-hd-mc-1270-500ml\\\/#breadcrumb\",\"itemListElement\":[{\"@type\":\"ListItem\",\"position\":1,\"name\":\"Strona g\u0142\u00f3wna\",\"item\":\"https:\\\/\\\/nanoclean24.com\\\/de\\\/\"},{\"@type\":\"ListItem\",\"position\":2,\"name\":\"Shop\",\"item\":\"https:\\\/\\\/nanoclean24.com\\\/de\\\/shop\\\/\"},{\"@type\":\"ListItem\",\"position\":3,\"name\":\"PENOIL-HD (MC-1270) 500ml\"}]},{\"@type\":\"WebSite\",\"@id\":\"https:\\\/\\\/nanoclean24.com\\\/de\\\/#website\",\"url\":\"https:\\\/\\\/nanoclean24.com\\\/de\\\/\",\"name\":\"NanoClean\",\"description\":\"\",\"publisher\":{\"@id\":\"https:\\\/\\\/nanoclean24.com\\\/de\\\/#organization\"},\"potentialAction\":[{\"@type\":\"SearchAction\",\"target\":{\"@type\":\"EntryPoint\",\"urlTemplate\":\"https:\\\/\\\/nanoclean24.com\\\/de\\\/?s={search_term_string}\"},\"query-input\":{\"@type\":\"PropertyValueSpecification\",\"valueRequired\":true,\"valueName\":\"search_term_string\"}}],\"inLanguage\":\"de\"},{\"@type\":\"Organization\",\"@id\":\"https:\\\/\\\/nanoclean24.com\\\/de\\\/#organization\",\"name\":\"NanoClean\",\"url\":\"https:\\\/\\\/nanoclean24.com\\\/de\\\/\",\"logo\":{\"@type\":\"ImageObject\",\"inLanguage\":\"de\",\"@id\":\"https:\\\/\\\/nanoclean24.com\\\/de\\\/#\\\/schema\\\/logo\\\/image\\\/\",\"url\":\"https:\\\/\\\/nanoclean24.com\\\/wp-content\\\/uploads\\\/2025\\\/07\\\/logo-2.jpg\",\"contentUrl\":\"https:\\\/\\\/nanoclean24.com\\\/wp-content\\\/uploads\\\/2025\\\/07\\\/logo-2.jpg\",\"width\":1068,\"height\":224,\"caption\":\"NanoClean\"},\"image\":{\"@id\":\"https:\\\/\\\/nanoclean24.com\\\/de\\\/#\\\/schema\\\/logo\\\/image\\\/\"}}]}<\/script>\n<!-- \/ Yoast SEO plugin. -->","yoast_head_json":{"title":"PENOIL-HD (MC-1270) 500ml - NANOCLEAN","robots":{"index":"index","follow":"follow","max-snippet":"max-snippet:-1","max-image-preview":"max-image-preview:large","max-video-preview":"max-video-preview:-1"},"canonical":"https:\/\/nanoclean24.com\/de\/produkte\/penoil-hd-mc-1270-500ml\/","og_locale":"de_DE","og_type":"article","og_title":"PENOIL-HD (MC-1270) 500ml - NANOCLEAN","og_description":"Rostl\u00f6ser, der reinigt, die Demontage erleichtert, lockert, entrostet, schmiert, sch\u00fctzt.   Der Rostl\u00f6ser dringt sehr schnell ein \u2013 wirkt sogar in &lt;5 Sekunden.   PENOIL-HD ist der effizienteste Rostl\u00f6ser in Aerosolform und in der Praxis ersetzt 1 Aerosol 5-10 andere Pr\u00e4parate und garantiert gleichzeitig einen gr\u00f6\u00dferen Effekt und Zufriedenheit f\u00fcr den Benutzer.   PENOIL-HD ist ein Rostl\u00f6ser, der hervorragend reinigt und u.a. Fette, \u00d6le, Teer, Asphalt, Heiz\u00f6l entfernt.   PENOIL-HD entfernt bitumin\u00f6se Flecken auf der Karosserie. Reinigt und poliert verchromte, Aluminium- und Edelstahloberfl\u00e4chen.   Der Rostl\u00f6ser dringt sehr stark und tief in den Rost ein, l\u00f6st Korrosion, Oxidation, dringt in jede Richtung ein.   Der Rostl\u00f6ser lockert sofort alle festgefressenen Schrauben, Muttern, Bolzen, Stifte, Verbinder, Keile, Befestigungen, Mechanismen, ohne die Teile zu besch\u00e4digen.   Stellt die normale Funktion der Mechanismen wieder her.   Wirkt sogar mehrmals schneller als die meisten Penetranten.   Der Rostl\u00f6ser lockert und entrostet effektiv Schrauben, Muttern, Bolzen, Buchsen und Mechanismen.   Der Rostl\u00f6ser PENOIL-HD erleichtert schwierige Demontagen ohne Zerst\u00f6rung und erspart schwere Arbeit.   Der Rostl\u00f6ser PENOIL-HD verhindert die Besch\u00e4digung von Gewinden und erm\u00f6glicht deren Wiederverwendung.   Der Rostl\u00f6ser PENOIL-HD schmiert und konserviert sanft \u2013 beseitigt Quietschen und Blockieren kleiner Mechanismen.   Der Rostl\u00f6ser reinigt und poliert \u2013 entfernt \u00d6le, Fette, Teer, Asphalt, Rost, Oxidationsablagerungen, Stra\u00dfenverschmutzungen, Ablagerungen und Schlieren.   Der Rostl\u00f6ser verdr\u00e4ngt Feuchtigkeit und sch\u00fctzt bis zu mehreren Tagen vor Korrosion.   Der Rostl\u00f6ser PENOIL-HD ist kompatibel mit Kunststoffen, Gummis, Dichtungen und Metallen.   Der Rostl\u00f6ser PENOIL HD ist sicher f\u00fcr die Lackierung: Er enth\u00e4lt keine Silikone und keine Verbindungen, die den Lackierprozess st\u00f6ren.   Der Rostl\u00f6ser PENOIL-HD ist sicher und umweltfreundlich: Er enth\u00e4lt keine toxischen, \u00e4tzenden Verbindungen, S\u00e4uren, Harze.","og_url":"https:\/\/nanoclean24.com\/de\/produkte\/penoil-hd-mc-1270-500ml\/","og_site_name":"NANOCLEAN","article_modified_time":"2025-10-23T09:54:58+00:00","og_image":[{"width":900,"height":900,"url":"https:\/\/nanoclean24.com\/wp-content\/uploads\/2025\/07\/PENOIL-HD-MC-1270-500ml.webp","type":"image\/webp"}],"twitter_card":"summary_large_image","twitter_misc":{"Gesch\u00e4tzte Lesezeit":"1\u00a0Minute"},"schema":{"@context":"https:\/\/schema.org","@graph":[{"@type":"WebPage","@id":"https:\/\/nanoclean24.com\/de\/produkte\/penoil-hd-mc-1270-500ml\/","url":"https:\/\/nanoclean24.com\/de\/produkte\/penoil-hd-mc-1270-500ml\/","name":"PENOIL-HD (MC-1270) 500ml - NANOCLEAN","isPartOf":{"@id":"https:\/\/nanoclean24.com\/de\/#website"},"primaryImageOfPage":{"@id":"https:\/\/nanoclean24.com\/de\/produkte\/penoil-hd-mc-1270-500ml\/#primaryimage"},"image":{"@id":"https:\/\/nanoclean24.com\/de\/produkte\/penoil-hd-mc-1270-500ml\/#primaryimage"},"thumbnailUrl":"https:\/\/nanoclean24.com\/wp-content\/uploads\/2025\/07\/PENOIL-HD-MC-1270-500ml.webp","datePublished":"2025-07-20T16:35:25+00:00","dateModified":"2025-10-23T09:54:58+00:00","breadcrumb":{"@id":"https:\/\/nanoclean24.com\/de\/produkte\/penoil-hd-mc-1270-500ml\/#breadcrumb"},"inLanguage":"de","potentialAction":[{"@type":"ReadAction","target":["https:\/\/nanoclean24.com\/de\/produkte\/penoil-hd-mc-1270-500ml\/"]}]},{"@type":"ImageObject","inLanguage":"de","@id":"https:\/\/nanoclean24.com\/de\/produkte\/penoil-hd-mc-1270-500ml\/#primaryimage","url":"https:\/\/nanoclean24.com\/wp-content\/uploads\/2025\/07\/PENOIL-HD-MC-1270-500ml.webp","contentUrl":"https:\/\/nanoclean24.com\/wp-content\/uploads\/2025\/07\/PENOIL-HD-MC-1270-500ml.webp","width":900,"height":900},{"@type":"BreadcrumbList","@id":"https:\/\/nanoclean24.com\/de\/produkte\/penoil-hd-mc-1270-500ml\/#breadcrumb","itemListElement":[{"@type":"ListItem","position":1,"name":"Strona g\u0142\u00f3wna","item":"https:\/\/nanoclean24.com\/de\/"},{"@type":"ListItem","position":2,"name":"Shop","item":"https:\/\/nanoclean24.com\/de\/shop\/"},{"@type":"ListItem","position":3,"name":"PENOIL-HD (MC-1270) 500ml"}]},{"@type":"WebSite","@id":"https:\/\/nanoclean24.com\/de\/#website","url":"https:\/\/nanoclean24.com\/de\/","name":"NanoClean","description":"","publisher":{"@id":"https:\/\/nanoclean24.com\/de\/#organization"},"potentialAction":[{"@type":"SearchAction","target":{"@type":"EntryPoint","urlTemplate":"https:\/\/nanoclean24.com\/de\/?s={search_term_string}"},"query-input":{"@type":"PropertyValueSpecification","valueRequired":true,"valueName":"search_term_string"}}],"inLanguage":"de"},{"@type":"Organization","@id":"https:\/\/nanoclean24.com\/de\/#organization","name":"NanoClean","url":"https:\/\/nanoclean24.com\/de\/","logo":{"@type":"ImageObject","inLanguage":"de","@id":"https:\/\/nanoclean24.com\/de\/#\/schema\/logo\/image\/","url":"https:\/\/nanoclean24.com\/wp-content\/uploads\/2025\/07\/logo-2.jpg","contentUrl":"https:\/\/nanoclean24.com\/wp-content\/uploads\/2025\/07\/logo-2.jpg","width":1068,"height":224,"caption":"NanoClean"},"image":{"@id":"https:\/\/nanoclean24.com\/de\/#\/schema\/logo\/image\/"}}]}},"taxonomy_info":{"product_cat":[{"value":103,"label":"SMARMAX"}]},"featured_image_src_large":["https:\/\/nanoclean24.com\/wp-content\/uploads\/2025\/07\/PENOIL-HD-MC-1270-500ml.webp",900,900,false],"author_info":[],"comment_info":"","_links":{"self":[{"href":"https:\/\/nanoclean24.com\/de\/wp-json\/wp\/v2\/product\/4453","targetHints":{"allow":["GET"]}}],"collection":[{"href":"https:\/\/nanoclean24.com\/de\/wp-json\/wp\/v2\/product"}],"about":[{"href":"https:\/\/nanoclean24.com\/de\/wp-json\/wp\/v2\/types\/product"}],"wp:featuredmedia":[{"embeddable":true,"href":"https:\/\/nanoclean24.com\/de\/wp-json\/wp\/v2\/media\/3850"}],"wp:attachment":[{"href":"https:\/\/nanoclean24.com\/de\/wp-json\/wp\/v2\/media?parent=4453"}],"wp:term":[{"taxonomy":"product_brand","embeddable":true,"href":"https:\/\/nanoclean24.com\/de\/wp-json\/wp\/v2\/product_brand?post=4453"},{"taxonomy":"product_cat","embeddable":true,"href":"https:\/\/nanoclean24.com\/de\/wp-json\/wp\/v2\/product_cat?post=4453"},{"taxonomy":"product_tag","embeddable":true,"href":"https:\/\/nanoclean24.com\/de\/wp-json\/wp\/v2\/product_tag?post=4453"}],"curies":[{"name":"wp","href":"https:\/\/api.w.org\/{rel}","templated":true}]}}