{"id":4449,"date":"2025-07-20T18:37:16","date_gmt":"2025-07-20T16:37:16","guid":{"rendered":"https:\/\/kadence.nanoclean.dev\/produkt\/pcl9000-mc-1299-500ml\/"},"modified":"2025-10-23T11:54:50","modified_gmt":"2025-10-23T09:54:50","slug":"pcl9000-mc-1299-500ml","status":"publish","type":"product","link":"https:\/\/nanoclean24.com\/de\/produkte\/pcl9000-mc-1299-500ml\/","title":{"rendered":"PCL9000 (MC-1299) 500ml"},"content":{"rendered":"<p>Wasserdichtes, haftendes Polymerfett mit sehr hoher Viskosit\u00e4t f\u00fcr hochbelastete Ketten, Zahnr\u00e4der, Seile, Gelenke, Bolzen, Scharniere und Mechanismen.<\/p>\n<p>&nbsp;<\/p>\n","protected":false},"excerpt":{"rendered":"<p><strong><img decoding=\"async\" class=\"emoji\" role=\"img\" src=\"https:\/\/s.w.org\/images\/core\/emoji\/16.0.1\/svg\/2705.svg\" alt=\"\u2705\" \/> <\/strong>PCL 9000 ist ein wasserdichtes, multifunktionales, penetrierendes Schmiermittel mit einer sehr viskosen, nach dem Verdunsten des Tr\u00e4gers klebrigen Struktur.<\/p>\n<p><strong><img decoding=\"async\" class=\"emoji\" role=\"img\" src=\"https:\/\/s.w.org\/images\/core\/emoji\/16.0.1\/svg\/2705.svg\" alt=\"\u2705\" \/> <\/strong>Beim Auftragen dringt es schnell ein, verdr\u00e4ngt Wasser<br \/>\nund sch\u00fctzt Mechanismen, Ketten, Zahnr\u00e4der, Seile, Gelenke, langsam drehende Lager, Bolzen, Gleitf\u00fchrungen von innen&#8230;<\/p>\n<p><strong><img decoding=\"async\" class=\"emoji\" role=\"img\" src=\"https:\/\/s.w.org\/images\/core\/emoji\/16.0.1\/svg\/2705.svg\" alt=\"\u2705\" \/> <\/strong>Es bietet multifunktionale Schmierung f\u00fcr Ketten, Seile aller Art, Scharniere, Gelenke und ist ideal in feuchten, dampfenden und korrosiven Umgebungen.<\/p>\n<p><strong><img decoding=\"async\" class=\"emoji\" role=\"img\" src=\"https:\/\/s.w.org\/images\/core\/emoji\/16.0.1\/svg\/2705.svg\" alt=\"\u2705\" \/> <\/strong>Reduziert Reibung und Verschlei\u00df von arbeitenden Teilen erheblich.<\/p>\n<p><strong><img decoding=\"async\" class=\"emoji\" role=\"img\" src=\"https:\/\/s.w.org\/images\/core\/emoji\/16.0.1\/svg\/2705.svg\" alt=\"\u2705\" \/> <\/strong>Ausgezeichneter Separator an der Metall-Metall-Grenzfl\u00e4che,<\/p>\n<p><strong><img decoding=\"async\" class=\"emoji\" role=\"img\" src=\"https:\/\/s.w.org\/images\/core\/emoji\/16.0.1\/svg\/2705.svg\" alt=\"\u2705\" \/> <\/strong>Reduziert Klopfger\u00e4usche und Quietschen von losen Mechanismen und Verbindungen in Autos, Motorr\u00e4dern, Fahrr\u00e4dern<\/p>\n<p><strong><img decoding=\"async\" class=\"emoji\" role=\"img\" src=\"https:\/\/s.w.org\/images\/core\/emoji\/16.0.1\/svg\/2705.svg\" alt=\"\u2705\" \/> <\/strong>Sehr viskoses, ger\u00e4uschd\u00e4mpfendes Schmiermittel in Auto- und Motorradwerkst\u00e4tten.<\/p>\n<p><strong><img decoding=\"async\" class=\"emoji\" role=\"img\" src=\"https:\/\/s.w.org\/images\/core\/emoji\/16.0.1\/svg\/2705.svg\" alt=\"\u2705\" \/> <\/strong>Wird f\u00fcr hohe Belastungen und zum Korrosionsschutz in allen Bereichen der Energie-, Papier-, Bau-, Schiffbau-, Chemie-, Bergbau-, Kiesindustrie usw. eingesetzt.<\/p>\n","protected":false},"featured_media":3855,"template":"","meta":{"_kad_blocks_custom_css":"","_kad_blocks_head_custom_js":"","_kad_blocks_body_custom_js":"","_kad_blocks_footer_custom_js":"","_kad_post_transparent":"","_kad_post_title":"","_kad_post_layout":"","_kad_post_sidebar_id":"","_kad_post_content_style":"","_kad_post_vertical_padding":"","_kad_post_feature":"","_kad_post_feature_position":"","_kad_post_header":false,"_kad_post_footer":false,"_kad_post_classname":""},"product_brand":[],"product_cat":[103],"product_tag":[],"class_list":{"0":"post-4449","1":"product","2":"type-product","3":"status-publish","4":"has-post-thumbnail","6":"product_cat-smarmax-de","8":"first","9":"instock","10":"taxable","11":"shipping-taxable","12":"purchasable","13":"product-type-simple","14":"entry","15":"content-bg","16":"loop-entry"},"yoast_head":"<!-- This site is optimized with the Yoast SEO plugin v27.4 - https:\/\/yoast.com\/product\/yoast-seo-wordpress\/ -->\n<title>PCL9000 (MC-1299) 500ml - NANOCLEAN<\/title>\n<meta name=\"robots\" content=\"index, follow, max-snippet:-1, max-image-preview:large, max-video-preview:-1\" \/>\n<link rel=\"canonical\" href=\"https:\/\/nanoclean24.com\/de\/produkte\/pcl9000-mc-1299-500ml\/\" \/>\n<meta property=\"og:locale\" content=\"de_DE\" \/>\n<meta property=\"og:type\" content=\"article\" \/>\n<meta property=\"og:title\" content=\"PCL9000 (MC-1299) 500ml - NANOCLEAN\" \/>\n<meta property=\"og:description\" content=\"PCL 9000 ist ein wasserdichtes, multifunktionales, penetrierendes Schmiermittel mit einer sehr viskosen, nach dem Verdunsten des Tr\u00e4gers klebrigen Struktur.   Beim Auftragen dringt es schnell ein, verdr\u00e4ngt Wasser und sch\u00fctzt Mechanismen, Ketten, Zahnr\u00e4der, Seile, Gelenke, langsam drehende Lager, Bolzen, Gleitf\u00fchrungen von innen...   Es bietet multifunktionale Schmierung f\u00fcr Ketten, Seile aller Art, Scharniere, Gelenke und ist ideal in feuchten, dampfenden und korrosiven Umgebungen.   Reduziert Reibung und Verschlei\u00df von arbeitenden Teilen erheblich.   Ausgezeichneter Separator an der Metall-Metall-Grenzfl\u00e4che,   Reduziert Klopfger\u00e4usche und Quietschen von losen Mechanismen und Verbindungen in Autos, Motorr\u00e4dern, Fahrr\u00e4dern   Sehr viskoses, ger\u00e4uschd\u00e4mpfendes Schmiermittel in Auto- und Motorradwerkst\u00e4tten.   Wird f\u00fcr hohe Belastungen und zum Korrosionsschutz in allen Bereichen der Energie-, Papier-, Bau-, Schiffbau-, Chemie-, Bergbau-, Kiesindustrie usw. eingesetzt.\" \/>\n<meta property=\"og:url\" content=\"https:\/\/nanoclean24.com\/de\/produkte\/pcl9000-mc-1299-500ml\/\" \/>\n<meta property=\"og:site_name\" content=\"NANOCLEAN\" \/>\n<meta property=\"article:modified_time\" content=\"2025-10-23T09:54:50+00:00\" \/>\n<meta property=\"og:image\" content=\"https:\/\/nanoclean24.com\/wp-content\/uploads\/2025\/07\/PCL9000-MC-1290-500ml.webp\" \/>\n\t<meta property=\"og:image:width\" content=\"900\" \/>\n\t<meta property=\"og:image:height\" content=\"900\" \/>\n\t<meta property=\"og:image:type\" content=\"image\/webp\" \/>\n<meta name=\"twitter:card\" content=\"summary_large_image\" \/>\n<script type=\"application\/ld+json\" class=\"yoast-schema-graph\">{\"@context\":\"https:\\\/\\\/schema.org\",\"@graph\":[{\"@type\":\"WebPage\",\"@id\":\"https:\\\/\\\/nanoclean24.com\\\/de\\\/produkte\\\/pcl9000-mc-1299-500ml\\\/\",\"url\":\"https:\\\/\\\/nanoclean24.com\\\/de\\\/produkte\\\/pcl9000-mc-1299-500ml\\\/\",\"name\":\"PCL9000 (MC-1299) 500ml - NANOCLEAN\",\"isPartOf\":{\"@id\":\"https:\\\/\\\/nanoclean24.com\\\/de\\\/#website\"},\"primaryImageOfPage\":{\"@id\":\"https:\\\/\\\/nanoclean24.com\\\/de\\\/produkte\\\/pcl9000-mc-1299-500ml\\\/#primaryimage\"},\"image\":{\"@id\":\"https:\\\/\\\/nanoclean24.com\\\/de\\\/produkte\\\/pcl9000-mc-1299-500ml\\\/#primaryimage\"},\"thumbnailUrl\":\"https:\\\/\\\/nanoclean24.com\\\/wp-content\\\/uploads\\\/2025\\\/07\\\/PCL9000-MC-1290-500ml.webp\",\"datePublished\":\"2025-07-20T16:37:16+00:00\",\"dateModified\":\"2025-10-23T09:54:50+00:00\",\"breadcrumb\":{\"@id\":\"https:\\\/\\\/nanoclean24.com\\\/de\\\/produkte\\\/pcl9000-mc-1299-500ml\\\/#breadcrumb\"},\"inLanguage\":\"de\",\"potentialAction\":[{\"@type\":\"ReadAction\",\"target\":[\"https:\\\/\\\/nanoclean24.com\\\/de\\\/produkte\\\/pcl9000-mc-1299-500ml\\\/\"]}]},{\"@type\":\"ImageObject\",\"inLanguage\":\"de\",\"@id\":\"https:\\\/\\\/nanoclean24.com\\\/de\\\/produkte\\\/pcl9000-mc-1299-500ml\\\/#primaryimage\",\"url\":\"https:\\\/\\\/nanoclean24.com\\\/wp-content\\\/uploads\\\/2025\\\/07\\\/PCL9000-MC-1290-500ml.webp\",\"contentUrl\":\"https:\\\/\\\/nanoclean24.com\\\/wp-content\\\/uploads\\\/2025\\\/07\\\/PCL9000-MC-1290-500ml.webp\",\"width\":900,\"height\":900},{\"@type\":\"BreadcrumbList\",\"@id\":\"https:\\\/\\\/nanoclean24.com\\\/de\\\/produkte\\\/pcl9000-mc-1299-500ml\\\/#breadcrumb\",\"itemListElement\":[{\"@type\":\"ListItem\",\"position\":1,\"name\":\"Strona g\u0142\u00f3wna\",\"item\":\"https:\\\/\\\/nanoclean24.com\\\/de\\\/\"},{\"@type\":\"ListItem\",\"position\":2,\"name\":\"Shop\",\"item\":\"https:\\\/\\\/nanoclean24.com\\\/de\\\/shop\\\/\"},{\"@type\":\"ListItem\",\"position\":3,\"name\":\"PCL9000 (MC-1299) 500ml\"}]},{\"@type\":\"WebSite\",\"@id\":\"https:\\\/\\\/nanoclean24.com\\\/de\\\/#website\",\"url\":\"https:\\\/\\\/nanoclean24.com\\\/de\\\/\",\"name\":\"NanoClean\",\"description\":\"\",\"publisher\":{\"@id\":\"https:\\\/\\\/nanoclean24.com\\\/de\\\/#organization\"},\"potentialAction\":[{\"@type\":\"SearchAction\",\"target\":{\"@type\":\"EntryPoint\",\"urlTemplate\":\"https:\\\/\\\/nanoclean24.com\\\/de\\\/?s={search_term_string}\"},\"query-input\":{\"@type\":\"PropertyValueSpecification\",\"valueRequired\":true,\"valueName\":\"search_term_string\"}}],\"inLanguage\":\"de\"},{\"@type\":\"Organization\",\"@id\":\"https:\\\/\\\/nanoclean24.com\\\/de\\\/#organization\",\"name\":\"NanoClean\",\"url\":\"https:\\\/\\\/nanoclean24.com\\\/de\\\/\",\"logo\":{\"@type\":\"ImageObject\",\"inLanguage\":\"de\",\"@id\":\"https:\\\/\\\/nanoclean24.com\\\/de\\\/#\\\/schema\\\/logo\\\/image\\\/\",\"url\":\"https:\\\/\\\/nanoclean24.com\\\/wp-content\\\/uploads\\\/2025\\\/07\\\/logo-2.jpg\",\"contentUrl\":\"https:\\\/\\\/nanoclean24.com\\\/wp-content\\\/uploads\\\/2025\\\/07\\\/logo-2.jpg\",\"width\":1068,\"height\":224,\"caption\":\"NanoClean\"},\"image\":{\"@id\":\"https:\\\/\\\/nanoclean24.com\\\/de\\\/#\\\/schema\\\/logo\\\/image\\\/\"}}]}<\/script>\n<!-- \/ Yoast SEO plugin. -->","yoast_head_json":{"title":"PCL9000 (MC-1299) 500ml - NANOCLEAN","robots":{"index":"index","follow":"follow","max-snippet":"max-snippet:-1","max-image-preview":"max-image-preview:large","max-video-preview":"max-video-preview:-1"},"canonical":"https:\/\/nanoclean24.com\/de\/produkte\/pcl9000-mc-1299-500ml\/","og_locale":"de_DE","og_type":"article","og_title":"PCL9000 (MC-1299) 500ml - NANOCLEAN","og_description":"PCL 9000 ist ein wasserdichtes, multifunktionales, penetrierendes Schmiermittel mit einer sehr viskosen, nach dem Verdunsten des Tr\u00e4gers klebrigen Struktur.   Beim Auftragen dringt es schnell ein, verdr\u00e4ngt Wasser und sch\u00fctzt Mechanismen, Ketten, Zahnr\u00e4der, Seile, Gelenke, langsam drehende Lager, Bolzen, Gleitf\u00fchrungen von innen...   Es bietet multifunktionale Schmierung f\u00fcr Ketten, Seile aller Art, Scharniere, Gelenke und ist ideal in feuchten, dampfenden und korrosiven Umgebungen.   Reduziert Reibung und Verschlei\u00df von arbeitenden Teilen erheblich.   Ausgezeichneter Separator an der Metall-Metall-Grenzfl\u00e4che,   Reduziert Klopfger\u00e4usche und Quietschen von losen Mechanismen und Verbindungen in Autos, Motorr\u00e4dern, Fahrr\u00e4dern   Sehr viskoses, ger\u00e4uschd\u00e4mpfendes Schmiermittel in Auto- und Motorradwerkst\u00e4tten.   Wird f\u00fcr hohe Belastungen und zum Korrosionsschutz in allen Bereichen der Energie-, Papier-, Bau-, Schiffbau-, Chemie-, Bergbau-, Kiesindustrie usw. eingesetzt.","og_url":"https:\/\/nanoclean24.com\/de\/produkte\/pcl9000-mc-1299-500ml\/","og_site_name":"NANOCLEAN","article_modified_time":"2025-10-23T09:54:50+00:00","og_image":[{"width":900,"height":900,"url":"https:\/\/nanoclean24.com\/wp-content\/uploads\/2025\/07\/PCL9000-MC-1290-500ml.webp","type":"image\/webp"}],"twitter_card":"summary_large_image","schema":{"@context":"https:\/\/schema.org","@graph":[{"@type":"WebPage","@id":"https:\/\/nanoclean24.com\/de\/produkte\/pcl9000-mc-1299-500ml\/","url":"https:\/\/nanoclean24.com\/de\/produkte\/pcl9000-mc-1299-500ml\/","name":"PCL9000 (MC-1299) 500ml - NANOCLEAN","isPartOf":{"@id":"https:\/\/nanoclean24.com\/de\/#website"},"primaryImageOfPage":{"@id":"https:\/\/nanoclean24.com\/de\/produkte\/pcl9000-mc-1299-500ml\/#primaryimage"},"image":{"@id":"https:\/\/nanoclean24.com\/de\/produkte\/pcl9000-mc-1299-500ml\/#primaryimage"},"thumbnailUrl":"https:\/\/nanoclean24.com\/wp-content\/uploads\/2025\/07\/PCL9000-MC-1290-500ml.webp","datePublished":"2025-07-20T16:37:16+00:00","dateModified":"2025-10-23T09:54:50+00:00","breadcrumb":{"@id":"https:\/\/nanoclean24.com\/de\/produkte\/pcl9000-mc-1299-500ml\/#breadcrumb"},"inLanguage":"de","potentialAction":[{"@type":"ReadAction","target":["https:\/\/nanoclean24.com\/de\/produkte\/pcl9000-mc-1299-500ml\/"]}]},{"@type":"ImageObject","inLanguage":"de","@id":"https:\/\/nanoclean24.com\/de\/produkte\/pcl9000-mc-1299-500ml\/#primaryimage","url":"https:\/\/nanoclean24.com\/wp-content\/uploads\/2025\/07\/PCL9000-MC-1290-500ml.webp","contentUrl":"https:\/\/nanoclean24.com\/wp-content\/uploads\/2025\/07\/PCL9000-MC-1290-500ml.webp","width":900,"height":900},{"@type":"BreadcrumbList","@id":"https:\/\/nanoclean24.com\/de\/produkte\/pcl9000-mc-1299-500ml\/#breadcrumb","itemListElement":[{"@type":"ListItem","position":1,"name":"Strona g\u0142\u00f3wna","item":"https:\/\/nanoclean24.com\/de\/"},{"@type":"ListItem","position":2,"name":"Shop","item":"https:\/\/nanoclean24.com\/de\/shop\/"},{"@type":"ListItem","position":3,"name":"PCL9000 (MC-1299) 500ml"}]},{"@type":"WebSite","@id":"https:\/\/nanoclean24.com\/de\/#website","url":"https:\/\/nanoclean24.com\/de\/","name":"NanoClean","description":"","publisher":{"@id":"https:\/\/nanoclean24.com\/de\/#organization"},"potentialAction":[{"@type":"SearchAction","target":{"@type":"EntryPoint","urlTemplate":"https:\/\/nanoclean24.com\/de\/?s={search_term_string}"},"query-input":{"@type":"PropertyValueSpecification","valueRequired":true,"valueName":"search_term_string"}}],"inLanguage":"de"},{"@type":"Organization","@id":"https:\/\/nanoclean24.com\/de\/#organization","name":"NanoClean","url":"https:\/\/nanoclean24.com\/de\/","logo":{"@type":"ImageObject","inLanguage":"de","@id":"https:\/\/nanoclean24.com\/de\/#\/schema\/logo\/image\/","url":"https:\/\/nanoclean24.com\/wp-content\/uploads\/2025\/07\/logo-2.jpg","contentUrl":"https:\/\/nanoclean24.com\/wp-content\/uploads\/2025\/07\/logo-2.jpg","width":1068,"height":224,"caption":"NanoClean"},"image":{"@id":"https:\/\/nanoclean24.com\/de\/#\/schema\/logo\/image\/"}}]}},"taxonomy_info":{"product_cat":[{"value":103,"label":"SMARMAX"}]},"featured_image_src_large":["https:\/\/nanoclean24.com\/wp-content\/uploads\/2025\/07\/PCL9000-MC-1290-500ml.webp",900,900,false],"author_info":[],"comment_info":"","_links":{"self":[{"href":"https:\/\/nanoclean24.com\/de\/wp-json\/wp\/v2\/product\/4449","targetHints":{"allow":["GET"]}}],"collection":[{"href":"https:\/\/nanoclean24.com\/de\/wp-json\/wp\/v2\/product"}],"about":[{"href":"https:\/\/nanoclean24.com\/de\/wp-json\/wp\/v2\/types\/product"}],"wp:featuredmedia":[{"embeddable":true,"href":"https:\/\/nanoclean24.com\/de\/wp-json\/wp\/v2\/media\/3855"}],"wp:attachment":[{"href":"https:\/\/nanoclean24.com\/de\/wp-json\/wp\/v2\/media?parent=4449"}],"wp:term":[{"taxonomy":"product_brand","embeddable":true,"href":"https:\/\/nanoclean24.com\/de\/wp-json\/wp\/v2\/product_brand?post=4449"},{"taxonomy":"product_cat","embeddable":true,"href":"https:\/\/nanoclean24.com\/de\/wp-json\/wp\/v2\/product_cat?post=4449"},{"taxonomy":"product_tag","embeddable":true,"href":"https:\/\/nanoclean24.com\/de\/wp-json\/wp\/v2\/product_tag?post=4449"}],"curies":[{"name":"wp","href":"https:\/\/api.w.org\/{rel}","templated":true}]}}