{"id":4427,"date":"2025-07-20T18:59:28","date_gmt":"2025-07-20T16:59:28","guid":{"rendered":"https:\/\/kadence.nanoclean.dev\/produkt\/gas-leak-spray-mc-1911-500ml\/"},"modified":"2025-10-23T11:54:14","modified_gmt":"2025-10-23T09:54:14","slug":"gas-leak-spray-mc-1911-500ml","status":"publish","type":"product","link":"https:\/\/nanoclean24.com\/de\/produkte\/gas-leak-spray-mc-1911-500ml\/","title":{"rendered":"GAS LEAK SPRAY (MC-1911) 500ml"},"content":{"rendered":"<p>GAS LEAK SPRAY ist ideal zum Aufsp\u00fcren kleinster Gaslecks in Rohrleitungen, Verbindungen, Anschl\u00fcssen, Ventilen, Kompressoren, Klimaanlagen, in Industrie-, Automobil- und K\u00fchlanlagen.<\/p>\n<p>Es ist mit den meisten Gasen kompatibel, sollte jedoch nicht zum Aufsp\u00fcren von Lecks bei medizinischen Gasen und Gasen phosphorischen Ursprungs verwendet werden.<\/p>\n<p>Einsatz in der Energie-, Bergbau-, Automobil-, Bau-, Schiffbau-, Papier- und Chemieindustrie usw.<\/p>\n<p>Es ist kompatibel mit Stahl, Aluminium, Titan, Magnesium, Zink und anderen Metallen sowie Kunststoffen, Elastomeren, Farben, Stoffen, Holz.<\/p>\n<p>Produkt f\u00fcr Profis.<\/p>\n","protected":false},"excerpt":{"rendered":"<p><strong><img decoding=\"async\" class=\"emoji\" role=\"img\" src=\"https:\/\/s.w.org\/images\/core\/emoji\/16.0.1\/svg\/2705.svg\" alt=\"\u2705\" \/> <\/strong>Aerosol einfach in der Anwendung.<br \/>\n<strong><img decoding=\"async\" class=\"emoji\" role=\"img\" src=\"https:\/\/s.w.org\/images\/core\/emoji\/16.0.1\/svg\/2705.svg\" alt=\"\u2705\" \/> <\/strong>Sehr effektiv, lokalisiert Leckstellen pr\u00e4zise, auch Verluste von &lt;7 mBar.<br \/>\n<strong><img decoding=\"async\" class=\"emoji\" role=\"img\" src=\"https:\/\/s.w.org\/images\/core\/emoji\/16.0.1\/svg\/2705.svg\" alt=\"\u2705\" \/> <\/strong>Ungiftig und korrosionsbest\u00e4ndig.<br \/>\n<strong><img decoding=\"async\" class=\"emoji\" role=\"img\" src=\"https:\/\/s.w.org\/images\/core\/emoji\/16.0.1\/svg\/2705.svg\" alt=\"\u2705\" \/> <\/strong>Nicht brennbares Pr\u00e4parat.<br \/>\n<strong><img decoding=\"async\" class=\"emoji\" role=\"img\" src=\"https:\/\/s.w.org\/images\/core\/emoji\/16.0.1\/svg\/2705.svg\" alt=\"\u2705\" \/> <\/strong>Praktisches 360\u00b0-Ventil.<br \/>\n<strong><img decoding=\"async\" class=\"emoji\" role=\"img\" src=\"https:\/\/s.w.org\/images\/core\/emoji\/16.0.1\/svg\/2705.svg\" alt=\"\u2705\" \/> <\/strong>Entspricht den DVGW-Anforderungen.<br \/>\n<strong><img decoding=\"async\" class=\"emoji\" role=\"img\" src=\"https:\/\/s.w.org\/images\/core\/emoji\/16.0.1\/svg\/2705.svg\" alt=\"\u2705\" \/> <\/strong>Umweltfreundliches Treibgas.<\/p>\n","protected":false},"featured_media":3882,"template":"","meta":{"_kad_blocks_custom_css":"","_kad_blocks_head_custom_js":"","_kad_blocks_body_custom_js":"","_kad_blocks_footer_custom_js":"","_kad_post_transparent":"","_kad_post_title":"","_kad_post_layout":"","_kad_post_sidebar_id":"","_kad_post_content_style":"","_kad_post_vertical_padding":"","_kad_post_feature":"","_kad_post_feature_position":"","_kad_post_header":false,"_kad_post_footer":false,"_kad_post_classname":""},"product_brand":[],"product_cat":[103],"product_tag":[],"class_list":{"0":"post-4427","1":"product","2":"type-product","3":"status-publish","4":"has-post-thumbnail","6":"product_cat-smarmax-de","8":"first","9":"instock","10":"taxable","11":"shipping-taxable","12":"purchasable","13":"product-type-simple","14":"entry","15":"content-bg","16":"loop-entry"},"yoast_head":"<!-- This site is optimized with the Yoast SEO plugin v27.2 - https:\/\/yoast.com\/product\/yoast-seo-wordpress\/ -->\n<title>GAS LEAK SPRAY (MC-1911) 500ml - NANOCLEAN<\/title>\n<meta name=\"robots\" content=\"index, follow, max-snippet:-1, max-image-preview:large, max-video-preview:-1\" \/>\n<link rel=\"canonical\" href=\"https:\/\/nanoclean24.com\/de\/produkte\/gas-leak-spray-mc-1911-500ml\/\" \/>\n<meta property=\"og:locale\" content=\"de_DE\" \/>\n<meta property=\"og:type\" content=\"article\" \/>\n<meta property=\"og:title\" content=\"GAS LEAK SPRAY (MC-1911) 500ml - NANOCLEAN\" \/>\n<meta property=\"og:description\" content=\"Aerosol einfach in der Anwendung.  Sehr effektiv, lokalisiert Leckstellen pr\u00e4zise, auch Verluste von &lt;7 mBar.  Ungiftig und korrosionsbest\u00e4ndig.  Nicht brennbares Pr\u00e4parat.  Praktisches 360\u00b0-Ventil.  Entspricht den DVGW-Anforderungen.  Umweltfreundliches Treibgas.\" \/>\n<meta property=\"og:url\" content=\"https:\/\/nanoclean24.com\/de\/produkte\/gas-leak-spray-mc-1911-500ml\/\" \/>\n<meta property=\"og:site_name\" content=\"NANOCLEAN\" \/>\n<meta property=\"article:modified_time\" content=\"2025-10-23T09:54:14+00:00\" \/>\n<meta property=\"og:image\" content=\"https:\/\/nanoclean24.com\/wp-content\/uploads\/2025\/07\/GAS-LEAK-SPRAY-MC-1911-500ml.webp\" \/>\n\t<meta property=\"og:image:width\" content=\"900\" \/>\n\t<meta property=\"og:image:height\" content=\"900\" \/>\n\t<meta property=\"og:image:type\" content=\"image\/webp\" \/>\n<meta name=\"twitter:card\" content=\"summary_large_image\" \/>\n<script type=\"application\/ld+json\" class=\"yoast-schema-graph\">{\"@context\":\"https:\/\/schema.org\",\"@graph\":[{\"@type\":\"WebPage\",\"@id\":\"https:\/\/nanoclean24.com\/de\/produkte\/gas-leak-spray-mc-1911-500ml\/\",\"url\":\"https:\/\/nanoclean24.com\/de\/produkte\/gas-leak-spray-mc-1911-500ml\/\",\"name\":\"GAS LEAK SPRAY (MC-1911) 500ml - NANOCLEAN\",\"isPartOf\":{\"@id\":\"https:\/\/nanoclean24.com\/de\/#website\"},\"primaryImageOfPage\":{\"@id\":\"https:\/\/nanoclean24.com\/de\/produkte\/gas-leak-spray-mc-1911-500ml\/#primaryimage\"},\"image\":{\"@id\":\"https:\/\/nanoclean24.com\/de\/produkte\/gas-leak-spray-mc-1911-500ml\/#primaryimage\"},\"thumbnailUrl\":\"https:\/\/nanoclean24.com\/wp-content\/uploads\/2025\/07\/GAS-LEAK-SPRAY-MC-1911-500ml.webp\",\"datePublished\":\"2025-07-20T16:59:28+00:00\",\"dateModified\":\"2025-10-23T09:54:14+00:00\",\"breadcrumb\":{\"@id\":\"https:\/\/nanoclean24.com\/de\/produkte\/gas-leak-spray-mc-1911-500ml\/#breadcrumb\"},\"inLanguage\":\"de\",\"potentialAction\":[{\"@type\":\"ReadAction\",\"target\":[\"https:\/\/nanoclean24.com\/de\/produkte\/gas-leak-spray-mc-1911-500ml\/\"]}]},{\"@type\":\"ImageObject\",\"inLanguage\":\"de\",\"@id\":\"https:\/\/nanoclean24.com\/de\/produkte\/gas-leak-spray-mc-1911-500ml\/#primaryimage\",\"url\":\"https:\/\/nanoclean24.com\/wp-content\/uploads\/2025\/07\/GAS-LEAK-SPRAY-MC-1911-500ml.webp\",\"contentUrl\":\"https:\/\/nanoclean24.com\/wp-content\/uploads\/2025\/07\/GAS-LEAK-SPRAY-MC-1911-500ml.webp\",\"width\":900,\"height\":900},{\"@type\":\"BreadcrumbList\",\"@id\":\"https:\/\/nanoclean24.com\/de\/produkte\/gas-leak-spray-mc-1911-500ml\/#breadcrumb\",\"itemListElement\":[{\"@type\":\"ListItem\",\"position\":1,\"name\":\"Strona g\u0142\u00f3wna\",\"item\":\"https:\/\/nanoclean24.com\/de\/\"},{\"@type\":\"ListItem\",\"position\":2,\"name\":\"Shop\",\"item\":\"https:\/\/nanoclean24.com\/de\/shop\/\"},{\"@type\":\"ListItem\",\"position\":3,\"name\":\"GAS LEAK SPRAY (MC-1911) 500ml\"}]},{\"@type\":\"WebSite\",\"@id\":\"https:\/\/nanoclean24.com\/de\/#website\",\"url\":\"https:\/\/nanoclean24.com\/de\/\",\"name\":\"NanoClean\",\"description\":\"\",\"publisher\":{\"@id\":\"https:\/\/nanoclean24.com\/de\/#organization\"},\"potentialAction\":[{\"@type\":\"SearchAction\",\"target\":{\"@type\":\"EntryPoint\",\"urlTemplate\":\"https:\/\/nanoclean24.com\/de\/?s={search_term_string}\"},\"query-input\":{\"@type\":\"PropertyValueSpecification\",\"valueRequired\":true,\"valueName\":\"search_term_string\"}}],\"inLanguage\":\"de\"},{\"@type\":\"Organization\",\"@id\":\"https:\/\/nanoclean24.com\/de\/#organization\",\"name\":\"NanoClean\",\"url\":\"https:\/\/nanoclean24.com\/de\/\",\"logo\":{\"@type\":\"ImageObject\",\"inLanguage\":\"de\",\"@id\":\"https:\/\/nanoclean24.com\/de\/#\/schema\/logo\/image\/\",\"url\":\"https:\/\/nanoclean24.com\/wp-content\/uploads\/2025\/07\/logo-2.jpg\",\"contentUrl\":\"https:\/\/nanoclean24.com\/wp-content\/uploads\/2025\/07\/logo-2.jpg\",\"width\":1068,\"height\":224,\"caption\":\"NanoClean\"},\"image\":{\"@id\":\"https:\/\/nanoclean24.com\/de\/#\/schema\/logo\/image\/\"}}]}<\/script>\n<!-- \/ Yoast SEO plugin. -->","yoast_head_json":{"title":"GAS LEAK SPRAY (MC-1911) 500ml - NANOCLEAN","robots":{"index":"index","follow":"follow","max-snippet":"max-snippet:-1","max-image-preview":"max-image-preview:large","max-video-preview":"max-video-preview:-1"},"canonical":"https:\/\/nanoclean24.com\/de\/produkte\/gas-leak-spray-mc-1911-500ml\/","og_locale":"de_DE","og_type":"article","og_title":"GAS LEAK SPRAY (MC-1911) 500ml - NANOCLEAN","og_description":"Aerosol einfach in der Anwendung.  Sehr effektiv, lokalisiert Leckstellen pr\u00e4zise, auch Verluste von &lt;7 mBar.  Ungiftig und korrosionsbest\u00e4ndig.  Nicht brennbares Pr\u00e4parat.  Praktisches 360\u00b0-Ventil.  Entspricht den DVGW-Anforderungen.  Umweltfreundliches Treibgas.","og_url":"https:\/\/nanoclean24.com\/de\/produkte\/gas-leak-spray-mc-1911-500ml\/","og_site_name":"NANOCLEAN","article_modified_time":"2025-10-23T09:54:14+00:00","og_image":[{"width":900,"height":900,"url":"https:\/\/nanoclean24.com\/wp-content\/uploads\/2025\/07\/GAS-LEAK-SPRAY-MC-1911-500ml.webp","type":"image\/webp"}],"twitter_card":"summary_large_image","schema":{"@context":"https:\/\/schema.org","@graph":[{"@type":"WebPage","@id":"https:\/\/nanoclean24.com\/de\/produkte\/gas-leak-spray-mc-1911-500ml\/","url":"https:\/\/nanoclean24.com\/de\/produkte\/gas-leak-spray-mc-1911-500ml\/","name":"GAS LEAK SPRAY (MC-1911) 500ml - NANOCLEAN","isPartOf":{"@id":"https:\/\/nanoclean24.com\/de\/#website"},"primaryImageOfPage":{"@id":"https:\/\/nanoclean24.com\/de\/produkte\/gas-leak-spray-mc-1911-500ml\/#primaryimage"},"image":{"@id":"https:\/\/nanoclean24.com\/de\/produkte\/gas-leak-spray-mc-1911-500ml\/#primaryimage"},"thumbnailUrl":"https:\/\/nanoclean24.com\/wp-content\/uploads\/2025\/07\/GAS-LEAK-SPRAY-MC-1911-500ml.webp","datePublished":"2025-07-20T16:59:28+00:00","dateModified":"2025-10-23T09:54:14+00:00","breadcrumb":{"@id":"https:\/\/nanoclean24.com\/de\/produkte\/gas-leak-spray-mc-1911-500ml\/#breadcrumb"},"inLanguage":"de","potentialAction":[{"@type":"ReadAction","target":["https:\/\/nanoclean24.com\/de\/produkte\/gas-leak-spray-mc-1911-500ml\/"]}]},{"@type":"ImageObject","inLanguage":"de","@id":"https:\/\/nanoclean24.com\/de\/produkte\/gas-leak-spray-mc-1911-500ml\/#primaryimage","url":"https:\/\/nanoclean24.com\/wp-content\/uploads\/2025\/07\/GAS-LEAK-SPRAY-MC-1911-500ml.webp","contentUrl":"https:\/\/nanoclean24.com\/wp-content\/uploads\/2025\/07\/GAS-LEAK-SPRAY-MC-1911-500ml.webp","width":900,"height":900},{"@type":"BreadcrumbList","@id":"https:\/\/nanoclean24.com\/de\/produkte\/gas-leak-spray-mc-1911-500ml\/#breadcrumb","itemListElement":[{"@type":"ListItem","position":1,"name":"Strona g\u0142\u00f3wna","item":"https:\/\/nanoclean24.com\/de\/"},{"@type":"ListItem","position":2,"name":"Shop","item":"https:\/\/nanoclean24.com\/de\/shop\/"},{"@type":"ListItem","position":3,"name":"GAS LEAK SPRAY (MC-1911) 500ml"}]},{"@type":"WebSite","@id":"https:\/\/nanoclean24.com\/de\/#website","url":"https:\/\/nanoclean24.com\/de\/","name":"NanoClean","description":"","publisher":{"@id":"https:\/\/nanoclean24.com\/de\/#organization"},"potentialAction":[{"@type":"SearchAction","target":{"@type":"EntryPoint","urlTemplate":"https:\/\/nanoclean24.com\/de\/?s={search_term_string}"},"query-input":{"@type":"PropertyValueSpecification","valueRequired":true,"valueName":"search_term_string"}}],"inLanguage":"de"},{"@type":"Organization","@id":"https:\/\/nanoclean24.com\/de\/#organization","name":"NanoClean","url":"https:\/\/nanoclean24.com\/de\/","logo":{"@type":"ImageObject","inLanguage":"de","@id":"https:\/\/nanoclean24.com\/de\/#\/schema\/logo\/image\/","url":"https:\/\/nanoclean24.com\/wp-content\/uploads\/2025\/07\/logo-2.jpg","contentUrl":"https:\/\/nanoclean24.com\/wp-content\/uploads\/2025\/07\/logo-2.jpg","width":1068,"height":224,"caption":"NanoClean"},"image":{"@id":"https:\/\/nanoclean24.com\/de\/#\/schema\/logo\/image\/"}}]}},"taxonomy_info":{"product_cat":[{"value":103,"label":"SMARMAX"}]},"featured_image_src_large":["https:\/\/nanoclean24.com\/wp-content\/uploads\/2025\/07\/GAS-LEAK-SPRAY-MC-1911-500ml.webp",900,900,false],"author_info":[],"comment_info":"","_links":{"self":[{"href":"https:\/\/nanoclean24.com\/de\/wp-json\/wp\/v2\/product\/4427","targetHints":{"allow":["GET"]}}],"collection":[{"href":"https:\/\/nanoclean24.com\/de\/wp-json\/wp\/v2\/product"}],"about":[{"href":"https:\/\/nanoclean24.com\/de\/wp-json\/wp\/v2\/types\/product"}],"wp:featuredmedia":[{"embeddable":true,"href":"https:\/\/nanoclean24.com\/de\/wp-json\/wp\/v2\/media\/3882"}],"wp:attachment":[{"href":"https:\/\/nanoclean24.com\/de\/wp-json\/wp\/v2\/media?parent=4427"}],"wp:term":[{"taxonomy":"product_brand","embeddable":true,"href":"https:\/\/nanoclean24.com\/de\/wp-json\/wp\/v2\/product_brand?post=4427"},{"taxonomy":"product_cat","embeddable":true,"href":"https:\/\/nanoclean24.com\/de\/wp-json\/wp\/v2\/product_cat?post=4427"},{"taxonomy":"product_tag","embeddable":true,"href":"https:\/\/nanoclean24.com\/de\/wp-json\/wp\/v2\/product_tag?post=4427"}],"curies":[{"name":"wp","href":"https:\/\/api.w.org\/{rel}","templated":true}]}}