{"id":4425,"date":"2025-07-20T19:02:07","date_gmt":"2025-07-20T17:02:07","guid":{"rendered":"https:\/\/kadence.nanoclean.dev\/produkt\/eco-glue-remover-mc-1419-400ml\/"},"modified":"2025-10-23T11:54:04","modified_gmt":"2025-10-23T09:54:04","slug":"eco-glue-remover-mc-1419-400ml","status":"publish","type":"product","link":"https:\/\/nanoclean24.com\/de\/produkte\/eco-glue-remover-mc-1419-400ml\/","title":{"rendered":"ECO-GLUE-REMOVER (MC-1419) 400ml"},"content":{"rendered":"<p>Starker Entferner f\u00fcr Klebstoffe, Dichtmassen, Farbbeschichtungen innerhalb weniger Minuten.<\/p>\n<p>Reinigt Klebstoff- und Dichtstoffspender<\/p>\n<p>Enth\u00e4lt keine toxischen und mutagenen Substanzen<\/p>\n<p><strong>Hinweis:<\/strong> Vor der Anwendung auf empfindlichen oder lackierten Oberfl\u00e4chen einen Kompatibilit\u00e4tstest durchf\u00fchren.<\/p>\n<p><strong>Hinweis:<\/strong> F\u00fcr die Reinigung von Oberfl\u00e4chen nach Klebstoffen empfehlen wir auch die getr\u00e4nkten T\u00fccher ALWIPE MC-1234<\/p>\n","protected":false},"excerpt":{"rendered":"<p><strong><img decoding=\"async\" class=\"emoji\" role=\"img\" src=\"https:\/\/s.w.org\/images\/core\/emoji\/16.0.1\/svg\/2705.svg\" alt=\"\u2705\" \/> <\/strong>Hervorragender Entferner f\u00fcr Klebstoffe, Silikone, Dichtungen von Flanschen, Zylinderkopfebenen, Motorbl\u00f6cken, Getrieben, Auspuffanlagen, \u00d6lwanne, Wasser- und \u00d6lpumpen, Elektromotoren und anderen Mechanismen<\/p>\n<p><strong><img decoding=\"async\" class=\"emoji\" role=\"img\" src=\"https:\/\/s.w.org\/images\/core\/emoji\/16.0.1\/svg\/2705.svg\" alt=\"\u2705\" \/> <\/strong>Entfernung von Verkrustungen von Motoren, Getrieben, \u00d6ltanks, Metalloberfl\u00e4chen, Industrieb\u00f6den, W\u00e4nden.<\/p>\n<p><strong><img decoding=\"async\" class=\"emoji\" role=\"img\" src=\"https:\/\/s.w.org\/images\/core\/emoji\/16.0.1\/svg\/2705.svg\" alt=\"\u2705\" \/> <\/strong>Reinigung von Sanit\u00e4ranlagen, Entfernung alter Silikone in Badezimmern<\/p>\n<p><strong><img decoding=\"async\" class=\"emoji\" role=\"img\" src=\"https:\/\/s.w.org\/images\/core\/emoji\/16.0.1\/svg\/2705.svg\" alt=\"\u2705\" \/> <\/strong>Graffiti-Entfernung von Geb\u00e4udew\u00e4nden, Br\u00fccken, Eisenbahnwaggons, Scheiben usw.<\/p>\n<p><strong><img decoding=\"async\" class=\"emoji\" role=\"img\" src=\"https:\/\/s.w.org\/images\/core\/emoji\/16.0.1\/svg\/2705.svg\" alt=\"\u2705\" \/> <\/strong>Reinigung von Industriemaschinen und -anlagen in jeder Branche.<\/p>\n<p><strong><img decoding=\"async\" class=\"emoji\" role=\"img\" src=\"https:\/\/s.w.org\/images\/core\/emoji\/16.0.1\/svg\/2705.svg\" alt=\"\u2705\" \/> <\/strong>Reinigung von Klebstoffdosierstationen in der Produktion, von Dosierern und Dosierrobotern.<\/p>\n<p><strong><img decoding=\"async\" class=\"emoji\" role=\"img\" src=\"https:\/\/s.w.org\/images\/core\/emoji\/16.0.1\/svg\/2705.svg\" alt=\"\u2705\" \/> <\/strong>Reinigung von Scheiben und Kontaktpunkten bei der Montage von eingeklebten Autoscheiben, Schienenfahrzeugen, Bussen.<\/p>\n<p><strong><img decoding=\"async\" class=\"emoji\" role=\"img\" src=\"https:\/\/s.w.org\/images\/core\/emoji\/16.0.1\/svg\/2705.svg\" alt=\"\u2705\" \/> <\/strong>Reinigung von konservierten Teilen, extrudierten Elementen, Entfernung von Bitumen- und Korrosionsschutzbeschichtungen.<\/p>\n","protected":false},"featured_media":3887,"template":"","meta":{"_kad_blocks_custom_css":"","_kad_blocks_head_custom_js":"","_kad_blocks_body_custom_js":"","_kad_blocks_footer_custom_js":"","_kad_post_transparent":"","_kad_post_title":"","_kad_post_layout":"","_kad_post_sidebar_id":"","_kad_post_content_style":"","_kad_post_vertical_padding":"","_kad_post_feature":"","_kad_post_feature_position":"","_kad_post_header":false,"_kad_post_footer":false,"_kad_post_classname":""},"product_brand":[],"product_cat":[103],"product_tag":[],"class_list":{"0":"post-4425","1":"product","2":"type-product","3":"status-publish","4":"has-post-thumbnail","6":"product_cat-smarmax-de","8":"first","9":"instock","10":"taxable","11":"shipping-taxable","12":"purchasable","13":"product-type-simple","14":"entry","15":"content-bg","16":"loop-entry"},"yoast_head":"<!-- This site is optimized with the Yoast SEO plugin v27.2 - https:\/\/yoast.com\/product\/yoast-seo-wordpress\/ -->\n<title>ECO-GLUE-REMOVER (MC-1419) 400ml - NANOCLEAN<\/title>\n<meta name=\"robots\" content=\"index, follow, max-snippet:-1, max-image-preview:large, max-video-preview:-1\" \/>\n<link rel=\"canonical\" href=\"https:\/\/nanoclean24.com\/de\/produkte\/eco-glue-remover-mc-1419-400ml\/\" \/>\n<meta property=\"og:locale\" content=\"de_DE\" \/>\n<meta property=\"og:type\" content=\"article\" \/>\n<meta property=\"og:title\" content=\"ECO-GLUE-REMOVER (MC-1419) 400ml - NANOCLEAN\" \/>\n<meta property=\"og:description\" content=\"Hervorragender Entferner f\u00fcr Klebstoffe, Silikone, Dichtungen von Flanschen, Zylinderkopfebenen, Motorbl\u00f6cken, Getrieben, Auspuffanlagen, \u00d6lwanne, Wasser- und \u00d6lpumpen, Elektromotoren und anderen Mechanismen   Entfernung von Verkrustungen von Motoren, Getrieben, \u00d6ltanks, Metalloberfl\u00e4chen, Industrieb\u00f6den, W\u00e4nden.   Reinigung von Sanit\u00e4ranlagen, Entfernung alter Silikone in Badezimmern   Graffiti-Entfernung von Geb\u00e4udew\u00e4nden, Br\u00fccken, Eisenbahnwaggons, Scheiben usw.   Reinigung von Industriemaschinen und -anlagen in jeder Branche.   Reinigung von Klebstoffdosierstationen in der Produktion, von Dosierern und Dosierrobotern.   Reinigung von Scheiben und Kontaktpunkten bei der Montage von eingeklebten Autoscheiben, Schienenfahrzeugen, Bussen.   Reinigung von konservierten Teilen, extrudierten Elementen, Entfernung von Bitumen- und Korrosionsschutzbeschichtungen.\" \/>\n<meta property=\"og:url\" content=\"https:\/\/nanoclean24.com\/de\/produkte\/eco-glue-remover-mc-1419-400ml\/\" \/>\n<meta property=\"og:site_name\" content=\"NANOCLEAN\" \/>\n<meta property=\"article:modified_time\" content=\"2025-10-23T09:54:04+00:00\" \/>\n<meta property=\"og:image\" content=\"https:\/\/nanoclean24.com\/wp-content\/uploads\/2025\/07\/ECO-GLUE-REMOVER-MC-1419-400ml.webp\" \/>\n\t<meta property=\"og:image:width\" content=\"900\" \/>\n\t<meta property=\"og:image:height\" content=\"900\" \/>\n\t<meta property=\"og:image:type\" content=\"image\/webp\" \/>\n<meta name=\"twitter:card\" content=\"summary_large_image\" \/>\n<script type=\"application\/ld+json\" class=\"yoast-schema-graph\">{\"@context\":\"https:\/\/schema.org\",\"@graph\":[{\"@type\":\"WebPage\",\"@id\":\"https:\/\/nanoclean24.com\/de\/produkte\/eco-glue-remover-mc-1419-400ml\/\",\"url\":\"https:\/\/nanoclean24.com\/de\/produkte\/eco-glue-remover-mc-1419-400ml\/\",\"name\":\"ECO-GLUE-REMOVER (MC-1419) 400ml - NANOCLEAN\",\"isPartOf\":{\"@id\":\"https:\/\/nanoclean24.com\/de\/#website\"},\"primaryImageOfPage\":{\"@id\":\"https:\/\/nanoclean24.com\/de\/produkte\/eco-glue-remover-mc-1419-400ml\/#primaryimage\"},\"image\":{\"@id\":\"https:\/\/nanoclean24.com\/de\/produkte\/eco-glue-remover-mc-1419-400ml\/#primaryimage\"},\"thumbnailUrl\":\"https:\/\/nanoclean24.com\/wp-content\/uploads\/2025\/07\/ECO-GLUE-REMOVER-MC-1419-400ml.webp\",\"datePublished\":\"2025-07-20T17:02:07+00:00\",\"dateModified\":\"2025-10-23T09:54:04+00:00\",\"breadcrumb\":{\"@id\":\"https:\/\/nanoclean24.com\/de\/produkte\/eco-glue-remover-mc-1419-400ml\/#breadcrumb\"},\"inLanguage\":\"de\",\"potentialAction\":[{\"@type\":\"ReadAction\",\"target\":[\"https:\/\/nanoclean24.com\/de\/produkte\/eco-glue-remover-mc-1419-400ml\/\"]}]},{\"@type\":\"ImageObject\",\"inLanguage\":\"de\",\"@id\":\"https:\/\/nanoclean24.com\/de\/produkte\/eco-glue-remover-mc-1419-400ml\/#primaryimage\",\"url\":\"https:\/\/nanoclean24.com\/wp-content\/uploads\/2025\/07\/ECO-GLUE-REMOVER-MC-1419-400ml.webp\",\"contentUrl\":\"https:\/\/nanoclean24.com\/wp-content\/uploads\/2025\/07\/ECO-GLUE-REMOVER-MC-1419-400ml.webp\",\"width\":900,\"height\":900},{\"@type\":\"BreadcrumbList\",\"@id\":\"https:\/\/nanoclean24.com\/de\/produkte\/eco-glue-remover-mc-1419-400ml\/#breadcrumb\",\"itemListElement\":[{\"@type\":\"ListItem\",\"position\":1,\"name\":\"Strona g\u0142\u00f3wna\",\"item\":\"https:\/\/nanoclean24.com\/de\/\"},{\"@type\":\"ListItem\",\"position\":2,\"name\":\"Shop\",\"item\":\"https:\/\/nanoclean24.com\/de\/shop\/\"},{\"@type\":\"ListItem\",\"position\":3,\"name\":\"ECO-GLUE-REMOVER (MC-1419) 400ml\"}]},{\"@type\":\"WebSite\",\"@id\":\"https:\/\/nanoclean24.com\/de\/#website\",\"url\":\"https:\/\/nanoclean24.com\/de\/\",\"name\":\"NanoClean\",\"description\":\"\",\"publisher\":{\"@id\":\"https:\/\/nanoclean24.com\/de\/#organization\"},\"potentialAction\":[{\"@type\":\"SearchAction\",\"target\":{\"@type\":\"EntryPoint\",\"urlTemplate\":\"https:\/\/nanoclean24.com\/de\/?s={search_term_string}\"},\"query-input\":{\"@type\":\"PropertyValueSpecification\",\"valueRequired\":true,\"valueName\":\"search_term_string\"}}],\"inLanguage\":\"de\"},{\"@type\":\"Organization\",\"@id\":\"https:\/\/nanoclean24.com\/de\/#organization\",\"name\":\"NanoClean\",\"url\":\"https:\/\/nanoclean24.com\/de\/\",\"logo\":{\"@type\":\"ImageObject\",\"inLanguage\":\"de\",\"@id\":\"https:\/\/nanoclean24.com\/de\/#\/schema\/logo\/image\/\",\"url\":\"https:\/\/nanoclean24.com\/wp-content\/uploads\/2025\/07\/logo-2.jpg\",\"contentUrl\":\"https:\/\/nanoclean24.com\/wp-content\/uploads\/2025\/07\/logo-2.jpg\",\"width\":1068,\"height\":224,\"caption\":\"NanoClean\"},\"image\":{\"@id\":\"https:\/\/nanoclean24.com\/de\/#\/schema\/logo\/image\/\"}}]}<\/script>\n<!-- \/ Yoast SEO plugin. -->","yoast_head_json":{"title":"ECO-GLUE-REMOVER (MC-1419) 400ml - NANOCLEAN","robots":{"index":"index","follow":"follow","max-snippet":"max-snippet:-1","max-image-preview":"max-image-preview:large","max-video-preview":"max-video-preview:-1"},"canonical":"https:\/\/nanoclean24.com\/de\/produkte\/eco-glue-remover-mc-1419-400ml\/","og_locale":"de_DE","og_type":"article","og_title":"ECO-GLUE-REMOVER (MC-1419) 400ml - NANOCLEAN","og_description":"Hervorragender Entferner f\u00fcr Klebstoffe, Silikone, Dichtungen von Flanschen, Zylinderkopfebenen, Motorbl\u00f6cken, Getrieben, Auspuffanlagen, \u00d6lwanne, Wasser- und \u00d6lpumpen, Elektromotoren und anderen Mechanismen   Entfernung von Verkrustungen von Motoren, Getrieben, \u00d6ltanks, Metalloberfl\u00e4chen, Industrieb\u00f6den, W\u00e4nden.   Reinigung von Sanit\u00e4ranlagen, Entfernung alter Silikone in Badezimmern   Graffiti-Entfernung von Geb\u00e4udew\u00e4nden, Br\u00fccken, Eisenbahnwaggons, Scheiben usw.   Reinigung von Industriemaschinen und -anlagen in jeder Branche.   Reinigung von Klebstoffdosierstationen in der Produktion, von Dosierern und Dosierrobotern.   Reinigung von Scheiben und Kontaktpunkten bei der Montage von eingeklebten Autoscheiben, Schienenfahrzeugen, Bussen.   Reinigung von konservierten Teilen, extrudierten Elementen, Entfernung von Bitumen- und Korrosionsschutzbeschichtungen.","og_url":"https:\/\/nanoclean24.com\/de\/produkte\/eco-glue-remover-mc-1419-400ml\/","og_site_name":"NANOCLEAN","article_modified_time":"2025-10-23T09:54:04+00:00","og_image":[{"width":900,"height":900,"url":"https:\/\/nanoclean24.com\/wp-content\/uploads\/2025\/07\/ECO-GLUE-REMOVER-MC-1419-400ml.webp","type":"image\/webp"}],"twitter_card":"summary_large_image","schema":{"@context":"https:\/\/schema.org","@graph":[{"@type":"WebPage","@id":"https:\/\/nanoclean24.com\/de\/produkte\/eco-glue-remover-mc-1419-400ml\/","url":"https:\/\/nanoclean24.com\/de\/produkte\/eco-glue-remover-mc-1419-400ml\/","name":"ECO-GLUE-REMOVER (MC-1419) 400ml - NANOCLEAN","isPartOf":{"@id":"https:\/\/nanoclean24.com\/de\/#website"},"primaryImageOfPage":{"@id":"https:\/\/nanoclean24.com\/de\/produkte\/eco-glue-remover-mc-1419-400ml\/#primaryimage"},"image":{"@id":"https:\/\/nanoclean24.com\/de\/produkte\/eco-glue-remover-mc-1419-400ml\/#primaryimage"},"thumbnailUrl":"https:\/\/nanoclean24.com\/wp-content\/uploads\/2025\/07\/ECO-GLUE-REMOVER-MC-1419-400ml.webp","datePublished":"2025-07-20T17:02:07+00:00","dateModified":"2025-10-23T09:54:04+00:00","breadcrumb":{"@id":"https:\/\/nanoclean24.com\/de\/produkte\/eco-glue-remover-mc-1419-400ml\/#breadcrumb"},"inLanguage":"de","potentialAction":[{"@type":"ReadAction","target":["https:\/\/nanoclean24.com\/de\/produkte\/eco-glue-remover-mc-1419-400ml\/"]}]},{"@type":"ImageObject","inLanguage":"de","@id":"https:\/\/nanoclean24.com\/de\/produkte\/eco-glue-remover-mc-1419-400ml\/#primaryimage","url":"https:\/\/nanoclean24.com\/wp-content\/uploads\/2025\/07\/ECO-GLUE-REMOVER-MC-1419-400ml.webp","contentUrl":"https:\/\/nanoclean24.com\/wp-content\/uploads\/2025\/07\/ECO-GLUE-REMOVER-MC-1419-400ml.webp","width":900,"height":900},{"@type":"BreadcrumbList","@id":"https:\/\/nanoclean24.com\/de\/produkte\/eco-glue-remover-mc-1419-400ml\/#breadcrumb","itemListElement":[{"@type":"ListItem","position":1,"name":"Strona g\u0142\u00f3wna","item":"https:\/\/nanoclean24.com\/de\/"},{"@type":"ListItem","position":2,"name":"Shop","item":"https:\/\/nanoclean24.com\/de\/shop\/"},{"@type":"ListItem","position":3,"name":"ECO-GLUE-REMOVER (MC-1419) 400ml"}]},{"@type":"WebSite","@id":"https:\/\/nanoclean24.com\/de\/#website","url":"https:\/\/nanoclean24.com\/de\/","name":"NanoClean","description":"","publisher":{"@id":"https:\/\/nanoclean24.com\/de\/#organization"},"potentialAction":[{"@type":"SearchAction","target":{"@type":"EntryPoint","urlTemplate":"https:\/\/nanoclean24.com\/de\/?s={search_term_string}"},"query-input":{"@type":"PropertyValueSpecification","valueRequired":true,"valueName":"search_term_string"}}],"inLanguage":"de"},{"@type":"Organization","@id":"https:\/\/nanoclean24.com\/de\/#organization","name":"NanoClean","url":"https:\/\/nanoclean24.com\/de\/","logo":{"@type":"ImageObject","inLanguage":"de","@id":"https:\/\/nanoclean24.com\/de\/#\/schema\/logo\/image\/","url":"https:\/\/nanoclean24.com\/wp-content\/uploads\/2025\/07\/logo-2.jpg","contentUrl":"https:\/\/nanoclean24.com\/wp-content\/uploads\/2025\/07\/logo-2.jpg","width":1068,"height":224,"caption":"NanoClean"},"image":{"@id":"https:\/\/nanoclean24.com\/de\/#\/schema\/logo\/image\/"}}]}},"taxonomy_info":{"product_cat":[{"value":103,"label":"SMARMAX"}]},"featured_image_src_large":["https:\/\/nanoclean24.com\/wp-content\/uploads\/2025\/07\/ECO-GLUE-REMOVER-MC-1419-400ml.webp",900,900,false],"author_info":[],"comment_info":"","_links":{"self":[{"href":"https:\/\/nanoclean24.com\/de\/wp-json\/wp\/v2\/product\/4425","targetHints":{"allow":["GET"]}}],"collection":[{"href":"https:\/\/nanoclean24.com\/de\/wp-json\/wp\/v2\/product"}],"about":[{"href":"https:\/\/nanoclean24.com\/de\/wp-json\/wp\/v2\/types\/product"}],"wp:featuredmedia":[{"embeddable":true,"href":"https:\/\/nanoclean24.com\/de\/wp-json\/wp\/v2\/media\/3887"}],"wp:attachment":[{"href":"https:\/\/nanoclean24.com\/de\/wp-json\/wp\/v2\/media?parent=4425"}],"wp:term":[{"taxonomy":"product_brand","embeddable":true,"href":"https:\/\/nanoclean24.com\/de\/wp-json\/wp\/v2\/product_brand?post=4425"},{"taxonomy":"product_cat","embeddable":true,"href":"https:\/\/nanoclean24.com\/de\/wp-json\/wp\/v2\/product_cat?post=4425"},{"taxonomy":"product_tag","embeddable":true,"href":"https:\/\/nanoclean24.com\/de\/wp-json\/wp\/v2\/product_tag?post=4425"}],"curies":[{"name":"wp","href":"https:\/\/api.w.org\/{rel}","templated":true}]}}