{"id":4409,"date":"2025-07-20T16:57:07","date_gmt":"2025-07-20T14:57:07","guid":{"rendered":"https:\/\/kadence.nanoclean.dev\/produkt\/nanocleanac8-home-fuer-hunde-200l\/"},"modified":"2026-01-05T15:43:03","modified_gmt":"2026-01-05T14:43:03","slug":"nanocleanac8-home-fuer-hunde-200l","status":"publish","type":"product","link":"https:\/\/nanoclean24.com\/de\/produkte\/nanocleanac8-home-fuer-hunde-200l\/","title":{"rendered":"NANOCLEAN\u00aeAC8 Home f\u00fcr Hunde 200L"},"content":{"rendered":"<p><strong>5-in-1: Reinigung, Erfrischung, Entpilzung, Desinfektion, Schutz<\/strong><\/p>\n<p>Sorgen Sie f\u00fcr die Sauberkeit und Hygiene Ihres Hundes, indem Sie unangenehme Ger\u00fcche und Exkremente beseitigen. Desinfizieren Sie Hundezubeh\u00f6r regelm\u00e4\u00dfig mit einem sicheren, nicht brennbaren Reinigungsmittel, das schonend zu Materialien und Oberfl\u00e4chen ist. Entfernen Sie Schmutz, Bakterien und organische Substanzen von den folgenden Gegenst\u00e4nden:  <\/p>\n<ul>\n<li>FUTTER- UND WASSERN\u00c4PFE<\/li>\n<li>SPIELZEUG<\/li>\n<li>HUNDEBETT<\/li>\n<li>ZWINGER, HUNDEH\u00dcTTE<\/li>\n<li>LEINE UND HALSBAND<\/li>\n<li>B\u00dcRSTEN UND K\u00c4MME<\/li>\n<\/ul>\n<div class=\"entry-content-asset videofit\"><iframe title=\"Nanoclean - Czyszczenie plam i zapach\u00f3w po zwierz\u0119tach\" width=\"720\" height=\"405\" src=\"https:\/\/www.youtube.com\/embed\/_ura0T4_D5c?feature=oembed\" frameborder=\"0\" allow=\"accelerometer; autoplay; clipboard-write; encrypted-media; gyroscope; picture-in-picture; web-share\" referrerpolicy=\"strict-origin-when-cross-origin\" allowfullscreen><\/iframe><\/div>\n<p>&nbsp;<\/p>\n<section id=\"section_1073483518\" class=\"section\">\n<div class=\"section-content relative\">\n<div id=\"row-413098676\" class=\"row\">\n<div id=\"col-66942018\" class=\"col small-12 large-12\">\n<div class=\"col-inner\">\n<h3><strong>Einzigartige Eigenschaften<\/strong><\/h3>\n<ul>\n<li><strong>Innovative chlor- und alkoholfreie Formel:<\/strong> Arbeit ohne sch\u00e4dliche D\u00e4mpfe, sicher f\u00fcr die Gesundheit Ihres Haustieres.<\/li>\n<li><strong>Beseitigung von Schimmel und Bakterien:<\/strong> Das volle Biozid-Spektrum ist die einzige L\u00f6sung auf dem Markt, die Bakterien, Viren, Pilze, Schimmel, Sporen und Mykobakterien effektiv eliminiert und so h\u00f6chste Hygiene gew\u00e4hrleistet.<\/li>\n<li><strong>Sicher f\u00fcr Oberfl\u00e4chen:<\/strong> Die Formel wurde f\u00fcr empfindliche Elemente in der Umgebung des Hundes entwickelt, ohne Besch\u00e4digungsrisiko.<\/li>\n<\/ul>\n<div id=\"image_1048903542\" class=\"img has-hover x md-x lg-x y md-y lg-y\">\n<div class=\"img-inner dark\"><img fetchpriority=\"high\" decoding=\"async\" class=\"attachment-large size-large lazy-load-active\" src=\"https:\/\/ac8.pl\/wp-content\/uploads\/2024\/06\/pies-1024x512.png\" alt=\"\" width=\"1020\" height=\"510\" data-src=\"https:\/\/ac8.pl\/wp-content\/uploads\/2024\/06\/pies-1024x512.png\" data-srcset=\"https:\/\/ac8.pl\/wp-content\/uploads\/2024\/06\/pies-1024x512.png 1024w, https:\/\/ac8.pl\/wp-content\/uploads\/2024\/06\/pies-300x150.png 300w, https:\/\/ac8.pl\/wp-content\/uploads\/2024\/06\/pies-768x384.png 768w, https:\/\/ac8.pl\/wp-content\/uploads\/2024\/06\/pies-1320x660.png 1320w, https:\/\/ac8.pl\/wp-content\/uploads\/2024\/06\/pies-510x255.png 510w, https:\/\/ac8.pl\/wp-content\/uploads\/2024\/06\/pies.png 1382w\"><\/div>\n<\/div>\n<\/div>\n<\/div>\n<\/div>\n<\/div>\n<\/section>\n<section id=\"section_1855583978\" class=\"section\">\n<div class=\"section-bg fill\"><\/div>\n<div class=\"section-content relative\">\n<div id=\"row-1837696118\" class=\"row\">\n<div id=\"col-2052411846\" class=\"col small-12 large-12\">\n<div class=\"col-inner\">\n<p>Hinweis: NANOCLEAN AC8 bew\u00e4hrt sich auch in Notf\u00e4llen. Es entfernt sofort alle unangenehmen Ger\u00fcche, reinigt und desinfiziert, wenn der Bereich des Hundes mit Schimmel oder anderen organischen Verunreinigungen kontaminiert wurde. <\/p>\n<p>Biozidprodukte sind vorsichtig zu verwenden. Vor Gebrauch stets Etikett und Produktinformationen lesen. <\/p>\n<h3><strong>Gebrauchsanweisung<\/strong><\/h3>\n<p>Hinweis: Beachten Sie immer die Anweisungen des Herstellers der Tierausr\u00fcstung.<\/p>\n<ol>\n<li>Leeren Sie den Bereich des Hundes von Gegenst\u00e4nden, die die Reinigung behindern k\u00f6nnten.<\/li>\n<li>Spr\u00fchen Sie NANOCLEAN AC8 F\u00dcR HUNDE auf alle Oberfl\u00e4chen, einschlie\u00dflich Hundebett, Spielzeug, N\u00e4pfe und andere Bereiche, in denen sich der Hund aufh\u00e4lt, und warten Sie 5-15 Minuten, um alle Oberfl\u00e4chen zu entpilzen.<\/li>\n<li>Wischen Sie bei Bedarf die Oberfl\u00e4chen mit einem sauberen, feuchten Tuch ab, um Produktr\u00fcckst\u00e4nde zu entfernen.<\/li>\n<li>Lassen Sie die Oberfl\u00e4chen vollst\u00e4ndig trocknen, bevor Sie sie wieder verwenden.<\/li>\n<\/ol>\n<h3><strong>Zulassungen<\/strong><\/h3>\n<ul>\n<li>Zulassung f\u00fcr Biozidprodukt: Nr. 7406\/18.<\/li>\n<li>PZH-Zertifikat: Nr. B.BK.60112.0333.2023.<\/li>\n<li>NICHT BRENNBAR: Alkoholfreie Formel auf Wasserbasis, nicht brennbar, ohne S\u00e4uren, Phenole, frei von organischen L\u00f6sungsmitteln.<\/li>\n<\/ul>\n<h3><strong>Tipps f\u00fcr Benutzer<\/strong><\/h3>\n<ul>\n<li><strong>Regelm\u00e4\u00dfige Reinigung:<\/strong> Regelm\u00e4\u00dfige Reinigung des Hundebetts, des Spielzeugs, der N\u00e4pfe und anderer Oberfl\u00e4chen des Hundes, um die Ansammlung von Schmutz und Ablagerungen zu verhindern, was eine bessere Hygiene und Gesundheit Ihres Haustieres gew\u00e4hrleistet.<\/li>\n<li><strong>Verwenden Sie geeignete Mittel:<\/strong> Die Verwendung geeigneter Pr\u00e4parate zur Reinigung des Hundebereichs hilft, diesen in einwandfreiem Zustand zu halten, wodurch das Risiko von Sch\u00e4den und Krankheiten minimiert wird.<\/li>\n<li><strong>Vermeiden Sie \u00dcberf\u00fcllung:<\/strong> Eine \u00dcberf\u00fcllung des Hundebereichs kann zu unzureichender Reinigung und Ansammlung von Verunreinigungen f\u00fchren, was unangenehme Ger\u00fcche verursachen kann.<\/li>\n<li><strong>\u00dcberpr\u00fcfung der Dichtungen:<\/strong> \u00dcberpr\u00fcfen und reinigen Sie regelm\u00e4\u00dfig Hundebetten, N\u00e4pfe und andere Gegenst\u00e4nde, um die Ansammlung von Schmutz und Schimmel zu verhindern.<\/li>\n<\/ul>\n<p>W\u00e4hlen Sie NANOCLEAN AC8 F\u00dcR HUNDE und bieten Sie Ihrem Haustier umfassende Pflege und h\u00f6chste Hygiene. Pflegen Sie Ihren Hund mit NANOCLEAN AC8 und genie\u00dfen Sie jeden Tag Sauberkeit und Frische. <\/p>\n<p>Jetzt kaufen und den Unterschied erleben.<\/p>\n<\/div>\n<\/div>\n<\/div>\n<\/div>\n<\/section>\n","protected":false},"excerpt":{"rendered":"<p><strong>\u2705 Sofortige Geruchsneutralisierung:<\/strong> Entfernt alle unangenehmen Ger\u00fcche und hinterl\u00e4sst die Umgebung des Hundes frisch und angenehm.<\/p>\n<p><strong>\u2705 Effektive Reinigung:<\/strong> Entfernt effektiv Schmutz, Haare und andere Verunreinigungen und sorgt f\u00fcr die Sauberkeit von Hundebett, Spielzeug und anderen Gegenst\u00e4nden.<\/p>\n<p><strong>\u2705 Entpilzung und Desinfektion:<\/strong> Die umfassende Formel gew\u00e4hrleistet eine vollst\u00e4ndige Entpilzung und Desinfektion in einem Prozess und eliminiert biologische Gefahren.<\/p>\n<p><strong>\u2705 Schutz vor Schimmel:<\/strong> Bildet eine Schutzbarriere, die die Entwicklung von Schimmel und Mikroorganismen verhindert und so eine langanhaltende Hygiene gew\u00e4hrleistet.<\/p>\n","protected":false},"featured_media":0,"template":"","meta":{"_kad_blocks_custom_css":"","_kad_blocks_head_custom_js":"","_kad_blocks_body_custom_js":"","_kad_blocks_footer_custom_js":"","_kad_post_transparent":"","_kad_post_title":"","_kad_post_layout":"","_kad_post_sidebar_id":"","_kad_post_content_style":"","_kad_post_vertical_padding":"","_kad_post_feature":"","_kad_post_feature_position":"","_kad_post_header":false,"_kad_post_footer":false,"_kad_post_classname":""},"product_brand":[],"product_cat":[97],"product_tag":[],"class_list":{"0":"post-4409","1":"product","2":"type-product","3":"status-publish","5":"product_cat-home-de","7":"first","8":"instock","9":"taxable","10":"shipping-taxable","11":"purchasable","12":"product-type-simple","13":"entry","14":"content-bg","15":"loop-entry"},"yoast_head":"<!-- This site is optimized with the Yoast SEO plugin v27.2 - https:\/\/yoast.com\/product\/yoast-seo-wordpress\/ -->\n<title>NANOCLEAN\u00aeAC8 Home f\u00fcr Hunde 200L - NANOCLEAN<\/title>\n<meta name=\"robots\" content=\"index, follow, max-snippet:-1, max-image-preview:large, max-video-preview:-1\" \/>\n<link rel=\"canonical\" href=\"https:\/\/nanoclean24.com\/de\/produkte\/nanocleanac8-home-fuer-hunde-200l\/\" \/>\n<meta property=\"og:locale\" content=\"de_DE\" \/>\n<meta property=\"og:type\" content=\"article\" \/>\n<meta property=\"og:title\" content=\"NANOCLEAN\u00aeAC8 Home f\u00fcr Hunde 200L - NANOCLEAN\" \/>\n<meta property=\"og:description\" content=\"\u2705 Sofortige Geruchsneutralisierung: Entfernt alle unangenehmen Ger\u00fcche und hinterl\u00e4sst die Umgebung des Hundes frisch und angenehm. \u2705 Effektive Reinigung: Entfernt effektiv Schmutz, Haare und andere Verunreinigungen und sorgt f\u00fcr die Sauberkeit von Hundebett, Spielzeug und anderen Gegenst\u00e4nden. \u2705 Entpilzung und Desinfektion: Die umfassende Formel gew\u00e4hrleistet eine vollst\u00e4ndige Entpilzung und Desinfektion in einem Prozess und eliminiert biologische Gefahren. \u2705 Schutz vor Schimmel: Bildet eine Schutzbarriere, die die Entwicklung von Schimmel und Mikroorganismen verhindert und so eine langanhaltende Hygiene gew\u00e4hrleistet.\" \/>\n<meta property=\"og:url\" content=\"https:\/\/nanoclean24.com\/de\/produkte\/nanocleanac8-home-fuer-hunde-200l\/\" \/>\n<meta property=\"og:site_name\" content=\"NANOCLEAN\" \/>\n<meta property=\"article:modified_time\" content=\"2026-01-05T14:43:03+00:00\" \/>\n<meta property=\"og:image\" content=\"https:\/\/nanoclean24.com\/wp-content\/uploads\/2025\/07\/NANOCLEAN\u00aeAC8-Home-dla-psa-200L.webp\" \/>\n\t<meta property=\"og:image:width\" content=\"900\" \/>\n\t<meta property=\"og:image:height\" content=\"900\" \/>\n\t<meta property=\"og:image:type\" content=\"image\/webp\" \/>\n<meta name=\"twitter:card\" content=\"summary_large_image\" \/>\n<meta name=\"twitter:label1\" content=\"Gesch\u00e4tzte Lesezeit\" \/>\n\t<meta name=\"twitter:data1\" content=\"2\u00a0Minuten\" \/>\n<script type=\"application\/ld+json\" class=\"yoast-schema-graph\">{\"@context\":\"https:\/\/schema.org\",\"@graph\":[{\"@type\":\"WebPage\",\"@id\":\"https:\/\/nanoclean24.com\/de\/produkte\/nanocleanac8-home-fuer-hunde-200l\/\",\"url\":\"https:\/\/nanoclean24.com\/de\/produkte\/nanocleanac8-home-fuer-hunde-200l\/\",\"name\":\"NANOCLEAN\u00aeAC8 Home f\u00fcr Hunde 200L - NANOCLEAN\",\"isPartOf\":{\"@id\":\"https:\/\/nanoclean24.com\/de\/#website\"},\"primaryImageOfPage\":{\"@id\":\"https:\/\/nanoclean24.com\/de\/produkte\/nanocleanac8-home-fuer-hunde-200l\/#primaryimage\"},\"image\":{\"@id\":\"https:\/\/nanoclean24.com\/de\/produkte\/nanocleanac8-home-fuer-hunde-200l\/#primaryimage\"},\"thumbnailUrl\":\"https:\/\/ac8.pl\/wp-content\/uploads\/2024\/06\/pies-1024x512.png\",\"datePublished\":\"2025-07-20T14:57:07+00:00\",\"dateModified\":\"2026-01-05T14:43:03+00:00\",\"breadcrumb\":{\"@id\":\"https:\/\/nanoclean24.com\/de\/produkte\/nanocleanac8-home-fuer-hunde-200l\/#breadcrumb\"},\"inLanguage\":\"de\",\"potentialAction\":[{\"@type\":\"ReadAction\",\"target\":[\"https:\/\/nanoclean24.com\/de\/produkte\/nanocleanac8-home-fuer-hunde-200l\/\"]}]},{\"@type\":\"ImageObject\",\"inLanguage\":\"de\",\"@id\":\"https:\/\/nanoclean24.com\/de\/produkte\/nanocleanac8-home-fuer-hunde-200l\/#primaryimage\",\"url\":\"https:\/\/ac8.pl\/wp-content\/uploads\/2024\/06\/pies-1024x512.png\",\"contentUrl\":\"https:\/\/ac8.pl\/wp-content\/uploads\/2024\/06\/pies-1024x512.png\"},{\"@type\":\"BreadcrumbList\",\"@id\":\"https:\/\/nanoclean24.com\/de\/produkte\/nanocleanac8-home-fuer-hunde-200l\/#breadcrumb\",\"itemListElement\":[{\"@type\":\"ListItem\",\"position\":1,\"name\":\"Strona g\u0142\u00f3wna\",\"item\":\"https:\/\/nanoclean24.com\/de\/\"},{\"@type\":\"ListItem\",\"position\":2,\"name\":\"Shop\",\"item\":\"https:\/\/nanoclean24.com\/de\/shop\/\"},{\"@type\":\"ListItem\",\"position\":3,\"name\":\"NANOCLEAN\u00aeAC8 Home f\u00fcr Hunde 200L\"}]},{\"@type\":\"WebSite\",\"@id\":\"https:\/\/nanoclean24.com\/de\/#website\",\"url\":\"https:\/\/nanoclean24.com\/de\/\",\"name\":\"NanoClean\",\"description\":\"\",\"publisher\":{\"@id\":\"https:\/\/nanoclean24.com\/de\/#organization\"},\"potentialAction\":[{\"@type\":\"SearchAction\",\"target\":{\"@type\":\"EntryPoint\",\"urlTemplate\":\"https:\/\/nanoclean24.com\/de\/?s={search_term_string}\"},\"query-input\":{\"@type\":\"PropertyValueSpecification\",\"valueRequired\":true,\"valueName\":\"search_term_string\"}}],\"inLanguage\":\"de\"},{\"@type\":\"Organization\",\"@id\":\"https:\/\/nanoclean24.com\/de\/#organization\",\"name\":\"NanoClean\",\"url\":\"https:\/\/nanoclean24.com\/de\/\",\"logo\":{\"@type\":\"ImageObject\",\"inLanguage\":\"de\",\"@id\":\"https:\/\/nanoclean24.com\/de\/#\/schema\/logo\/image\/\",\"url\":\"https:\/\/nanoclean24.com\/wp-content\/uploads\/2025\/07\/logo-2.jpg\",\"contentUrl\":\"https:\/\/nanoclean24.com\/wp-content\/uploads\/2025\/07\/logo-2.jpg\",\"width\":1068,\"height\":224,\"caption\":\"NanoClean\"},\"image\":{\"@id\":\"https:\/\/nanoclean24.com\/de\/#\/schema\/logo\/image\/\"}}]}<\/script>\n<!-- \/ Yoast SEO plugin. -->","yoast_head_json":{"title":"NANOCLEAN\u00aeAC8 Home f\u00fcr Hunde 200L - NANOCLEAN","robots":{"index":"index","follow":"follow","max-snippet":"max-snippet:-1","max-image-preview":"max-image-preview:large","max-video-preview":"max-video-preview:-1"},"canonical":"https:\/\/nanoclean24.com\/de\/produkte\/nanocleanac8-home-fuer-hunde-200l\/","og_locale":"de_DE","og_type":"article","og_title":"NANOCLEAN\u00aeAC8 Home f\u00fcr Hunde 200L - NANOCLEAN","og_description":"\u2705 Sofortige Geruchsneutralisierung: Entfernt alle unangenehmen Ger\u00fcche und hinterl\u00e4sst die Umgebung des Hundes frisch und angenehm. \u2705 Effektive Reinigung: Entfernt effektiv Schmutz, Haare und andere Verunreinigungen und sorgt f\u00fcr die Sauberkeit von Hundebett, Spielzeug und anderen Gegenst\u00e4nden. \u2705 Entpilzung und Desinfektion: Die umfassende Formel gew\u00e4hrleistet eine vollst\u00e4ndige Entpilzung und Desinfektion in einem Prozess und eliminiert biologische Gefahren. \u2705 Schutz vor Schimmel: Bildet eine Schutzbarriere, die die Entwicklung von Schimmel und Mikroorganismen verhindert und so eine langanhaltende Hygiene gew\u00e4hrleistet.","og_url":"https:\/\/nanoclean24.com\/de\/produkte\/nanocleanac8-home-fuer-hunde-200l\/","og_site_name":"NANOCLEAN","article_modified_time":"2026-01-05T14:43:03+00:00","og_image":[{"width":900,"height":900,"url":"https:\/\/nanoclean24.com\/wp-content\/uploads\/2025\/07\/NANOCLEAN\u00aeAC8-Home-dla-psa-200L.webp","type":"image\/webp"}],"twitter_card":"summary_large_image","twitter_misc":{"Gesch\u00e4tzte Lesezeit":"2\u00a0Minuten"},"schema":{"@context":"https:\/\/schema.org","@graph":[{"@type":"WebPage","@id":"https:\/\/nanoclean24.com\/de\/produkte\/nanocleanac8-home-fuer-hunde-200l\/","url":"https:\/\/nanoclean24.com\/de\/produkte\/nanocleanac8-home-fuer-hunde-200l\/","name":"NANOCLEAN\u00aeAC8 Home f\u00fcr Hunde 200L - NANOCLEAN","isPartOf":{"@id":"https:\/\/nanoclean24.com\/de\/#website"},"primaryImageOfPage":{"@id":"https:\/\/nanoclean24.com\/de\/produkte\/nanocleanac8-home-fuer-hunde-200l\/#primaryimage"},"image":{"@id":"https:\/\/nanoclean24.com\/de\/produkte\/nanocleanac8-home-fuer-hunde-200l\/#primaryimage"},"thumbnailUrl":"https:\/\/ac8.pl\/wp-content\/uploads\/2024\/06\/pies-1024x512.png","datePublished":"2025-07-20T14:57:07+00:00","dateModified":"2026-01-05T14:43:03+00:00","breadcrumb":{"@id":"https:\/\/nanoclean24.com\/de\/produkte\/nanocleanac8-home-fuer-hunde-200l\/#breadcrumb"},"inLanguage":"de","potentialAction":[{"@type":"ReadAction","target":["https:\/\/nanoclean24.com\/de\/produkte\/nanocleanac8-home-fuer-hunde-200l\/"]}]},{"@type":"ImageObject","inLanguage":"de","@id":"https:\/\/nanoclean24.com\/de\/produkte\/nanocleanac8-home-fuer-hunde-200l\/#primaryimage","url":"https:\/\/ac8.pl\/wp-content\/uploads\/2024\/06\/pies-1024x512.png","contentUrl":"https:\/\/ac8.pl\/wp-content\/uploads\/2024\/06\/pies-1024x512.png"},{"@type":"BreadcrumbList","@id":"https:\/\/nanoclean24.com\/de\/produkte\/nanocleanac8-home-fuer-hunde-200l\/#breadcrumb","itemListElement":[{"@type":"ListItem","position":1,"name":"Strona g\u0142\u00f3wna","item":"https:\/\/nanoclean24.com\/de\/"},{"@type":"ListItem","position":2,"name":"Shop","item":"https:\/\/nanoclean24.com\/de\/shop\/"},{"@type":"ListItem","position":3,"name":"NANOCLEAN\u00aeAC8 Home f\u00fcr Hunde 200L"}]},{"@type":"WebSite","@id":"https:\/\/nanoclean24.com\/de\/#website","url":"https:\/\/nanoclean24.com\/de\/","name":"NanoClean","description":"","publisher":{"@id":"https:\/\/nanoclean24.com\/de\/#organization"},"potentialAction":[{"@type":"SearchAction","target":{"@type":"EntryPoint","urlTemplate":"https:\/\/nanoclean24.com\/de\/?s={search_term_string}"},"query-input":{"@type":"PropertyValueSpecification","valueRequired":true,"valueName":"search_term_string"}}],"inLanguage":"de"},{"@type":"Organization","@id":"https:\/\/nanoclean24.com\/de\/#organization","name":"NanoClean","url":"https:\/\/nanoclean24.com\/de\/","logo":{"@type":"ImageObject","inLanguage":"de","@id":"https:\/\/nanoclean24.com\/de\/#\/schema\/logo\/image\/","url":"https:\/\/nanoclean24.com\/wp-content\/uploads\/2025\/07\/logo-2.jpg","contentUrl":"https:\/\/nanoclean24.com\/wp-content\/uploads\/2025\/07\/logo-2.jpg","width":1068,"height":224,"caption":"NanoClean"},"image":{"@id":"https:\/\/nanoclean24.com\/de\/#\/schema\/logo\/image\/"}}]}},"taxonomy_info":{"product_cat":[{"value":97,"label":"AC8 HOME"}]},"featured_image_src_large":false,"author_info":[],"comment_info":"","_links":{"self":[{"href":"https:\/\/nanoclean24.com\/de\/wp-json\/wp\/v2\/product\/4409","targetHints":{"allow":["GET"]}}],"collection":[{"href":"https:\/\/nanoclean24.com\/de\/wp-json\/wp\/v2\/product"}],"about":[{"href":"https:\/\/nanoclean24.com\/de\/wp-json\/wp\/v2\/types\/product"}],"wp:attachment":[{"href":"https:\/\/nanoclean24.com\/de\/wp-json\/wp\/v2\/media?parent=4409"}],"wp:term":[{"taxonomy":"product_brand","embeddable":true,"href":"https:\/\/nanoclean24.com\/de\/wp-json\/wp\/v2\/product_brand?post=4409"},{"taxonomy":"product_cat","embeddable":true,"href":"https:\/\/nanoclean24.com\/de\/wp-json\/wp\/v2\/product_cat?post=4409"},{"taxonomy":"product_tag","embeddable":true,"href":"https:\/\/nanoclean24.com\/de\/wp-json\/wp\/v2\/product_tag?post=4409"}],"curies":[{"name":"wp","href":"https:\/\/api.w.org\/{rel}","templated":true}]}}