{"id":4398,"date":"2025-07-20T23:32:58","date_gmt":"2025-07-20T21:32:58","guid":{"rendered":"https:\/\/kadence.nanoclean.dev\/produkt\/nanoclean-air-zitruskonzentrat\/"},"modified":"2025-11-08T14:42:01","modified_gmt":"2025-11-08T13:42:01","slug":"nanoclean-air-zitruskonzentrat","status":"publish","type":"product","link":"https:\/\/nanoclean24.com\/de\/produkte\/nanoclean-air-zitruskonzentrat\/","title":{"rendered":"NANOCLEAN\u00ae AIR Zitruskonzentrat"},"content":{"rendered":"<h3><strong>REINIGUNG, AUFFRISCHUNG DER KLIMAANLAGE<\/strong><\/h3>\n<ul>\n<li>Entfernt effektiv alle Verunreinigungen, die die Luftqualit\u00e4t beeintr\u00e4chtigen k\u00f6nnen.<\/li>\n<li>Beseitigt dauerhaft unangenehmen Pilzgeruch und den muffigen Geruch von Feuchtigkeit.<\/li>\n<li>Materialkompatibel \u2013 die aus dem Konzentrat in einer Arbeitskonzentration von 5 % (1:19) mit Wasser hergestellte L\u00f6sung ist kompatibel<br \/>\nmit den meisten Metallen, lackierten Oberfl\u00e4chen, Gummis, Kunststoffen und Textilien.<\/li>\n<li>Nach dem Verdunsten hinterl\u00e4sst es eine trockene und saubere Oberfl\u00e4che, die staubabweisend ist.<\/li>\n<\/ul>\n<h3><strong>Schimmelentfernung und Desinfektion der Klimaanlage<\/strong><\/h3>\n<ul>\n<li>Das einzige Pr\u00e4parat mit <strong>VOLLST\u00c4NDIGEM BIOZIDEN SPEKTRUM<\/strong> (Viren, Bakterien, Pilze, Mykobakterien, Sporen in bis zu 15 Minuten).<\/li>\n<li>Entfernt <em>Legionella pneumophila<\/em> in 1 Minute.<\/li>\n<li>Wirksamkeit durch Studien nach europ\u00e4ischen Normen best\u00e4tigt:<br \/>\nEN1040, EN13727, EN1276, EN13697, EN13623, EN1275, EN1650, EN14476, EN13704, EN14348.<\/li>\n<li>Zulassung f\u00fcr Biozidprodukte Nr. 7420\/18.<\/li>\n<li>PZH-Zertifikat Nr. B.BK.60112.0333.2023.<\/li>\n<li>Dies ist ein neuer Sicherheitsstandard gegen luft\u00fcbertragene Infektionen und Kontaminationen.<\/li>\n<\/ul>\n<h3><b>Wirtschaftlichkeit<\/b><\/h3>\n<ul>\n<li>Die wirtschaftlichste Desinfektion. Konzentrat, das mit Wasser in einer Konzentration von 5 % (1:19) verwendet wird.<br \/>\n1 Liter Konzentrat ergibt 20 Liter gebrauchsfertige L\u00f6sung.<\/li>\n<\/ul>\n<h3><b>Kundenzufriedenheit<\/b><\/h3>\n<ul>\n<li>Angenehmer, erfrischender Duft.<\/li>\n<li>Lagerung und Anwendung ohne Brandgefahr \u2013 nicht brennbares Produkt auf Wasserbasis.<\/li>\n<li>Enth\u00e4lt keine S\u00e4uren, Phenole (gef\u00e4hrlich f\u00fcr Schwangere, Tiere) und organische L\u00f6sungsmittel.<\/li>\n<li>Volle Kundenzufriedenheit \u2013 keine Reklamationen.<\/li>\n<\/ul>\n<p>Biozidprodukte sind vorsichtig zu verwenden. Vor Gebrauch stets Etikett und Produktinformationen lesen.<\/p>\n","protected":false},"excerpt":{"rendered":"<h3>Pr\u00e4parat zur Reinigung, Auffrischung, Schimmelentfernung und Desinfektion von Verdampfern und Kondensatoren von Klimaanlagen sowie anderen Klima-<br \/>\nund K\u00e4lteanlagen (HVAC) mit VOLLST\u00c4NDIGEM BIOZIDEN SPEKTRUM<\/h3>\n<p>&nbsp;<\/p>\n<p><b><strong>\u2705 <\/strong>Frische:<\/b> Entfernt unangenehme Ger\u00fcche und hinterl\u00e4sst einen angenehmen Duft f\u00fcr l\u00e4ngere Zeit.<\/p>\n<p><strong>\u2705 Sicherheit, vollst\u00e4ndiges biozides Spektrum:<\/strong><br \/>\nViren, Pilze, Bakterien, Sporen, Mykobakterien.<br \/>\n<em>Legionella pneumophila<\/em> in 1 Minute.<\/p>\n<p><b><strong>\u2705 <\/strong>Wirksamkeit:<\/b> Durch Studien nach europ\u00e4ischen Normen best\u00e4tigt:<br \/>\nEN1040, EN13727, EN1276, EN13697, EN13623, EN1275, EN1650, EN14476, EN13704, EN14348<\/p>\n<p><b><strong>\u2705 <\/strong>Reinigungswirksamkeit:<\/b> Dank der mehrkomponentigen Wirkstoffbasis.<\/p>\n<p><b><strong>\u2705 <\/strong>Zufriedene Kunden:<\/b> Dank effektiver Reinigung und Desinfektion.<\/p>\n","protected":false},"featured_media":14512,"template":"","meta":{"_kad_blocks_custom_css":"","_kad_blocks_head_custom_js":"","_kad_blocks_body_custom_js":"","_kad_blocks_footer_custom_js":"","_kad_post_transparent":"","_kad_post_title":"","_kad_post_layout":"","_kad_post_sidebar_id":"","_kad_post_content_style":"","_kad_post_vertical_padding":"","_kad_post_feature":"","_kad_post_feature_position":"","_kad_post_header":false,"_kad_post_footer":false,"_kad_post_classname":""},"product_brand":[],"product_cat":[122],"product_tag":[],"class_list":{"0":"post-4398","1":"product","2":"type-product","3":"status-publish","4":"has-post-thumbnail","6":"product_cat-hvac-de","8":"first","9":"instock","10":"taxable","11":"shipping-taxable","12":"purchasable","13":"product-type-simple","14":"entry","15":"content-bg","16":"loop-entry"},"yoast_head":"<!-- This site is optimized with the Yoast SEO plugin v27.4 - https:\/\/yoast.com\/product\/yoast-seo-wordpress\/ -->\n<title>NANOCLEAN\u00ae AIR Zitruskonzentrat - NANOCLEAN<\/title>\n<meta name=\"robots\" content=\"index, follow, max-snippet:-1, max-image-preview:large, max-video-preview:-1\" \/>\n<link rel=\"canonical\" href=\"https:\/\/nanoclean24.com\/de\/produkte\/nanoclean-air-zitruskonzentrat\/\" \/>\n<meta property=\"og:locale\" content=\"de_DE\" \/>\n<meta property=\"og:type\" content=\"article\" \/>\n<meta property=\"og:title\" content=\"NANOCLEAN\u00ae AIR Zitruskonzentrat - NANOCLEAN\" \/>\n<meta property=\"og:description\" content=\"Pr\u00e4parat zur Reinigung, Auffrischung, Schimmelentfernung und Desinfektion von Verdampfern und Kondensatoren von Klimaanlagen sowie anderen Klima- und K\u00e4lteanlagen (HVAC) mit VOLLST\u00c4NDIGEM BIOZIDEN SPEKTRUM &nbsp; \u2705 Frische: Entfernt unangenehme Ger\u00fcche und hinterl\u00e4sst einen angenehmen Duft f\u00fcr l\u00e4ngere Zeit. \u2705 Sicherheit, vollst\u00e4ndiges biozides Spektrum: Viren, Pilze, Bakterien, Sporen, Mykobakterien. Legionella pneumophila in 1 Minute. \u2705 Wirksamkeit: Durch Studien nach europ\u00e4ischen Normen best\u00e4tigt: EN1040, EN13727, EN1276, EN13697, EN13623, EN1275, EN1650, EN14476, EN13704, EN14348 \u2705 Reinigungswirksamkeit: Dank der mehrkomponentigen Wirkstoffbasis. \u2705 Zufriedene Kunden: Dank effektiver Reinigung und Desinfektion.\" \/>\n<meta property=\"og:url\" content=\"https:\/\/nanoclean24.com\/de\/produkte\/nanoclean-air-zitruskonzentrat\/\" \/>\n<meta property=\"og:site_name\" content=\"NANOCLEAN\" \/>\n<meta property=\"article:modified_time\" content=\"2025-11-08T13:42:01+00:00\" \/>\n<meta property=\"og:image\" content=\"https:\/\/nanoclean24.com\/wp-content\/uploads\/2025\/07\/AC-79K1-Koncentrat-1L-1.png\" \/>\n\t<meta property=\"og:image:width\" content=\"1512\" \/>\n\t<meta property=\"og:image:height\" content=\"1512\" \/>\n\t<meta property=\"og:image:type\" content=\"image\/png\" \/>\n<meta name=\"twitter:card\" content=\"summary_large_image\" \/>\n<meta name=\"twitter:label1\" content=\"Gesch\u00e4tzte Lesezeit\" \/>\n\t<meta name=\"twitter:data1\" content=\"1\u00a0Minute\" \/>\n<script type=\"application\/ld+json\" class=\"yoast-schema-graph\">{\"@context\":\"https:\\\/\\\/schema.org\",\"@graph\":[{\"@type\":\"WebPage\",\"@id\":\"https:\\\/\\\/nanoclean24.com\\\/de\\\/produkte\\\/nanoclean-air-zitruskonzentrat\\\/\",\"url\":\"https:\\\/\\\/nanoclean24.com\\\/de\\\/produkte\\\/nanoclean-air-zitruskonzentrat\\\/\",\"name\":\"NANOCLEAN\u00ae AIR Zitruskonzentrat - NANOCLEAN\",\"isPartOf\":{\"@id\":\"https:\\\/\\\/nanoclean24.com\\\/de\\\/#website\"},\"primaryImageOfPage\":{\"@id\":\"https:\\\/\\\/nanoclean24.com\\\/de\\\/produkte\\\/nanoclean-air-zitruskonzentrat\\\/#primaryimage\"},\"image\":{\"@id\":\"https:\\\/\\\/nanoclean24.com\\\/de\\\/produkte\\\/nanoclean-air-zitruskonzentrat\\\/#primaryimage\"},\"thumbnailUrl\":\"https:\\\/\\\/nanoclean24.com\\\/wp-content\\\/uploads\\\/2025\\\/07\\\/AC-79K1-Koncentrat-1L-1.png\",\"datePublished\":\"2025-07-20T21:32:58+00:00\",\"dateModified\":\"2025-11-08T13:42:01+00:00\",\"breadcrumb\":{\"@id\":\"https:\\\/\\\/nanoclean24.com\\\/de\\\/produkte\\\/nanoclean-air-zitruskonzentrat\\\/#breadcrumb\"},\"inLanguage\":\"de\",\"potentialAction\":[{\"@type\":\"ReadAction\",\"target\":[\"https:\\\/\\\/nanoclean24.com\\\/de\\\/produkte\\\/nanoclean-air-zitruskonzentrat\\\/\"]}]},{\"@type\":\"ImageObject\",\"inLanguage\":\"de\",\"@id\":\"https:\\\/\\\/nanoclean24.com\\\/de\\\/produkte\\\/nanoclean-air-zitruskonzentrat\\\/#primaryimage\",\"url\":\"https:\\\/\\\/nanoclean24.com\\\/wp-content\\\/uploads\\\/2025\\\/07\\\/AC-79K1-Koncentrat-1L-1.png\",\"contentUrl\":\"https:\\\/\\\/nanoclean24.com\\\/wp-content\\\/uploads\\\/2025\\\/07\\\/AC-79K1-Koncentrat-1L-1.png\",\"width\":1512,\"height\":1512},{\"@type\":\"BreadcrumbList\",\"@id\":\"https:\\\/\\\/nanoclean24.com\\\/de\\\/produkte\\\/nanoclean-air-zitruskonzentrat\\\/#breadcrumb\",\"itemListElement\":[{\"@type\":\"ListItem\",\"position\":1,\"name\":\"Strona g\u0142\u00f3wna\",\"item\":\"https:\\\/\\\/nanoclean24.com\\\/de\\\/\"},{\"@type\":\"ListItem\",\"position\":2,\"name\":\"Shop\",\"item\":\"https:\\\/\\\/nanoclean24.com\\\/de\\\/shop\\\/\"},{\"@type\":\"ListItem\",\"position\":3,\"name\":\"NANOCLEAN\u00ae AIR Zitruskonzentrat\"}]},{\"@type\":\"WebSite\",\"@id\":\"https:\\\/\\\/nanoclean24.com\\\/de\\\/#website\",\"url\":\"https:\\\/\\\/nanoclean24.com\\\/de\\\/\",\"name\":\"NanoClean\",\"description\":\"\",\"publisher\":{\"@id\":\"https:\\\/\\\/nanoclean24.com\\\/de\\\/#organization\"},\"potentialAction\":[{\"@type\":\"SearchAction\",\"target\":{\"@type\":\"EntryPoint\",\"urlTemplate\":\"https:\\\/\\\/nanoclean24.com\\\/de\\\/?s={search_term_string}\"},\"query-input\":{\"@type\":\"PropertyValueSpecification\",\"valueRequired\":true,\"valueName\":\"search_term_string\"}}],\"inLanguage\":\"de\"},{\"@type\":\"Organization\",\"@id\":\"https:\\\/\\\/nanoclean24.com\\\/de\\\/#organization\",\"name\":\"NanoClean\",\"url\":\"https:\\\/\\\/nanoclean24.com\\\/de\\\/\",\"logo\":{\"@type\":\"ImageObject\",\"inLanguage\":\"de\",\"@id\":\"https:\\\/\\\/nanoclean24.com\\\/de\\\/#\\\/schema\\\/logo\\\/image\\\/\",\"url\":\"https:\\\/\\\/nanoclean24.com\\\/wp-content\\\/uploads\\\/2025\\\/07\\\/logo-2.jpg\",\"contentUrl\":\"https:\\\/\\\/nanoclean24.com\\\/wp-content\\\/uploads\\\/2025\\\/07\\\/logo-2.jpg\",\"width\":1068,\"height\":224,\"caption\":\"NanoClean\"},\"image\":{\"@id\":\"https:\\\/\\\/nanoclean24.com\\\/de\\\/#\\\/schema\\\/logo\\\/image\\\/\"}}]}<\/script>\n<!-- \/ Yoast SEO plugin. -->","yoast_head_json":{"title":"NANOCLEAN\u00ae AIR Zitruskonzentrat - NANOCLEAN","robots":{"index":"index","follow":"follow","max-snippet":"max-snippet:-1","max-image-preview":"max-image-preview:large","max-video-preview":"max-video-preview:-1"},"canonical":"https:\/\/nanoclean24.com\/de\/produkte\/nanoclean-air-zitruskonzentrat\/","og_locale":"de_DE","og_type":"article","og_title":"NANOCLEAN\u00ae AIR Zitruskonzentrat - NANOCLEAN","og_description":"Pr\u00e4parat zur Reinigung, Auffrischung, Schimmelentfernung und Desinfektion von Verdampfern und Kondensatoren von Klimaanlagen sowie anderen Klima- und K\u00e4lteanlagen (HVAC) mit VOLLST\u00c4NDIGEM BIOZIDEN SPEKTRUM &nbsp; \u2705 Frische: Entfernt unangenehme Ger\u00fcche und hinterl\u00e4sst einen angenehmen Duft f\u00fcr l\u00e4ngere Zeit. \u2705 Sicherheit, vollst\u00e4ndiges biozides Spektrum: Viren, Pilze, Bakterien, Sporen, Mykobakterien. Legionella pneumophila in 1 Minute. \u2705 Wirksamkeit: Durch Studien nach europ\u00e4ischen Normen best\u00e4tigt: EN1040, EN13727, EN1276, EN13697, EN13623, EN1275, EN1650, EN14476, EN13704, EN14348 \u2705 Reinigungswirksamkeit: Dank der mehrkomponentigen Wirkstoffbasis. \u2705 Zufriedene Kunden: Dank effektiver Reinigung und Desinfektion.","og_url":"https:\/\/nanoclean24.com\/de\/produkte\/nanoclean-air-zitruskonzentrat\/","og_site_name":"NANOCLEAN","article_modified_time":"2025-11-08T13:42:01+00:00","og_image":[{"width":1512,"height":1512,"url":"https:\/\/nanoclean24.com\/wp-content\/uploads\/2025\/07\/AC-79K1-Koncentrat-1L-1.png","type":"image\/png"}],"twitter_card":"summary_large_image","twitter_misc":{"Gesch\u00e4tzte Lesezeit":"1\u00a0Minute"},"schema":{"@context":"https:\/\/schema.org","@graph":[{"@type":"WebPage","@id":"https:\/\/nanoclean24.com\/de\/produkte\/nanoclean-air-zitruskonzentrat\/","url":"https:\/\/nanoclean24.com\/de\/produkte\/nanoclean-air-zitruskonzentrat\/","name":"NANOCLEAN\u00ae AIR Zitruskonzentrat - NANOCLEAN","isPartOf":{"@id":"https:\/\/nanoclean24.com\/de\/#website"},"primaryImageOfPage":{"@id":"https:\/\/nanoclean24.com\/de\/produkte\/nanoclean-air-zitruskonzentrat\/#primaryimage"},"image":{"@id":"https:\/\/nanoclean24.com\/de\/produkte\/nanoclean-air-zitruskonzentrat\/#primaryimage"},"thumbnailUrl":"https:\/\/nanoclean24.com\/wp-content\/uploads\/2025\/07\/AC-79K1-Koncentrat-1L-1.png","datePublished":"2025-07-20T21:32:58+00:00","dateModified":"2025-11-08T13:42:01+00:00","breadcrumb":{"@id":"https:\/\/nanoclean24.com\/de\/produkte\/nanoclean-air-zitruskonzentrat\/#breadcrumb"},"inLanguage":"de","potentialAction":[{"@type":"ReadAction","target":["https:\/\/nanoclean24.com\/de\/produkte\/nanoclean-air-zitruskonzentrat\/"]}]},{"@type":"ImageObject","inLanguage":"de","@id":"https:\/\/nanoclean24.com\/de\/produkte\/nanoclean-air-zitruskonzentrat\/#primaryimage","url":"https:\/\/nanoclean24.com\/wp-content\/uploads\/2025\/07\/AC-79K1-Koncentrat-1L-1.png","contentUrl":"https:\/\/nanoclean24.com\/wp-content\/uploads\/2025\/07\/AC-79K1-Koncentrat-1L-1.png","width":1512,"height":1512},{"@type":"BreadcrumbList","@id":"https:\/\/nanoclean24.com\/de\/produkte\/nanoclean-air-zitruskonzentrat\/#breadcrumb","itemListElement":[{"@type":"ListItem","position":1,"name":"Strona g\u0142\u00f3wna","item":"https:\/\/nanoclean24.com\/de\/"},{"@type":"ListItem","position":2,"name":"Shop","item":"https:\/\/nanoclean24.com\/de\/shop\/"},{"@type":"ListItem","position":3,"name":"NANOCLEAN\u00ae AIR Zitruskonzentrat"}]},{"@type":"WebSite","@id":"https:\/\/nanoclean24.com\/de\/#website","url":"https:\/\/nanoclean24.com\/de\/","name":"NanoClean","description":"","publisher":{"@id":"https:\/\/nanoclean24.com\/de\/#organization"},"potentialAction":[{"@type":"SearchAction","target":{"@type":"EntryPoint","urlTemplate":"https:\/\/nanoclean24.com\/de\/?s={search_term_string}"},"query-input":{"@type":"PropertyValueSpecification","valueRequired":true,"valueName":"search_term_string"}}],"inLanguage":"de"},{"@type":"Organization","@id":"https:\/\/nanoclean24.com\/de\/#organization","name":"NanoClean","url":"https:\/\/nanoclean24.com\/de\/","logo":{"@type":"ImageObject","inLanguage":"de","@id":"https:\/\/nanoclean24.com\/de\/#\/schema\/logo\/image\/","url":"https:\/\/nanoclean24.com\/wp-content\/uploads\/2025\/07\/logo-2.jpg","contentUrl":"https:\/\/nanoclean24.com\/wp-content\/uploads\/2025\/07\/logo-2.jpg","width":1068,"height":224,"caption":"NanoClean"},"image":{"@id":"https:\/\/nanoclean24.com\/de\/#\/schema\/logo\/image\/"}}]}},"taxonomy_info":{"product_cat":[{"value":122,"label":"HVAC PRO"}]},"featured_image_src_large":["https:\/\/nanoclean24.com\/wp-content\/uploads\/2025\/07\/AC-79K1-Koncentrat-1L-1-1024x1024.png",1024,1024,true],"author_info":[],"comment_info":"","_links":{"self":[{"href":"https:\/\/nanoclean24.com\/de\/wp-json\/wp\/v2\/product\/4398","targetHints":{"allow":["GET"]}}],"collection":[{"href":"https:\/\/nanoclean24.com\/de\/wp-json\/wp\/v2\/product"}],"about":[{"href":"https:\/\/nanoclean24.com\/de\/wp-json\/wp\/v2\/types\/product"}],"wp:featuredmedia":[{"embeddable":true,"href":"https:\/\/nanoclean24.com\/de\/wp-json\/wp\/v2\/media\/14512"}],"wp:attachment":[{"href":"https:\/\/nanoclean24.com\/de\/wp-json\/wp\/v2\/media?parent=4398"}],"wp:term":[{"taxonomy":"product_brand","embeddable":true,"href":"https:\/\/nanoclean24.com\/de\/wp-json\/wp\/v2\/product_brand?post=4398"},{"taxonomy":"product_cat","embeddable":true,"href":"https:\/\/nanoclean24.com\/de\/wp-json\/wp\/v2\/product_cat?post=4398"},{"taxonomy":"product_tag","embeddable":true,"href":"https:\/\/nanoclean24.com\/de\/wp-json\/wp\/v2\/product_tag?post=4398"}],"curies":[{"name":"wp","href":"https:\/\/api.w.org\/{rel}","templated":true}]}}