{"id":4368,"date":"2025-07-20T23:20:20","date_gmt":"2025-07-20T21:20:20","guid":{"rendered":"https:\/\/kadence.nanoclean.dev\/produkt\/easy-pro\/"},"modified":"2026-01-07T11:53:46","modified_gmt":"2026-01-07T10:53:46","slug":"easy-pro","status":"publish","type":"product","link":"https:\/\/nanoclean24.com\/de\/produkte\/easy-pro\/","title":{"rendered":"EASY PRO. Professioneller Hochdruckreiniger f\u00fcr die Klimaanlagenreinigung."},"content":{"rendered":"<p>Schnelle und effiziente Reinigung von Innen- und Au\u00dfenger\u00e4ten mit einem Akku-Hochdruckreiniger mit eigenem Fl\u00fcssigkeitsbeh\u00e4lter, sodass Sie ihn \u00fcberall dort einsetzen k\u00f6nnen, wo Sie ihn ben\u00f6tigen.<\/p>\n<h3><strong>Zubeh\u00f6r im Lieferumfang enthalten<\/strong><\/h3>\n<ul>\n<li>25 cm D\u00fcse mit 90\u00b0-Strahl<\/li>\n<li>2 Spr\u00fchd\u00fcsen<\/li>\n<li>220 V Ladeger\u00e4t<\/li>\n<li>Kfz-Ladeger\u00e4t<\/li>\n<\/ul>\n<h3><strong>Technische Daten<\/strong><\/h3>\n<ul>\n<li>Maximaler Druck: 9 bar<\/li>\n<li>Betriebszeit: 2-4 h<\/li>\n<li>Abnehmbarer 15-Liter-Tank.<\/li>\n<li>Schnellwechselsystem f\u00fcr D\u00fcsen \u201eQuick Connect\u201c<\/li>\n<li>Flexibler 3 m Schlauch<\/li>\n<\/ul>\n","protected":false},"excerpt":{"rendered":"<h3>Professioneller Hochdruckreiniger zur Klimaanlagenreinigung<\/h3>\n<p>&nbsp;<\/p>\n<p>\u2705 <strong>Einfache und effiziente<\/strong> Reinigung von Innen- und Au\u00dfenger\u00e4ten<\/p>\n<p><strong>\u2705 Dekontamination von Wand- und Kassettenger\u00e4ten<\/strong><\/p>\n<p><strong>\u2705 Sparen Sie Zeit und Geld <\/strong><\/p>\n<p><strong>\u2705 Bieten Sie dem Kunden die beste Qualit\u00e4t<\/strong><\/p>\n","protected":false},"featured_media":4195,"template":"","meta":{"_kad_blocks_custom_css":"","_kad_blocks_head_custom_js":"","_kad_blocks_body_custom_js":"","_kad_blocks_footer_custom_js":"","_kad_post_transparent":"","_kad_post_title":"","_kad_post_layout":"","_kad_post_sidebar_id":"","_kad_post_content_style":"","_kad_post_vertical_padding":"","_kad_post_feature":"","_kad_post_feature_position":"","_kad_post_header":false,"_kad_post_footer":false,"_kad_post_classname":""},"product_brand":[],"product_cat":[122],"product_tag":[],"class_list":{"0":"post-4368","1":"product","2":"type-product","3":"status-publish","4":"has-post-thumbnail","6":"product_cat-hvac-de","8":"first","9":"instock","10":"taxable","11":"shipping-taxable","12":"purchasable","13":"product-type-simple","14":"entry","15":"content-bg","16":"loop-entry"},"yoast_head":"<!-- This site is optimized with the Yoast SEO plugin v27.2 - https:\/\/yoast.com\/product\/yoast-seo-wordpress\/ -->\n<title>EASY PRO. Professioneller Hochdruckreiniger f\u00fcr die Klimaanlagenreinigung. - NANOCLEAN<\/title>\n<meta name=\"robots\" content=\"index, follow, max-snippet:-1, max-image-preview:large, max-video-preview:-1\" \/>\n<link rel=\"canonical\" href=\"https:\/\/nanoclean24.com\/de\/produkte\/easy-pro\/\" \/>\n<meta property=\"og:locale\" content=\"de_DE\" \/>\n<meta property=\"og:type\" content=\"article\" \/>\n<meta property=\"og:title\" content=\"EASY PRO. Professioneller Hochdruckreiniger f\u00fcr die Klimaanlagenreinigung. - NANOCLEAN\" \/>\n<meta property=\"og:description\" content=\"Professioneller Hochdruckreiniger zur Klimaanlagenreinigung &nbsp;  \u2705 Einfache und effiziente Reinigung von Innen- und Au\u00dfenger\u00e4ten  \u2705 Dekontamination von Wand- und Kassettenger\u00e4ten  \u2705 Sparen Sie Zeit und Geld   \u2705 Bieten Sie dem Kunden die beste Qualit\u00e4t\" \/>\n<meta property=\"og:url\" content=\"https:\/\/nanoclean24.com\/de\/produkte\/easy-pro\/\" \/>\n<meta property=\"og:site_name\" content=\"NANOCLEAN\" \/>\n<meta property=\"article:modified_time\" content=\"2026-01-07T10:53:46+00:00\" \/>\n<meta property=\"og:image\" content=\"https:\/\/nanoclean24.com\/wp-content\/uploads\/2025\/07\/EASY-PRO.webp\" \/>\n\t<meta property=\"og:image:width\" content=\"900\" \/>\n\t<meta property=\"og:image:height\" content=\"900\" \/>\n\t<meta property=\"og:image:type\" content=\"image\/webp\" \/>\n<meta name=\"twitter:card\" content=\"summary_large_image\" \/>\n<meta name=\"twitter:label1\" content=\"Gesch\u00e4tzte Lesezeit\" \/>\n\t<meta name=\"twitter:data1\" content=\"1\u00a0Minute\" \/>\n<script type=\"application\/ld+json\" class=\"yoast-schema-graph\">{\"@context\":\"https:\/\/schema.org\",\"@graph\":[{\"@type\":\"WebPage\",\"@id\":\"https:\/\/nanoclean24.com\/de\/produkte\/easy-pro\/\",\"url\":\"https:\/\/nanoclean24.com\/de\/produkte\/easy-pro\/\",\"name\":\"EASY PRO. Professioneller Hochdruckreiniger f\u00fcr die Klimaanlagenreinigung. - NANOCLEAN\",\"isPartOf\":{\"@id\":\"https:\/\/nanoclean24.com\/de\/#website\"},\"primaryImageOfPage\":{\"@id\":\"https:\/\/nanoclean24.com\/de\/produkte\/easy-pro\/#primaryimage\"},\"image\":{\"@id\":\"https:\/\/nanoclean24.com\/de\/produkte\/easy-pro\/#primaryimage\"},\"thumbnailUrl\":\"https:\/\/nanoclean24.com\/wp-content\/uploads\/2025\/07\/EASY-PRO.webp\",\"datePublished\":\"2025-07-20T21:20:20+00:00\",\"dateModified\":\"2026-01-07T10:53:46+00:00\",\"breadcrumb\":{\"@id\":\"https:\/\/nanoclean24.com\/de\/produkte\/easy-pro\/#breadcrumb\"},\"inLanguage\":\"de\",\"potentialAction\":[{\"@type\":\"ReadAction\",\"target\":[\"https:\/\/nanoclean24.com\/de\/produkte\/easy-pro\/\"]}]},{\"@type\":\"ImageObject\",\"inLanguage\":\"de\",\"@id\":\"https:\/\/nanoclean24.com\/de\/produkte\/easy-pro\/#primaryimage\",\"url\":\"https:\/\/nanoclean24.com\/wp-content\/uploads\/2025\/07\/EASY-PRO.webp\",\"contentUrl\":\"https:\/\/nanoclean24.com\/wp-content\/uploads\/2025\/07\/EASY-PRO.webp\",\"width\":900,\"height\":900},{\"@type\":\"BreadcrumbList\",\"@id\":\"https:\/\/nanoclean24.com\/de\/produkte\/easy-pro\/#breadcrumb\",\"itemListElement\":[{\"@type\":\"ListItem\",\"position\":1,\"name\":\"Strona g\u0142\u00f3wna\",\"item\":\"https:\/\/nanoclean24.com\/de\/\"},{\"@type\":\"ListItem\",\"position\":2,\"name\":\"Shop\",\"item\":\"https:\/\/nanoclean24.com\/de\/shop\/\"},{\"@type\":\"ListItem\",\"position\":3,\"name\":\"EASY PRO. Professioneller Hochdruckreiniger f\u00fcr die Klimaanlagenreinigung.\"}]},{\"@type\":\"WebSite\",\"@id\":\"https:\/\/nanoclean24.com\/de\/#website\",\"url\":\"https:\/\/nanoclean24.com\/de\/\",\"name\":\"NanoClean\",\"description\":\"\",\"publisher\":{\"@id\":\"https:\/\/nanoclean24.com\/de\/#organization\"},\"potentialAction\":[{\"@type\":\"SearchAction\",\"target\":{\"@type\":\"EntryPoint\",\"urlTemplate\":\"https:\/\/nanoclean24.com\/de\/?s={search_term_string}\"},\"query-input\":{\"@type\":\"PropertyValueSpecification\",\"valueRequired\":true,\"valueName\":\"search_term_string\"}}],\"inLanguage\":\"de\"},{\"@type\":\"Organization\",\"@id\":\"https:\/\/nanoclean24.com\/de\/#organization\",\"name\":\"NanoClean\",\"url\":\"https:\/\/nanoclean24.com\/de\/\",\"logo\":{\"@type\":\"ImageObject\",\"inLanguage\":\"de\",\"@id\":\"https:\/\/nanoclean24.com\/de\/#\/schema\/logo\/image\/\",\"url\":\"https:\/\/nanoclean24.com\/wp-content\/uploads\/2025\/07\/logo-2.jpg\",\"contentUrl\":\"https:\/\/nanoclean24.com\/wp-content\/uploads\/2025\/07\/logo-2.jpg\",\"width\":1068,\"height\":224,\"caption\":\"NanoClean\"},\"image\":{\"@id\":\"https:\/\/nanoclean24.com\/de\/#\/schema\/logo\/image\/\"}}]}<\/script>\n<!-- \/ Yoast SEO plugin. -->","yoast_head_json":{"title":"EASY PRO. Professioneller Hochdruckreiniger f\u00fcr die Klimaanlagenreinigung. - NANOCLEAN","robots":{"index":"index","follow":"follow","max-snippet":"max-snippet:-1","max-image-preview":"max-image-preview:large","max-video-preview":"max-video-preview:-1"},"canonical":"https:\/\/nanoclean24.com\/de\/produkte\/easy-pro\/","og_locale":"de_DE","og_type":"article","og_title":"EASY PRO. Professioneller Hochdruckreiniger f\u00fcr die Klimaanlagenreinigung. - NANOCLEAN","og_description":"Professioneller Hochdruckreiniger zur Klimaanlagenreinigung &nbsp;  \u2705 Einfache und effiziente Reinigung von Innen- und Au\u00dfenger\u00e4ten  \u2705 Dekontamination von Wand- und Kassettenger\u00e4ten  \u2705 Sparen Sie Zeit und Geld   \u2705 Bieten Sie dem Kunden die beste Qualit\u00e4t","og_url":"https:\/\/nanoclean24.com\/de\/produkte\/easy-pro\/","og_site_name":"NANOCLEAN","article_modified_time":"2026-01-07T10:53:46+00:00","og_image":[{"width":900,"height":900,"url":"https:\/\/nanoclean24.com\/wp-content\/uploads\/2025\/07\/EASY-PRO.webp","type":"image\/webp"}],"twitter_card":"summary_large_image","twitter_misc":{"Gesch\u00e4tzte Lesezeit":"1\u00a0Minute"},"schema":{"@context":"https:\/\/schema.org","@graph":[{"@type":"WebPage","@id":"https:\/\/nanoclean24.com\/de\/produkte\/easy-pro\/","url":"https:\/\/nanoclean24.com\/de\/produkte\/easy-pro\/","name":"EASY PRO. Professioneller Hochdruckreiniger f\u00fcr die Klimaanlagenreinigung. - NANOCLEAN","isPartOf":{"@id":"https:\/\/nanoclean24.com\/de\/#website"},"primaryImageOfPage":{"@id":"https:\/\/nanoclean24.com\/de\/produkte\/easy-pro\/#primaryimage"},"image":{"@id":"https:\/\/nanoclean24.com\/de\/produkte\/easy-pro\/#primaryimage"},"thumbnailUrl":"https:\/\/nanoclean24.com\/wp-content\/uploads\/2025\/07\/EASY-PRO.webp","datePublished":"2025-07-20T21:20:20+00:00","dateModified":"2026-01-07T10:53:46+00:00","breadcrumb":{"@id":"https:\/\/nanoclean24.com\/de\/produkte\/easy-pro\/#breadcrumb"},"inLanguage":"de","potentialAction":[{"@type":"ReadAction","target":["https:\/\/nanoclean24.com\/de\/produkte\/easy-pro\/"]}]},{"@type":"ImageObject","inLanguage":"de","@id":"https:\/\/nanoclean24.com\/de\/produkte\/easy-pro\/#primaryimage","url":"https:\/\/nanoclean24.com\/wp-content\/uploads\/2025\/07\/EASY-PRO.webp","contentUrl":"https:\/\/nanoclean24.com\/wp-content\/uploads\/2025\/07\/EASY-PRO.webp","width":900,"height":900},{"@type":"BreadcrumbList","@id":"https:\/\/nanoclean24.com\/de\/produkte\/easy-pro\/#breadcrumb","itemListElement":[{"@type":"ListItem","position":1,"name":"Strona g\u0142\u00f3wna","item":"https:\/\/nanoclean24.com\/de\/"},{"@type":"ListItem","position":2,"name":"Shop","item":"https:\/\/nanoclean24.com\/de\/shop\/"},{"@type":"ListItem","position":3,"name":"EASY PRO. Professioneller Hochdruckreiniger f\u00fcr die Klimaanlagenreinigung."}]},{"@type":"WebSite","@id":"https:\/\/nanoclean24.com\/de\/#website","url":"https:\/\/nanoclean24.com\/de\/","name":"NanoClean","description":"","publisher":{"@id":"https:\/\/nanoclean24.com\/de\/#organization"},"potentialAction":[{"@type":"SearchAction","target":{"@type":"EntryPoint","urlTemplate":"https:\/\/nanoclean24.com\/de\/?s={search_term_string}"},"query-input":{"@type":"PropertyValueSpecification","valueRequired":true,"valueName":"search_term_string"}}],"inLanguage":"de"},{"@type":"Organization","@id":"https:\/\/nanoclean24.com\/de\/#organization","name":"NanoClean","url":"https:\/\/nanoclean24.com\/de\/","logo":{"@type":"ImageObject","inLanguage":"de","@id":"https:\/\/nanoclean24.com\/de\/#\/schema\/logo\/image\/","url":"https:\/\/nanoclean24.com\/wp-content\/uploads\/2025\/07\/logo-2.jpg","contentUrl":"https:\/\/nanoclean24.com\/wp-content\/uploads\/2025\/07\/logo-2.jpg","width":1068,"height":224,"caption":"NanoClean"},"image":{"@id":"https:\/\/nanoclean24.com\/de\/#\/schema\/logo\/image\/"}}]}},"taxonomy_info":{"product_cat":[{"value":122,"label":"HVAC PRO"}]},"featured_image_src_large":["https:\/\/nanoclean24.com\/wp-content\/uploads\/2025\/07\/EASY-PRO.webp",900,900,false],"author_info":[],"comment_info":"","_links":{"self":[{"href":"https:\/\/nanoclean24.com\/de\/wp-json\/wp\/v2\/product\/4368","targetHints":{"allow":["GET"]}}],"collection":[{"href":"https:\/\/nanoclean24.com\/de\/wp-json\/wp\/v2\/product"}],"about":[{"href":"https:\/\/nanoclean24.com\/de\/wp-json\/wp\/v2\/types\/product"}],"wp:featuredmedia":[{"embeddable":true,"href":"https:\/\/nanoclean24.com\/de\/wp-json\/wp\/v2\/media\/4195"}],"wp:attachment":[{"href":"https:\/\/nanoclean24.com\/de\/wp-json\/wp\/v2\/media?parent=4368"}],"wp:term":[{"taxonomy":"product_brand","embeddable":true,"href":"https:\/\/nanoclean24.com\/de\/wp-json\/wp\/v2\/product_brand?post=4368"},{"taxonomy":"product_cat","embeddable":true,"href":"https:\/\/nanoclean24.com\/de\/wp-json\/wp\/v2\/product_cat?post=4368"},{"taxonomy":"product_tag","embeddable":true,"href":"https:\/\/nanoclean24.com\/de\/wp-json\/wp\/v2\/product_tag?post=4368"}],"curies":[{"name":"wp","href":"https:\/\/api.w.org\/{rel}","templated":true}]}}