{"id":15720,"date":"2026-04-17T14:08:34","date_gmt":"2026-04-17T12:08:34","guid":{"rendered":"https:\/\/nanoclean24.com\/?post_type=product&#038;p=15720"},"modified":"2026-04-17T14:08:34","modified_gmt":"2026-04-17T12:08:34","slug":"easypro-rigid-lance-90-nu900esy80006","status":"publish","type":"product","link":"https:\/\/nanoclean24.com\/de\/produkte\/easypro-rigid-lance-90-nu900esy80006\/","title":{"rendered":"EASYPRO RIGID LANCE 90\u00b0 NU900ESY80006"},"content":{"rendered":"<style>.wp-block-kadence-advancedheading.kt-adv-heading15709_f35349-6d_0, .wp-block-kadence-advancedheading.kt-adv-heading15709_f35349-6d_0[data-kb-block=\"kb-adv-heading15709_f35349-6d_0\"]{font-style:normal;}.wp-block-kadence-advancedheading.kt-adv-heading15709_f35349-6d_0 mark.kt-highlight, .wp-block-kadence-advancedheading.kt-adv-heading15709_f35349-6d_0[data-kb-block=\"kb-adv-heading15709_f35349-6d_0\"] mark.kt-highlight{font-style:normal;color:#f76a0c;-webkit-box-decoration-break:clone;box-decoration-break:clone;padding-top:0px;padding-right:0px;padding-bottom:0px;padding-left:0px;}.wp-block-kadence-advancedheading.kt-adv-heading15709_f35349-6d_0 img.kb-inline-image, .wp-block-kadence-advancedheading.kt-adv-heading15709_f35349-6d_0[data-kb-block=\"kb-adv-heading15709_f35349-6d_0\"] img.kb-inline-image{width:150px;vertical-align:baseline;}<\/style>\n<p class=\"kt-adv-heading15709_f35349-6d_0 wp-block-kadence-advancedheading\" data-kb-block=\"kb-adv-heading15709_f35349-6d_0\">Lanca k\u0105towa o d\u0142ugo\u015bci 99 cm<\/p>\n","protected":false},"excerpt":{"rendered":"<p>Lanca k\u0105towa o d\u0142ugo\u015bci 99 cm<\/p>\n","protected":false},"featured_media":15717,"template":"","meta":{"_kad_blocks_custom_css":"","_kad_blocks_head_custom_js":"","_kad_blocks_body_custom_js":"","_kad_blocks_footer_custom_js":"","_kad_post_transparent":"","_kad_post_title":"","_kad_post_layout":"","_kad_post_sidebar_id":"","_kad_post_content_style":"","_kad_post_vertical_padding":"","_kad_post_feature":"","_kad_post_feature_position":"","_kad_post_header":false,"_kad_post_footer":false,"_kad_post_classname":""},"product_brand":[],"product_cat":[122],"product_tag":[],"class_list":{"0":"post-15720","1":"product","2":"type-product","3":"status-publish","4":"has-post-thumbnail","6":"product_cat-hvac-de","8":"first","9":"instock","10":"taxable","11":"shipping-taxable","12":"purchasable","13":"product-type-simple","14":"entry","15":"content-bg","16":"loop-entry"},"yoast_head":"<!-- This site is optimized with the Yoast SEO plugin v27.4 - https:\/\/yoast.com\/product\/yoast-seo-wordpress\/ -->\n<title>EASYPRO RIGID LANCE 90\u00b0 NU900ESY80006 - NANOCLEAN<\/title>\n<meta name=\"robots\" content=\"index, follow, max-snippet:-1, max-image-preview:large, max-video-preview:-1\" \/>\n<link rel=\"canonical\" href=\"https:\/\/nanoclean24.com\/de\/produkte\/easypro-rigid-lance-90-nu900esy80006\/\" \/>\n<meta property=\"og:locale\" content=\"de_DE\" \/>\n<meta property=\"og:type\" content=\"article\" \/>\n<meta property=\"og:title\" content=\"EASYPRO RIGID LANCE 90\u00b0 NU900ESY80006 - NANOCLEAN\" \/>\n<meta property=\"og:description\" content=\"Lanca k\u0105towa o d\u0142ugo\u015bci 99 cm\" \/>\n<meta property=\"og:url\" content=\"https:\/\/nanoclean24.com\/de\/produkte\/easypro-rigid-lance-90-nu900esy80006\/\" \/>\n<meta property=\"og:site_name\" content=\"NANOCLEAN\" \/>\n<meta property=\"og:image\" content=\"https:\/\/nanoclean24.com\/wp-content\/uploads\/2026\/04\/Lanca-scaled.webp\" \/>\n\t<meta property=\"og:image:width\" content=\"2560\" \/>\n\t<meta property=\"og:image:height\" content=\"2560\" \/>\n\t<meta property=\"og:image:type\" content=\"image\/webp\" \/>\n<meta name=\"twitter:card\" content=\"summary_large_image\" \/>\n<script type=\"application\/ld+json\" class=\"yoast-schema-graph\">{\"@context\":\"https:\\\/\\\/schema.org\",\"@graph\":[{\"@type\":\"WebPage\",\"@id\":\"https:\\\/\\\/nanoclean24.com\\\/de\\\/produkte\\\/easypro-rigid-lance-90-nu900esy80006\\\/\",\"url\":\"https:\\\/\\\/nanoclean24.com\\\/de\\\/produkte\\\/easypro-rigid-lance-90-nu900esy80006\\\/\",\"name\":\"EASYPRO RIGID LANCE 90\u00b0 NU900ESY80006 - NANOCLEAN\",\"isPartOf\":{\"@id\":\"https:\\\/\\\/nanoclean24.com\\\/de\\\/#website\"},\"primaryImageOfPage\":{\"@id\":\"https:\\\/\\\/nanoclean24.com\\\/de\\\/produkte\\\/easypro-rigid-lance-90-nu900esy80006\\\/#primaryimage\"},\"image\":{\"@id\":\"https:\\\/\\\/nanoclean24.com\\\/de\\\/produkte\\\/easypro-rigid-lance-90-nu900esy80006\\\/#primaryimage\"},\"thumbnailUrl\":\"https:\\\/\\\/nanoclean24.com\\\/wp-content\\\/uploads\\\/2026\\\/04\\\/Lanca-scaled.webp\",\"datePublished\":\"2026-04-17T12:08:34+00:00\",\"breadcrumb\":{\"@id\":\"https:\\\/\\\/nanoclean24.com\\\/de\\\/produkte\\\/easypro-rigid-lance-90-nu900esy80006\\\/#breadcrumb\"},\"inLanguage\":\"de\",\"potentialAction\":[{\"@type\":\"ReadAction\",\"target\":[\"https:\\\/\\\/nanoclean24.com\\\/de\\\/produkte\\\/easypro-rigid-lance-90-nu900esy80006\\\/\"]}]},{\"@type\":\"ImageObject\",\"inLanguage\":\"de\",\"@id\":\"https:\\\/\\\/nanoclean24.com\\\/de\\\/produkte\\\/easypro-rigid-lance-90-nu900esy80006\\\/#primaryimage\",\"url\":\"https:\\\/\\\/nanoclean24.com\\\/wp-content\\\/uploads\\\/2026\\\/04\\\/Lanca-scaled.webp\",\"contentUrl\":\"https:\\\/\\\/nanoclean24.com\\\/wp-content\\\/uploads\\\/2026\\\/04\\\/Lanca-scaled.webp\",\"width\":2560,\"height\":2560},{\"@type\":\"BreadcrumbList\",\"@id\":\"https:\\\/\\\/nanoclean24.com\\\/de\\\/produkte\\\/easypro-rigid-lance-90-nu900esy80006\\\/#breadcrumb\",\"itemListElement\":[{\"@type\":\"ListItem\",\"position\":1,\"name\":\"Strona g\u0142\u00f3wna\",\"item\":\"https:\\\/\\\/nanoclean24.com\\\/de\\\/\"},{\"@type\":\"ListItem\",\"position\":2,\"name\":\"Shop\",\"item\":\"https:\\\/\\\/nanoclean24.com\\\/de\\\/shop\\\/\"},{\"@type\":\"ListItem\",\"position\":3,\"name\":\"EASYPRO RIGID LANCE 90\u00b0 NU900ESY80006\"}]},{\"@type\":\"WebSite\",\"@id\":\"https:\\\/\\\/nanoclean24.com\\\/de\\\/#website\",\"url\":\"https:\\\/\\\/nanoclean24.com\\\/de\\\/\",\"name\":\"NanoClean\",\"description\":\"\",\"publisher\":{\"@id\":\"https:\\\/\\\/nanoclean24.com\\\/de\\\/#organization\"},\"potentialAction\":[{\"@type\":\"SearchAction\",\"target\":{\"@type\":\"EntryPoint\",\"urlTemplate\":\"https:\\\/\\\/nanoclean24.com\\\/de\\\/?s={search_term_string}\"},\"query-input\":{\"@type\":\"PropertyValueSpecification\",\"valueRequired\":true,\"valueName\":\"search_term_string\"}}],\"inLanguage\":\"de\"},{\"@type\":\"Organization\",\"@id\":\"https:\\\/\\\/nanoclean24.com\\\/de\\\/#organization\",\"name\":\"NanoClean\",\"url\":\"https:\\\/\\\/nanoclean24.com\\\/de\\\/\",\"logo\":{\"@type\":\"ImageObject\",\"inLanguage\":\"de\",\"@id\":\"https:\\\/\\\/nanoclean24.com\\\/de\\\/#\\\/schema\\\/logo\\\/image\\\/\",\"url\":\"https:\\\/\\\/nanoclean24.com\\\/wp-content\\\/uploads\\\/2025\\\/07\\\/logo-2.jpg\",\"contentUrl\":\"https:\\\/\\\/nanoclean24.com\\\/wp-content\\\/uploads\\\/2025\\\/07\\\/logo-2.jpg\",\"width\":1068,\"height\":224,\"caption\":\"NanoClean\"},\"image\":{\"@id\":\"https:\\\/\\\/nanoclean24.com\\\/de\\\/#\\\/schema\\\/logo\\\/image\\\/\"}}]}<\/script>\n<!-- \/ Yoast SEO plugin. -->","yoast_head_json":{"title":"EASYPRO RIGID LANCE 90\u00b0 NU900ESY80006 - NANOCLEAN","robots":{"index":"index","follow":"follow","max-snippet":"max-snippet:-1","max-image-preview":"max-image-preview:large","max-video-preview":"max-video-preview:-1"},"canonical":"https:\/\/nanoclean24.com\/de\/produkte\/easypro-rigid-lance-90-nu900esy80006\/","og_locale":"de_DE","og_type":"article","og_title":"EASYPRO RIGID LANCE 90\u00b0 NU900ESY80006 - NANOCLEAN","og_description":"Lanca k\u0105towa o d\u0142ugo\u015bci 99 cm","og_url":"https:\/\/nanoclean24.com\/de\/produkte\/easypro-rigid-lance-90-nu900esy80006\/","og_site_name":"NANOCLEAN","og_image":[{"width":2560,"height":2560,"url":"https:\/\/nanoclean24.com\/wp-content\/uploads\/2026\/04\/Lanca-scaled.webp","type":"image\/webp"}],"twitter_card":"summary_large_image","schema":{"@context":"https:\/\/schema.org","@graph":[{"@type":"WebPage","@id":"https:\/\/nanoclean24.com\/de\/produkte\/easypro-rigid-lance-90-nu900esy80006\/","url":"https:\/\/nanoclean24.com\/de\/produkte\/easypro-rigid-lance-90-nu900esy80006\/","name":"EASYPRO RIGID LANCE 90\u00b0 NU900ESY80006 - NANOCLEAN","isPartOf":{"@id":"https:\/\/nanoclean24.com\/de\/#website"},"primaryImageOfPage":{"@id":"https:\/\/nanoclean24.com\/de\/produkte\/easypro-rigid-lance-90-nu900esy80006\/#primaryimage"},"image":{"@id":"https:\/\/nanoclean24.com\/de\/produkte\/easypro-rigid-lance-90-nu900esy80006\/#primaryimage"},"thumbnailUrl":"https:\/\/nanoclean24.com\/wp-content\/uploads\/2026\/04\/Lanca-scaled.webp","datePublished":"2026-04-17T12:08:34+00:00","breadcrumb":{"@id":"https:\/\/nanoclean24.com\/de\/produkte\/easypro-rigid-lance-90-nu900esy80006\/#breadcrumb"},"inLanguage":"de","potentialAction":[{"@type":"ReadAction","target":["https:\/\/nanoclean24.com\/de\/produkte\/easypro-rigid-lance-90-nu900esy80006\/"]}]},{"@type":"ImageObject","inLanguage":"de","@id":"https:\/\/nanoclean24.com\/de\/produkte\/easypro-rigid-lance-90-nu900esy80006\/#primaryimage","url":"https:\/\/nanoclean24.com\/wp-content\/uploads\/2026\/04\/Lanca-scaled.webp","contentUrl":"https:\/\/nanoclean24.com\/wp-content\/uploads\/2026\/04\/Lanca-scaled.webp","width":2560,"height":2560},{"@type":"BreadcrumbList","@id":"https:\/\/nanoclean24.com\/de\/produkte\/easypro-rigid-lance-90-nu900esy80006\/#breadcrumb","itemListElement":[{"@type":"ListItem","position":1,"name":"Strona g\u0142\u00f3wna","item":"https:\/\/nanoclean24.com\/de\/"},{"@type":"ListItem","position":2,"name":"Shop","item":"https:\/\/nanoclean24.com\/de\/shop\/"},{"@type":"ListItem","position":3,"name":"EASYPRO RIGID LANCE 90\u00b0 NU900ESY80006"}]},{"@type":"WebSite","@id":"https:\/\/nanoclean24.com\/de\/#website","url":"https:\/\/nanoclean24.com\/de\/","name":"NanoClean","description":"","publisher":{"@id":"https:\/\/nanoclean24.com\/de\/#organization"},"potentialAction":[{"@type":"SearchAction","target":{"@type":"EntryPoint","urlTemplate":"https:\/\/nanoclean24.com\/de\/?s={search_term_string}"},"query-input":{"@type":"PropertyValueSpecification","valueRequired":true,"valueName":"search_term_string"}}],"inLanguage":"de"},{"@type":"Organization","@id":"https:\/\/nanoclean24.com\/de\/#organization","name":"NanoClean","url":"https:\/\/nanoclean24.com\/de\/","logo":{"@type":"ImageObject","inLanguage":"de","@id":"https:\/\/nanoclean24.com\/de\/#\/schema\/logo\/image\/","url":"https:\/\/nanoclean24.com\/wp-content\/uploads\/2025\/07\/logo-2.jpg","contentUrl":"https:\/\/nanoclean24.com\/wp-content\/uploads\/2025\/07\/logo-2.jpg","width":1068,"height":224,"caption":"NanoClean"},"image":{"@id":"https:\/\/nanoclean24.com\/de\/#\/schema\/logo\/image\/"}}]}},"taxonomy_info":{"product_cat":[{"value":122,"label":"HVAC PRO"}]},"featured_image_src_large":["https:\/\/nanoclean24.com\/wp-content\/uploads\/2026\/04\/Lanca-1024x1024.webp",1024,1024,true],"author_info":[],"comment_info":"","_links":{"self":[{"href":"https:\/\/nanoclean24.com\/de\/wp-json\/wp\/v2\/product\/15720","targetHints":{"allow":["GET"]}}],"collection":[{"href":"https:\/\/nanoclean24.com\/de\/wp-json\/wp\/v2\/product"}],"about":[{"href":"https:\/\/nanoclean24.com\/de\/wp-json\/wp\/v2\/types\/product"}],"wp:featuredmedia":[{"embeddable":true,"href":"https:\/\/nanoclean24.com\/de\/wp-json\/wp\/v2\/media\/15717"}],"wp:attachment":[{"href":"https:\/\/nanoclean24.com\/de\/wp-json\/wp\/v2\/media?parent=15720"}],"wp:term":[{"taxonomy":"product_brand","embeddable":true,"href":"https:\/\/nanoclean24.com\/de\/wp-json\/wp\/v2\/product_brand?post=15720"},{"taxonomy":"product_cat","embeddable":true,"href":"https:\/\/nanoclean24.com\/de\/wp-json\/wp\/v2\/product_cat?post=15720"},{"taxonomy":"product_tag","embeddable":true,"href":"https:\/\/nanoclean24.com\/de\/wp-json\/wp\/v2\/product_tag?post=15720"}],"curies":[{"name":"wp","href":"https:\/\/api.w.org\/{rel}","templated":true}]}}