{"id":15676,"date":"2026-04-17T14:07:57","date_gmt":"2026-04-17T12:07:57","guid":{"rendered":"https:\/\/nanoclean24.com\/?post_type=product&#038;p=15676"},"modified":"2026-04-17T14:08:05","modified_gmt":"2026-04-17T12:08:05","slug":"easypro-reusable-cassette-cleaning-cover-nu910","status":"publish","type":"product","link":"https:\/\/nanoclean24.com\/de\/produkte\/easypro-reusable-cassette-cleaning-cover-nu910\/","title":{"rendered":"EASYPRO REUSABLE CASSETTE CLEANING COVER NU910"},"content":{"rendered":"<style>.wp-block-kadence-advancedheading.kt-adv-heading15661_3bdc3c-40_0, .wp-block-kadence-advancedheading.kt-adv-heading15661_3bdc3c-40_0[data-kb-block=\"kb-adv-heading15661_3bdc3c-40_0\"]{font-style:normal;}.wp-block-kadence-advancedheading.kt-adv-heading15661_3bdc3c-40_0 mark.kt-highlight, .wp-block-kadence-advancedheading.kt-adv-heading15661_3bdc3c-40_0[data-kb-block=\"kb-adv-heading15661_3bdc3c-40_0\"] mark.kt-highlight{font-style:normal;color:#f76a0c;-webkit-box-decoration-break:clone;box-decoration-break:clone;padding-top:0px;padding-right:0px;padding-bottom:0px;padding-left:0px;}.wp-block-kadence-advancedheading.kt-adv-heading15661_3bdc3c-40_0 img.kb-inline-image, .wp-block-kadence-advancedheading.kt-adv-heading15661_3bdc3c-40_0[data-kb-block=\"kb-adv-heading15661_3bdc3c-40_0\"] img.kb-inline-image{width:150px;vertical-align:baseline;}<\/style>\n<p class=\"kt-adv-heading15661_3bdc3c-40_0 wp-block-kadence-advancedheading\" data-kb-block=\"kb-adv-heading15661_3bdc3c-40_0\"><span lang=\"en-US\">Wiederverwendbare Schutzabdeckung f\u00fcr Kassetten-Klimaanlagen.<\/span><\/p>\n<style>.wp-block-kadence-advancedheading.kt-adv-heading15661_3bdc3c-40_1, .wp-block-kadence-advancedheading.kt-adv-heading15661_3bdc3c-40_1[data-kb-block=\"kb-adv-heading15661_3bdc3c-40_1\"]{font-style:normal;}.wp-block-kadence-advancedheading.kt-adv-heading15661_3bdc3c-40_1 mark.kt-highlight, .wp-block-kadence-advancedheading.kt-adv-heading15661_3bdc3c-40_1[data-kb-block=\"kb-adv-heading15661_3bdc3c-40_1\"] mark.kt-highlight{font-style:normal;color:#f76a0c;-webkit-box-decoration-break:clone;box-decoration-break:clone;padding-top:0px;padding-right:0px;padding-bottom:0px;padding-left:0px;}.wp-block-kadence-advancedheading.kt-adv-heading15661_3bdc3c-40_1 img.kb-inline-image, .wp-block-kadence-advancedheading.kt-adv-heading15661_3bdc3c-40_1[data-kb-block=\"kb-adv-heading15661_3bdc3c-40_1\"] img.kb-inline-image{width:150px;vertical-align:baseline;}<\/style>\n<p class=\"kt-adv-heading15661_3bdc3c-40_1 wp-block-kadence-advancedheading\" data-kb-block=\"kb-adv-heading15661_3bdc3c-40_1\">\u2022 <span lang=\"en-US\">Ablaufanschluss \u00d816 mm<\/span><\/p>\n<style>.wp-block-kadence-advancedheading.kt-adv-heading15661_3bdc3c-40_2, .wp-block-kadence-advancedheading.kt-adv-heading15661_3bdc3c-40_2[data-kb-block=\"kb-adv-heading15661_3bdc3c-40_2\"]{font-style:normal;}.wp-block-kadence-advancedheading.kt-adv-heading15661_3bdc3c-40_2 mark.kt-highlight, .wp-block-kadence-advancedheading.kt-adv-heading15661_3bdc3c-40_2[data-kb-block=\"kb-adv-heading15661_3bdc3c-40_2\"] mark.kt-highlight{font-style:normal;color:#f76a0c;-webkit-box-decoration-break:clone;box-decoration-break:clone;padding-top:0px;padding-right:0px;padding-bottom:0px;padding-left:0px;}.wp-block-kadence-advancedheading.kt-adv-heading15661_3bdc3c-40_2 img.kb-inline-image, .wp-block-kadence-advancedheading.kt-adv-heading15661_3bdc3c-40_2[data-kb-block=\"kb-adv-heading15661_3bdc3c-40_2\"] img.kb-inline-image{width:150px;vertical-align:baseline;}<\/style>\n<p class=\"kt-adv-heading15661_3bdc3c-40_2 wp-block-kadence-advancedheading\" data-kb-block=\"kb-adv-heading15661_3bdc3c-40_2\">\u2022 <span lang=\"en-US\">Transporttasche<\/span><\/p>\n<style>.wp-block-kadence-advancedheading.kt-adv-heading15661_3bdc3c-40_3, .wp-block-kadence-advancedheading.kt-adv-heading15661_3bdc3c-40_3[data-kb-block=\"kb-adv-heading15661_3bdc3c-40_3\"]{font-style:normal;}.wp-block-kadence-advancedheading.kt-adv-heading15661_3bdc3c-40_3 mark.kt-highlight, .wp-block-kadence-advancedheading.kt-adv-heading15661_3bdc3c-40_3[data-kb-block=\"kb-adv-heading15661_3bdc3c-40_3\"] mark.kt-highlight{font-style:normal;color:#f76a0c;-webkit-box-decoration-break:clone;box-decoration-break:clone;padding-top:0px;padding-right:0px;padding-bottom:0px;padding-left:0px;}.wp-block-kadence-advancedheading.kt-adv-heading15661_3bdc3c-40_3 img.kb-inline-image, .wp-block-kadence-advancedheading.kt-adv-heading15661_3bdc3c-40_3[data-kb-block=\"kb-adv-heading15661_3bdc3c-40_3\"] img.kb-inline-image{width:150px;vertical-align:baseline;}<\/style>\n<p class=\"kt-adv-heading15661_3bdc3c-40_3 wp-block-kadence-advancedheading\" data-kb-block=\"kb-adv-heading15661_3bdc3c-40_3\">\u2022 <span lang=\"en-US\">Lieferung inklusive Transporttasche<\/span><\/p>\n<style>.wp-block-kadence-advancedheading.kt-adv-heading15661_3bdc3c-40_4, .wp-block-kadence-advancedheading.kt-adv-heading15661_3bdc3c-40_4[data-kb-block=\"kb-adv-heading15661_3bdc3c-40_4\"]{font-style:normal;}.wp-block-kadence-advancedheading.kt-adv-heading15661_3bdc3c-40_4 mark.kt-highlight, .wp-block-kadence-advancedheading.kt-adv-heading15661_3bdc3c-40_4[data-kb-block=\"kb-adv-heading15661_3bdc3c-40_4\"] mark.kt-highlight{font-style:normal;color:#f76a0c;-webkit-box-decoration-break:clone;box-decoration-break:clone;padding-top:0px;padding-right:0px;padding-bottom:0px;padding-left:0px;}.wp-block-kadence-advancedheading.kt-adv-heading15661_3bdc3c-40_4 img.kb-inline-image, .wp-block-kadence-advancedheading.kt-adv-heading15661_3bdc3c-40_4[data-kb-block=\"kb-adv-heading15661_3bdc3c-40_4\"] img.kb-inline-image{width:150px;vertical-align:baseline;}<\/style>\n<p class=\"kt-adv-heading15661_3bdc3c-40_4 wp-block-kadence-advancedheading\" data-kb-block=\"kb-adv-heading15661_3bdc3c-40_4\">\u2022 <span lang=\"en-US\">Erh\u00e4ltlich in Gr\u00f6\u00dfe L f\u00fcr Kassetten 1200 \u00d7 1200 mm<\/span><\/p>\n<style>.wp-block-kadence-advancedheading.kt-adv-heading15661_ab885c-ee, .wp-block-kadence-advancedheading.kt-adv-heading15661_ab885c-ee[data-kb-block=\"kb-adv-heading15661_ab885c-ee\"]{font-style:normal;}.wp-block-kadence-advancedheading.kt-adv-heading15661_ab885c-ee mark.kt-highlight, .wp-block-kadence-advancedheading.kt-adv-heading15661_ab885c-ee[data-kb-block=\"kb-adv-heading15661_ab885c-ee\"] mark.kt-highlight{font-style:normal;color:#f76a0c;-webkit-box-decoration-break:clone;box-decoration-break:clone;padding-top:0px;padding-right:0px;padding-bottom:0px;padding-left:0px;}.wp-block-kadence-advancedheading.kt-adv-heading15661_ab885c-ee img.kb-inline-image, .wp-block-kadence-advancedheading.kt-adv-heading15661_ab885c-ee[data-kb-block=\"kb-adv-heading15661_ab885c-ee\"] img.kb-inline-image{width:150px;vertical-align:baseline;}<\/style>\n<h2 class=\"kt-adv-heading15661_ab885c-ee wp-block-kadence-advancedheading\" data-kb-block=\"kb-adv-heading15661_ab885c-ee\"><\/h2>\n","protected":false},"excerpt":{"rendered":"<p>Wiederverwendbare Schutzabdeckung f\u00fcr Kassetten-Klimaanlagen. \u2022 Ablaufanschluss \u00d816 mm \u2022 Transporttasche \u2022 Lieferung inklusive Transporttasche \u2022 Erh\u00e4ltlich in Gr\u00f6\u00dfe L f\u00fcr Kassetten 1200 \u00d7 1200 mm<\/p>\n","protected":false},"featured_media":15665,"template":"","meta":{"_kad_blocks_custom_css":"","_kad_blocks_head_custom_js":"","_kad_blocks_body_custom_js":"","_kad_blocks_footer_custom_js":"","_kad_post_transparent":"","_kad_post_title":"","_kad_post_layout":"","_kad_post_sidebar_id":"","_kad_post_content_style":"","_kad_post_vertical_padding":"","_kad_post_feature":"","_kad_post_feature_position":"","_kad_post_header":false,"_kad_post_footer":false,"_kad_post_classname":""},"product_brand":[],"product_cat":[122],"product_tag":[],"class_list":{"0":"post-15676","1":"product","2":"type-product","3":"status-publish","4":"has-post-thumbnail","6":"product_cat-hvac-de","8":"first","9":"instock","10":"taxable","11":"shipping-taxable","12":"purchasable","13":"product-type-simple","14":"entry","15":"content-bg","16":"loop-entry"},"yoast_head":"<!-- This site is optimized with the Yoast SEO plugin v27.4 - https:\/\/yoast.com\/product\/yoast-seo-wordpress\/ -->\n<title>EASYPRO REUSABLE CASSETTE CLEANING COVER NU910 - NANOCLEAN<\/title>\n<meta name=\"robots\" content=\"index, follow, max-snippet:-1, max-image-preview:large, max-video-preview:-1\" \/>\n<link rel=\"canonical\" href=\"https:\/\/nanoclean24.com\/de\/produkte\/easypro-reusable-cassette-cleaning-cover-nu910\/\" \/>\n<meta property=\"og:locale\" content=\"de_DE\" \/>\n<meta property=\"og:type\" content=\"article\" \/>\n<meta property=\"og:title\" content=\"EASYPRO REUSABLE CASSETTE CLEANING COVER NU910 - NANOCLEAN\" \/>\n<meta property=\"og:description\" content=\"Wiederverwendbare Schutzabdeckung f\u00fcr Kassetten-Klimaanlagen. \u2022 Ablaufanschluss \u00d816 mm \u2022 Transporttasche \u2022 Lieferung inklusive Transporttasche \u2022 Erh\u00e4ltlich in Gr\u00f6\u00dfe L f\u00fcr Kassetten 1200 \u00d7 1200 mm\" \/>\n<meta property=\"og:url\" content=\"https:\/\/nanoclean24.com\/de\/produkte\/easypro-reusable-cassette-cleaning-cover-nu910\/\" \/>\n<meta property=\"og:site_name\" content=\"NANOCLEAN\" \/>\n<meta property=\"article:modified_time\" content=\"2026-04-17T12:08:05+00:00\" \/>\n<meta property=\"og:image\" content=\"https:\/\/nanoclean24.com\/wp-content\/uploads\/2026\/04\/NU910.webp\" \/>\n\t<meta property=\"og:image:width\" content=\"1049\" \/>\n\t<meta property=\"og:image:height\" content=\"1049\" \/>\n\t<meta property=\"og:image:type\" content=\"image\/webp\" \/>\n<meta name=\"twitter:card\" content=\"summary_large_image\" \/>\n<script type=\"application\/ld+json\" class=\"yoast-schema-graph\">{\"@context\":\"https:\\\/\\\/schema.org\",\"@graph\":[{\"@type\":\"WebPage\",\"@id\":\"https:\\\/\\\/nanoclean24.com\\\/de\\\/produkte\\\/easypro-reusable-cassette-cleaning-cover-nu910\\\/\",\"url\":\"https:\\\/\\\/nanoclean24.com\\\/de\\\/produkte\\\/easypro-reusable-cassette-cleaning-cover-nu910\\\/\",\"name\":\"EASYPRO REUSABLE CASSETTE CLEANING COVER NU910 - NANOCLEAN\",\"isPartOf\":{\"@id\":\"https:\\\/\\\/nanoclean24.com\\\/de\\\/#website\"},\"primaryImageOfPage\":{\"@id\":\"https:\\\/\\\/nanoclean24.com\\\/de\\\/produkte\\\/easypro-reusable-cassette-cleaning-cover-nu910\\\/#primaryimage\"},\"image\":{\"@id\":\"https:\\\/\\\/nanoclean24.com\\\/de\\\/produkte\\\/easypro-reusable-cassette-cleaning-cover-nu910\\\/#primaryimage\"},\"thumbnailUrl\":\"https:\\\/\\\/nanoclean24.com\\\/wp-content\\\/uploads\\\/2026\\\/04\\\/NU910.webp\",\"datePublished\":\"2026-04-17T12:07:57+00:00\",\"dateModified\":\"2026-04-17T12:08:05+00:00\",\"breadcrumb\":{\"@id\":\"https:\\\/\\\/nanoclean24.com\\\/de\\\/produkte\\\/easypro-reusable-cassette-cleaning-cover-nu910\\\/#breadcrumb\"},\"inLanguage\":\"de\",\"potentialAction\":[{\"@type\":\"ReadAction\",\"target\":[\"https:\\\/\\\/nanoclean24.com\\\/de\\\/produkte\\\/easypro-reusable-cassette-cleaning-cover-nu910\\\/\"]}]},{\"@type\":\"ImageObject\",\"inLanguage\":\"de\",\"@id\":\"https:\\\/\\\/nanoclean24.com\\\/de\\\/produkte\\\/easypro-reusable-cassette-cleaning-cover-nu910\\\/#primaryimage\",\"url\":\"https:\\\/\\\/nanoclean24.com\\\/wp-content\\\/uploads\\\/2026\\\/04\\\/NU910.webp\",\"contentUrl\":\"https:\\\/\\\/nanoclean24.com\\\/wp-content\\\/uploads\\\/2026\\\/04\\\/NU910.webp\",\"width\":1049,\"height\":1049},{\"@type\":\"BreadcrumbList\",\"@id\":\"https:\\\/\\\/nanoclean24.com\\\/de\\\/produkte\\\/easypro-reusable-cassette-cleaning-cover-nu910\\\/#breadcrumb\",\"itemListElement\":[{\"@type\":\"ListItem\",\"position\":1,\"name\":\"Strona g\u0142\u00f3wna\",\"item\":\"https:\\\/\\\/nanoclean24.com\\\/de\\\/\"},{\"@type\":\"ListItem\",\"position\":2,\"name\":\"Shop\",\"item\":\"https:\\\/\\\/nanoclean24.com\\\/de\\\/shop\\\/\"},{\"@type\":\"ListItem\",\"position\":3,\"name\":\"EASYPRO REUSABLE CASSETTE CLEANING COVER NU910\"}]},{\"@type\":\"WebSite\",\"@id\":\"https:\\\/\\\/nanoclean24.com\\\/de\\\/#website\",\"url\":\"https:\\\/\\\/nanoclean24.com\\\/de\\\/\",\"name\":\"NanoClean\",\"description\":\"\",\"publisher\":{\"@id\":\"https:\\\/\\\/nanoclean24.com\\\/de\\\/#organization\"},\"potentialAction\":[{\"@type\":\"SearchAction\",\"target\":{\"@type\":\"EntryPoint\",\"urlTemplate\":\"https:\\\/\\\/nanoclean24.com\\\/de\\\/?s={search_term_string}\"},\"query-input\":{\"@type\":\"PropertyValueSpecification\",\"valueRequired\":true,\"valueName\":\"search_term_string\"}}],\"inLanguage\":\"de\"},{\"@type\":\"Organization\",\"@id\":\"https:\\\/\\\/nanoclean24.com\\\/de\\\/#organization\",\"name\":\"NanoClean\",\"url\":\"https:\\\/\\\/nanoclean24.com\\\/de\\\/\",\"logo\":{\"@type\":\"ImageObject\",\"inLanguage\":\"de\",\"@id\":\"https:\\\/\\\/nanoclean24.com\\\/de\\\/#\\\/schema\\\/logo\\\/image\\\/\",\"url\":\"https:\\\/\\\/nanoclean24.com\\\/wp-content\\\/uploads\\\/2025\\\/07\\\/logo-2.jpg\",\"contentUrl\":\"https:\\\/\\\/nanoclean24.com\\\/wp-content\\\/uploads\\\/2025\\\/07\\\/logo-2.jpg\",\"width\":1068,\"height\":224,\"caption\":\"NanoClean\"},\"image\":{\"@id\":\"https:\\\/\\\/nanoclean24.com\\\/de\\\/#\\\/schema\\\/logo\\\/image\\\/\"}}]}<\/script>\n<!-- \/ Yoast SEO plugin. -->","yoast_head_json":{"title":"EASYPRO REUSABLE CASSETTE CLEANING COVER NU910 - NANOCLEAN","robots":{"index":"index","follow":"follow","max-snippet":"max-snippet:-1","max-image-preview":"max-image-preview:large","max-video-preview":"max-video-preview:-1"},"canonical":"https:\/\/nanoclean24.com\/de\/produkte\/easypro-reusable-cassette-cleaning-cover-nu910\/","og_locale":"de_DE","og_type":"article","og_title":"EASYPRO REUSABLE CASSETTE CLEANING COVER NU910 - NANOCLEAN","og_description":"Wiederverwendbare Schutzabdeckung f\u00fcr Kassetten-Klimaanlagen. \u2022 Ablaufanschluss \u00d816 mm \u2022 Transporttasche \u2022 Lieferung inklusive Transporttasche \u2022 Erh\u00e4ltlich in Gr\u00f6\u00dfe L f\u00fcr Kassetten 1200 \u00d7 1200 mm","og_url":"https:\/\/nanoclean24.com\/de\/produkte\/easypro-reusable-cassette-cleaning-cover-nu910\/","og_site_name":"NANOCLEAN","article_modified_time":"2026-04-17T12:08:05+00:00","og_image":[{"width":1049,"height":1049,"url":"https:\/\/nanoclean24.com\/wp-content\/uploads\/2026\/04\/NU910.webp","type":"image\/webp"}],"twitter_card":"summary_large_image","schema":{"@context":"https:\/\/schema.org","@graph":[{"@type":"WebPage","@id":"https:\/\/nanoclean24.com\/de\/produkte\/easypro-reusable-cassette-cleaning-cover-nu910\/","url":"https:\/\/nanoclean24.com\/de\/produkte\/easypro-reusable-cassette-cleaning-cover-nu910\/","name":"EASYPRO REUSABLE CASSETTE CLEANING COVER NU910 - NANOCLEAN","isPartOf":{"@id":"https:\/\/nanoclean24.com\/de\/#website"},"primaryImageOfPage":{"@id":"https:\/\/nanoclean24.com\/de\/produkte\/easypro-reusable-cassette-cleaning-cover-nu910\/#primaryimage"},"image":{"@id":"https:\/\/nanoclean24.com\/de\/produkte\/easypro-reusable-cassette-cleaning-cover-nu910\/#primaryimage"},"thumbnailUrl":"https:\/\/nanoclean24.com\/wp-content\/uploads\/2026\/04\/NU910.webp","datePublished":"2026-04-17T12:07:57+00:00","dateModified":"2026-04-17T12:08:05+00:00","breadcrumb":{"@id":"https:\/\/nanoclean24.com\/de\/produkte\/easypro-reusable-cassette-cleaning-cover-nu910\/#breadcrumb"},"inLanguage":"de","potentialAction":[{"@type":"ReadAction","target":["https:\/\/nanoclean24.com\/de\/produkte\/easypro-reusable-cassette-cleaning-cover-nu910\/"]}]},{"@type":"ImageObject","inLanguage":"de","@id":"https:\/\/nanoclean24.com\/de\/produkte\/easypro-reusable-cassette-cleaning-cover-nu910\/#primaryimage","url":"https:\/\/nanoclean24.com\/wp-content\/uploads\/2026\/04\/NU910.webp","contentUrl":"https:\/\/nanoclean24.com\/wp-content\/uploads\/2026\/04\/NU910.webp","width":1049,"height":1049},{"@type":"BreadcrumbList","@id":"https:\/\/nanoclean24.com\/de\/produkte\/easypro-reusable-cassette-cleaning-cover-nu910\/#breadcrumb","itemListElement":[{"@type":"ListItem","position":1,"name":"Strona g\u0142\u00f3wna","item":"https:\/\/nanoclean24.com\/de\/"},{"@type":"ListItem","position":2,"name":"Shop","item":"https:\/\/nanoclean24.com\/de\/shop\/"},{"@type":"ListItem","position":3,"name":"EASYPRO REUSABLE CASSETTE CLEANING COVER NU910"}]},{"@type":"WebSite","@id":"https:\/\/nanoclean24.com\/de\/#website","url":"https:\/\/nanoclean24.com\/de\/","name":"NanoClean","description":"","publisher":{"@id":"https:\/\/nanoclean24.com\/de\/#organization"},"potentialAction":[{"@type":"SearchAction","target":{"@type":"EntryPoint","urlTemplate":"https:\/\/nanoclean24.com\/de\/?s={search_term_string}"},"query-input":{"@type":"PropertyValueSpecification","valueRequired":true,"valueName":"search_term_string"}}],"inLanguage":"de"},{"@type":"Organization","@id":"https:\/\/nanoclean24.com\/de\/#organization","name":"NanoClean","url":"https:\/\/nanoclean24.com\/de\/","logo":{"@type":"ImageObject","inLanguage":"de","@id":"https:\/\/nanoclean24.com\/de\/#\/schema\/logo\/image\/","url":"https:\/\/nanoclean24.com\/wp-content\/uploads\/2025\/07\/logo-2.jpg","contentUrl":"https:\/\/nanoclean24.com\/wp-content\/uploads\/2025\/07\/logo-2.jpg","width":1068,"height":224,"caption":"NanoClean"},"image":{"@id":"https:\/\/nanoclean24.com\/de\/#\/schema\/logo\/image\/"}}]}},"taxonomy_info":{"product_cat":[{"value":122,"label":"HVAC PRO"}]},"featured_image_src_large":["https:\/\/nanoclean24.com\/wp-content\/uploads\/2026\/04\/NU910-1024x1024.webp",1024,1024,true],"author_info":[],"comment_info":"","_links":{"self":[{"href":"https:\/\/nanoclean24.com\/de\/wp-json\/wp\/v2\/product\/15676","targetHints":{"allow":["GET"]}}],"collection":[{"href":"https:\/\/nanoclean24.com\/de\/wp-json\/wp\/v2\/product"}],"about":[{"href":"https:\/\/nanoclean24.com\/de\/wp-json\/wp\/v2\/types\/product"}],"wp:featuredmedia":[{"embeddable":true,"href":"https:\/\/nanoclean24.com\/de\/wp-json\/wp\/v2\/media\/15665"}],"wp:attachment":[{"href":"https:\/\/nanoclean24.com\/de\/wp-json\/wp\/v2\/media?parent=15676"}],"wp:term":[{"taxonomy":"product_brand","embeddable":true,"href":"https:\/\/nanoclean24.com\/de\/wp-json\/wp\/v2\/product_brand?post=15676"},{"taxonomy":"product_cat","embeddable":true,"href":"https:\/\/nanoclean24.com\/de\/wp-json\/wp\/v2\/product_cat?post=15676"},{"taxonomy":"product_tag","embeddable":true,"href":"https:\/\/nanoclean24.com\/de\/wp-json\/wp\/v2\/product_tag?post=15676"}],"curies":[{"name":"wp","href":"https:\/\/api.w.org\/{rel}","templated":true}]}}